{"id":93,"date":"2017-12-10T12:38:23","date_gmt":"2017-12-10T10:38:23","guid":{"rendered":"https:\/\/www.cretoikos.com\/?post_type=product&#038;p=93"},"modified":"2023-12-09T19:02:27","modified_gmt":"2023-12-09T17:02:27","slug":"dau-o-liu-nguyen-chat-huong-ot-200ml","status":"publish","type":"product","link":"https:\/\/www.cretoikos.com\/vi\/eshop\/olive-oil-with-cretan-herbs\/extra-virgin-olive-oil-with-chili-flavour-200ml\/","title":{"rendered":"D\u1ea7u \u00f4liu Extra Virgin (EVOO) v\u1ecb \u1edbt 200ml"},"content":{"rendered":"<h2 style=\"font-size: 20px; text-align: center;\"><strong>100% D\u1ea7u \u00f4 liu nguy\u00ean ch\u1ea5t Hy L\u1ea1p (EVOO) t\u1eeb \u0111\u1ea3o Crete, \u00e9p l\u1ea1nh l\u1ea7n \u0111\u1ea7u, gi\u00e0u polyphenol, ch\u1ea5t ch\u1ed1ng oxy h\u00f3a, vitamin E v\u00e0 \u0111\u1eb7c t\u00ednh ch\u1ed1ng vi\u00eam, n\u01b0\u1edbc \u00e9p tr\u00e1i c\u00e2y \u00f4 liu nguy\u00ean ch\u1ea5t, kh\u00f4ng ch\u1ea5t b\u1ea3o qu\u1ea3n, thu ho\u1ea1ch m\u1edbi, \u00e9p t\u01b0\u01a1i trong c\u00f9ng ng\u00e0y Thu ho\u1ea1ch \u00f4 liu<\/strong><\/h2>\n<p>&nbsp;<\/p>\n<p><img loading=\"lazy\" decoding=\"async\" class=\"alignnone wp-image-3386 size-full\" src=\"https:\/\/www.cretoikos.com\/wp-content\/uploads\/2018\/03\/OliveOil-GDA.png\" alt=\"D\u1ea7u \u00f4liu GDA\" width=\"464\" height=\"86\" srcset=\"https:\/\/www.cretoikos.com\/wp-content\/uploads\/2018\/03\/OliveOil-GDA.png 464w, https:\/\/www.cretoikos.com\/wp-content\/uploads\/2018\/03\/OliveOil-GDA-300x56.png 300w, https:\/\/www.cretoikos.com\/wp-content\/uploads\/2018\/03\/OliveOil-GDA-450x83.png 450w\" sizes=\"auto, (max-width: 464px) 100vw, 464px\" \/><\/p>\n<p><strong>D\u1ea7u \u00f4 liu Extra Virgin (EVOO) h\u01b0\u01a1ng \u1edbt 200ml \u2013 D\u1ea7u \u00f4 liu Extra Virgin<\/strong>, \u0110i\u1ec3m \u0111\u1ebfn \u0111\u01b0\u1ee3c b\u1ea3o v\u1ec7 (<strong>PDO<\/strong>) Phi\u0301a b\u0103\u0301c <strong>Mylopotamos Rethymno Crete<\/strong>. PDO Mylopotamos Extra Virgin l\u00e0 lo\u1ea1i d\u1ea7u \u00f4 liu \u0111\u01b0\u1ee3c thu ho\u1ea1ch th\u1ee7 c\u00f4ng \u1edf v\u00f9ng Mylopotamos v\u1edbi h\u01b0\u01a1ng v\u1ecb h\u00e0i h\u00f2a gi\u1eefa c\u00e2y b\u1ea1ch \u0111\u1eadu kh\u1ea5u v\u00e0 \u00f4 liu \u00eam d\u1ecbu v\u1edbi v\u1ecb h\u01a1i \u0111\u1eafng v\u00e0 v\u1ecb cay th\u1ea3o d\u01b0\u1ee3c.<\/p>\n<p class=\"translation-block\"><a href=\"https:\/\/www.cretoikos.com\/vi\/chi-phi-giao-hang-va-van-chuyen\/\" target=\"_self\"><strong>V\u1eadn chuy\u1ec3n to\u00e0n c\u1ea7u<\/strong><\/a> - ch\u00fang t\u00f4i giao h\u00e0ng cho b\u1ea1n \u1edf <strong>t\u1ea5t c\u1ea3 c\u00e1c qu\u1ed1c gia<\/strong> , tr\u00ean to\u00e0n th\u1ebf gi\u1edbi!<\/p>\n<p>&nbsp;<\/p>\n<h2 style=\"font-size: 20px; text-align: center;\"><a href=\"\/vi\/chung-nhan-dau-o-liu-quoc-te\/\"><strong>Ch\u1ee9ng nh\u1eadn th\u1ef1c ph\u1ea9m ch\u1ea5t l\u01b0\u1ee3ng qu\u1ed1c t\u1ebf cho ch\u00fang t\u00f4i<\/strong> C\u00e1c s\u1ea3n ph\u1ea9m<\/a><\/h2>\n<p><a href=\"\/vi\/chung-nhan-dau-o-liu-quoc-te\/\"><img loading=\"lazy\" decoding=\"async\" class=\"aligncenter wp-image-13475 size-full\" src=\"https:\/\/www.cretoikos.com\/wp-content\/uploads\/2017\/12\/Quality-Food-Certifications-Lab-Certified-Healthy-Mediterranean-Foods-w800.jpg\" alt=\"Ch\u1ee9ng nh\u1eadn Th\u1ef1c ph\u1ea9m Ch\u1ea5t l\u01b0\u1ee3ng Qu\u1ed1c t\u1ebf - Th\u1ef1c ph\u1ea9m \u0110\u1ecba Trung H\u1ea3i T\u1ed1t cho S\u1ee9c kh\u1ecfe \u0111\u01b0\u1ee3c Ph\u00f2ng th\u00ed nghi\u1ec7m ch\u1ee9ng nh\u1eadn\" width=\"800\" height=\"250\" srcset=\"https:\/\/www.cretoikos.com\/wp-content\/uploads\/2017\/12\/Quality-Food-Certifications-Lab-Certified-Healthy-Mediterranean-Foods-w800.jpg 800w, https:\/\/www.cretoikos.com\/wp-content\/uploads\/2017\/12\/Quality-Food-Certifications-Lab-Certified-Healthy-Mediterranean-Foods-w800-300x94.jpg 300w, https:\/\/www.cretoikos.com\/wp-content\/uploads\/2017\/12\/Quality-Food-Certifications-Lab-Certified-Healthy-Mediterranean-Foods-w800-768x240.jpg 768w, https:\/\/www.cretoikos.com\/wp-content\/uploads\/2017\/12\/Quality-Food-Certifications-Lab-Certified-Healthy-Mediterranean-Foods-w800-450x141.jpg 450w, https:\/\/www.cretoikos.com\/wp-content\/uploads\/2017\/12\/Quality-Food-Certifications-Lab-Certified-Healthy-Mediterranean-Foods-w800-780x244.jpg 780w\" sizes=\"auto, (max-width: 800px) 100vw, 800px\" \/><\/a><br \/>\n&nbsp;<\/p>\n<h3 style=\"font-size: 20px; text-align: center;\"><a href=\"\/vi\/chung-nhan-dau-o-liu-quoc-te\/\"><strong>S\u1ea3n ph\u1ea9m d\u1ea7u \u00f4 liu \u0111\u01b0\u1ee3c ch\u1ee9ng nh\u1eadn th\u1ef1c ph\u1ea9m KOSHER<\/strong><\/a><\/h3>\n<p>&nbsp;<\/p>\n<p><img loading=\"lazy\" decoding=\"async\" class=\"size-full wp-image-13454 aligncenter\" src=\"https:\/\/www.cretoikos.com\/wp-content\/uploads\/2020\/07\/kosher-foods-certification-2-w220.jpg\" alt=\"D\u1ea7u \u00f4 liu nguy\u00ean ch\u1ea5t KOSHER Food\" width=\"173\" height=\"220\" \/><\/p>\n<p>&nbsp;<\/p>\n<h3 style=\"font-size: 20px; text-align: center;\"><a href=\"\/vi\/chung-nhan-dau-o-liu-quoc-te\/\"><strong>FDA (M\u1ef9) \u2013 S\u1ea3n ph\u1ea9m d\u1ea7u olive \u0111\u01b0\u1ee3c C\u1ee5c Qu\u1ea3n l\u00fd Th\u1ef1c ph\u1ea9m &amp; D\u01b0\u1ee3c ph\u1ea9m ch\u1ee9ng nh\u1eadn<\/strong><\/a><\/h3>\n<p>&nbsp;<\/p>\n<p><img loading=\"lazy\" decoding=\"async\" class=\"size-full wp-image-13476 aligncenter\" src=\"https:\/\/www.cretoikos.com\/wp-content\/uploads\/2017\/12\/FDA-foods-certification-w220.jpg\" alt=\"Ch\u1ee9ng nh\u1eadn Th\u1ef1c ph\u1ea9m &amp; D\u01b0\u1ee3c ph\u1ea9m FDA\" width=\"163\" height=\"220\" \/><\/p>\n<p>&nbsp;<\/p>","protected":false},"excerpt":{"rendered":"<p><strong>D\u1ea7u \u00f4liu Extra Virgin (EVOO) v\u1ecb \u1edbt 200ml<\/strong> \u2013 N\u00f3 ph\u00f9 h\u1ee3p v\u1edbi khoai t\u00e2y n\u01b0\u1edbng, lu\u1ed9c v\u00e0 n\u00f3i chung l\u00e0 rau c\u1ee7 n\u01b0\u1edbng.<\/p>\n<p><strong>D\u1ea7u \u00f4 liu nguy\u00ean ch\u1ea5t Hy L\u1ea1p<\/strong>!<\/p>\n<p class=\"translation-block\"><a href=\"https:\/\/www.cretoikos.com\/vi\/chi-phi-giao-hang-va-van-chuyen\/\" target=\"_self\"><strong>V\u1eadn chuy\u1ec3n to\u00e0n c\u1ea7u<\/strong><\/a> - ch\u00fang t\u00f4i giao h\u00e0ng cho b\u1ea1n \u1edf <strong>t\u1ea5t c\u1ea3 c\u00e1c qu\u1ed1c gia<\/strong> , tr\u00ean to\u00e0n th\u1ebf gi\u1edbi!<\/p>","protected":false},"featured_media":197,"template":"","meta":[],"product_brand":[],"product_cat":[24],"product_tag":[94,141,95,97,98,100,131,96,91,132,137,99,139,101],"class_list":{"0":"post-93","1":"product","2":"type-product","3":"status-publish","4":"has-post-thumbnail","6":"product_cat-olive-oil-with-cretan-herbs","7":"product_tag-200ml","8":"product_tag-3-extra-virgin-olive-oil","9":"product_tag-bottle","10":"product_tag-buy-olive-oil","11":"product_tag-buy-online","12":"product_tag-chili","13":"product_tag-chili-flavour","14":"product_tag-cretan-olive-oil","15":"product_tag-evoo","16":"product_tag-flavour","17":"product_tag-flavour-infused-olive-oil","18":"product_tag-greek-olive-oil","19":"product_tag-infused-olive-oil","20":"product_tag-olive-oil","22":"first","23":"instock","24":"taxable","25":"shipping-taxable","26":"purchasable","27":"product-type-simple"},"_links":{"self":[{"href":"https:\/\/www.cretoikos.com\/vi\/wp-json\/wp\/v2\/product\/93","targetHints":{"allow":["GET"]}}],"collection":[{"href":"https:\/\/www.cretoikos.com\/vi\/wp-json\/wp\/v2\/product"}],"about":[{"href":"https:\/\/www.cretoikos.com\/vi\/wp-json\/wp\/v2\/types\/product"}],"wp:featuredmedia":[{"embeddable":true,"href":"https:\/\/www.cretoikos.com\/vi\/wp-json\/wp\/v2\/media\/197"}],"wp:attachment":[{"href":"https:\/\/www.cretoikos.com\/vi\/wp-json\/wp\/v2\/media?parent=93"}],"wp:term":[{"taxonomy":"product_brand","embeddable":true,"href":"https:\/\/www.cretoikos.com\/vi\/wp-json\/wp\/v2\/product_brand?post=93"},{"taxonomy":"product_cat","embeddable":true,"href":"https:\/\/www.cretoikos.com\/vi\/wp-json\/wp\/v2\/product_cat?post=93"},{"taxonomy":"product_tag","embeddable":true,"href":"https:\/\/www.cretoikos.com\/vi\/wp-json\/wp\/v2\/product_tag?post=93"}],"curies":[{"name":"wp","href":"https:\/\/api.w.org\/{rel}","templated":true}]}}