{"id":91,"date":"2017-12-10T12:12:56","date_gmt":"2017-12-10T10:12:56","guid":{"rendered":"https:\/\/www.cretoikos.com\/?post_type=product&#038;p=91"},"modified":"2023-12-09T19:02:39","modified_gmt":"2023-12-09T17:02:39","slug":"dau-o-liu-nguyen-chat-voi-thao-moc-cretan-100ml","status":"publish","type":"product","link":"https:\/\/www.cretoikos.com\/vi\/eshop\/olive-oil-with-cretan-herbs\/virgin-olive-oil-with-cretan-herbs-100ml\/","title":{"rendered":"D\u1ea7u \u00f4 liu nguy\u00ean ch\u1ea5t (EVOO) v\u1edbi th\u1ea3o m\u1ed9c Cretan 100ml"},"content":{"rendered":"<h2 style=\"font-size: 20px; text-align: center;\"><strong>100% D\u1ea7u \u00f4 liu nguy\u00ean ch\u1ea5t Hy L\u1ea1p (EVOO) t\u1eeb \u0111\u1ea3o Crete, \u00e9p l\u1ea1nh l\u1ea7n \u0111\u1ea7u, gi\u00e0u polyphenol, ch\u1ea5t ch\u1ed1ng oxy h\u00f3a, vitamin E v\u00e0 \u0111\u1eb7c t\u00ednh ch\u1ed1ng vi\u00eam, n\u01b0\u1edbc \u00e9p tr\u00e1i c\u00e2y \u00f4 liu nguy\u00ean ch\u1ea5t, kh\u00f4ng ch\u1ea5t b\u1ea3o qu\u1ea3n, thu ho\u1ea1ch m\u1edbi, \u00e9p t\u01b0\u01a1i trong c\u00f9ng ng\u00e0y Thu ho\u1ea1ch \u00f4 liu<\/strong><\/h2>\n<p>&nbsp;<\/p>\n<p><img loading=\"lazy\" decoding=\"async\" class=\"alignnone wp-image-3390 size-full\" src=\"https:\/\/www.cretoikos.com\/wp-content\/uploads\/2018\/03\/certifications-olive-oil.gif\" alt=\"Ch\u1ee9ng nh\u1eadn d\u1ea7u \u00f4 liu\" width=\"470\" height=\"88\" \/><\/p>\n<p><img loading=\"lazy\" decoding=\"async\" class=\"alignnone wp-image-3386 size-full\" src=\"https:\/\/www.cretoikos.com\/wp-content\/uploads\/2018\/03\/OliveOil-GDA.png\" alt=\"D\u1ea7u \u00f4liu GDA\" width=\"464\" height=\"86\" srcset=\"https:\/\/www.cretoikos.com\/wp-content\/uploads\/2018\/03\/OliveOil-GDA.png 464w, https:\/\/www.cretoikos.com\/wp-content\/uploads\/2018\/03\/OliveOil-GDA-300x56.png 300w, https:\/\/www.cretoikos.com\/wp-content\/uploads\/2018\/03\/OliveOil-GDA-450x83.png 450w\" sizes=\"auto, (max-width: 464px) 100vw, 464px\" \/><\/p>\n<p><strong>D\u1ea7u \u00f4 liu nguy\u00ean ch\u1ea5t (EVOO) v\u1edbi th\u1ea3o m\u1ed9c Cretan 100ml<\/strong> \u2013 D\u1ea7u \u00f4 liu Extra Virgin c\u1ee7a Hy L\u1ea1p c\u00f3 m\u00f9i th\u01a1m t\u1ef1 nhi\u00ean b\u1eb1ng c\u00e1ch s\u1eed d\u1ee5ng c\u00e1c lo\u1ea1i th\u1ea3o m\u1ed9c kh\u00e1c nhau (t\u01b0\u01a1i ho\u1eb7c kh\u00f4), gia v\u1ecb v\u00e0 cam qu\u00fdt. Ch\u00fang c\u00f3 th\u1ec3 \u0111\u01b0\u1ee3c d\u00f9ng l\u00e0m m\u00f3n khai v\u1ecb, \u0111i k\u00e8m ho\u00e0n h\u1ea3o v\u1edbi b\u00e1nh m\u00ec nh\u1ecf ho\u1eb7c b\u00e1nh quy v\u00e0 c\u00f3 th\u1ec3 thay th\u1ebf b\u01a1 khi b\u1eaft \u0111\u1ea7u b\u1eefa \u0103n.<\/p>\n<p class=\"translation-block\"><a href=\"https:\/\/www.cretoikos.com\/vi\/chi-phi-giao-hang-va-van-chuyen\/\" target=\"_self\"><strong>V\u1eadn chuy\u1ec3n to\u00e0n c\u1ea7u<\/strong><\/a> - ch\u00fang t\u00f4i giao h\u00e0ng cho b\u1ea1n \u1edf <strong>t\u1ea5t c\u1ea3 c\u00e1c qu\u1ed1c gia<\/strong> , tr\u00ean to\u00e0n th\u1ebf gi\u1edbi!<\/p>\n<p>&nbsp;<\/p>\n<h2 style=\"font-size: 20px; text-align: center;\"><a href=\"\/vi\/chung-nhan-dau-o-liu-quoc-te\/\"><strong>Ch\u1ee9ng nh\u1eadn th\u1ef1c ph\u1ea9m ch\u1ea5t l\u01b0\u1ee3ng qu\u1ed1c t\u1ebf cho ch\u00fang t\u00f4i<\/strong> C\u00e1c s\u1ea3n ph\u1ea9m<\/a><\/h2>\n<p><a href=\"\/vi\/chung-nhan-dau-o-liu-quoc-te\/\"><img loading=\"lazy\" decoding=\"async\" class=\"aligncenter wp-image-13475 size-full\" src=\"https:\/\/www.cretoikos.com\/wp-content\/uploads\/2017\/12\/Quality-Food-Certifications-Lab-Certified-Healthy-Mediterranean-Foods-w800.jpg\" alt=\"Ch\u1ee9ng nh\u1eadn Th\u1ef1c ph\u1ea9m Ch\u1ea5t l\u01b0\u1ee3ng Qu\u1ed1c t\u1ebf - Th\u1ef1c ph\u1ea9m \u0110\u1ecba Trung H\u1ea3i T\u1ed1t cho S\u1ee9c kh\u1ecfe \u0111\u01b0\u1ee3c Ph\u00f2ng th\u00ed nghi\u1ec7m ch\u1ee9ng nh\u1eadn\" width=\"800\" height=\"250\" srcset=\"https:\/\/www.cretoikos.com\/wp-content\/uploads\/2017\/12\/Quality-Food-Certifications-Lab-Certified-Healthy-Mediterranean-Foods-w800.jpg 800w, https:\/\/www.cretoikos.com\/wp-content\/uploads\/2017\/12\/Quality-Food-Certifications-Lab-Certified-Healthy-Mediterranean-Foods-w800-300x94.jpg 300w, https:\/\/www.cretoikos.com\/wp-content\/uploads\/2017\/12\/Quality-Food-Certifications-Lab-Certified-Healthy-Mediterranean-Foods-w800-768x240.jpg 768w, https:\/\/www.cretoikos.com\/wp-content\/uploads\/2017\/12\/Quality-Food-Certifications-Lab-Certified-Healthy-Mediterranean-Foods-w800-450x141.jpg 450w, https:\/\/www.cretoikos.com\/wp-content\/uploads\/2017\/12\/Quality-Food-Certifications-Lab-Certified-Healthy-Mediterranean-Foods-w800-780x244.jpg 780w\" sizes=\"auto, (max-width: 800px) 100vw, 800px\" \/><\/a><br \/>\n&nbsp;<\/p>\n<h3 style=\"font-size: 20px; text-align: center;\"><a href=\"\/vi\/chung-nhan-dau-o-liu-quoc-te\/\"><strong>S\u1ea3n ph\u1ea9m d\u1ea7u \u00f4 liu \u0111\u01b0\u1ee3c ch\u1ee9ng nh\u1eadn th\u1ef1c ph\u1ea9m KOSHER<\/strong><\/a><\/h3>\n<p>&nbsp;<\/p>\n<p><img loading=\"lazy\" decoding=\"async\" class=\"size-full wp-image-13454 aligncenter\" src=\"https:\/\/www.cretoikos.com\/wp-content\/uploads\/2020\/07\/kosher-foods-certification-2-w220.jpg\" alt=\"D\u1ea7u \u00f4 liu nguy\u00ean ch\u1ea5t KOSHER Food\" width=\"173\" height=\"220\" \/><\/p>\n<p>&nbsp;<\/p>\n<h3 style=\"font-size: 20px; text-align: center;\"><a href=\"\/vi\/chung-nhan-dau-o-liu-quoc-te\/\"><strong>FDA (M\u1ef9) \u2013 S\u1ea3n ph\u1ea9m d\u1ea7u olive \u0111\u01b0\u1ee3c C\u1ee5c Qu\u1ea3n l\u00fd Th\u1ef1c ph\u1ea9m &amp; D\u01b0\u1ee3c ph\u1ea9m ch\u1ee9ng nh\u1eadn<\/strong><\/a><\/h3>\n<p>&nbsp;<\/p>\n<p><img loading=\"lazy\" decoding=\"async\" class=\"size-full wp-image-13476 aligncenter\" src=\"https:\/\/www.cretoikos.com\/wp-content\/uploads\/2017\/12\/FDA-foods-certification-w220.jpg\" alt=\"Ch\u1ee9ng nh\u1eadn Th\u1ef1c ph\u1ea9m &amp; D\u01b0\u1ee3c ph\u1ea9m FDA\" width=\"163\" height=\"220\" \/><\/p>\n<p>&nbsp;<\/p>","protected":false},"excerpt":{"rendered":"<p><strong>D\u1ea7u \u00f4 liu nguy\u00ean ch\u1ea5t Hy L\u1ea1p!<\/strong><\/p>\n<p><strong>D\u1ea7u \u00f4 liu nguy\u00ean ch\u1ea5t (EVOO) v\u1edbi th\u1ea3o m\u1ed9c Cretan 100ml<\/strong> \u2013 Ch\u00fang c\u00f3 th\u1ec3 d\u00f9ng l\u00e0m m\u00f3n khai v\u1ecb, d\u00f9ng k\u00e8m ho\u00e0n h\u1ea3o v\u1edbi b\u00e1nh m\u00ec ho\u1eb7c b\u00e1nh quy nh\u1ecf v\u00e0 c\u00f3 th\u1ec3 thay th\u1ebf b\u01a1 khi b\u1eaft \u0111\u1ea7u b\u1eefa \u0103n.<\/p>\n<p class=\"translation-block\"><a href=\"https:\/\/www.cretoikos.com\/vi\/chi-phi-giao-hang-va-van-chuyen\/\" target=\"_self\"><strong>V\u1eadn chuy\u1ec3n to\u00e0n c\u1ea7u<\/strong><\/a> - ch\u00fang t\u00f4i giao h\u00e0ng cho b\u1ea1n \u1edf <strong>t\u1ea5t c\u1ea3 c\u00e1c qu\u1ed1c gia<\/strong> , tr\u00ean to\u00e0n th\u1ebf gi\u1edbi!<\/p>\n<p>&nbsp;<\/p>","protected":false},"featured_media":161,"template":"","meta":[],"product_brand":[],"product_cat":[24],"product_tag":[103,141,95,97,98,100,138,96,91,132,137,99,139,101],"class_list":{"0":"post-91","1":"product","2":"type-product","3":"status-publish","4":"has-post-thumbnail","6":"product_cat-olive-oil-with-cretan-herbs","7":"product_tag-100ml","8":"product_tag-3-extra-virgin-olive-oil","9":"product_tag-bottle","10":"product_tag-buy-olive-oil","11":"product_tag-buy-online","12":"product_tag-chili","13":"product_tag-cretan-herbs-flavour","14":"product_tag-cretan-olive-oil","15":"product_tag-evoo","16":"product_tag-flavour","17":"product_tag-flavour-infused-olive-oil","18":"product_tag-greek-olive-oil","19":"product_tag-infused-olive-oil","20":"product_tag-olive-oil","22":"first","23":"instock","24":"taxable","25":"shipping-taxable","26":"purchasable","27":"product-type-simple"},"_links":{"self":[{"href":"https:\/\/www.cretoikos.com\/vi\/wp-json\/wp\/v2\/product\/91","targetHints":{"allow":["GET"]}}],"collection":[{"href":"https:\/\/www.cretoikos.com\/vi\/wp-json\/wp\/v2\/product"}],"about":[{"href":"https:\/\/www.cretoikos.com\/vi\/wp-json\/wp\/v2\/types\/product"}],"wp:featuredmedia":[{"embeddable":true,"href":"https:\/\/www.cretoikos.com\/vi\/wp-json\/wp\/v2\/media\/161"}],"wp:attachment":[{"href":"https:\/\/www.cretoikos.com\/vi\/wp-json\/wp\/v2\/media?parent=91"}],"wp:term":[{"taxonomy":"product_brand","embeddable":true,"href":"https:\/\/www.cretoikos.com\/vi\/wp-json\/wp\/v2\/product_brand?post=91"},{"taxonomy":"product_cat","embeddable":true,"href":"https:\/\/www.cretoikos.com\/vi\/wp-json\/wp\/v2\/product_cat?post=91"},{"taxonomy":"product_tag","embeddable":true,"href":"https:\/\/www.cretoikos.com\/vi\/wp-json\/wp\/v2\/product_tag?post=91"}],"curies":[{"name":"wp","href":"https:\/\/api.w.org\/{rel}","templated":true}]}}