{"id":2957,"date":"2018-02-02T09:15:38","date_gmt":"2018-02-02T07:15:38","guid":{"rendered":"https:\/\/www.cretoikos.com\/?post_type=product&#038;p=2957"},"modified":"2026-03-03T09:35:26","modified_gmt":"2026-03-03T07:35:26","slug":"mat-ong-hung-tay-250-ml","status":"publish","type":"product","link":"https:\/\/www.cretoikos.com\/vi\/eshop\/honey\/thyme-honey-250-ml\/","title":{"rendered":"M\u1eadt ong h\u00fang t\u00e2y 250gr \u2013 M\u1eadt ong Cretan nguy\u00ean ch\u1ea5t \u2013 Crete Hy L\u1ea1p"},"content":{"rendered":"<p><img loading=\"lazy\" decoding=\"async\" class=\"alignnone wp-image-3390 size-full\" src=\"https:\/\/www.cretoikos.com\/wp-content\/uploads\/2018\/03\/certifications-olive-oil.gif\" alt=\"Ch\u1ee9ng nh\u1eadn d\u1ea7u \u00f4 liu\" width=\"470\" height=\"88\" \/><\/p>\n<p><img loading=\"lazy\" decoding=\"async\" class=\"alignnone size-full wp-image-3387\" src=\"https:\/\/www.cretoikos.com\/wp-content\/uploads\/2018\/03\/Honey-GDA.png\" alt=\"M\u1eadt ong GDA\" width=\"464\" height=\"86\" srcset=\"https:\/\/www.cretoikos.com\/wp-content\/uploads\/2018\/03\/Honey-GDA.png 464w, https:\/\/www.cretoikos.com\/wp-content\/uploads\/2018\/03\/Honey-GDA-300x56.png 300w, https:\/\/www.cretoikos.com\/wp-content\/uploads\/2018\/03\/Honey-GDA-450x83.png 450w\" sizes=\"auto, (max-width: 464px) 100vw, 464px\" \/><\/p>\n<p><strong>M\u1eadt ong h\u00fang t\u00e2y Cretan 250gr<\/strong> \u2013 \u0110\u00fang nh\u01b0 t\u00ean g\u1ecdi, m\u1eadt ong h\u00fang t\u00e2y c\u00f3 h\u01b0\u01a1ng v\u1ecb c\u1ee7a c\u1ecf x\u1ea1 h\u01b0\u01a1ng. T\u1ea5t c\u1ea3 ch\u00fang ta \u0111\u1ec1u bi\u1ebft \u0111\u1ebfn Thyme v\u00ec c\u00f4ng d\u1ee5ng n\u1ea5u \u0103n, l\u00e0m thu\u1ed1c v\u00e0 l\u00e0m c\u1ea3nh c\u1ee7a n\u00f3. C\u00e2y h\u00fang t\u00e2y \u0111\u01b0\u1ee3c tr\u1ed3ng t\u1ed1t nh\u1ea5t \u1edf n\u01a1i n\u1eafng n\u00f3ng v\u1edbi \u0111\u1ea5t tho\u00e1t n\u01b0\u1edbc t\u1ed1t. N\u00f3 th\u01b0\u1eddng \u0111\u01b0\u1ee3c tr\u1ed3ng v\u00e0o m\u00f9a xu\u00e2n v\u00e0 sau \u0111\u00f3 ph\u00e1t tri\u1ec3n nh\u01b0 m\u1ed9t c\u00e2y l\u00e2u n\u0103m. N\u00f3 c\u00f3 th\u1ec3 \u0111\u01b0\u1ee3c nh\u00e2n gi\u1ed1ng b\u1eb1ng h\u1ea1t, gi\u00e2m c\u00e0nh ho\u1eb7c b\u1eb1ng c\u00e1ch chia c\u00e1c ph\u1ea7n r\u1ec5 c\u1ee7a c\u00e2y. N\u00f3 ch\u1ecbu h\u1ea1n t\u1ed1t. C\u00e2y h\u00fang t\u00e2y c\u00f3 th\u1ec3 ch\u1ecbu l\u1ea1nh s\u00e2u v\u00e0 \u0111\u01b0\u1ee3c t\u00ecm th\u1ea5y m\u1ecdc \u1edf v\u00f9ng n\u00fai cao. M\u1eadt ong h\u00fang t\u00e2y nguy\u00ean ch\u1ea5t ch\u1ea5t l\u01b0\u1ee3ng cao \u0111\u01b0\u1ee3c s\u1ea3n xu\u1ea5t t\u1ea1i \u0111\u1ea3o Crete b\u1edfi CRETOIKOS Healthy Foods \u2013 Crete Hy L\u1ea1p<\/p>\n<p class=\"translation-block\"><a href=\"https:\/\/www.cretoikos.com\/vi\/chi-phi-giao-hang-va-van-chuyen\/\" target=\"_self\"><strong>V\u1eadn chuy\u1ec3n to\u00e0n c\u1ea7u<\/strong><\/a> - ch\u00fang t\u00f4i giao h\u00e0ng cho b\u1ea1n \u1edf <strong>t\u1ea5t c\u1ea3 c\u00e1c qu\u1ed1c gia<\/strong> , tr\u00ean to\u00e0n th\u1ebf gi\u1edbi!<\/p>\n<h2 style=\"font-size: 20px; text-align: center;\"><a href=\"\/vi\/chung-nhan-dau-o-liu-quoc-te\/\"><strong>Ch\u1ee9ng nh\u1eadn th\u1ef1c ph\u1ea9m ch\u1ea5t l\u01b0\u1ee3ng qu\u1ed1c t\u1ebf cho ch\u00fang t\u00f4i<\/strong> C\u00e1c s\u1ea3n ph\u1ea9m<\/a><\/h2>\n<p><a href=\"\/vi\/chung-nhan-dau-o-liu-quoc-te\/\"><img loading=\"lazy\" decoding=\"async\" class=\"aligncenter wp-image-13475 size-full\" src=\"https:\/\/www.cretoikos.com\/wp-content\/uploads\/2017\/12\/Quality-Food-Certifications-Lab-Certified-Healthy-Mediterranean-Foods-w800.jpg\" alt=\"Ch\u1ee9ng nh\u1eadn Th\u1ef1c ph\u1ea9m Ch\u1ea5t l\u01b0\u1ee3ng Qu\u1ed1c t\u1ebf - Th\u1ef1c ph\u1ea9m \u0110\u1ecba Trung H\u1ea3i T\u1ed1t cho S\u1ee9c kh\u1ecfe \u0111\u01b0\u1ee3c Ph\u00f2ng th\u00ed nghi\u1ec7m ch\u1ee9ng nh\u1eadn\" width=\"800\" height=\"250\" srcset=\"https:\/\/www.cretoikos.com\/wp-content\/uploads\/2017\/12\/Quality-Food-Certifications-Lab-Certified-Healthy-Mediterranean-Foods-w800.jpg 800w, https:\/\/www.cretoikos.com\/wp-content\/uploads\/2017\/12\/Quality-Food-Certifications-Lab-Certified-Healthy-Mediterranean-Foods-w800-300x94.jpg 300w, https:\/\/www.cretoikos.com\/wp-content\/uploads\/2017\/12\/Quality-Food-Certifications-Lab-Certified-Healthy-Mediterranean-Foods-w800-768x240.jpg 768w, https:\/\/www.cretoikos.com\/wp-content\/uploads\/2017\/12\/Quality-Food-Certifications-Lab-Certified-Healthy-Mediterranean-Foods-w800-450x141.jpg 450w, https:\/\/www.cretoikos.com\/wp-content\/uploads\/2017\/12\/Quality-Food-Certifications-Lab-Certified-Healthy-Mediterranean-Foods-w800-780x244.jpg 780w\" sizes=\"auto, (max-width: 800px) 100vw, 800px\" \/><\/a><\/p>\n<h3 style=\"font-size: 20px; text-align: center;\"><a href=\"\/vi\/chung-nhan-dau-o-liu-quoc-te\/\"><strong>S\u1ea3n ph\u1ea9m \u0111\u01b0\u1ee3c ch\u1ee9ng nh\u1eadn th\u1ef1c ph\u1ea9m KOSHER<\/strong><\/a><\/h3>\n<p><img loading=\"lazy\" decoding=\"async\" class=\"size-full wp-image-13454 aligncenter\" src=\"https:\/\/www.cretoikos.com\/wp-content\/uploads\/2020\/07\/kosher-foods-certification-2-w220.jpg\" alt=\"D\u1ea7u \u00f4 liu nguy\u00ean ch\u1ea5t KOSHER Food\" width=\"173\" height=\"220\" \/><\/p>\n<h3 style=\"font-size: 20px; text-align: center;\"><a href=\"\/vi\/chung-nhan-dau-o-liu-quoc-te\/\"><strong>FDA (M\u1ef9) \u2013 S\u1ea3n ph\u1ea9m \u0111\u01b0\u1ee3c C\u1ee5c Qu\u1ea3n l\u00fd Th\u1ef1c ph\u1ea9m &amp; D\u01b0\u1ee3c ph\u1ea9m ch\u1ee9ng nh\u1eadn<\/strong><\/a><\/h3>\n<p><img loading=\"lazy\" decoding=\"async\" class=\"size-full wp-image-13476 aligncenter\" src=\"https:\/\/www.cretoikos.com\/wp-content\/uploads\/2017\/12\/FDA-foods-certification-w220.jpg\" alt=\"Ch\u1ee9ng nh\u1eadn Th\u1ef1c ph\u1ea9m &amp; D\u01b0\u1ee3c ph\u1ea9m FDA\" width=\"163\" height=\"220\" \/><\/p>\n<p>&nbsp;<\/p>","protected":false},"excerpt":{"rendered":"<h1 style=\"font-size: 20px;\"><strong>M\u1eadt ong Hy L\u1ea1p, h\u00fang t\u00e2y nguy\u00ean ch\u1ea5t M\u1eadt ong t\u1eeb Crete Hy L\u1ea1p<\/strong><\/h1>\n<p><strong>M\u1eadt ong h\u00fang t\u00e2y Cretan 250 gr<\/strong> \u2013 M\u1ed9t c\u00e1ch \u0103n m\u1eadt ong h\u00fang t\u00e2y ph\u1ed5 bi\u1ebfn \u1edf Hy L\u1ea1p l\u00e0 r\u01b0\u1edbi l\u00ean s\u1eefa chua Hy L\u1ea1p t\u01b0\u01a1i (\u0111\u01b0\u1ee3c g\u1ecdi l\u00e0 \u201cYiaourti me Meli\u201d: s\u1eefa chua v\u1edbi m\u1eadt ong), v\u1edbi m\u1ed9t v\u00e0i lo\u1ea1i h\u1ea1t b\u00ean tr\u00ean. M\u1eadt ong h\u00fang t\u00e2y \u0111\u01b0\u1ee3c cho l\u00e0 l\u00e0m t\u0103ng hi\u1ec7u l\u1ef1c. Ng\u01b0\u1eddi ta n\u00f3i \u0111\u00f3 l\u00e0 \u201cviagra t\u1ef1 nhi\u00ean\u201d! M\u1eadt ong h\u00fang t\u00e2y nguy\u00ean ch\u1ea5t ch\u1ea5t l\u01b0\u1ee3ng cao \u0111\u01b0\u1ee3c s\u1ea3n xu\u1ea5t t\u1ea1i \u0111\u1ea3o Crete b\u1edfi CRETOIKOS Healthy Foods \u2013 Crete Hy L\u1ea1p<\/p>\n<p class=\"translation-block\"><a href=\"https:\/\/www.cretoikos.com\/vi\/chi-phi-giao-hang-va-van-chuyen\/\" target=\"_self\"><strong>V\u1eadn chuy\u1ec3n to\u00e0n c\u1ea7u<\/strong><\/a> - ch\u00fang t\u00f4i giao h\u00e0ng cho b\u1ea1n \u1edf <strong>t\u1ea5t c\u1ea3 c\u00e1c qu\u1ed1c gia<\/strong> , tr\u00ean to\u00e0n th\u1ebf gi\u1edbi!<\/p>","protected":false},"featured_media":3477,"template":"","meta":[],"product_brand":[],"product_cat":[74],"product_tag":[130,129,121,123,127,128,126,124,125,122],"class_list":{"0":"post-2957","1":"product","2":"type-product","3":"status-publish","4":"has-post-thumbnail","6":"product_cat-honey","7":"product_tag-250gr","8":"product_tag-cretan","9":"product_tag-cretan-honey","10":"product_tag-cretan-thyme-honey","11":"product_tag-crete","12":"product_tag-greece","13":"product_tag-greek-honey","14":"product_tag-honey","15":"product_tag-pure-honey","16":"product_tag-thyme-honey","18":"first","19":"instock","20":"taxable","21":"shipping-taxable","22":"purchasable","23":"product-type-simple"},"_links":{"self":[{"href":"https:\/\/www.cretoikos.com\/vi\/wp-json\/wp\/v2\/product\/2957","targetHints":{"allow":["GET"]}}],"collection":[{"href":"https:\/\/www.cretoikos.com\/vi\/wp-json\/wp\/v2\/product"}],"about":[{"href":"https:\/\/www.cretoikos.com\/vi\/wp-json\/wp\/v2\/types\/product"}],"wp:featuredmedia":[{"embeddable":true,"href":"https:\/\/www.cretoikos.com\/vi\/wp-json\/wp\/v2\/media\/3477"}],"wp:attachment":[{"href":"https:\/\/www.cretoikos.com\/vi\/wp-json\/wp\/v2\/media?parent=2957"}],"wp:term":[{"taxonomy":"product_brand","embeddable":true,"href":"https:\/\/www.cretoikos.com\/vi\/wp-json\/wp\/v2\/product_brand?post=2957"},{"taxonomy":"product_cat","embeddable":true,"href":"https:\/\/www.cretoikos.com\/vi\/wp-json\/wp\/v2\/product_cat?post=2957"},{"taxonomy":"product_tag","embeddable":true,"href":"https:\/\/www.cretoikos.com\/vi\/wp-json\/wp\/v2\/product_tag?post=2957"}],"curies":[{"name":"wp","href":"https:\/\/api.w.org\/{rel}","templated":true}]}}