{"id":13868,"date":"2023-07-07T10:59:21","date_gmt":"2023-07-07T07:59:21","guid":{"rendered":"https:\/\/www.cretoikos.com\/?post_type=product&#038;p=13868"},"modified":"2026-04-09T18:23:06","modified_gmt":"2026-04-09T15:23:06","slug":"pdo-sitia-02-dau-o-liu-nguyen-chat-vang-cao-cap-evoo-5lt","status":"publish","type":"product","link":"https:\/\/www.cretoikos.com\/vi\/eshop\/olive-oil\/pdo-sitia-02-premium-gold-extra-virgin-olive-oil-evoo-5lt\/","title":{"rendered":"D\u1ea7u \u00f4 liu nguy\u00ean ch\u1ea5t PDO SITIA 0,2% Premium Gold (EVOO) 5lt"},"content":{"rendered":"<h2 style=\"font-size: 20px; text-align: center;\"><strong>100% D\u1ea7u \u00f4 liu nguy\u00ean ch\u1ea5t Hy L\u1ea1p (EVOO) t\u1eeb \u0111\u1ea3o Crete, \u00e9p l\u1ea1nh l\u1ea7n \u0111\u1ea7u, gi\u00e0u polyphenol, ch\u1ea5t ch\u1ed1ng oxy h\u00f3a, vitamin E v\u00e0 \u0111\u1eb7c t\u00ednh ch\u1ed1ng vi\u00eam, n\u01b0\u1edbc \u00e9p tr\u00e1i c\u00e2y \u00f4 liu nguy\u00ean ch\u1ea5t, kh\u00f4ng ch\u1ea5t b\u1ea3o qu\u1ea3n, thu ho\u1ea1ch m\u1edbi, \u00e9p t\u01b0\u01a1i trong c\u00f9ng ng\u00e0y Thu ho\u1ea1ch \u00f4 liu<\/strong><\/h2>\n<p>&nbsp;<\/p>\n<p><img loading=\"lazy\" decoding=\"async\" class=\"alignnone wp-image-3390 size-full\" src=\"https:\/\/www.cretoikos.com\/wp-content\/uploads\/2018\/03\/certifications-olive-oil.gif\" alt=\"Ch\u1ee9ng nh\u1eadn d\u1ea7u \u00f4 liu\" width=\"470\" height=\"88\" \/><\/p>\n<p><img loading=\"lazy\" decoding=\"async\" class=\"alignnone wp-image-3386 size-full\" src=\"https:\/\/www.cretoikos.com\/wp-content\/uploads\/2018\/03\/OliveOil-GDA.png\" alt=\"D\u1ea7u \u00f4liu GDA\" width=\"464\" height=\"86\" srcset=\"https:\/\/www.cretoikos.com\/wp-content\/uploads\/2018\/03\/OliveOil-GDA.png 464w, https:\/\/www.cretoikos.com\/wp-content\/uploads\/2018\/03\/OliveOil-GDA-300x56.png 300w, https:\/\/www.cretoikos.com\/wp-content\/uploads\/2018\/03\/OliveOil-GDA-450x83.png 450w\" sizes=\"auto, (max-width: 464px) 100vw, 464px\" \/><\/p>\n<p><strong>D\u1ea7u \u00f4 liu nguy\u00ean ch\u1ea5t PDO SITIA 0,2% Premium Gold (EVOO) 5lt<\/strong> l\u00e0 m\u1ed9t lo\u1ea1i d\u1ea7u \u00f4 liu \u0111\u01b0\u1ee3c ch\u1ec9 \u0111\u1ecbnh xu\u1ea5t x\u1ee9 \u0111\u01b0\u1ee3c b\u1ea3o h\u1ed9 (<strong>PDO<\/strong>) t\u1eeb <strong>Sitia<\/strong>, \u1edf ph\u00eda \u0110\u00f4ng <strong>\u0111\u1ea3o Crete<\/strong>. Sitia \u1edf <strong>lasithi<\/strong> l\u00e0 m\u1ed9t v\u00f9ng ph\u00eda \u0111\u00f4ng \u0111\u1ea3o Crete, n\u1ed5i ti\u1ebfng v\u1edbi \u0111i\u1ec1u ki\u1ec7n kh\u00ed h\u1eadu l\u00fd t\u01b0\u1edfng g\u00f3p ph\u1ea7n s\u1ea3n xu\u1ea5t D\u1ea7u \u00f4 liu nguy\u00ean ch\u1ea5t ch\u1ea5t l\u01b0\u1ee3ng cao (<strong>EVOO<\/strong>). Qu\u00e1 tr\u00ecnh chi\u1ebft xu\u1ea5t d\u1ea7u \u00f4 liu t\u1eeb qu\u1ea3 \u00f4 liu \u0111\u01b0\u1ee3c th\u1ef1c hi\u1ec7n trong c\u00f9ng m\u1ed9t ng\u00e0y v\u00e0 \u1edf nhi\u1ec7t \u0111\u1ed9 r\u1ea5t th\u1ea5p \u0111\u1ec3 b\u1ea3o qu\u1ea3n t\u1ea5t c\u1ea3 c\u00e1c lo\u1ea1i tr\u00e1i c\u00e2y ngon v\u00e0 \u0111\u1ed9 axit r\u1ea5t th\u1ea5p. Quy tr\u00ecnh n\u00e0y di\u1ec5n ra d\u01b0\u1edbi s\u1ef1 gi\u00e1m s\u00e1t ki\u1ec3m so\u00e1t s\u1ee9c kh\u1ecfe v\u00e0 s\u1ef1 h\u1ed7 tr\u1ee3 c\u1ee7a m\u00e1y m\u00f3c hi\u1ec7n \u0111\u1ea1i.<\/p>\n<p><strong>PDO SITIA <\/strong>c\u00f3 ngh\u0129a l\u00e0 n\u00f3 <strong>\u0110i\u1ec3m \u0111\u1ebfn \u0111\u01b0\u1ee3c b\u1ea3o v\u1ec7 xu\u1ea5t x\u1ee9<\/strong>, <strong>EVOO<\/strong> c\u00f3 ngh\u0129a <strong>D\u1ea7u \u00f4 liu nguy\u00ean ch\u1ea5t<\/strong> (\u0111\u1ed9 axit r\u1ea5t th\u1ea5p \u2013 d\u01b0\u1edbi 0,8%), s\u1ea3n ph\u1ea9m n\u00e0y \u0111\u1eb7c bi\u1ec7t c\u00f3 <strong>t\u00ednh axit c\u1ee7a<\/strong> <strong>ch\u1ec9 0,2%<\/strong><\/p>\n<p>S\u1ea3n ph\u1ea9m d\u1ea7u \u00f4 liu c\u1ee7a ch\u00fang t\u00f4i l\u00e0 <strong>PH\u00d2NG TH\u00cd NGHI\u1ec6M \u0111\u01b0\u1ee3c ch\u1ee9ng nh\u1eadn<\/strong>, tinh khi\u1ebft, ch\u1ea5t l\u01b0\u1ee3ng cao c\u1ea5p <strong>D\u1ea7u \u00f4 liu nguy\u00ean ch\u1ea5t<\/strong> EVOO, PDO (<strong>\u0110i\u1ec3m \u0111\u1ebfn \u0111\u01b0\u1ee3c b\u1ea3o v\u1ec7 xu\u1ea5t x\u1ee9<\/strong>) V\u00e0 <strong>Trao gi\u1ea3i th\u01b0\u1edfng<\/strong> trong m\u1ed9t s\u1ed1 <strong>Cu\u1ed9c thi d\u1ea7u \u00f4 liu qu\u1ed1c t\u1ebf MUA S\u1eaeM V\u1edaI S\u1ef0 TIN T\u01af\u1edeNG\u2026<\/strong><\/p>\n<div class=\"wpb_text_column wpb_content_element wpb_animate_when_almost_visible wpb_fadeInDown fadeInDown vc_custom_1585559046315 wpb_start_animation animated\">\n<div class=\"wpb_wrapper\">\n<p>Ch\u1ec9 mua D\u1ea7u \u00f4 liu nguy\u00ean ch\u1ea5t nguy\u00ean ch\u1ea5t \u0111\u01b0\u1ee3c ph\u00f2ng th\u00ed nghi\u1ec7m ch\u1ee9ng nh\u1eadn, EVOO l\u00e0 lo\u1ea1i d\u1ea7u \u00f4 liu \u0103n \u0111\u01b0\u1ee3c t\u1ed1t nh\u1ea5t<\/p>\n<\/div>\n<\/div>\n<p>\u0110\u1eb7t mua d\u1ea7u \u00f4 liu Hy L\u1ea1p tr\u1ef1c tuy\u1ebfn v\u00e0 ti\u1ebft ki\u1ec7m<\/p>\n<p class=\"translation-block\"><a href=\"https:\/\/www.cretoikos.com\/vi\/chi-phi-giao-hang-va-van-chuyen\/\" target=\"_self\"><strong>V\u1eadn chuy\u1ec3n to\u00e0n c\u1ea7u<\/strong><\/a> - ch\u00fang t\u00f4i giao h\u00e0ng cho b\u1ea1n \u1edf <strong>t\u1ea5t c\u1ea3 c\u00e1c qu\u1ed1c gia<\/strong> , tr\u00ean to\u00e0n th\u1ebf gi\u1edbi!<\/p>\n<p>&nbsp;<\/p>\n<h2 style=\"font-size: 20px; text-align: center;\"><a href=\"\/vi\/chung-nhan-dau-o-liu-quoc-te\/\"><strong>Ch\u1ee9ng nh\u1eadn th\u1ef1c ph\u1ea9m ch\u1ea5t l\u01b0\u1ee3ng qu\u1ed1c t\u1ebf cho ch\u00fang t\u00f4i<\/strong> C\u00e1c s\u1ea3n ph\u1ea9m<\/a><\/h2>\n<p><a href=\"\/vi\/chung-nhan-dau-o-liu-quoc-te\/\"><img loading=\"lazy\" decoding=\"async\" class=\"aligncenter wp-image-13475 size-full\" src=\"https:\/\/www.cretoikos.com\/wp-content\/uploads\/2017\/12\/Quality-Food-Certifications-Lab-Certified-Healthy-Mediterranean-Foods-w800.jpg\" alt=\"Ch\u1ee9ng nh\u1eadn Th\u1ef1c ph\u1ea9m Ch\u1ea5t l\u01b0\u1ee3ng Qu\u1ed1c t\u1ebf - Th\u1ef1c ph\u1ea9m \u0110\u1ecba Trung H\u1ea3i T\u1ed1t cho S\u1ee9c kh\u1ecfe \u0111\u01b0\u1ee3c Ph\u00f2ng th\u00ed nghi\u1ec7m ch\u1ee9ng nh\u1eadn\" width=\"800\" height=\"250\" srcset=\"https:\/\/www.cretoikos.com\/wp-content\/uploads\/2017\/12\/Quality-Food-Certifications-Lab-Certified-Healthy-Mediterranean-Foods-w800.jpg 800w, https:\/\/www.cretoikos.com\/wp-content\/uploads\/2017\/12\/Quality-Food-Certifications-Lab-Certified-Healthy-Mediterranean-Foods-w800-300x94.jpg 300w, https:\/\/www.cretoikos.com\/wp-content\/uploads\/2017\/12\/Quality-Food-Certifications-Lab-Certified-Healthy-Mediterranean-Foods-w800-768x240.jpg 768w, https:\/\/www.cretoikos.com\/wp-content\/uploads\/2017\/12\/Quality-Food-Certifications-Lab-Certified-Healthy-Mediterranean-Foods-w800-450x141.jpg 450w, https:\/\/www.cretoikos.com\/wp-content\/uploads\/2017\/12\/Quality-Food-Certifications-Lab-Certified-Healthy-Mediterranean-Foods-w800-780x244.jpg 780w\" sizes=\"auto, (max-width: 800px) 100vw, 800px\" \/><\/a><\/p>\n<h3 style=\"font-size: 20px; text-align: center;\"><a href=\"\/vi\/chung-nhan-dau-o-liu-quoc-te\/\"><strong>S\u1ea3n ph\u1ea9m d\u1ea7u \u00f4 liu \u0111\u01b0\u1ee3c ch\u1ee9ng nh\u1eadn th\u1ef1c ph\u1ea9m KOSHER<\/strong><\/a><\/h3>\n<p>&nbsp;<\/p>\n<p><img loading=\"lazy\" decoding=\"async\" class=\"size-full wp-image-13454 aligncenter\" src=\"https:\/\/www.cretoikos.com\/wp-content\/uploads\/2020\/07\/kosher-foods-certification-2-w220.jpg\" alt=\"D\u1ea7u \u00f4 liu nguy\u00ean ch\u1ea5t KOSHER Food\" width=\"173\" height=\"220\" \/><\/p>\n<p>&nbsp;<\/p>\n<h3 style=\"font-size: 20px; text-align: center;\"><a href=\"\/vi\/chung-nhan-dau-o-liu-quoc-te\/\"><strong>FDA (M\u1ef9) \u2013 S\u1ea3n ph\u1ea9m d\u1ea7u olive \u0111\u01b0\u1ee3c C\u1ee5c Qu\u1ea3n l\u00fd Th\u1ef1c ph\u1ea9m &amp; D\u01b0\u1ee3c ph\u1ea9m ch\u1ee9ng nh\u1eadn<\/strong><\/a><\/h3>\n<p>&nbsp;<\/p>\n<p><img loading=\"lazy\" decoding=\"async\" class=\"size-full wp-image-13476 aligncenter\" src=\"https:\/\/www.cretoikos.com\/wp-content\/uploads\/2017\/12\/FDA-foods-certification-w220.jpg\" alt=\"Ch\u1ee9ng nh\u1eadn Th\u1ef1c ph\u1ea9m &amp; D\u01b0\u1ee3c ph\u1ea9m FDA\" width=\"163\" height=\"220\" \/><\/p>\n<p>&nbsp;<\/p>","protected":false},"excerpt":{"rendered":"<p><strong>D\u1ea7u \u00f4 liu nguy\u00ean ch\u1ea5t PDO SITIA 0,2% Premium Gold (EVOO) 5lt<\/strong> l\u00e0 m\u1ed9t lo\u1ea1i d\u1ea7u \u00f4 liu nguy\u00ean ch\u1ea5t c\u00f3 h\u01b0\u01a1ng tr\u00e1i c\u00e2y \u0111\u1ed9c \u0111\u00e1o v\u1edbi \u0111\u1ed9 axit \u0111\u1eb7c bi\u1ec7t th\u1ea5p, l\u00fd t\u01b0\u1edfng cho m\u1ecdi nhu c\u1ea7u \u1ea9m th\u1ef1c c\u1ee7a b\u1ea1n. S\u1eed d\u1ee5ng n\u00f3 trong n\u1ea5u \u0103n ho\u1eb7c ch\u1ebf bi\u1ebfn m\u00f3n s\u1ed1ng, l\u00e0m t\u1ee7 \u0111\u1ef1ng m\u00f3n salad c\u1ee7a b\u1ea1n.<\/p>\n<p><strong>D\u1ea7u \u00f4 liu Extra Virgin c\u1ee7a Hy L\u1ea1p t\u1eeb \u0111\u1ea3o Crete!<\/strong><\/p>\n<p class=\"translation-block\"><a href=\"https:\/\/www.cretoikos.com\/vi\/chi-phi-giao-hang-va-van-chuyen\/\" target=\"_self\"><strong>V\u1eadn chuy\u1ec3n to\u00e0n c\u1ea7u<\/strong><\/a> - ch\u00fang t\u00f4i giao h\u00e0ng cho b\u1ea1n \u1edf <strong>t\u1ea5t c\u1ea3 c\u00e1c qu\u1ed1c gia<\/strong> , tr\u00ean to\u00e0n th\u1ebf gi\u1edbi!<\/p>","protected":false},"featured_media":13869,"template":"","meta":[],"product_brand":[],"product_cat":[23],"product_tag":[140,141,113,95,97,98,96,91,99,101,135,111,112,110,109],"class_list":{"0":"post-13868","1":"product","2":"type-product","3":"status-publish","4":"has-post-thumbnail","6":"product_cat-olive-oil","7":"product_tag-140","8":"product_tag-3-extra-virgin-olive-oil","9":"product_tag-5lt","10":"product_tag-bottle","11":"product_tag-buy-olive-oil","12":"product_tag-buy-online","13":"product_tag-cretan-olive-oil","14":"product_tag-evoo","15":"product_tag-greek-olive-oil","16":"product_tag-olive-oil","17":"product_tag-pdo-olive-oil","18":"product_tag-pdo-sitia","19":"product_tag-pdo-sitia-olive-oil","20":"product_tag-sitia","21":"product_tag-sitia-olive-oil","23":"first","24":"instock","25":"taxable","26":"shipping-taxable","27":"purchasable","28":"product-type-simple"},"_links":{"self":[{"href":"https:\/\/www.cretoikos.com\/vi\/wp-json\/wp\/v2\/product\/13868","targetHints":{"allow":["GET"]}}],"collection":[{"href":"https:\/\/www.cretoikos.com\/vi\/wp-json\/wp\/v2\/product"}],"about":[{"href":"https:\/\/www.cretoikos.com\/vi\/wp-json\/wp\/v2\/types\/product"}],"wp:featuredmedia":[{"embeddable":true,"href":"https:\/\/www.cretoikos.com\/vi\/wp-json\/wp\/v2\/media\/13869"}],"wp:attachment":[{"href":"https:\/\/www.cretoikos.com\/vi\/wp-json\/wp\/v2\/media?parent=13868"}],"wp:term":[{"taxonomy":"product_brand","embeddable":true,"href":"https:\/\/www.cretoikos.com\/vi\/wp-json\/wp\/v2\/product_brand?post=13868"},{"taxonomy":"product_cat","embeddable":true,"href":"https:\/\/www.cretoikos.com\/vi\/wp-json\/wp\/v2\/product_cat?post=13868"},{"taxonomy":"product_tag","embeddable":true,"href":"https:\/\/www.cretoikos.com\/vi\/wp-json\/wp\/v2\/product_tag?post=13868"}],"curies":[{"name":"wp","href":"https:\/\/api.w.org\/{rel}","templated":true}]}}