{"id":126,"date":"2017-12-10T14:34:30","date_gmt":"2017-12-10T12:34:30","guid":{"rendered":"https:\/\/www.cretoikos.com\/?post_type=product&#038;p=126"},"modified":"2024-12-15T21:43:58","modified_gmt":"2024-12-15T19:43:58","slug":"pdo-sitia-0-3-dau-o-liu-nguyen-chat-500ml","status":"publish","type":"product","link":"https:\/\/www.cretoikos.com\/vi\/eshop\/olive-oil\/pdo-sitia-0-3-extra-virgin-olive-oil-500ml\/","title":{"rendered":"D\u1ea7u \u00f4 liu Sitia PDO Extra Virgin (EVOO) 0,3% h\u1ed9p 500ml"},"content":{"rendered":"<h2 style=\"font-size: 20px; text-align: center;\"><strong>100% D\u1ea7u \u00f4 liu nguy\u00ean ch\u1ea5t Hy L\u1ea1p (EVOO) t\u1eeb \u0111\u1ea3o Crete, \u00e9p l\u1ea1nh l\u1ea7n \u0111\u1ea7u, gi\u00e0u polyphenol, ch\u1ea5t ch\u1ed1ng oxy h\u00f3a, vitamin E v\u00e0 \u0111\u1eb7c t\u00ednh ch\u1ed1ng vi\u00eam, n\u01b0\u1edbc \u00e9p tr\u00e1i c\u00e2y \u00f4 liu nguy\u00ean ch\u1ea5t, kh\u00f4ng ch\u1ea5t b\u1ea3o qu\u1ea3n, thu ho\u1ea1ch m\u1edbi, \u00e9p t\u01b0\u01a1i trong c\u00f9ng ng\u00e0y Thu ho\u1ea1ch \u00f4 liu<\/strong><\/h2>\n<p>&nbsp;<\/p>\n<p><img loading=\"lazy\" decoding=\"async\" class=\"alignnone wp-image-3390 size-full\" src=\"https:\/\/www.cretoikos.com\/wp-content\/uploads\/2018\/03\/certifications-olive-oil.gif\" alt=\"Ch\u1ee9ng nh\u1eadn d\u1ea7u \u00f4 liu\" width=\"470\" height=\"88\" \/><\/p>\n<p><img loading=\"lazy\" decoding=\"async\" class=\"alignnone wp-image-3386 size-full\" src=\"https:\/\/www.cretoikos.com\/wp-content\/uploads\/2018\/03\/OliveOil-GDA.png\" alt=\"D\u1ea7u \u00f4liu GDA\" width=\"464\" height=\"86\" srcset=\"https:\/\/www.cretoikos.com\/wp-content\/uploads\/2018\/03\/OliveOil-GDA.png 464w, https:\/\/www.cretoikos.com\/wp-content\/uploads\/2018\/03\/OliveOil-GDA-300x56.png 300w, https:\/\/www.cretoikos.com\/wp-content\/uploads\/2018\/03\/OliveOil-GDA-450x83.png 450w\" sizes=\"auto, (max-width: 464px) 100vw, 464px\" \/><\/p>\n<p><strong>D\u1ea7u \u00f4 liu nguy\u00ean ch\u1ea5t Sitia PDO (EVOO)<\/strong> l\u00e0 c\u1ea5p tr\u00ean <strong>D\u1ea7u \u00f4 liu nguy\u00ean ch\u1ea5t<\/strong> t\u1eeb <strong>\u0111\u1ea3o Crete<\/strong>, gi\u00e0u ch\u1ea5t ch\u1ed1ng oxy h\u00f3a v\u00e0 vitamin. N\u00f3 \u0111\u01b0\u1ee3c s\u1ea3n xu\u1ea5t t\u1eeb \u00f4 liu tr\u1ed3ng \u1edf <strong>Sitia<\/strong> v\u00f9ng ph\u00eda \u0111\u00f4ng Crete (<strong>LASITHI<\/strong> t\u1ec9nh), m\u1ed9t khu v\u1ef1c \u0111\u01b0\u1ee3c \u0111\u00e1nh gi\u00e1 cao tr\u00ean to\u00e0n c\u1ea7u v\u1ec1 s\u1ea3n xu\u1ea5t d\u1ea7u \u00f4 liu ch\u1ea5t l\u01b0\u1ee3ng h\u00e0ng \u0111\u1ea7u. V\u1edbi h\u01b0\u01a1ng th\u01a1m k\u00edn \u0111\u00e1o c\u1ee7a c\u1ecf v\u00e0 c\u00e1c lo\u1ea1i th\u1ea3o m\u1ed9c hoang d\u00e3 c\u00f9ng h\u01b0\u01a1ng v\u1ecb cay nh\u1eb9, c\u00e2n b\u1eb1ng c\u1ee7a th\u1ea3o m\u1ed9c, lo\u1ea1i d\u1ea7u \u00f4 liu nguy\u00ean ch\u1ea5t n\u00e0y s\u1ebd \u0111i k\u00e8m v\u1edbi t\u1ea5t c\u1ea3 c\u00e1c m\u00f3n chi\u00ean, n\u1ea5u ho\u1eb7c n\u01b0\u1edbng c\u1ee7a b\u1ea1n v\u00e0 d\u00f9ng l\u00e0m m\u00f3n salad cho b\u1ea1n \u0111\u1ec3 t\u0103ng h\u01b0\u01a1ng v\u1ecb v\u00e0 th\u00eam ph\u1ea7n h\u1ea5p d\u1eabn.<\/p>\n<p><strong>PDO<\/strong> c\u00f3 ngh\u0129a l\u00e0 n\u00f3 <strong>\u0110i\u1ec3m \u0111\u1ebfn \u0111\u01b0\u1ee3c b\u1ea3o v\u1ec7 xu\u1ea5t x\u1ee9<\/strong>, <strong>EVOO<\/strong> c\u00f3 ngh\u0129a <strong>D\u1ea7u \u00f4 liu nguy\u00ean ch\u1ea5t<\/strong> (\u0111\u1ed9 axit r\u1ea5t th\u1ea5p \u2013 d\u01b0\u1edbi 0,8%), s\u1ea3n ph\u1ea9m n\u00e0y \u0111\u1eb7c bi\u1ec7t c\u00f3 <strong>t\u00ednh axit c\u1ee7a<\/strong> <strong>ch\u1ec9 0,3%<\/strong><\/p>\n<p>S\u1ea3n ph\u1ea9m d\u1ea7u \u00f4 liu c\u1ee7a ch\u00fang t\u00f4i l\u00e0 <strong>PH\u00d2NG TH\u00cd NGHI\u1ec6M \u0111\u01b0\u1ee3c ch\u1ee9ng nh\u1eadn<\/strong>, tinh khi\u1ebft, ch\u1ea5t l\u01b0\u1ee3ng cao c\u1ea5p <strong>D\u1ea7u \u00f4 liu nguy\u00ean ch\u1ea5t<\/strong> EVOO, PDO (<strong>\u0110i\u1ec3m \u0111\u1ebfn \u0111\u01b0\u1ee3c b\u1ea3o v\u1ec7 xu\u1ea5t x\u1ee9<\/strong>) V\u00e0 <strong>Trao gi\u1ea3i th\u01b0\u1edfng<\/strong> trong m\u1ed9t s\u1ed1 <strong>Cu\u1ed9c thi d\u1ea7u \u00f4 liu qu\u1ed1c t\u1ebf MUA S\u1eaeM V\u1edaI S\u1ef0 TIN T\u01af\u1edeNG\u2026<\/strong><\/p>\n<div class=\"wpb_text_column wpb_content_element wpb_animate_when_almost_visible wpb_fadeInDown fadeInDown vc_custom_1585559046315 wpb_start_animation animated\">\n<div class=\"wpb_wrapper\">\n<p>Ch\u1ec9 mua D\u1ea7u \u00f4 liu nguy\u00ean ch\u1ea5t nguy\u00ean ch\u1ea5t \u0111\u01b0\u1ee3c ph\u00f2ng th\u00ed nghi\u1ec7m ch\u1ee9ng nh\u1eadn, EVOO l\u00e0 lo\u1ea1i d\u1ea7u \u00f4 liu \u0103n \u0111\u01b0\u1ee3c t\u1ed1t nh\u1ea5t<\/p>\n<\/div>\n<\/div>\n<p>\u0110\u1eb7t mua d\u1ea7u \u00f4 liu Hy L\u1ea1p tr\u1ef1c tuy\u1ebfn v\u00e0 ti\u1ebft ki\u1ec7m<\/p>\n<p class=\"translation-block\"><a href=\"https:\/\/www.cretoikos.com\/vi\/chi-phi-giao-hang-va-van-chuyen\/\" target=\"_self\"><strong>V\u1eadn chuy\u1ec3n to\u00e0n c\u1ea7u<\/strong><\/a> - ch\u00fang t\u00f4i giao h\u00e0ng cho b\u1ea1n \u1edf <strong>t\u1ea5t c\u1ea3 c\u00e1c qu\u1ed1c gia<\/strong> , tr\u00ean to\u00e0n th\u1ebf gi\u1edbi!<\/p>\n<p>&nbsp;<\/p>\n<h2 style=\"font-size: 20px; text-align: center;\"><a href=\"\/vi\/chung-nhan-dau-o-liu-quoc-te\/\"><strong>Ch\u1ee9ng nh\u1eadn th\u1ef1c ph\u1ea9m ch\u1ea5t l\u01b0\u1ee3ng qu\u1ed1c t\u1ebf cho ch\u00fang t\u00f4i<\/strong> C\u00e1c s\u1ea3n ph\u1ea9m<\/a><\/h2>\n<p><a href=\"\/vi\/chung-nhan-dau-o-liu-quoc-te\/\"><img loading=\"lazy\" decoding=\"async\" class=\"aligncenter wp-image-13475 size-full\" src=\"https:\/\/www.cretoikos.com\/wp-content\/uploads\/2017\/12\/Quality-Food-Certifications-Lab-Certified-Healthy-Mediterranean-Foods-w800.jpg\" alt=\"Ch\u1ee9ng nh\u1eadn Th\u1ef1c ph\u1ea9m Ch\u1ea5t l\u01b0\u1ee3ng Qu\u1ed1c t\u1ebf - Th\u1ef1c ph\u1ea9m \u0110\u1ecba Trung H\u1ea3i T\u1ed1t cho S\u1ee9c kh\u1ecfe \u0111\u01b0\u1ee3c Ph\u00f2ng th\u00ed nghi\u1ec7m ch\u1ee9ng nh\u1eadn\" width=\"800\" height=\"250\" srcset=\"https:\/\/www.cretoikos.com\/wp-content\/uploads\/2017\/12\/Quality-Food-Certifications-Lab-Certified-Healthy-Mediterranean-Foods-w800.jpg 800w, https:\/\/www.cretoikos.com\/wp-content\/uploads\/2017\/12\/Quality-Food-Certifications-Lab-Certified-Healthy-Mediterranean-Foods-w800-300x94.jpg 300w, https:\/\/www.cretoikos.com\/wp-content\/uploads\/2017\/12\/Quality-Food-Certifications-Lab-Certified-Healthy-Mediterranean-Foods-w800-768x240.jpg 768w, https:\/\/www.cretoikos.com\/wp-content\/uploads\/2017\/12\/Quality-Food-Certifications-Lab-Certified-Healthy-Mediterranean-Foods-w800-450x141.jpg 450w, https:\/\/www.cretoikos.com\/wp-content\/uploads\/2017\/12\/Quality-Food-Certifications-Lab-Certified-Healthy-Mediterranean-Foods-w800-780x244.jpg 780w\" sizes=\"auto, (max-width: 800px) 100vw, 800px\" \/><\/a><\/p>\n<h3 style=\"font-size: 20px; text-align: center;\"><a href=\"\/vi\/chung-nhan-dau-o-liu-quoc-te\/\"><strong>S\u1ea3n ph\u1ea9m d\u1ea7u \u00f4 liu \u0111\u01b0\u1ee3c ch\u1ee9ng nh\u1eadn th\u1ef1c ph\u1ea9m KOSHER<\/strong><\/a><\/h3>\n<p>&nbsp;<\/p>\n<p><img loading=\"lazy\" decoding=\"async\" class=\"size-full wp-image-13454 aligncenter\" src=\"https:\/\/www.cretoikos.com\/wp-content\/uploads\/2020\/07\/kosher-foods-certification-2-w220.jpg\" alt=\"D\u1ea7u \u00f4 liu nguy\u00ean ch\u1ea5t KOSHER Food\" width=\"173\" height=\"220\" \/><\/p>\n<p>&nbsp;<\/p>\n<h3 style=\"font-size: 20px; text-align: center;\"><a href=\"\/vi\/chung-nhan-dau-o-liu-quoc-te\/\"><strong>FDA (M\u1ef9) \u2013 S\u1ea3n ph\u1ea9m d\u1ea7u olive \u0111\u01b0\u1ee3c C\u1ee5c Qu\u1ea3n l\u00fd Th\u1ef1c ph\u1ea9m &amp; D\u01b0\u1ee3c ph\u1ea9m ch\u1ee9ng nh\u1eadn<\/strong><\/a><\/h3>\n<p>&nbsp;<\/p>\n<p><img loading=\"lazy\" decoding=\"async\" class=\"size-full wp-image-13476 aligncenter\" src=\"https:\/\/www.cretoikos.com\/wp-content\/uploads\/2017\/12\/FDA-foods-certification-w220.jpg\" alt=\"Ch\u1ee9ng nh\u1eadn Th\u1ef1c ph\u1ea9m &amp; D\u01b0\u1ee3c ph\u1ea9m FDA\" width=\"163\" height=\"220\" \/><\/p>\n<p>&nbsp;<\/p>","protected":false},"excerpt":{"rendered":"<p><strong>D\u1ea7u \u00f4 liu nguy\u00ean ch\u1ea5t Sitia PDO (EVOO)<\/strong> \u2013 v\u1edbi h\u01b0\u01a1ng th\u01a1m k\u00edn \u0111\u00e1o c\u1ee7a c\u1ecf v\u00e0 c\u00e1c lo\u1ea1i th\u1ea3o m\u1ed9c hoang d\u00e3 c\u00f9ng h\u01b0\u01a1ng v\u1ecb cay nh\u1eb9, c\u00e2n b\u1eb1ng c\u1ee7a th\u1ea3o m\u1ed9c, lo\u1ea1i d\u1ea7u \u00f4 liu nguy\u00ean ch\u1ea5t n\u00e0y s\u1ebd \u0111i k\u00e8m v\u1edbi t\u1ea5t c\u1ea3 c\u00e1c m\u00f3n chi\u00ean, n\u1ea5u ch\u00edn ho\u1eb7c n\u01b0\u1edbng c\u1ee7a b\u1ea1n v\u00e0 d\u00f9ng l\u00e0m m\u00f3n salad \u0111\u1ec3 t\u0103ng h\u01b0\u01a1ng v\u1ecb v\u00e0 th\u00eam ph\u1ea7n h\u1ea5p d\u1eabn.<\/p>\n<p><strong>D\u1ea7u \u00f4 liu Extra Virgin c\u1ee7a Hy L\u1ea1p t\u1eeb \u0111\u1ea3o Crete!<\/strong><\/p>\n<p class=\"translation-block\"><a href=\"https:\/\/www.cretoikos.com\/vi\/chi-phi-giao-hang-va-van-chuyen\/\" target=\"_self\"><strong>V\u1eadn chuy\u1ec3n to\u00e0n c\u1ea7u<\/strong><\/a> - ch\u00fang t\u00f4i giao h\u00e0ng cho b\u1ea1n \u1edf <strong>t\u1ea5t c\u1ea3 c\u00e1c qu\u1ed1c gia<\/strong> , tr\u00ean to\u00e0n th\u1ebf gi\u1edbi!<\/p>","protected":false},"featured_media":185,"template":"","meta":[],"product_brand":[],"product_cat":[23],"product_tag":[141,142,119,95,97,98,96,91,99,101,135,111,112,110,109],"class_list":{"0":"post-126","1":"product","2":"type-product","3":"status-publish","4":"has-post-thumbnail","6":"product_cat-olive-oil","7":"product_tag-3-extra-virgin-olive-oil","8":"product_tag-142","9":"product_tag-500ml","10":"product_tag-bottle","11":"product_tag-buy-olive-oil","12":"product_tag-buy-online","13":"product_tag-cretan-olive-oil","14":"product_tag-evoo","15":"product_tag-greek-olive-oil","16":"product_tag-olive-oil","17":"product_tag-pdo-olive-oil","18":"product_tag-pdo-sitia","19":"product_tag-pdo-sitia-olive-oil","20":"product_tag-sitia","21":"product_tag-sitia-olive-oil","23":"first","24":"instock","25":"taxable","26":"shipping-taxable","27":"purchasable","28":"product-type-simple"},"_links":{"self":[{"href":"https:\/\/www.cretoikos.com\/vi\/wp-json\/wp\/v2\/product\/126","targetHints":{"allow":["GET"]}}],"collection":[{"href":"https:\/\/www.cretoikos.com\/vi\/wp-json\/wp\/v2\/product"}],"about":[{"href":"https:\/\/www.cretoikos.com\/vi\/wp-json\/wp\/v2\/types\/product"}],"wp:featuredmedia":[{"embeddable":true,"href":"https:\/\/www.cretoikos.com\/vi\/wp-json\/wp\/v2\/media\/185"}],"wp:attachment":[{"href":"https:\/\/www.cretoikos.com\/vi\/wp-json\/wp\/v2\/media?parent=126"}],"wp:term":[{"taxonomy":"product_brand","embeddable":true,"href":"https:\/\/www.cretoikos.com\/vi\/wp-json\/wp\/v2\/product_brand?post=126"},{"taxonomy":"product_cat","embeddable":true,"href":"https:\/\/www.cretoikos.com\/vi\/wp-json\/wp\/v2\/product_cat?post=126"},{"taxonomy":"product_tag","embeddable":true,"href":"https:\/\/www.cretoikos.com\/vi\/wp-json\/wp\/v2\/product_tag?post=126"}],"curies":[{"name":"wp","href":"https:\/\/api.w.org\/{rel}","templated":true}]}}