{"id":248,"date":"2017-01-09T15:18:56","date_gmt":"2017-01-09T15:18:56","guid":{"rendered":"http:\/\/import.getbowtied.com\/shopkeeper-replica\/?page_id=248"},"modified":"2020-05-10T02:08:30","modified_gmt":"2020-05-09T23:08:30","slug":"theo-doi-don-hang","status":"publish","type":"page","link":"https:\/\/www.cretoikos.com\/vi\/order-tracking\/","title":{"rendered":"Theo d\u00f5i \u0111\u01a1n h\u00e0ng"},"content":{"rendered":"<div style=\"\"class=\"normal_height vc_row wpb_row vc_row-fluid vc_custom_1589065393319\"><div class=\"wpb_column vc_column_container vc_col-sm-12\"><div class=\"vc_column-inner\"><div class=\"wpb_wrapper\"><div class=\"woocommerce\"><\/div><\/div><\/div><\/div><\/div><div class=\"boxed-row\"><div style=\"\"class=\"normal_height vc_row wpb_row vc_row-fluid vc_row-o-content-top vc_row-flex\"><div class=\"wpb_column vc_column_container vc_col-sm-1\/5\"><div class=\"vc_column-inner\"><div class=\"wpb_wrapper\">\n\t<div  class=\"wpb_single_image wpb_content_element vc_align_right\">\n\t\t\n\t\t<figure class=\"wpb_wrapper vc_figure\">\n\t\t\t<a href=\"https:\/\/www.tnt.com\" target=\"_blank\" class=\"vc_single_image-wrapper   vc_box_border_grey\"><img loading=\"lazy\" decoding=\"async\" width=\"275\" height=\"183\" src=\"https:\/\/www.cretoikos.com\/wp-content\/uploads\/2020\/05\/order-shipping-eshop-buy-online-4.jpg\" class=\"vc_single_image-img attachment-full\" alt=\"Ch\u00fang t\u00f4i g\u1eedi \u0111\u01a1n \u0111\u1eb7t h\u00e0ng c\u1ee7a b\u1ea1n tr\u00ean to\u00e0n th\u1ebf gi\u1edbi!\" \/><\/a>\n\t\t<\/figure>\n\t<\/div>\n<\/div><\/div><\/div><div class=\"wpb_column vc_column_container vc_col-sm-3\/5\"><div class=\"vc_column-inner\"><div class=\"wpb_wrapper\">\n\t<div class=\"wpb_text_column wpb_content_element\" >\n\t\t<div class=\"wpb_wrapper\">\n\t\t\t<p style=\"text-align: center; font-size: 20px;\" class=\"translation-block\"><a href=\"https:\/\/www.cretoikos.com\/vi\/chi-phi-giao-hang-va-van-chuyen\/\" target=\"_self\"><strong>V\u1eadn chuy\u1ec3n to\u00e0n c\u1ea7u<\/strong><\/a> - ch\u00fang t\u00f4i giao h\u00e0ng cho b\u1ea1n \u1edf <strong>t\u1ea5t c\u1ea3 c\u00e1c qu\u1ed1c gia<\/strong> , tr\u00ean to\u00e0n th\u1ebf gi\u1edbi!<\/p>\n<p style=\"text-align: center; font-size: 22px;\"><strong>chuy\u1ec3n ph\u00e1t nhanh <\/strong>- tr\u1ef1c tuy\u1ebfn <strong>theo d\u00f5i g\u00f3i<\/strong> c\u00f3 s\u1eb5n<br \/>\nth\u1eddi gian th\u1ef1c <strong>theo d\u00f5i v\u00e0 d\u1ea5u v\u1ebft<\/strong> \u0111\u01a1n \u0111\u1eb7t h\u00e0ng d\u1ea7u \u00f4 liu c\u1ee7a b\u1ea1n<\/p>\n\n\t\t<\/div>\n\t<\/div>\n<\/div><\/div><\/div><div class=\"wpb_column vc_column_container vc_col-sm-1\/5\"><div class=\"vc_column-inner\"><div class=\"wpb_wrapper\">\n\t<div  class=\"wpb_single_image wpb_content_element vc_align_left\">\n\t\t\n\t\t<figure class=\"wpb_wrapper vc_figure\">\n\t\t\t<a href=\"https:\/\/www.cretoikos.com\/vi\/chi-phi-giao-hang-va-van-chuyen\/\" target=\"_self\" class=\"vc_single_image-wrapper   vc_box_border_grey\"><img loading=\"lazy\" decoding=\"async\" width=\"325\" height=\"215\" src=\"https:\/\/www.cretoikos.com\/wp-content\/uploads\/2020\/05\/order-shipping-eshop-buy-online.jpg\" class=\"vc_single_image-img attachment-full\" alt=\"Ch\u00fang t\u00f4i g\u1eedi \u0111\u01a1n \u0111\u1eb7t h\u00e0ng c\u1ee7a b\u1ea1n tr\u00ean to\u00e0n th\u1ebf gi\u1edbi!\" srcset=\"https:\/\/www.cretoikos.com\/wp-content\/uploads\/2020\/05\/order-shipping-eshop-buy-online.jpg 325w, https:\/\/www.cretoikos.com\/wp-content\/uploads\/2020\/05\/order-shipping-eshop-buy-online-300x198.jpg 300w\" sizes=\"auto, (max-width: 325px) 100vw, 325px\" \/><\/a>\n\t\t<\/figure>\n\t<\/div>\n<\/div><\/div><\/div><\/div><\/div>","protected":false},"excerpt":{"rendered":"Worldwide Shipping \u2013 we ship your order in all countries, worldwide! fast shipping - online package tracking available real time track &amp; trace of your olive oil order","protected":false},"author":1,"featured_media":0,"parent":0,"menu_order":0,"comment_status":"closed","ping_status":"closed","template":"page-full-width.php","meta":{"footnotes":""},"class_list":["post-248","page","type-page","status-publish","hentry"],"_links":{"self":[{"href":"https:\/\/www.cretoikos.com\/vi\/wp-json\/wp\/v2\/pages\/248","targetHints":{"allow":["GET"]}}],"collection":[{"href":"https:\/\/www.cretoikos.com\/vi\/wp-json\/wp\/v2\/pages"}],"about":[{"href":"https:\/\/www.cretoikos.com\/vi\/wp-json\/wp\/v2\/types\/page"}],"author":[{"embeddable":true,"href":"https:\/\/www.cretoikos.com\/vi\/wp-json\/wp\/v2\/users\/1"}],"replies":[{"embeddable":true,"href":"https:\/\/www.cretoikos.com\/vi\/wp-json\/wp\/v2\/comments?post=248"}],"version-history":[{"count":0,"href":"https:\/\/www.cretoikos.com\/vi\/wp-json\/wp\/v2\/pages\/248\/revisions"}],"wp:attachment":[{"href":"https:\/\/www.cretoikos.com\/vi\/wp-json\/wp\/v2\/media?parent=248"}],"curies":[{"name":"wp","href":"https:\/\/api.w.org\/{rel}","templated":true}]}}