{"id":13868,"date":"2023-07-07T10:59:21","date_gmt":"2023-07-07T07:59:21","guid":{"rendered":"https:\/\/www.cretoikos.com\/?post_type=product&#038;p=13868"},"modified":"2026-04-09T18:23:06","modified_gmt":"2026-04-09T15:23:06","slug":"pdo-sitia-02-premium-guld-extra-virgin-olivolja-evoo-5lt","status":"publish","type":"product","link":"https:\/\/www.cretoikos.com\/sv\/eshop\/olive-oil\/pdo-sitia-02-premium-gold-extra-virgin-olive-oil-evoo-5lt\/","title":{"rendered":"PDO SITIA 0,2% Premium Gold Extra Virgin olivolja (EVOO) 5lt"},"content":{"rendered":"<h2 style=\"font-size: 20px; text-align: center;\"><strong>100% grekisk extra jungfrulig olivolja (EVOO) fr\u00e5n \u00f6n Kreta, f\u00f6rsta kallpressad, rik p\u00e5 polyfenoler, antioxidanter, vitamin E och antiinflammatoriska egenskaper, ren olivjuice, inga konserveringsmedel, ny sk\u00f6rd, f\u00e4rskpressad samma dag Olivsk\u00f6rd<\/strong><\/h2>\n<p>&nbsp;<\/p>\n<p><img loading=\"lazy\" decoding=\"async\" class=\"alignnone wp-image-3390 size-full\" src=\"https:\/\/www.cretoikos.com\/wp-content\/uploads\/2018\/03\/certifications-olive-oil.gif\" alt=\"Olivolja certifieringar\" width=\"470\" height=\"88\" \/><\/p>\n<p><img loading=\"lazy\" decoding=\"async\" class=\"alignnone wp-image-3386 size-full\" src=\"https:\/\/www.cretoikos.com\/wp-content\/uploads\/2018\/03\/OliveOil-GDA.png\" alt=\"Olivolja GDA\" width=\"464\" height=\"86\" srcset=\"https:\/\/www.cretoikos.com\/wp-content\/uploads\/2018\/03\/OliveOil-GDA.png 464w, https:\/\/www.cretoikos.com\/wp-content\/uploads\/2018\/03\/OliveOil-GDA-300x56.png 300w, https:\/\/www.cretoikos.com\/wp-content\/uploads\/2018\/03\/OliveOil-GDA-450x83.png 450w\" sizes=\"auto, (max-width: 464px) 100vw, 464px\" \/><\/p>\n<p><strong>PDO SITIA 0,2% Premium Gold Extra Virgin olivolja (EVOO) 5lt<\/strong> \u00e4r en skyddad ursprungsbeteckning olivolja (<strong>SUB<\/strong>) fr\u00e5n <strong>Sitia<\/strong>, i \u00f6st <strong>Kreta<\/strong>. Sitia in <strong>Lasithi<\/strong> \u00e4r en region p\u00e5 \u00f6stra Kreta, v\u00e4lk\u00e4nd f\u00f6r sina idealiska klimatf\u00f6rh\u00e5llanden som bidrar till produktionen av extra jungfruolja av \u00f6verl\u00e4gsen kvalitet (<strong>EVOO<\/strong>). Processen att extrahera olivoljan fr\u00e5n olivfrukten utf\u00f6rs samma dag och i mycket l\u00e5ga temperaturer f\u00f6r att bevara alla frukternas godhet och mycket l\u00e5g syra. Ingreppet sker under h\u00e4lsokontrollledare och med st\u00f6d av toppmoderna maskiner.<\/p>\n<p><strong>PDO SITIA <\/strong>betyder dess a <strong>Skyddad ursprungsdestination<\/strong>, <strong>EVOO<\/strong> betyder <strong>Extra virgin olivolja<\/strong> (mycket l\u00e5g surhet \u2013 under 0,8%), denna produkt har specifikt en <strong>surhet av<\/strong> <strong>bara 0,2%<\/strong><\/p>\n<p>V\u00e5ra olivoljaprodukter \u00e4r <strong>LABORATORIECERTIFIERAD<\/strong>, ren, f\u00f6rstklassig kvalitet <strong>Extra Virgin Olivolja<\/strong> EVOO, SUB (<strong>Skyddad ursprungsdestination<\/strong>) och <strong>Tilldelats<\/strong> i flera <strong>Internationella olivoljet\u00e4vlingar. HANDLA MED F\u00d6RTROENDE...<\/strong><\/p>\n<div class=\"wpb_text_column wpb_content_element wpb_animate_when_almost_visible wpb_fadeInDown fadeInDown vc_custom_1585559046315 wpb_start_animation animated\">\n<div class=\"wpb_wrapper\">\n<p>K\u00f6p bara rena, Lab-certifierade extra jungfruolivoljor, EVOO \u00e4r den b\u00e4sta \u00e4tbara olivoljan<\/p>\n<\/div>\n<\/div>\n<p>Best\u00e4ll din grekiska olivolja online och spara<\/p>\n<p class=\"translation-block\"><a href=\"https:\/\/www.cretoikos.com\/sv\/leverans-och-fraktkostnader\/\" target=\"_self\"><strong>V\u00e4rldsomsp\u00e4nnande frakt<\/strong><\/a> \u2013 vi skickar din best\u00e4llning i <strong>alla l\u00e4nder<\/strong> , \u00f6ver hela v\u00e4rlden!<\/p>\n<p>&nbsp;<\/p>\n<h2 style=\"font-size: 20px; text-align: center;\"><a href=\"\/sv\/internationella-olivoljecertifieringar\/\"><strong>Internationella kvalitetsmatcertifieringar f\u00f6r v\u00e5ra<\/strong> Produkter<\/a><\/h2>\n<p><a href=\"\/sv\/internationella-olivoljecertifieringar\/\"><img loading=\"lazy\" decoding=\"async\" class=\"aligncenter wp-image-13475 size-full\" src=\"https:\/\/www.cretoikos.com\/wp-content\/uploads\/2017\/12\/Quality-Food-Certifications-Lab-Certified-Healthy-Mediterranean-Foods-w800.jpg\" alt=\"Internationella kvalitetsmatcertifieringar - Lab-certifierade h\u00e4lsosamma medelhavsmat\" width=\"800\" height=\"250\" srcset=\"https:\/\/www.cretoikos.com\/wp-content\/uploads\/2017\/12\/Quality-Food-Certifications-Lab-Certified-Healthy-Mediterranean-Foods-w800.jpg 800w, https:\/\/www.cretoikos.com\/wp-content\/uploads\/2017\/12\/Quality-Food-Certifications-Lab-Certified-Healthy-Mediterranean-Foods-w800-300x94.jpg 300w, https:\/\/www.cretoikos.com\/wp-content\/uploads\/2017\/12\/Quality-Food-Certifications-Lab-Certified-Healthy-Mediterranean-Foods-w800-768x240.jpg 768w, https:\/\/www.cretoikos.com\/wp-content\/uploads\/2017\/12\/Quality-Food-Certifications-Lab-Certified-Healthy-Mediterranean-Foods-w800-450x141.jpg 450w, https:\/\/www.cretoikos.com\/wp-content\/uploads\/2017\/12\/Quality-Food-Certifications-Lab-Certified-Healthy-Mediterranean-Foods-w800-780x244.jpg 780w\" sizes=\"auto, (max-width: 800px) 100vw, 800px\" \/><\/a><\/p>\n<h3 style=\"font-size: 20px; text-align: center;\"><a href=\"\/sv\/internationella-olivoljecertifieringar\/\"><strong>KOSHER Livsmedelscertifierad olivoljaprodukt<\/strong><\/a><\/h3>\n<p>&nbsp;<\/p>\n<p><img loading=\"lazy\" decoding=\"async\" class=\"size-full wp-image-13454 aligncenter\" src=\"https:\/\/www.cretoikos.com\/wp-content\/uploads\/2020\/07\/kosher-foods-certification-2-w220.jpg\" alt=\"KOSHER Food Extra Virgin Olivolja\" width=\"173\" height=\"220\" \/><\/p>\n<p>&nbsp;<\/p>\n<h3 style=\"font-size: 20px; text-align: center;\"><a href=\"\/sv\/internationella-olivoljecertifieringar\/\"><strong>FDA (USA) \u2013 Food &amp; Drugs Administration certifierad olivolja produkt<\/strong><\/a><\/h3>\n<p>&nbsp;<\/p>\n<p><img loading=\"lazy\" decoding=\"async\" class=\"size-full wp-image-13476 aligncenter\" src=\"https:\/\/www.cretoikos.com\/wp-content\/uploads\/2017\/12\/FDA-foods-certification-w220.jpg\" alt=\"FDA Food &amp; Drugs certifiering\" width=\"163\" height=\"220\" \/><\/p>\n<p>&nbsp;<\/p>","protected":false},"excerpt":{"rendered":"<p><strong>PDO SITIA 0,2% Premium Gold Extra Virgin olivolja (EVOO) 5lt<\/strong> \u00e4r en unik, fruktig extra virgin olivolja med exceptionellt l\u00e5g syra, idealisk f\u00f6r alla dina kulinariska behov. Anv\u00e4nd den i din matlagning eller raw, som en byr\u00e5 f\u00f6r dina sallader.<\/p>\n<p><strong>Grekisk extra virgin olivolja fr\u00e5n \u00f6n Kreta!<\/strong><\/p>\n<p class=\"translation-block\"><a href=\"https:\/\/www.cretoikos.com\/sv\/leverans-och-fraktkostnader\/\" target=\"_self\"><strong>V\u00e4rldsomsp\u00e4nnande frakt<\/strong><\/a> \u2013 vi skickar din best\u00e4llning i <strong>alla l\u00e4nder<\/strong> , \u00f6ver hela v\u00e4rlden!<\/p>","protected":false},"featured_media":13869,"template":"","meta":[],"product_brand":[],"product_cat":[23],"product_tag":[140,141,113,95,97,98,96,91,99,101,135,111,112,110,109],"class_list":{"0":"post-13868","1":"product","2":"type-product","3":"status-publish","4":"has-post-thumbnail","6":"product_cat-olive-oil","7":"product_tag-140","8":"product_tag-3-extra-virgin-olive-oil","9":"product_tag-5lt","10":"product_tag-bottle","11":"product_tag-buy-olive-oil","12":"product_tag-buy-online","13":"product_tag-cretan-olive-oil","14":"product_tag-evoo","15":"product_tag-greek-olive-oil","16":"product_tag-olive-oil","17":"product_tag-pdo-olive-oil","18":"product_tag-pdo-sitia","19":"product_tag-pdo-sitia-olive-oil","20":"product_tag-sitia","21":"product_tag-sitia-olive-oil","23":"first","24":"instock","25":"taxable","26":"shipping-taxable","27":"purchasable","28":"product-type-simple"},"_links":{"self":[{"href":"https:\/\/www.cretoikos.com\/sv\/wp-json\/wp\/v2\/product\/13868","targetHints":{"allow":["GET"]}}],"collection":[{"href":"https:\/\/www.cretoikos.com\/sv\/wp-json\/wp\/v2\/product"}],"about":[{"href":"https:\/\/www.cretoikos.com\/sv\/wp-json\/wp\/v2\/types\/product"}],"wp:featuredmedia":[{"embeddable":true,"href":"https:\/\/www.cretoikos.com\/sv\/wp-json\/wp\/v2\/media\/13869"}],"wp:attachment":[{"href":"https:\/\/www.cretoikos.com\/sv\/wp-json\/wp\/v2\/media?parent=13868"}],"wp:term":[{"taxonomy":"product_brand","embeddable":true,"href":"https:\/\/www.cretoikos.com\/sv\/wp-json\/wp\/v2\/product_brand?post=13868"},{"taxonomy":"product_cat","embeddable":true,"href":"https:\/\/www.cretoikos.com\/sv\/wp-json\/wp\/v2\/product_cat?post=13868"},{"taxonomy":"product_tag","embeddable":true,"href":"https:\/\/www.cretoikos.com\/sv\/wp-json\/wp\/v2\/product_tag?post=13868"}],"curies":[{"name":"wp","href":"https:\/\/api.w.org\/{rel}","templated":true}]}}