{"id":494,"date":"2017-01-10T21:29:23","date_gmt":"2017-01-10T21:29:23","guid":{"rendered":"http:\/\/import.getbowtied.com\/shopkeeper-replica\/?page_id=494"},"modified":"2026-04-17T10:59:21","modified_gmt":"2026-04-17T07:59:21","slug":"profil","status":"publish","type":"page","link":"https:\/\/www.cretoikos.com\/sv\/profile\/","title":{"rendered":"Mylopotamos h\u00e4lsokost &amp; Cretoikos"},"content":{"rendered":"<div style=\"\"data-vc-full-width=\"true\" data-vc-full-width-init=\"false\" class=\"normal_height vc_row wpb_row vc_row-fluid wpb_animate_when_almost_visible wpb_fadeIn fadeIn vc_custom_1527075897511 vc_row-has-fill vc_row-o-content-bottom vc_row-flex\"><div class=\"wpb_column vc_column_container vc_col-sm-6\"><div class=\"vc_column-inner\"><div class=\"wpb_wrapper\"><\/div><\/div><\/div><div class=\"wpb_column vc_column_container vc_col-sm-6\"><div class=\"vc_column-inner\"><div class=\"wpb_wrapper\"><\/div><\/div><\/div><\/div><div class=\"vc_row-full-width vc_clearfix\"><\/div><div style=\"\"class=\"normal_height vc_row wpb_row vc_row-fluid\"><div class=\"wpb_column vc_column_container vc_col-sm-12\"><div class=\"vc_column-inner\"><div class=\"wpb_wrapper\">\n\t<div class=\"wpb_text_column wpb_content_element  wpb_animate_when_almost_visible wpb_fadeInDown fadeInDown\" >\n\t\t<div class=\"wpb_wrapper\">\n\t\t\t<h1>CRETOIKOS \u2013 Mylopotamos h\u00e4lsokost<\/h1>\n\n\t\t<\/div>\n\t<\/div>\n\n\t<div class=\"wpb_text_column wpb_content_element  wpb_animate_when_almost_visible wpb_fadeInUp fadeInUp\" >\n\t\t<div class=\"wpb_wrapper\">\n\t\t\t<div class=\"introtext\">\n<p>Vi \u00e4r producenter av Premium Cretan <strong><a href=\"https:\/\/www.cretoikos.com\/sv\/produktkategori\/olivolja\/\">Extra virgin olivolja<\/a><\/strong> (<a href=\"https:\/\/www.cretoikos.com\/sv\/produktkategori\/olivolja\/\">EVOO<\/a>) &amp; <a href=\"https:\/\/www.cretoikos.com\/sv\/eshop\/olivolja\/extra-virgin-olive-oil-biological-cultivation-500ml\/\"><strong>EKOLOGISK EVOO<\/strong><\/a> Olivolja i <strong><a href=\"https:\/\/www.google.com\/url?sa=t&amp;rct=j&amp;q=&amp;esrc=s&amp;source=web&amp;cd=35&amp;cad=rja&amp;uact=8&amp;ved=2ahUKEwiB3eTH8sToAhUZE8AKHRhXAlEQFjAiegQIBxAB&amp;url=https%3A%2F%2Fwww.incrediblecrete.gr%2F&amp;usg=AOvVaw3ShiZivy5G3SpihLn2lCVH\" target=\"_blank\" rel=\"noopener noreferrer\">\u00f6n Kreta<\/a> <a href=\"http:\/\/www.visitgreece.gr\/en\" target=\"_blank\" rel=\"noopener noreferrer\">Grekland<\/a><\/strong>. V\u00e5rt motiv \u00e4r att visa konsumenterna v\u00e5r k\u00e4rlek och respekt f\u00f6r jorden och speciellt olivtr\u00e4det, dess mest v\u00e4rdefulla frukt, <strong>olivolja<\/strong> \u2013 den<strong> &quot;flytande guld&quot;<\/strong> som det kallades av Homeros, antikens store poet.<\/p>\n<\/div>\n\n\t\t<\/div>\n\t<\/div>\n<\/div><\/div><\/div><\/div><div style=\"\"class=\"normal_height vc_row wpb_row vc_row-fluid\"><div class=\"wpb_column vc_column_container vc_col-sm-12\"><div class=\"vc_column-inner\"><div class=\"wpb_wrapper\"><div class=\"wpb_layerslider_element wpb_content_element\"><div id=\"layerslider_4_1mimp8e3rgb75\" class=\"ls-wp-container fitvidsignore\" style=\"width:1280px;height:720px;margin:0 auto;margin-bottom: 0px;margin-top: 0px; padding:0;\"><div class=\"ls-slide\" data-ls=\"bgsize:cover;kenburnsscale:1.2;\"><ls-layer style=\"font-size:36px;color:#000;stroke:#000;stroke-width:0px;text-align:left;font-style:normal;text-decoration:none;text-transform:none;font-weight:400;letter-spacing:0px;background-position:0% 0%;background-repeat:no-repeat;overflow:visible;left:100%;margin-left:0px;\" class=\"ls-l ls-media-layer\" data-ls=\"autoplay:enabled;muted:enabled;loopmedia:enabled;backgroundvideo:true;\" data-no-translation=\"\" data-trp-gettext=\"\"><video width=\"100%\" preload=\"metadata\" controls><source src=\"\/wp-content\/uploads\/2026\/02\/intro%20new.mov\" type=\"video\/mp4\"><\/video><\/ls-layer><\/div><\/div><\/div><\/div><\/div><\/div><\/div><div style=\"\"class=\"normal_height vc_row wpb_row vc_row-fluid\"><div class=\"wpb_column vc_column_container vc_col-sm-12\"><div class=\"vc_column-inner\"><div class=\"wpb_wrapper\">\n\t<div class=\"wpb_text_column wpb_content_element\" >\n\t\t<div class=\"wpb_wrapper\">\n\t\t\t<h4>F\u00f6retaget Mylopotamos Health Foods grundades 1999 av Mr. Kostas Zacharakis, en examen fr\u00e5n Athens University of Economics and Business, dpt. of Political Science, inf\u00f6dd i Mylopotamos-omr\u00e5det.<\/h4>\n\n\t\t<\/div>\n\t<\/div>\n<\/div><\/div><\/div><\/div><div style=\"\"class=\"normal_height vc_row wpb_row vc_row-fluid wpb_animate_when_almost_visible wpb_fadeIn fadeIn vc_row-o-equal-height vc_row-o-content-bottom vc_row-flex\"><div class=\"wpb_column vc_column_container vc_col-sm-6\"><div class=\"vc_column-inner\"><div class=\"wpb_wrapper\">\n\t<div class=\"wpb_text_column wpb_content_element  wpb_animate_when_almost_visible wpb_fadeIn fadeIn extrabottompadding\" >\n\t\t<div class=\"wpb_wrapper\">\n\t\t\t<p style=\"text-align: right;\">Hans dr\u00f6m var att etablera ett eget f\u00f6retag som kommer att marknadsf\u00f6ra och g\u00f6ra det v\u00e4rdefulla tillg\u00e4ngligt \u00f6ver hela v\u00e4rlden <strong><a href=\"https:\/\/www.cretoikos.com\/sv\/eshop\/\">produkter fr\u00e5n Kreta<\/a><\/strong>. S\u00e5 han skapade en innovativ olivoljaenhet i Angeliana, en traditionell kretensisk by i omr\u00e5det Mylopotamos, i prefekturen Rethymno.<\/p>\n<p style=\"text-align: right;\">Fabrikens storlek \u00e4r 2 000 m2 och produktionskapaciteten \u00e4r 2 000 flaskor i timmen.<\/p>\n<p style=\"text-align: right;\">V\u00e5rt motiv \u00e4r att visa konsumenterna v\u00e5r k\u00e4rlek och respekt f\u00f6r jorden och speciellt olivtr\u00e4det, dess mest v\u00e4rdefulla frukt, <strong><a href=\"https:\/\/www.cretoikos.com\/sv\/produktkategori\/olivolja\/\">olivolja<\/a><\/strong> \u2013 den &quot;<strong>flytande guld<\/strong>\u201d som det kallades av Homeros, antikens store poet. P\u00e5 grund av v\u00e5r l\u00e5nga erfarenhet har vi ocks\u00e5 en betydande position p\u00e5 olivoljemarknaden och marknaden f\u00f6r jordbruksprodukter i allm\u00e4nhet, b\u00e5de i Grekland och utomlands.<\/p>\n\n\t\t<\/div>\n\t<\/div>\n<\/div><\/div><\/div><div class=\"wpb_column vc_column_container vc_col-sm-6\"><div class=\"vc_column-inner\"><div class=\"wpb_wrapper\">\n\t<div  class=\"wpb_single_image wpb_content_element vc_align_left  wpb_animate_when_almost_visible wpb_fadeIn fadeIn\">\n\t\t\n\t\t<figure class=\"wpb_wrapper vc_figure\">\n\t\t\t<div class=\"vc_single_image-wrapper   vc_box_border_grey\"><img loading=\"lazy\" decoding=\"async\" width=\"521\" height=\"350\" src=\"https:\/\/www.cretoikos.com\/wp-content\/uploads\/2018\/05\/cretoikos-profile-01.jpg\" class=\"vc_single_image-img attachment-full\" alt=\"\" srcset=\"https:\/\/www.cretoikos.com\/wp-content\/uploads\/2018\/05\/cretoikos-profile-01.jpg 521w, https:\/\/www.cretoikos.com\/wp-content\/uploads\/2018\/05\/cretoikos-profile-01-300x202.jpg 300w, https:\/\/www.cretoikos.com\/wp-content\/uploads\/2018\/05\/cretoikos-profile-01-450x302.jpg 450w\" sizes=\"auto, (max-width: 521px) 100vw, 521px\" \/><\/div>\n\t\t<\/figure>\n\t<\/div>\n<\/div><\/div><\/div><\/div><div style=\"\"class=\"normal_height vc_row wpb_row vc_row-fluid vc_row-o-equal-height vc_row-o-content-bottom vc_row-flex\"><div class=\"wpb_column vc_column_container vc_col-sm-6\"><div class=\"vc_column-inner\"><div class=\"wpb_wrapper\">\n\t<div  class=\"wpb_single_image wpb_content_element vc_align_right  wpb_animate_when_almost_visible wpb_fadeIn fadeIn\">\n\t\t\n\t\t<figure class=\"wpb_wrapper vc_figure\">\n\t\t\t<div class=\"vc_single_image-wrapper   vc_box_border_grey\"><img loading=\"lazy\" decoding=\"async\" width=\"521\" height=\"350\" src=\"https:\/\/www.cretoikos.com\/wp-content\/uploads\/2018\/05\/cretoikos-profile-02.jpg\" class=\"vc_single_image-img attachment-full\" alt=\"\" srcset=\"https:\/\/www.cretoikos.com\/wp-content\/uploads\/2018\/05\/cretoikos-profile-02.jpg 521w, https:\/\/www.cretoikos.com\/wp-content\/uploads\/2018\/05\/cretoikos-profile-02-300x202.jpg 300w, https:\/\/www.cretoikos.com\/wp-content\/uploads\/2018\/05\/cretoikos-profile-02-450x302.jpg 450w\" sizes=\"auto, (max-width: 521px) 100vw, 521px\" \/><\/div>\n\t\t<\/figure>\n\t<\/div>\n<\/div><\/div><\/div><div class=\"wpb_column vc_column_container vc_col-sm-6\"><div class=\"vc_column-inner\"><div class=\"wpb_wrapper\">\n\t<div class=\"wpb_text_column wpb_content_element  wpb_animate_when_almost_visible wpb_fadeIn fadeIn extrabottompadding\" >\n\t\t<div class=\"wpb_wrapper\">\n\t\t\t<p>Vi har kunder fr\u00e5n hela v\u00e4rlden som litar p\u00e5 oss, som till exempel f\u00f6retagen Chirag i Paris, Xiamen i Kina, Odysea i London, etc.<\/p>\n<p><strong><a href=\"https:\/\/www.cretoikos.com\/sv\/eshop\/\">Traditionella kretensiska produkter<\/a><\/strong><\/p>\n<p>Mylopotamos h\u00e4lsokost och Cretoikos<\/p>\n<p>Vi \u00e4r stolta \u00f6ver att presentera v\u00e5rt f\u00f6retag &quot;<a href=\"https:\/\/www.mylopotamos-health-foods.gr\/\" target=\"_blank\" rel=\"noopener noreferrer\"><strong>Mylopotamos h\u00e4lsokost<\/strong><\/a>\u201d, via v\u00e5r nyskapade<a href=\"https:\/\/www.cretoikos.com\/sv\/eshop\/\"><strong> e-butik<\/strong><\/a> som heter &quot;<a href=\"https:\/\/www.cretoikos.com\/sv\/\"><strong>Cretoikos<\/strong><\/a>\u201d, f\u00f6r att kunna erbjuda dig<a href=\"https:\/\/www.cretoikos.com\/sv\/produktkategori\/olivolja\/\"> extra virgin olivolja<\/a> av v\u00e5rt hemland, liksom dess derivat, som t.ex <a href=\"https:\/\/www.cretoikos.com\/sv\/produktkategori\/olivolja\/\"><strong>Extra virgin olivolja<\/strong><\/a>, <strong><a href=\"https:\/\/www.cretoikos.com\/sv\/eshop\/olivolja\/extra-virgin-olive-oil-biological-cultivation-500ml\/\">Biologisk extra jungfruolja<\/a><\/strong>, <a href=\"https:\/\/www.cretoikos.com\/sv\/produktkategori\/olivolja-med-kretensiska-orter\/\"><strong>Extra Virgin olivolja doftad med citron\/apelsin och olika kretensiska \u00f6rter<\/strong><\/a>som oregano, timjan, rosmarin, vitl\u00f6k, chili, <strong><a href=\"https:\/\/www.cretoikos.com\/sv\/produktkategori\/olives\/\">Oliver<\/a>,<\/strong> <strong><a href=\"https:\/\/www.cretoikos.com\/sv\/produktkategori\/olives\/\">Oliver med \u00f6rtsmak<\/a><\/strong>, etc.<\/p>\n\n\t\t<\/div>\n\t<\/div>\n<\/div><\/div><\/div><\/div><div style=\"\"class=\"normal_height vc_row wpb_row vc_row-fluid vc_row-o-equal-height vc_row-o-content-bottom vc_row-flex\"><div class=\"wpb_column vc_column_container vc_col-sm-6\"><div class=\"vc_column-inner\"><div class=\"wpb_wrapper\">\n\t<div class=\"wpb_text_column wpb_content_element  wpb_animate_when_almost_visible wpb_fadeIn fadeIn extrabottompadding\" >\n\t\t<div class=\"wpb_wrapper\">\n\t\t\t<p style=\"text-align: right;\">De l\u00e5nga perioderna av solsken, de f\u00e5 nederb\u00f6rden, luftfuktigheten och havssaltet, genererar det ideala klimatet f\u00f6r att producera den b\u00e4sta sorten av <strong>olivolja<\/strong> i Medelhavsomr\u00e5det, producerad av <strong>Koroneiki<\/strong> olivtr\u00e4d.<\/p>\n<p style=\"text-align: right;\">Dessa s\u00e4rdrag uppmuntrade EU, genom f\u00f6rordning 2092\/91, att erk\u00e4nna sortens stora v\u00e4rde och att karakterisera den som olivolja av <a href=\"http:\/\/www.minagric.gr\/index.php\/en\/farmer-menu-2\/pdo-pgi-tsgproducts-menu\" target=\"_blank\" rel=\"noopener noreferrer\"><strong>Skyddad ursprungsbeteckning<\/strong> (PUB)<\/a>, f\u00f6r att s\u00e4rskilja detta <strong><a href=\"https:\/\/www.cretoikos.com\/sv\/produktkategori\/olivolja\/\">olivolja<\/a><\/strong> fr\u00e5n de andra av samma sort.<\/p>\n\n\t\t<\/div>\n\t<\/div>\n<\/div><\/div><\/div><div class=\"wpb_column vc_column_container vc_col-sm-6\"><div class=\"vc_column-inner\"><div class=\"wpb_wrapper\">\n\t<div  class=\"wpb_single_image wpb_content_element vc_align_left  wpb_animate_when_almost_visible wpb_fadeIn fadeIn\">\n\t\t\n\t\t<figure class=\"wpb_wrapper vc_figure\">\n\t\t\t<div class=\"vc_single_image-wrapper   vc_box_border_grey\"><img loading=\"lazy\" decoding=\"async\" width=\"521\" height=\"350\" src=\"https:\/\/www.cretoikos.com\/wp-content\/uploads\/2018\/05\/cretoikos-profile-03.jpg\" class=\"vc_single_image-img attachment-full\" alt=\"\" srcset=\"https:\/\/www.cretoikos.com\/wp-content\/uploads\/2018\/05\/cretoikos-profile-03.jpg 521w, https:\/\/www.cretoikos.com\/wp-content\/uploads\/2018\/05\/cretoikos-profile-03-300x202.jpg 300w, https:\/\/www.cretoikos.com\/wp-content\/uploads\/2018\/05\/cretoikos-profile-03-450x302.jpg 450w\" sizes=\"auto, (max-width: 521px) 100vw, 521px\" \/><\/div>\n\t\t<\/figure>\n\t<\/div>\n<\/div><\/div><\/div><\/div><div style=\"\"class=\"normal_height vc_row wpb_row vc_row-fluid vc_row-o-equal-height vc_row-o-content-bottom vc_row-flex\"><div class=\"wpb_column vc_column_container vc_col-sm-6\"><div class=\"vc_column-inner\"><div class=\"wpb_wrapper\">\n\t<div  class=\"wpb_single_image wpb_content_element vc_align_right  wpb_animate_when_almost_visible wpb_fadeIn fadeIn\">\n\t\t\n\t\t<figure class=\"wpb_wrapper vc_figure\">\n\t\t\t<div class=\"vc_single_image-wrapper   vc_box_border_grey\"><img loading=\"lazy\" decoding=\"async\" width=\"521\" height=\"350\" src=\"https:\/\/www.cretoikos.com\/wp-content\/uploads\/2018\/05\/cretoikos-profile-04.jpg\" class=\"vc_single_image-img attachment-full\" alt=\"\" srcset=\"https:\/\/www.cretoikos.com\/wp-content\/uploads\/2018\/05\/cretoikos-profile-04.jpg 521w, https:\/\/www.cretoikos.com\/wp-content\/uploads\/2018\/05\/cretoikos-profile-04-300x202.jpg 300w, https:\/\/www.cretoikos.com\/wp-content\/uploads\/2018\/05\/cretoikos-profile-04-450x302.jpg 450w\" sizes=\"auto, (max-width: 521px) 100vw, 521px\" \/><\/div>\n\t\t<\/figure>\n\t<\/div>\n<\/div><\/div><\/div><div class=\"wpb_column vc_column_container vc_col-sm-6\"><div class=\"vc_column-inner\"><div class=\"wpb_wrapper\">\n\t<div class=\"wpb_text_column wpb_content_element  wpb_animate_when_almost_visible wpb_fadeIn fadeIn extrabottompadding\" >\n\t\t<div class=\"wpb_wrapper\">\n\t\t\t<h4>V\u00e5r installation inkluderar<\/h4>\n<ul>\n<li>Automatiserad \u00f6verf\u00f6ringslinje f\u00f6r standardiserad <strong><a href=\"https:\/\/www.cretoikos.com\/sv\/produktkategori\/olivolja\/\">olivolja<\/a><\/strong> som uppfyller de h\u00f6gsta kraven. Enheten \u00e4r tillverkad i Italien och har en tappningslinje fr\u00e5n 100ml till 5lt<\/li>\n<li>Moderna, isolerade, temperaturkontrollerade f\u00f6rvaringsutrymmen<\/li>\n<li>F\u00f6rvaringstankar och fraktcontainrar i rostfritt st\u00e5l<\/li>\n<li>Teknisk utrustning av den mest avancerade tekniken<\/li>\n<\/ul>\n\n\t\t<\/div>\n\t<\/div>\n<\/div><\/div><\/div><\/div><div style=\"\"class=\"normal_height vc_row wpb_row vc_row-fluid\"><div class=\"wpb_column vc_column_container vc_col-sm-12\"><div class=\"vc_column-inner\"><div class=\"wpb_wrapper\">\n\t<div  class=\"wpb_single_image wpb_content_element vc_align_center  wpb_animate_when_almost_visible wpb_fadeInUp fadeInUp\">\n\t\t<h2 class=\"wpb_heading wpb_singleimage_heading\">K\u00f6p endast rena, Lab-certifierade EVOO (Extra Virgin) olivolja<\/h2>\n\t\t<figure class=\"wpb_wrapper vc_figure\">\n\t\t\t<div class=\"vc_single_image-wrapper   vc_box_border_grey\"><img loading=\"lazy\" decoding=\"async\" width=\"727\" height=\"136\" src=\"https:\/\/www.cretoikos.com\/wp-content\/uploads\/2018\/05\/cretoikos-profile-certs.jpg\" class=\"vc_single_image-img attachment-full\" alt=\"biomatcertifiering f\u00f6r v\u00e5ra olivoljor\" srcset=\"https:\/\/www.cretoikos.com\/wp-content\/uploads\/2018\/05\/cretoikos-profile-certs.jpg 727w, https:\/\/www.cretoikos.com\/wp-content\/uploads\/2018\/05\/cretoikos-profile-certs-300x56.jpg 300w, https:\/\/www.cretoikos.com\/wp-content\/uploads\/2018\/05\/cretoikos-profile-certs-450x84.jpg 450w\" sizes=\"auto, (max-width: 727px) 100vw, 727px\" \/><\/div>\n\t\t<\/figure>\n\t<\/div>\n\n\t<div  class=\"wpb_single_image wpb_content_element vc_align_center  wpb_animate_when_almost_visible wpb_fadeInDown fadeInDown\">\n\t\t\n\t\t<figure class=\"wpb_wrapper vc_figure\">\n\t\t\t<div class=\"vc_single_image-wrapper   vc_box_border_grey\"><img loading=\"lazy\" decoding=\"async\" width=\"1101\" height=\"233\" src=\"https:\/\/www.cretoikos.com\/wp-content\/uploads\/2018\/05\/cretoikos-profile-banner-award.png\" class=\"vc_single_image-img attachment-full\" alt=\"V\u00e5r extra virgin olivolja vann andra priset av Mario Solinas Quality Award i kategorin Medium Fruitness i Madrid 2005 och andra priset vid World Food i Moskva 2008.\" srcset=\"https:\/\/www.cretoikos.com\/wp-content\/uploads\/2018\/05\/cretoikos-profile-banner-award.png 1101w, https:\/\/www.cretoikos.com\/wp-content\/uploads\/2018\/05\/cretoikos-profile-banner-award-300x63.png 300w, https:\/\/www.cretoikos.com\/wp-content\/uploads\/2018\/05\/cretoikos-profile-banner-award-768x163.png 768w, https:\/\/www.cretoikos.com\/wp-content\/uploads\/2018\/05\/cretoikos-profile-banner-award-1024x217.png 1024w, https:\/\/www.cretoikos.com\/wp-content\/uploads\/2018\/05\/cretoikos-profile-banner-award-450x95.png 450w, https:\/\/www.cretoikos.com\/wp-content\/uploads\/2018\/05\/cretoikos-profile-banner-award-780x165.png 780w\" sizes=\"auto, (max-width: 1101px) 100vw, 1101px\" \/><\/div>\n\t\t<\/figure>\n\t<\/div>\n<\/div><\/div><\/div><\/div><div style=\"\"data-vc-full-width=\"true\" data-vc-full-width-init=\"false\" data-vc-stretch-content=\"true\" class=\"normal_height vc_row wpb_row vc_row-fluid vc_custom_1538036149395 vc_column-gap-35 vc_row-o-equal-height vc_row-o-content-middle vc_row-flex\"><div class=\"wpb_column vc_column_container vc_col-sm-4\"><div class=\"vc_column-inner\"><div class=\"wpb_wrapper\">\n\t<div  class=\"wpb_single_image wpb_content_element vc_align_center\">\n\t\t\n\t\t<figure class=\"wpb_wrapper vc_figure\">\n\t\t\t<div class=\"vc_single_image-wrapper   vc_box_border_grey\"><img loading=\"lazy\" decoding=\"async\" width=\"931\" height=\"1087\" src=\"https:\/\/www.cretoikos.com\/wp-content\/uploads\/2018\/02\/03.jpg\" class=\"vc_single_image-img attachment-full\" alt=\"\" srcset=\"https:\/\/www.cretoikos.com\/wp-content\/uploads\/2018\/02\/03.jpg 931w, https:\/\/www.cretoikos.com\/wp-content\/uploads\/2018\/02\/03-257x300.jpg 257w, https:\/\/www.cretoikos.com\/wp-content\/uploads\/2018\/02\/03-768x897.jpg 768w, https:\/\/www.cretoikos.com\/wp-content\/uploads\/2018\/02\/03-877x1024.jpg 877w, https:\/\/www.cretoikos.com\/wp-content\/uploads\/2018\/02\/03-450x525.jpg 450w, https:\/\/www.cretoikos.com\/wp-content\/uploads\/2018\/02\/03-780x911.jpg 780w\" sizes=\"auto, (max-width: 931px) 100vw, 931px\" \/><\/div>\n\t\t<\/figure>\n\t<\/div>\n<\/div><\/div><\/div><div class=\"wpb_column vc_column_container vc_col-sm-4\"><div class=\"vc_column-inner\"><div class=\"wpb_wrapper\">\n\t<div  class=\"wpb_single_image wpb_content_element vc_align_center\">\n\t\t\n\t\t<figure class=\"wpb_wrapper vc_figure\">\n\t\t\t<div class=\"vc_single_image-wrapper   vc_box_border_grey\"><img loading=\"lazy\" decoding=\"async\" width=\"931\" height=\"1087\" src=\"https:\/\/www.cretoikos.com\/wp-content\/uploads\/2018\/02\/01.jpg\" class=\"vc_single_image-img attachment-full\" alt=\"\" srcset=\"https:\/\/www.cretoikos.com\/wp-content\/uploads\/2018\/02\/01.jpg 931w, https:\/\/www.cretoikos.com\/wp-content\/uploads\/2018\/02\/01-257x300.jpg 257w, https:\/\/www.cretoikos.com\/wp-content\/uploads\/2018\/02\/01-768x897.jpg 768w, https:\/\/www.cretoikos.com\/wp-content\/uploads\/2018\/02\/01-877x1024.jpg 877w, https:\/\/www.cretoikos.com\/wp-content\/uploads\/2018\/02\/01-450x525.jpg 450w, https:\/\/www.cretoikos.com\/wp-content\/uploads\/2018\/02\/01-780x911.jpg 780w\" sizes=\"auto, (max-width: 931px) 100vw, 931px\" \/><\/div>\n\t\t<\/figure>\n\t<\/div>\n<\/div><\/div><\/div><div class=\"wpb_column vc_column_container vc_col-sm-4\"><div class=\"vc_column-inner\"><div class=\"wpb_wrapper\">\n\t<div  class=\"wpb_single_image wpb_content_element vc_align_center\">\n\t\t\n\t\t<figure class=\"wpb_wrapper vc_figure\">\n\t\t\t<div class=\"vc_single_image-wrapper   vc_box_border_grey\"><img loading=\"lazy\" decoding=\"async\" width=\"931\" height=\"1087\" src=\"https:\/\/www.cretoikos.com\/wp-content\/uploads\/2018\/02\/02.jpg\" class=\"vc_single_image-img attachment-full\" alt=\"\" srcset=\"https:\/\/www.cretoikos.com\/wp-content\/uploads\/2018\/02\/02.jpg 931w, https:\/\/www.cretoikos.com\/wp-content\/uploads\/2018\/02\/02-257x300.jpg 257w, https:\/\/www.cretoikos.com\/wp-content\/uploads\/2018\/02\/02-768x897.jpg 768w, https:\/\/www.cretoikos.com\/wp-content\/uploads\/2018\/02\/02-877x1024.jpg 877w, https:\/\/www.cretoikos.com\/wp-content\/uploads\/2018\/02\/02-450x525.jpg 450w, https:\/\/www.cretoikos.com\/wp-content\/uploads\/2018\/02\/02-780x911.jpg 780w\" sizes=\"auto, (max-width: 931px) 100vw, 931px\" \/><\/div>\n\t\t<\/figure>\n\t<\/div>\n<\/div><\/div><\/div><\/div><div class=\"vc_row-full-width vc_clearfix\"><\/div><div style=\"\"class=\"normal_height vc_row wpb_row vc_row-fluid vc_custom_1589060457749 vc_row-has-fill\"><div class=\"wpb_column vc_column_container vc_col-sm-1\/5\"><div class=\"vc_column-inner\"><div class=\"wpb_wrapper\">\n\t<div  class=\"wpb_single_image wpb_content_element vc_align_right\">\n\t\t\n\t\t<figure class=\"wpb_wrapper vc_figure\">\n\t\t\t<div class=\"vc_single_image-wrapper   vc_box_border_grey\"><img loading=\"lazy\" decoding=\"async\" width=\"275\" height=\"183\" src=\"https:\/\/www.cretoikos.com\/wp-content\/uploads\/2020\/05\/order-shipping-eshop-buy-online-4.jpg\" class=\"vc_single_image-img attachment-full\" alt=\"Vi skickar din best\u00e4llning \u00f6ver hela v\u00e4rlden!\" \/><\/div>\n\t\t<\/figure>\n\t<\/div>\n<\/div><\/div><\/div><div class=\"wpb_column vc_column_container vc_col-sm-3\/5\"><div class=\"vc_column-inner\"><div class=\"wpb_wrapper\">\n\t<div class=\"wpb_text_column wpb_content_element\" >\n\t\t<div class=\"wpb_wrapper\">\n\t\t\t<p style=\"text-align: center; font-size: 20px;\" class=\"translation-block\"><a href=\"https:\/\/www.cretoikos.com\/sv\/leverans-och-fraktkostnader\/\" target=\"_self\"><strong>V\u00e4rldsomsp\u00e4nnande frakt<\/strong><\/a> \u2013 vi skickar din best\u00e4llning i <strong>alla l\u00e4nder<\/strong> , \u00f6ver hela v\u00e4rlden!<\/p>\n<p style=\"text-align: center; font-size: 22px;\"><strong>snabb leverans <\/strong>- uppkopplad <strong>paketsp\u00e5rning<\/strong> tillg\u00e4ngliga<br \/>\nrealtid <a href=\"https:\/\/www.cretoikos.com\/sv\/forsandelsesparning\/\"><strong>sp\u00e5ra<\/strong><\/a> av din best\u00e4llning av olivolja<\/p>\n\n\t\t<\/div>\n\t<\/div>\n<\/div><\/div><\/div><div class=\"wpb_column vc_column_container vc_col-sm-1\/5\"><div class=\"vc_column-inner\"><div class=\"wpb_wrapper\">\n\t<div  class=\"wpb_single_image wpb_content_element vc_align_left\">\n\t\t\n\t\t<figure class=\"wpb_wrapper vc_figure\">\n\t\t\t<div class=\"vc_single_image-wrapper   vc_box_border_grey\"><img loading=\"lazy\" decoding=\"async\" width=\"325\" height=\"215\" src=\"https:\/\/www.cretoikos.com\/wp-content\/uploads\/2020\/05\/order-shipping-eshop-buy-online.jpg\" class=\"vc_single_image-img attachment-full\" alt=\"Vi skickar din best\u00e4llning \u00f6ver hela v\u00e4rlden!\" srcset=\"https:\/\/www.cretoikos.com\/wp-content\/uploads\/2020\/05\/order-shipping-eshop-buy-online.jpg 325w, https:\/\/www.cretoikos.com\/wp-content\/uploads\/2020\/05\/order-shipping-eshop-buy-online-300x198.jpg 300w\" sizes=\"auto, (max-width: 325px) 100vw, 325px\" \/><\/div>\n\t\t<\/figure>\n\t<\/div>\n<\/div><\/div><\/div><\/div><div style=\"\"class=\"adjust_cols_height vc_row wpb_row vc_row-fluid vc_row-o-equal-height vc_row-flex\"><div class=\"wpb_column vc_column_container vc_col-sm-12\"><div class=\"vc_column-inner\"><div class=\"wpb_wrapper\"><section class=\"vc_cta3-container\"><div class=\"vc_general vc_cta3 vc_cta3-style-classic vc_cta3-shape-rounded vc_cta3-align-center vc_cta3-color-green vc_cta3-icon-size-md vc_cta3-actions-bottom\"><div class=\"vc_cta3_content-container\"><div class=\"vc_cta3-content\"><header class=\"vc_cta3-content-header\"><h2>Extra Virgin Olive Oil (EVOO) - Oliver - Honung - Tv\u00e5l<\/h2><\/header><h2 style=\"text-align: center;\"><a href=\"https:\/\/www.cretoikos.com\/sv\/eshop\/\">K\u00f6p EVOO Olivolja Online \u2013 V\u00e5r eShop<\/a><\/h2>\n<h2><a href=\"https:\/\/www.cretoikos.com\/sv\/eshop\/\"><img loading=\"lazy\" decoding=\"async\" class=\"aligncenter wp-image-3971 size-full\" src=\"https:\/\/www.cretoikos.com\/wp-content\/uploads\/2018\/10\/homepage_all_products_family_photo.jpg\" alt=\"V\u00e5ra EVOO-olivoljeprodukter\" width=\"1903\" height=\"452\" srcset=\"https:\/\/www.cretoikos.com\/wp-content\/uploads\/2018\/10\/homepage_all_products_family_photo.jpg 1903w, https:\/\/www.cretoikos.com\/wp-content\/uploads\/2018\/10\/homepage_all_products_family_photo-300x71.jpg 300w, https:\/\/www.cretoikos.com\/wp-content\/uploads\/2018\/10\/homepage_all_products_family_photo-768x182.jpg 768w, https:\/\/www.cretoikos.com\/wp-content\/uploads\/2018\/10\/homepage_all_products_family_photo-1024x243.jpg 1024w, https:\/\/www.cretoikos.com\/wp-content\/uploads\/2018\/10\/homepage_all_products_family_photo-450x107.jpg 450w, https:\/\/www.cretoikos.com\/wp-content\/uploads\/2018\/10\/homepage_all_products_family_photo-780x185.jpg 780w\" sizes=\"auto, (max-width: 1903px) 100vw, 1903px\" \/><\/a><\/h2>\n<p>&nbsp;<\/p>\n<p><a href=\"https:\/\/www.cretoikos.com\/sv\/eshop\/\"><img loading=\"lazy\" decoding=\"async\" class=\"size-full wp-image-3915 aligncenter\" src=\"https:\/\/www.cretoikos.com\/wp-content\/uploads\/2018\/10\/cards-new-small.png\" alt=\"K\u00f6p kretensisk extra jungfruolivolja online\" width=\"233\" height=\"117\" \/><\/a><\/p>\n<\/div><div class=\"vc_cta3-actions\"><div class=\"vc_btn3-container  wpb_animate_when_almost_visible wpb_zoomIn zoomIn vc_btn3-center\" ><a class=\"vc_general vc_btn3 vc_btn3-size-lg vc_btn3-shape-rounded vc_btn3-style-modern vc_btn3-color-green\" href=\"https:\/\/www.cretoikos.com\/sv\/eshop\/\" title=\"Best\u00e4ll online - eShop\">K\u00f6p olivolja online - Bes\u00f6k v\u00e5r eShop<\/a><\/div><\/div><\/div><\/div><\/section><\/div><\/div><\/div><\/div>","protected":false},"excerpt":{"rendered":"CRETOIKOS - Mylopotamos Health Foods We are producers of Premium Cretan Extra Virgin Olive Oil (EVOO) &amp; ORGANIC EVOO Olive Oil in Crete island Greece. Our motive is to show the consumers our love and respect to the soil and especially the olive tree, its most precious fruit, the olive oil - the \u201cliquid gold\u201d [...]","protected":false},"author":1,"featured_media":0,"parent":0,"menu_order":0,"comment_status":"closed","ping_status":"closed","template":"page-boxed.php","meta":{"footnotes":""},"class_list":["post-494","page","type-page","status-publish","hentry"],"_links":{"self":[{"href":"https:\/\/www.cretoikos.com\/sv\/wp-json\/wp\/v2\/pages\/494","targetHints":{"allow":["GET"]}}],"collection":[{"href":"https:\/\/www.cretoikos.com\/sv\/wp-json\/wp\/v2\/pages"}],"about":[{"href":"https:\/\/www.cretoikos.com\/sv\/wp-json\/wp\/v2\/types\/page"}],"author":[{"embeddable":true,"href":"https:\/\/www.cretoikos.com\/sv\/wp-json\/wp\/v2\/users\/1"}],"replies":[{"embeddable":true,"href":"https:\/\/www.cretoikos.com\/sv\/wp-json\/wp\/v2\/comments?post=494"}],"version-history":[{"count":6,"href":"https:\/\/www.cretoikos.com\/sv\/wp-json\/wp\/v2\/pages\/494\/revisions"}],"predecessor-version":[{"id":15431,"href":"https:\/\/www.cretoikos.com\/sv\/wp-json\/wp\/v2\/pages\/494\/revisions\/15431"}],"wp:attachment":[{"href":"https:\/\/www.cretoikos.com\/sv\/wp-json\/wp\/v2\/media?parent=494"}],"curies":[{"name":"wp","href":"https:\/\/api.w.org\/{rel}","templated":true}]}}