{"id":3232,"date":"2018-02-21T08:34:30","date_gmt":"2018-02-21T08:34:30","guid":{"rendered":"https:\/\/www.cretoikos.com\/?page_id=3232"},"modified":"2020-05-10T02:21:07","modified_gmt":"2020-05-09T23:21:07","slug":"leverans-och-fraktkostnader","status":"publish","type":"page","link":"https:\/\/www.cretoikos.com\/sv\/delivery-and-shipping-costs\/","title":{"rendered":"Leverans &amp; Fraktkostnader"},"content":{"rendered":"<div style=\"\"class=\"normal_height vc_row wpb_row vc_row-fluid vc_custom_1519202151804\"><div class=\"wpb_column vc_column_container vc_col-sm-12\"><div class=\"vc_column-inner\"><div class=\"wpb_wrapper\">\n\t<div class=\"wpb_text_column wpb_content_element\" >\n\t\t<div class=\"wpb_wrapper\">\n\t\t\t<h1 style=\"font-size: 20px;\">Vi skickar din best\u00e4llning i hela v\u00e4rlden \u2013 vi skickar till vilket land som helst, \u00f6ver hela v\u00e4rlden, med hj\u00e4lp av Express Courier Services (TNT Courier \u2013 med paketsp\u00e5rning online)<\/h1>\n<p>E-butiken <strong>Cretoikos.com<\/strong> skickar best\u00e4llningen till den adress kunden har fyllt i best\u00e4llningsformul\u00e4ret (hem- eller arbetsadress). Det <strong>\u00e4r viktigt att fylla i din korrekta leveransadress, e-postadress och telefonnummer<\/strong> f\u00f6r att s\u00e4kerst\u00e4lla att v\u00e5rt f\u00f6retag eller budtj\u00e4nsten kan kontakta dig. (problem med leverans som kan uppst\u00e5 p\u00e5 grund av en felaktigt registrerad adress eller felaktiga leveransdetaljer (f\u00f6rsening, misslyckad leverans, retur eller kostnader) \u00e4r inte Cretoikos.coms ansvar)<\/p>\n<p>Frakten sker den arbetsdag best\u00e4llningen genomf\u00f6rs (ofta samma dag), f\u00f6rutsatt<\/p>\n<ul>\n<li><strong>alla produkter i best\u00e4llningen \u00e4r tillg\u00e4ngliga<\/strong>, (det \u00e4r v\u00e4ldigt ovanligt att de inte \u00e4r det) och<\/li>\n<li><strong>best\u00e4llningen har betalats<\/strong><\/li>\n<\/ul>\n<p><strong>Frakt utanf\u00f6r Grekland (EU-l\u00e4nder och resten av v\u00e4rlden)<\/strong><\/p>\n<p>Leveransen av v\u00e5ra produkter utf\u00f6rs av <strong><a href=\"https:\/\/www.tnt.com\/\">TNT budtj\u00e4nst<\/a><\/strong> (express eller ekonomi). TNT \u00e4r en snabb, global, ansedd budtj\u00e4nst som skickar best\u00e4llningar upp till 30 kg (du kan se fraktkostnaderna i f\u00e4ltet &quot;<strong>FRAKT<\/strong>&quot; vid <strong>KASSA steg<\/strong> i din varukorg). <strong>Minsta ordervikt \u00e4r 5 kg<\/strong>. Under normala omst\u00e4ndigheter levererar TNT produkterna inom <strong>2-5 arbetsdagar<\/strong> i hela Europa, observera dessutom att frakten som g\u00f6rs av TNT \u00e4r <strong>f\u00f6rs\u00e4krad<\/strong> f\u00f6r <strong>10 \u20ac\/kg<\/strong> f\u00f6r TNT Economy och <strong>20 \u20ac\/kg<\/strong> f\u00f6r TNT Express om paketet f\u00f6rsvinner eller skadas.<\/p>\n<p>Om du vill att leveransen ska utf\u00f6ras av ett fraktbolag som inte samarbetar med Zacharakis Konstantinos &amp; CO General Partnership (CRETOIKOS), belastar fraktkostnaderna kunden.<\/p>\n<p><strong>Viktig information f\u00f6r leveranser utomlands:<\/strong> Alla v\u00e5ra produkter s\u00e4ljs lagligt i Grekland\/EU och utomlands med alla relaterade certifikat och tillst\u00e5nd.<\/p>\n<p>&#8212;&#8212;&#8212;&#8212;&#8212;&#8212;&#8212;&#8212;&#8212;&#8212;&#8212;&#8212;&#8212;&#8212;&#8212;&#8212;&#8212;&#8212;&#8212;&#8212;&#8212;&#8212;&#8212;&#8212;&#8211;<\/p>\n<p><strong><img loading=\"lazy\" decoding=\"async\" class=\"alignnone wp-image-12887 size-medium\" src=\"https:\/\/www.cretoikos.com\/wp-content\/uploads\/2020\/05\/order-shipping-eshop-buy-online-5-300x169.jpg\" alt=\"Vi skickar din best\u00e4llning \u00f6ver hela v\u00e4rlden!\" width=\"300\" height=\"169\" srcset=\"https:\/\/www.cretoikos.com\/wp-content\/uploads\/2020\/05\/order-shipping-eshop-buy-online-5-300x169.jpg 300w, https:\/\/www.cretoikos.com\/wp-content\/uploads\/2020\/05\/order-shipping-eshop-buy-online-5-450x253.jpg 450w, https:\/\/www.cretoikos.com\/wp-content\/uploads\/2020\/05\/order-shipping-eshop-buy-online-5.jpg 600w\" sizes=\"auto, (max-width: 300px) 100vw, 300px\" \/> \u00a0 <a href=\"https:\/\/www.cretoikos.com\/sv\/eshop\/\"><img loading=\"lazy\" decoding=\"async\" class=\"alignnone wp-image-12883 size-full\" src=\"https:\/\/www.cretoikos.com\/wp-content\/uploads\/2020\/05\/order-shipping-eshop-buy-online.jpg\" alt=\"Vi skickar din best\u00e4llning \u00f6ver hela v\u00e4rlden!\" width=\"325\" height=\"215\" srcset=\"https:\/\/www.cretoikos.com\/wp-content\/uploads\/2020\/05\/order-shipping-eshop-buy-online.jpg 325w, https:\/\/www.cretoikos.com\/wp-content\/uploads\/2020\/05\/order-shipping-eshop-buy-online-300x198.jpg 300w\" sizes=\"auto, (max-width: 325px) 100vw, 325px\" \/><\/a> \u00a0 <a href=\"https:\/\/www.tnt.com\/\" target=\"_blank\" rel=\"noopener noreferrer\"><img loading=\"lazy\" decoding=\"async\" class=\"alignnone wp-image-12886 size-full\" src=\"https:\/\/www.cretoikos.com\/wp-content\/uploads\/2020\/05\/order-shipping-eshop-buy-online-4.jpg\" alt=\"Vi skickar din best\u00e4llning \u00f6ver hela v\u00e4rlden!\" width=\"275\" height=\"183\" \/><\/a><br \/>\n<\/strong><\/p>\n<p>&nbsp;<\/p>\n<p style=\"text-align: left; font-size: 20px;\" class=\"translation-block\"><a href=\"https:\/\/www.cretoikos.com\/sv\/leverans-och-fraktkostnader\/\" target=\"_self\"><strong>V\u00e4rldsomsp\u00e4nnande frakt<\/strong><\/a> \u2013 vi skickar din best\u00e4llning i <strong>alla l\u00e4nder<\/strong> , \u00f6ver hela v\u00e4rlden!<\/p>\n<p><strong>snabb leverans <\/strong>- uppkopplad <strong>paketsp\u00e5rning<\/strong> tillg\u00e4ngliga<br \/>\nrealtid <a href=\"https:\/\/www.cretoikos.com\/sv\/forsandelsesparning\/\"><strong>sp\u00e5ra<\/strong><\/a> av din best\u00e4llning av olivolja<\/p>\n<p>&nbsp;<\/p>\n<h2><strong>Extra Virgin Olive Oil (EVOO) \u2013 Oliver \u2013 Honung \u2013 Tv\u00e5lar<\/strong><\/h2>\n<h2><a href=\"https:\/\/www.cretoikos.com\/sv\/eshop\/\">K\u00f6p online grekisk EVOO olivolja \u2013 v\u00e5r eShop<\/a><\/h2>\n<div id=\"attachment_3971\" style=\"width: 1913px\" class=\"wp-caption alignnone\"><a href=\"https:\/\/www.cretoikos.com\/sv\/eshop\/\"><img loading=\"lazy\" decoding=\"async\" aria-describedby=\"caption-attachment-3971\" class=\"wp-image-3971 size-full\" src=\"https:\/\/www.cretoikos.com\/wp-content\/uploads\/2018\/10\/homepage_all_products_family_photo.jpg\" alt=\"V\u00e5ra EVOO-olivoljeprodukter\" width=\"1903\" height=\"452\" srcset=\"https:\/\/www.cretoikos.com\/wp-content\/uploads\/2018\/10\/homepage_all_products_family_photo.jpg 1903w, https:\/\/www.cretoikos.com\/wp-content\/uploads\/2018\/10\/homepage_all_products_family_photo-300x71.jpg 300w, https:\/\/www.cretoikos.com\/wp-content\/uploads\/2018\/10\/homepage_all_products_family_photo-768x182.jpg 768w, https:\/\/www.cretoikos.com\/wp-content\/uploads\/2018\/10\/homepage_all_products_family_photo-1024x243.jpg 1024w, https:\/\/www.cretoikos.com\/wp-content\/uploads\/2018\/10\/homepage_all_products_family_photo-450x107.jpg 450w, https:\/\/www.cretoikos.com\/wp-content\/uploads\/2018\/10\/homepage_all_products_family_photo-780x185.jpg 780w\" sizes=\"auto, (max-width: 1903px) 100vw, 1903px\" \/><\/a><p id=\"caption-attachment-3971\" class=\"wp-caption-text\">V\u00e5ra EVOO-olivoljeprodukter \u2013 traditionella grekiska produkter fr\u00e5n \u00f6n Kreta \u2013 H\u00c4LSIG MAT fr\u00e5n CRETOIKOS<\/p><\/div>\n\n\t\t<\/div>\n\t<\/div>\n<\/div><\/div><\/div><\/div>","protected":false},"excerpt":{"rendered":"We Ship your Order WORLDWIDE - we ship to any country, worldwide, using Express Courier Services (TNT Courier - with package online tracking available) The e-shop Cretoikos.com sends the order to the address the client has filled in the order form (home or work address). It is essential to fill in your correct shipping address, [...]","protected":false},"author":1,"featured_media":0,"parent":0,"menu_order":0,"comment_status":"closed","ping_status":"closed","template":"page-boxed.php","meta":{"footnotes":""},"class_list":["post-3232","page","type-page","status-publish","hentry"],"_links":{"self":[{"href":"https:\/\/www.cretoikos.com\/sv\/wp-json\/wp\/v2\/pages\/3232","targetHints":{"allow":["GET"]}}],"collection":[{"href":"https:\/\/www.cretoikos.com\/sv\/wp-json\/wp\/v2\/pages"}],"about":[{"href":"https:\/\/www.cretoikos.com\/sv\/wp-json\/wp\/v2\/types\/page"}],"author":[{"embeddable":true,"href":"https:\/\/www.cretoikos.com\/sv\/wp-json\/wp\/v2\/users\/1"}],"replies":[{"embeddable":true,"href":"https:\/\/www.cretoikos.com\/sv\/wp-json\/wp\/v2\/comments?post=3232"}],"version-history":[{"count":0,"href":"https:\/\/www.cretoikos.com\/sv\/wp-json\/wp\/v2\/pages\/3232\/revisions"}],"wp:attachment":[{"href":"https:\/\/www.cretoikos.com\/sv\/wp-json\/wp\/v2\/media?parent=3232"}],"curies":[{"name":"wp","href":"https:\/\/api.w.org\/{rel}","templated":true}]}}