{"id":119,"date":"2017-12-10T14:22:29","date_gmt":"2017-12-10T12:22:29","guid":{"rendered":"https:\/\/www.cretoikos.com\/?post_type=product&#038;p=119"},"modified":"2026-04-09T18:23:33","modified_gmt":"2026-04-09T15:23:33","slug":"pdo-sitia-0-2-prvovrstno-zlato-ekstra-devisko-oljcno-olje-1-lt","status":"publish","type":"product","link":"https:\/\/www.cretoikos.com\/sl\/eshop\/olive-oil\/pdo-sitia-0-2-premium-gold-extra-virgin-olive-oil-1lt\/","title":{"rendered":"Ekstra devi\u0161ko olj\u010dno olje Sitia ZOP (EVOO) 0,2%, kanister 1 lt"},"content":{"rendered":"<h2 style=\"font-size: 20px; text-align: center;\"><strong>100% Gr\u0161ko ekstra devi\u0161ko olj\u010dno olje (EVOO) z otoka Kreta, prvo hladno stiskano, bogato s polifenoli, antioksidanti, vitaminom E in protivnetnimi lastnostmi, \u010disti olj\u010dni sadni sok, brez konzervansov, nova letina, sve\u017ee stisnjeno na isti dan Obiranje oljk<\/strong><\/h2>\n<p>&nbsp;<\/p>\n<p><img loading=\"lazy\" decoding=\"async\" class=\"alignnone wp-image-3390 size-full\" src=\"https:\/\/www.cretoikos.com\/wp-content\/uploads\/2018\/03\/certifications-olive-oil.gif\" alt=\"Certifikati za olj\u010dno olje\" width=\"470\" height=\"88\" \/><\/p>\n<p><img loading=\"lazy\" decoding=\"async\" class=\"alignnone wp-image-3386 size-full\" src=\"https:\/\/www.cretoikos.com\/wp-content\/uploads\/2018\/03\/OliveOil-GDA.png\" alt=\"Olj\u010dno olje GDA\" width=\"464\" height=\"86\" srcset=\"https:\/\/www.cretoikos.com\/wp-content\/uploads\/2018\/03\/OliveOil-GDA.png 464w, https:\/\/www.cretoikos.com\/wp-content\/uploads\/2018\/03\/OliveOil-GDA-300x56.png 300w, https:\/\/www.cretoikos.com\/wp-content\/uploads\/2018\/03\/OliveOil-GDA-450x83.png 450w\" sizes=\"auto, (max-width: 464px) 100vw, 464px\" \/><\/p>\n<p><strong>Sitia<\/strong> je <strong>Za\u0161\u010ditena ozna\u010dba porekla<\/strong> (<strong>ZOP<\/strong>) <strong>Ekstra devi\u0161ko olivno olje<\/strong> (<strong>EVOO<\/strong>) od <strong>Sitia<\/strong>, na vzhodu <strong>Kreta<\/strong>. Sitia v <strong>Lasithi<\/strong> je regija vzhodne Krete, znana po idealnih podnebnih razmerah, ki prispevajo k proizvodnji ekstra devi\u0161kega olj\u010dnega olja vrhunske kakovosti. Postopek pridobivanja olj\u010dnega olja iz plodov oljk poteka \u0161e isti dan in pri zelo nizkih temperaturah, da se ohranijo vse dobrote sadja in zelo nizka kislost. Postopek poteka pod zdravstvenim nadzorom in ob podpori najsodobnej\u0161ih strojev.<\/p>\n<p><strong>SITIA ZOP<\/strong> pomeni a <strong>Za\u0161\u010ditena destinacija porekla<\/strong>, <strong>EVOO<\/strong> pomeni <strong>Ekstra devi\u0161ko olivno olje<\/strong> (zelo nizka kislost \u2013 pod 0,8%), ima ta izdelek posebej <strong>kislost<\/strong> <strong>samo 0,2%<\/strong><\/p>\n<p>Na\u0161i izdelki iz olivnega olja so <strong>LABORATORIJ Certificiran<\/strong>, \u010dista, vrhunska kakovost <strong>Ekstra devi\u0161ka olj\u010dna olja<\/strong> EVOO, ZOP (<strong>Za\u0161\u010ditena destinacija porekla<\/strong>) in <strong>Nagrajena<\/strong> v ve\u010d <strong>Mednarodna tekmovanja olj\u010dnega olja. NAKUPUJTE Z ZAUPANJEM\u2026<\/strong><\/p>\n<div class=\"wpb_text_column wpb_content_element wpb_animate_when_almost_visible wpb_fadeInDown fadeInDown vc_custom_1585559046315 wpb_start_animation animated\">\n<div class=\"wpb_wrapper\">\n<p>Kupujte samo \u010dista, laboratorijsko certificirana ekstra devi\u0161ka olj\u010dna olja, EVOO je najbolj\u0161e jedilno olj\u010dno olje<\/p>\n<\/div>\n<\/div>\n<p>Naro\u010dite gr\u0161ko olj\u010dno olje na spletu in prihranite<\/p>\n<p class=\"translation-block\"><a href=\"https:\/\/www.cretoikos.com\/sl\/stroski-dostave-in-posiljanja\/\" target=\"_self\"><strong>Po\u0161iljanje po vsem svetu<\/strong><\/a> \u2013 va\u0161e naro\u010dilo po\u0161ljemo v <strong>vse dr\u017eave<\/strong> po vsem svetu!<\/p>\n<p>&nbsp;<\/p>\n<h2 style=\"font-size: 20px; text-align: center;\"><a href=\"\/sl\/mednarodne-certifikate-za-oljcno-olje\/\"><strong>Mednarodni certifikati kakovosti hrane za na\u0161e<\/strong> Izdelki<\/a><\/h2>\n<p><a href=\"\/sl\/mednarodne-certifikate-za-oljcno-olje\/\"><img loading=\"lazy\" decoding=\"async\" class=\"aligncenter wp-image-13475 size-full\" src=\"https:\/\/www.cretoikos.com\/wp-content\/uploads\/2017\/12\/Quality-Food-Certifications-Lab-Certified-Healthy-Mediterranean-Foods-w800.jpg\" alt=\"Mednarodni certifikati kakovosti \u017eivil \u2013 zdrava sredozemska hrana s certifikatom laboratorija\" width=\"800\" height=\"250\" srcset=\"https:\/\/www.cretoikos.com\/wp-content\/uploads\/2017\/12\/Quality-Food-Certifications-Lab-Certified-Healthy-Mediterranean-Foods-w800.jpg 800w, https:\/\/www.cretoikos.com\/wp-content\/uploads\/2017\/12\/Quality-Food-Certifications-Lab-Certified-Healthy-Mediterranean-Foods-w800-300x94.jpg 300w, https:\/\/www.cretoikos.com\/wp-content\/uploads\/2017\/12\/Quality-Food-Certifications-Lab-Certified-Healthy-Mediterranean-Foods-w800-768x240.jpg 768w, https:\/\/www.cretoikos.com\/wp-content\/uploads\/2017\/12\/Quality-Food-Certifications-Lab-Certified-Healthy-Mediterranean-Foods-w800-450x141.jpg 450w, https:\/\/www.cretoikos.com\/wp-content\/uploads\/2017\/12\/Quality-Food-Certifications-Lab-Certified-Healthy-Mediterranean-Foods-w800-780x244.jpg 780w\" sizes=\"auto, (max-width: 800px) 100vw, 800px\" \/><\/a><\/p>\n<h3 style=\"font-size: 20px; text-align: center;\"><a href=\"\/sl\/mednarodne-certifikate-za-oljcno-olje\/\"><strong>KOSHER Food certificiran izdelek olj\u010dnega olja<\/strong><\/a><\/h3>\n<p>&nbsp;<\/p>\n<p><img loading=\"lazy\" decoding=\"async\" class=\"size-full wp-image-13454 aligncenter\" src=\"https:\/\/www.cretoikos.com\/wp-content\/uploads\/2020\/07\/kosher-foods-certification-2-w220.jpg\" alt=\"Ekstra devi\u0161ko olj\u010dno olje KOSHER Food\" width=\"173\" height=\"220\" \/><\/p>\n<p>&nbsp;<\/p>\n<h3 style=\"font-size: 20px; text-align: center;\"><a href=\"\/sl\/mednarodne-certifikate-za-oljcno-olje\/\"><strong>Izdelek olj\u010dnega olja s certifikatom FDA (ZDA) \u2013 Food &amp; Drugs Administration<\/strong><\/a><\/h3>\n<p>&nbsp;<\/p>\n<p><img loading=\"lazy\" decoding=\"async\" class=\"size-full wp-image-13476 aligncenter\" src=\"https:\/\/www.cretoikos.com\/wp-content\/uploads\/2017\/12\/FDA-foods-certification-w220.jpg\" alt=\"Certifikat FDA Food &amp; Drugs\" width=\"163\" height=\"220\" \/><\/p>\n<p>&nbsp;<\/p>","protected":false},"excerpt":{"rendered":"<p><strong>ZOP Sitia 0,2%<\/strong> je edinstveno, sadno ekstra devi\u0161ko olj\u010dno olje z izjemno nizko kislostjo, idealno za vse va\u0161e kulinari\u010dne potrebe. Uporabite ga pri kuhanju ali surovega, kot dreser za solate.<\/p>\n<p><strong>Gr\u0161ko ekstra devi\u0161ko olj\u010dno olje z otoka Kreta!<\/strong><\/p>\n<p class=\"translation-block\"><a href=\"https:\/\/www.cretoikos.com\/sl\/stroski-dostave-in-posiljanja\/\" target=\"_self\"><strong>Po\u0161iljanje po vsem svetu<\/strong><\/a> \u2013 va\u0161e naro\u010dilo po\u0161ljemo v <strong>vse dr\u017eave<\/strong> po vsem svetu!<\/p>","protected":false},"featured_media":184,"template":"","meta":[],"product_brand":[],"product_cat":[23],"product_tag":[118,140,141,95,97,98,96,91,99,101,135,111,112,110,109],"class_list":{"0":"post-119","1":"product","2":"type-product","3":"status-publish","4":"has-post-thumbnail","6":"product_cat-olive-oil","7":"product_tag-1lt","8":"product_tag-140","9":"product_tag-3-extra-virgin-olive-oil","10":"product_tag-bottle","11":"product_tag-buy-olive-oil","12":"product_tag-buy-online","13":"product_tag-cretan-olive-oil","14":"product_tag-evoo","15":"product_tag-greek-olive-oil","16":"product_tag-olive-oil","17":"product_tag-pdo-olive-oil","18":"product_tag-pdo-sitia","19":"product_tag-pdo-sitia-olive-oil","20":"product_tag-sitia","21":"product_tag-sitia-olive-oil","23":"first","24":"instock","25":"taxable","26":"shipping-taxable","27":"purchasable","28":"product-type-simple"},"_links":{"self":[{"href":"https:\/\/www.cretoikos.com\/sl\/wp-json\/wp\/v2\/product\/119","targetHints":{"allow":["GET"]}}],"collection":[{"href":"https:\/\/www.cretoikos.com\/sl\/wp-json\/wp\/v2\/product"}],"about":[{"href":"https:\/\/www.cretoikos.com\/sl\/wp-json\/wp\/v2\/types\/product"}],"wp:featuredmedia":[{"embeddable":true,"href":"https:\/\/www.cretoikos.com\/sl\/wp-json\/wp\/v2\/media\/184"}],"wp:attachment":[{"href":"https:\/\/www.cretoikos.com\/sl\/wp-json\/wp\/v2\/media?parent=119"}],"wp:term":[{"taxonomy":"product_brand","embeddable":true,"href":"https:\/\/www.cretoikos.com\/sl\/wp-json\/wp\/v2\/product_brand?post=119"},{"taxonomy":"product_cat","embeddable":true,"href":"https:\/\/www.cretoikos.com\/sl\/wp-json\/wp\/v2\/product_cat?post=119"},{"taxonomy":"product_tag","embeddable":true,"href":"https:\/\/www.cretoikos.com\/sl\/wp-json\/wp\/v2\/product_tag?post=119"}],"curies":[{"name":"wp","href":"https:\/\/api.w.org\/{rel}","templated":true}]}}