{"id":494,"date":"2017-01-10T21:29:23","date_gmt":"2017-01-10T21:29:23","guid":{"rendered":"http:\/\/import.getbowtied.com\/shopkeeper-replica\/?page_id=494"},"modified":"2026-04-17T10:59:21","modified_gmt":"2026-04-17T07:59:21","slug":"profil","status":"publish","type":"page","link":"https:\/\/www.cretoikos.com\/sl\/profile\/","title":{"rendered":"Mylopotamos zdrava hrana &amp; Cretoikos"},"content":{"rendered":"<div style=\"\"data-vc-full-width=\"true\" data-vc-full-width-init=\"false\" class=\"normal_height vc_row wpb_row vc_row-fluid wpb_animate_when_almost_visible wpb_fadeIn fadeIn vc_custom_1527075897511 vc_row-has-fill vc_row-o-content-bottom vc_row-flex\"><div class=\"wpb_column vc_column_container vc_col-sm-6\"><div class=\"vc_column-inner\"><div class=\"wpb_wrapper\"><\/div><\/div><\/div><div class=\"wpb_column vc_column_container vc_col-sm-6\"><div class=\"vc_column-inner\"><div class=\"wpb_wrapper\"><\/div><\/div><\/div><\/div><div class=\"vc_row-full-width vc_clearfix\"><\/div><div style=\"\"class=\"normal_height vc_row wpb_row vc_row-fluid\"><div class=\"wpb_column vc_column_container vc_col-sm-12\"><div class=\"vc_column-inner\"><div class=\"wpb_wrapper\">\n\t<div class=\"wpb_text_column wpb_content_element  wpb_animate_when_almost_visible wpb_fadeInDown fadeInDown\" >\n\t\t<div class=\"wpb_wrapper\">\n\t\t\t<h1>CRETOIKOS \u2013 Zdrava hrana Mylopotamos<\/h1>\n\n\t\t<\/div>\n\t<\/div>\n\n\t<div class=\"wpb_text_column wpb_content_element  wpb_animate_when_almost_visible wpb_fadeInUp fadeInUp\" >\n\t\t<div class=\"wpb_wrapper\">\n\t\t\t<div class=\"introtext\">\n<p>Smo proizvajalci Premium Cretan <strong><a href=\"https:\/\/www.cretoikos.com\/sl\/kategorijo-izdelkov\/olivno-olje\/\">Ekstra devi\u0161ko olivno olje<\/a><\/strong> (<a href=\"https:\/\/www.cretoikos.com\/sl\/kategorijo-izdelkov\/olivno-olje\/\">EVOO<\/a>) &amp; <a href=\"https:\/\/www.cretoikos.com\/sl\/eshop\/olivno-olje\/extra-virgin-olive-oil-biological-cultivation-500ml\/\"><strong>ORGANSKI EVOO<\/strong><\/a> Olivno olje v <strong><a href=\"https:\/\/www.google.com\/url?sa=t&amp;rct=j&amp;q=&amp;esrc=s&amp;source=web&amp;cd=35&amp;cad=rja&amp;uact=8&amp;ved=2ahUKEwiB3eTH8sToAhUZE8AKHRhXAlEQFjAiegQIBxAB&amp;url=https%3A%2F%2Fwww.incrediblecrete.gr%2F&amp;usg=AOvVaw3ShiZivy5G3SpihLn2lCVH\" target=\"_blank\" rel=\"noopener noreferrer\">otok Kreta<\/a> <a href=\"http:\/\/www.visitgreece.gr\/en\" target=\"_blank\" rel=\"noopener noreferrer\">Gr\u010dija<\/a><\/strong>. Na\u0161 motiv je pokazati potro\u0161nikom na\u0161o ljubezen in spo\u0161tovanje do zemlje in \u0161e posebej do oljke, njenega najdragocenej\u0161ega sade\u017ea. <strong>olivno olje<\/strong> \u2013<strong> &quot;teko\u010de zlato&quot;<\/strong> kot ga je poimenoval Homer, veliki pesnik antike.<\/p>\n<\/div>\n\n\t\t<\/div>\n\t<\/div>\n<\/div><\/div><\/div><\/div><div style=\"\"class=\"normal_height vc_row wpb_row vc_row-fluid\"><div class=\"wpb_column vc_column_container vc_col-sm-12\"><div class=\"vc_column-inner\"><div class=\"wpb_wrapper\"><div class=\"wpb_layerslider_element wpb_content_element\"><div id=\"layerslider_4_1w1o78lhqi1yv\" class=\"ls-wp-container fitvidsignore\" style=\"width:1280px;height:720px;margin:0 auto;margin-bottom: 0px;margin-top: 0px; padding:0;\"><div class=\"ls-slide\" data-ls=\"bgsize:cover;kenburnsscale:1.2;\"><ls-layer style=\"font-size:36px;color:#000;stroke:#000;stroke-width:0px;text-align:left;font-style:normal;text-decoration:none;text-transform:none;font-weight:400;letter-spacing:0px;background-position:0% 0%;background-repeat:no-repeat;overflow:visible;left:100%;margin-left:0px;\" class=\"ls-l ls-media-layer\" data-ls=\"autoplay:enabled;muted:enabled;loopmedia:enabled;backgroundvideo:true;\" data-no-translation=\"\" data-trp-gettext=\"\"><video width=\"100%\" preload=\"metadata\" controls><source src=\"\/wp-content\/uploads\/2026\/02\/intro%20new.mov\" type=\"video\/mp4\"><\/video><\/ls-layer><\/div><\/div><\/div><\/div><\/div><\/div><\/div><div style=\"\"class=\"normal_height vc_row wpb_row vc_row-fluid\"><div class=\"wpb_column vc_column_container vc_col-sm-12\"><div class=\"vc_column-inner\"><div class=\"wpb_wrapper\">\n\t<div class=\"wpb_text_column wpb_content_element\" >\n\t\t<div class=\"wpb_wrapper\">\n\t\t\t<h4>Podjetje Mylopotamos Health Foods je leta 1999 ustanovil g. Kostas Zacharakis, diplomant Atenske univerze za ekonomijo in poslovanje, dpt. politi\u010dnih znanosti, doma z obmo\u010dja Mylopotamos.<\/h4>\n\n\t\t<\/div>\n\t<\/div>\n<\/div><\/div><\/div><\/div><div style=\"\"class=\"normal_height vc_row wpb_row vc_row-fluid wpb_animate_when_almost_visible wpb_fadeIn fadeIn vc_row-o-equal-height vc_row-o-content-bottom vc_row-flex\"><div class=\"wpb_column vc_column_container vc_col-sm-6\"><div class=\"vc_column-inner\"><div class=\"wpb_wrapper\">\n\t<div class=\"wpb_text_column wpb_content_element  wpb_animate_when_almost_visible wpb_fadeIn fadeIn extrabottompadding\" >\n\t\t<div class=\"wpb_wrapper\">\n\t\t\t<p style=\"text-align: right;\">Njegove sanje so bile ustanoviti lastno podjetje, ki bo promoviralo in dalo na voljo dragocenosti po vsem svetu <strong><a href=\"https:\/\/www.cretoikos.com\/sl\/eshop\/\">izdelki s Krete<\/a><\/strong>. Tako je ustvaril inovativno enoto za olj\u010dno olje v Angeliani, tradicionalni kretski vasi na obmo\u010dju Mylopotamos, v prefekturi Rethymno.<\/p>\n<p style=\"text-align: right;\">Velikost tovarne je 2.000 m2 in proizvodna zmogljivost 2.000 steklenic na uro.<\/p>\n<p style=\"text-align: right;\">Na\u0161 motiv je pokazati potro\u0161nikom na\u0161o ljubezen in spo\u0161tovanje do zemlje in \u0161e posebej do oljke, njenega najdragocenej\u0161ega sade\u017ea, <strong><a href=\"https:\/\/www.cretoikos.com\/sl\/kategorijo-izdelkov\/olivno-olje\/\">olivno olje<\/a><\/strong> \u2013 &quot;<strong>teko\u010de zlato<\/strong>\u00ab, kot ga je poimenoval Homer, veliki pesnik antike. Prav tako imamo zaradi dolgoletnih izku\u0161enj pomemben polo\u017eaj na trgu olj\u010dnega olja in nasploh na trgu kmetijskih proizvodov, tako v Gr\u010diji kot v tujini.<\/p>\n\n\t\t<\/div>\n\t<\/div>\n<\/div><\/div><\/div><div class=\"wpb_column vc_column_container vc_col-sm-6\"><div class=\"vc_column-inner\"><div class=\"wpb_wrapper\">\n\t<div  class=\"wpb_single_image wpb_content_element vc_align_left  wpb_animate_when_almost_visible wpb_fadeIn fadeIn\">\n\t\t\n\t\t<figure class=\"wpb_wrapper vc_figure\">\n\t\t\t<div class=\"vc_single_image-wrapper   vc_box_border_grey\"><img loading=\"lazy\" decoding=\"async\" width=\"521\" height=\"350\" src=\"https:\/\/www.cretoikos.com\/wp-content\/uploads\/2018\/05\/cretoikos-profile-01.jpg\" class=\"vc_single_image-img attachment-full\" alt=\"\" srcset=\"https:\/\/www.cretoikos.com\/wp-content\/uploads\/2018\/05\/cretoikos-profile-01.jpg 521w, https:\/\/www.cretoikos.com\/wp-content\/uploads\/2018\/05\/cretoikos-profile-01-300x202.jpg 300w, https:\/\/www.cretoikos.com\/wp-content\/uploads\/2018\/05\/cretoikos-profile-01-450x302.jpg 450w\" sizes=\"auto, (max-width: 521px) 100vw, 521px\" \/><\/div>\n\t\t<\/figure>\n\t<\/div>\n<\/div><\/div><\/div><\/div><div style=\"\"class=\"normal_height vc_row wpb_row vc_row-fluid vc_row-o-equal-height vc_row-o-content-bottom vc_row-flex\"><div class=\"wpb_column vc_column_container vc_col-sm-6\"><div class=\"vc_column-inner\"><div class=\"wpb_wrapper\">\n\t<div  class=\"wpb_single_image wpb_content_element vc_align_right  wpb_animate_when_almost_visible wpb_fadeIn fadeIn\">\n\t\t\n\t\t<figure class=\"wpb_wrapper vc_figure\">\n\t\t\t<div class=\"vc_single_image-wrapper   vc_box_border_grey\"><img loading=\"lazy\" decoding=\"async\" width=\"521\" height=\"350\" src=\"https:\/\/www.cretoikos.com\/wp-content\/uploads\/2018\/05\/cretoikos-profile-02.jpg\" class=\"vc_single_image-img attachment-full\" alt=\"\" srcset=\"https:\/\/www.cretoikos.com\/wp-content\/uploads\/2018\/05\/cretoikos-profile-02.jpg 521w, https:\/\/www.cretoikos.com\/wp-content\/uploads\/2018\/05\/cretoikos-profile-02-300x202.jpg 300w, https:\/\/www.cretoikos.com\/wp-content\/uploads\/2018\/05\/cretoikos-profile-02-450x302.jpg 450w\" sizes=\"auto, (max-width: 521px) 100vw, 521px\" \/><\/div>\n\t\t<\/figure>\n\t<\/div>\n<\/div><\/div><\/div><div class=\"wpb_column vc_column_container vc_col-sm-6\"><div class=\"vc_column-inner\"><div class=\"wpb_wrapper\">\n\t<div class=\"wpb_text_column wpb_content_element  wpb_animate_when_almost_visible wpb_fadeIn fadeIn extrabottompadding\" >\n\t\t<div class=\"wpb_wrapper\">\n\t\t\t<p>Imamo stranke iz vsega sveta, ki nam zaupajo, kot na primer podjetja Chirag v Parizu, Xiamen na Kitajskem, Odysea v Londonu itd.<\/p>\n<p><strong><a href=\"https:\/\/www.cretoikos.com\/sl\/eshop\/\">Tradicionalni kretski izdelki<\/a><\/strong><\/p>\n<p>Mylopotamos zdrava hrana in Cretoikos<\/p>\n<p>S ponosom predstavljamo na\u0161e podjetje &quot;<a href=\"https:\/\/www.mylopotamos-health-foods.gr\/\" target=\"_blank\" rel=\"noopener noreferrer\"><strong>Zdrava hrana Mylopotamos<\/strong><\/a>\u201d, prek na\u0161ega novoustvarjenega<a href=\"https:\/\/www.cretoikos.com\/sl\/eshop\/\"><strong> e-trgovina<\/strong><\/a> imenovan &quot;<a href=\"https:\/\/www.cretoikos.com\/sl\/\"><strong>Cretoikos<\/strong><\/a>\u201c, da bi vam ponudili<a href=\"https:\/\/www.cretoikos.com\/sl\/kategorijo-izdelkov\/olivno-olje\/\"> ekstra devi\u0161ko olivno olje<\/a> na\u0161e domovine, pa tudi njene izpeljanke, kot je npr <a href=\"https:\/\/www.cretoikos.com\/sl\/kategorijo-izdelkov\/olivno-olje\/\"><strong>Ekstra devi\u0161ko olivno olje<\/strong><\/a>, <strong><a href=\"https:\/\/www.cretoikos.com\/sl\/eshop\/olivno-olje\/extra-virgin-olive-oil-biological-cultivation-500ml\/\">Biolo\u0161ko ekstra devi\u0161ko olj\u010dno olje<\/a><\/strong>, <a href=\"https:\/\/www.cretoikos.com\/sl\/kategorijo-izdelkov\/oljcno-olje-s-kretskimi-zelisci\/\"><strong>Ekstra devi\u0161ko olj\u010dno olje z vonjem limone\/pomaran\u010de in razli\u010dnih kretskih zeli\u0161\u010d<\/strong><\/a>, kot so origano, timijan, ro\u017emarin, \u010desen, \u010dili, <strong><a href=\"https:\/\/www.cretoikos.com\/sl\/kategorijo-izdelkov\/olives\/\">oljke<\/a>,<\/strong> <strong><a href=\"https:\/\/www.cretoikos.com\/sl\/kategorijo-izdelkov\/olives\/\">Olive z okusom zeli\u0161\u010d<\/a><\/strong>itd.<\/p>\n\n\t\t<\/div>\n\t<\/div>\n<\/div><\/div><\/div><\/div><div style=\"\"class=\"normal_height vc_row wpb_row vc_row-fluid vc_row-o-equal-height vc_row-o-content-bottom vc_row-flex\"><div class=\"wpb_column vc_column_container vc_col-sm-6\"><div class=\"vc_column-inner\"><div class=\"wpb_wrapper\">\n\t<div class=\"wpb_text_column wpb_content_element  wpb_animate_when_almost_visible wpb_fadeIn fadeIn extrabottompadding\" >\n\t\t<div class=\"wpb_wrapper\">\n\t\t\t<p style=\"text-align: right;\">Dolga son\u010dna obdobja, malo padavin, vlaga in morska sol ustvarjajo idealno klimo za pridelavo najbolj\u0161e sorte <strong>olivno olje<\/strong> obmo\u010dju Sredozemlja, ki ga proizvajajo <strong>Koroneiki<\/strong> oljke.<\/p>\n<p style=\"text-align: right;\">Te posebnosti so spodbudile Evropsko unijo, da je z uredbo 2092\/91 priznala veliko vrednost sorte in jo ozna\u010dila kot olj\u010dno olje iz <a href=\"http:\/\/www.minagric.gr\/index.php\/en\/farmer-menu-2\/pdo-pgi-tsgproducts-menu\" target=\"_blank\" rel=\"noopener noreferrer\"><strong>Za\u0161\u010ditena ozna\u010dba porekla<\/strong> (ZOP)<\/a>, da bi to razlikovali <strong><a href=\"https:\/\/www.cretoikos.com\/sl\/kategorijo-izdelkov\/olivno-olje\/\">olivno olje<\/a><\/strong> od drugih iste sorte.<\/p>\n\n\t\t<\/div>\n\t<\/div>\n<\/div><\/div><\/div><div class=\"wpb_column vc_column_container vc_col-sm-6\"><div class=\"vc_column-inner\"><div class=\"wpb_wrapper\">\n\t<div  class=\"wpb_single_image wpb_content_element vc_align_left  wpb_animate_when_almost_visible wpb_fadeIn fadeIn\">\n\t\t\n\t\t<figure class=\"wpb_wrapper vc_figure\">\n\t\t\t<div class=\"vc_single_image-wrapper   vc_box_border_grey\"><img loading=\"lazy\" decoding=\"async\" width=\"521\" height=\"350\" src=\"https:\/\/www.cretoikos.com\/wp-content\/uploads\/2018\/05\/cretoikos-profile-03.jpg\" class=\"vc_single_image-img attachment-full\" alt=\"\" srcset=\"https:\/\/www.cretoikos.com\/wp-content\/uploads\/2018\/05\/cretoikos-profile-03.jpg 521w, https:\/\/www.cretoikos.com\/wp-content\/uploads\/2018\/05\/cretoikos-profile-03-300x202.jpg 300w, https:\/\/www.cretoikos.com\/wp-content\/uploads\/2018\/05\/cretoikos-profile-03-450x302.jpg 450w\" sizes=\"auto, (max-width: 521px) 100vw, 521px\" \/><\/div>\n\t\t<\/figure>\n\t<\/div>\n<\/div><\/div><\/div><\/div><div style=\"\"class=\"normal_height vc_row wpb_row vc_row-fluid vc_row-o-equal-height vc_row-o-content-bottom vc_row-flex\"><div class=\"wpb_column vc_column_container vc_col-sm-6\"><div class=\"vc_column-inner\"><div class=\"wpb_wrapper\">\n\t<div  class=\"wpb_single_image wpb_content_element vc_align_right  wpb_animate_when_almost_visible wpb_fadeIn fadeIn\">\n\t\t\n\t\t<figure class=\"wpb_wrapper vc_figure\">\n\t\t\t<div class=\"vc_single_image-wrapper   vc_box_border_grey\"><img loading=\"lazy\" decoding=\"async\" width=\"521\" height=\"350\" src=\"https:\/\/www.cretoikos.com\/wp-content\/uploads\/2018\/05\/cretoikos-profile-04.jpg\" class=\"vc_single_image-img attachment-full\" alt=\"\" srcset=\"https:\/\/www.cretoikos.com\/wp-content\/uploads\/2018\/05\/cretoikos-profile-04.jpg 521w, https:\/\/www.cretoikos.com\/wp-content\/uploads\/2018\/05\/cretoikos-profile-04-300x202.jpg 300w, https:\/\/www.cretoikos.com\/wp-content\/uploads\/2018\/05\/cretoikos-profile-04-450x302.jpg 450w\" sizes=\"auto, (max-width: 521px) 100vw, 521px\" \/><\/div>\n\t\t<\/figure>\n\t<\/div>\n<\/div><\/div><\/div><div class=\"wpb_column vc_column_container vc_col-sm-6\"><div class=\"vc_column-inner\"><div class=\"wpb_wrapper\">\n\t<div class=\"wpb_text_column wpb_content_element  wpb_animate_when_almost_visible wpb_fadeIn fadeIn extrabottompadding\" >\n\t\t<div class=\"wpb_wrapper\">\n\t\t\t<h4>Na\u0161a namestitev vklju\u010duje<\/h4>\n<ul>\n<li>Avtomatizirana prenosna linija za standardizirane <strong><a href=\"https:\/\/www.cretoikos.com\/sl\/kategorijo-izdelkov\/olivno-olje\/\">olivno olje<\/a><\/strong> ki izpolnjuje najvi\u0161je zahteve. Enota je izdelana v Italiji in ima polnilno linijo od 100 ml do 5 lt<\/li>\n<li>Sodobni, izolirani, temperaturno nadzorovani skladi\u0161\u010dni prostori<\/li>\n<li>Skladi\u0161\u010dni rezervoarji in ladijski kontejnerji iz nerjave\u010dega jekla<\/li>\n<li>Tehnolo\u0161ka oprema najnaprednej\u0161e tehnologije<\/li>\n<\/ul>\n\n\t\t<\/div>\n\t<\/div>\n<\/div><\/div><\/div><\/div><div style=\"\"class=\"normal_height vc_row wpb_row vc_row-fluid\"><div class=\"wpb_column vc_column_container vc_col-sm-12\"><div class=\"vc_column-inner\"><div class=\"wpb_wrapper\">\n\t<div  class=\"wpb_single_image wpb_content_element vc_align_center  wpb_animate_when_almost_visible wpb_fadeInUp fadeInUp\">\n\t\t<h2 class=\"wpb_heading wpb_singleimage_heading\">Kupujte samo \u010dista, laboratorijsko certificirana EVOO (ekstra devi\u0161ka) olj\u010dna olja<\/h2>\n\t\t<figure class=\"wpb_wrapper vc_figure\">\n\t\t\t<div class=\"vc_single_image-wrapper   vc_box_border_grey\"><img loading=\"lazy\" decoding=\"async\" width=\"727\" height=\"136\" src=\"https:\/\/www.cretoikos.com\/wp-content\/uploads\/2018\/05\/cretoikos-profile-certs.jpg\" class=\"vc_single_image-img attachment-full\" alt=\"certificiranje bio\u017eivil za na\u0161a olj\u010dna olja\" srcset=\"https:\/\/www.cretoikos.com\/wp-content\/uploads\/2018\/05\/cretoikos-profile-certs.jpg 727w, https:\/\/www.cretoikos.com\/wp-content\/uploads\/2018\/05\/cretoikos-profile-certs-300x56.jpg 300w, https:\/\/www.cretoikos.com\/wp-content\/uploads\/2018\/05\/cretoikos-profile-certs-450x84.jpg 450w\" sizes=\"auto, (max-width: 727px) 100vw, 727px\" \/><\/div>\n\t\t<\/figure>\n\t<\/div>\n\n\t<div  class=\"wpb_single_image wpb_content_element vc_align_center  wpb_animate_when_almost_visible wpb_fadeInDown fadeInDown\">\n\t\t\n\t\t<figure class=\"wpb_wrapper vc_figure\">\n\t\t\t<div class=\"vc_single_image-wrapper   vc_box_border_grey\"><img loading=\"lazy\" decoding=\"async\" width=\"1101\" height=\"233\" src=\"https:\/\/www.cretoikos.com\/wp-content\/uploads\/2018\/05\/cretoikos-profile-banner-award.png\" class=\"vc_single_image-img attachment-full\" alt=\"Na\u0161e ekstra devi\u0161ko olj\u010dno olje je leta 2005 v Madridu prejelo drugo nagrado Mario Solinas Quality Award v kategoriji srednje sadnosti in leta 2008 drugo nagrado na World Food v Moskvi.\" srcset=\"https:\/\/www.cretoikos.com\/wp-content\/uploads\/2018\/05\/cretoikos-profile-banner-award.png 1101w, https:\/\/www.cretoikos.com\/wp-content\/uploads\/2018\/05\/cretoikos-profile-banner-award-300x63.png 300w, https:\/\/www.cretoikos.com\/wp-content\/uploads\/2018\/05\/cretoikos-profile-banner-award-768x163.png 768w, https:\/\/www.cretoikos.com\/wp-content\/uploads\/2018\/05\/cretoikos-profile-banner-award-1024x217.png 1024w, https:\/\/www.cretoikos.com\/wp-content\/uploads\/2018\/05\/cretoikos-profile-banner-award-450x95.png 450w, https:\/\/www.cretoikos.com\/wp-content\/uploads\/2018\/05\/cretoikos-profile-banner-award-780x165.png 780w\" sizes=\"auto, (max-width: 1101px) 100vw, 1101px\" \/><\/div>\n\t\t<\/figure>\n\t<\/div>\n<\/div><\/div><\/div><\/div><div style=\"\"data-vc-full-width=\"true\" data-vc-full-width-init=\"false\" data-vc-stretch-content=\"true\" class=\"normal_height vc_row wpb_row vc_row-fluid vc_custom_1538036149395 vc_column-gap-35 vc_row-o-equal-height vc_row-o-content-middle vc_row-flex\"><div class=\"wpb_column vc_column_container vc_col-sm-4\"><div class=\"vc_column-inner\"><div class=\"wpb_wrapper\">\n\t<div  class=\"wpb_single_image wpb_content_element vc_align_center\">\n\t\t\n\t\t<figure class=\"wpb_wrapper vc_figure\">\n\t\t\t<div class=\"vc_single_image-wrapper   vc_box_border_grey\"><img loading=\"lazy\" decoding=\"async\" width=\"931\" height=\"1087\" src=\"https:\/\/www.cretoikos.com\/wp-content\/uploads\/2018\/02\/03.jpg\" class=\"vc_single_image-img attachment-full\" alt=\"\" srcset=\"https:\/\/www.cretoikos.com\/wp-content\/uploads\/2018\/02\/03.jpg 931w, https:\/\/www.cretoikos.com\/wp-content\/uploads\/2018\/02\/03-257x300.jpg 257w, https:\/\/www.cretoikos.com\/wp-content\/uploads\/2018\/02\/03-768x897.jpg 768w, https:\/\/www.cretoikos.com\/wp-content\/uploads\/2018\/02\/03-877x1024.jpg 877w, https:\/\/www.cretoikos.com\/wp-content\/uploads\/2018\/02\/03-450x525.jpg 450w, https:\/\/www.cretoikos.com\/wp-content\/uploads\/2018\/02\/03-780x911.jpg 780w\" sizes=\"auto, (max-width: 931px) 100vw, 931px\" \/><\/div>\n\t\t<\/figure>\n\t<\/div>\n<\/div><\/div><\/div><div class=\"wpb_column vc_column_container vc_col-sm-4\"><div class=\"vc_column-inner\"><div class=\"wpb_wrapper\">\n\t<div  class=\"wpb_single_image wpb_content_element vc_align_center\">\n\t\t\n\t\t<figure class=\"wpb_wrapper vc_figure\">\n\t\t\t<div class=\"vc_single_image-wrapper   vc_box_border_grey\"><img loading=\"lazy\" decoding=\"async\" width=\"931\" height=\"1087\" src=\"https:\/\/www.cretoikos.com\/wp-content\/uploads\/2018\/02\/01.jpg\" class=\"vc_single_image-img attachment-full\" alt=\"\" srcset=\"https:\/\/www.cretoikos.com\/wp-content\/uploads\/2018\/02\/01.jpg 931w, https:\/\/www.cretoikos.com\/wp-content\/uploads\/2018\/02\/01-257x300.jpg 257w, https:\/\/www.cretoikos.com\/wp-content\/uploads\/2018\/02\/01-768x897.jpg 768w, https:\/\/www.cretoikos.com\/wp-content\/uploads\/2018\/02\/01-877x1024.jpg 877w, https:\/\/www.cretoikos.com\/wp-content\/uploads\/2018\/02\/01-450x525.jpg 450w, https:\/\/www.cretoikos.com\/wp-content\/uploads\/2018\/02\/01-780x911.jpg 780w\" sizes=\"auto, (max-width: 931px) 100vw, 931px\" \/><\/div>\n\t\t<\/figure>\n\t<\/div>\n<\/div><\/div><\/div><div class=\"wpb_column vc_column_container vc_col-sm-4\"><div class=\"vc_column-inner\"><div class=\"wpb_wrapper\">\n\t<div  class=\"wpb_single_image wpb_content_element vc_align_center\">\n\t\t\n\t\t<figure class=\"wpb_wrapper vc_figure\">\n\t\t\t<div class=\"vc_single_image-wrapper   vc_box_border_grey\"><img loading=\"lazy\" decoding=\"async\" width=\"931\" height=\"1087\" src=\"https:\/\/www.cretoikos.com\/wp-content\/uploads\/2018\/02\/02.jpg\" class=\"vc_single_image-img attachment-full\" alt=\"\" srcset=\"https:\/\/www.cretoikos.com\/wp-content\/uploads\/2018\/02\/02.jpg 931w, https:\/\/www.cretoikos.com\/wp-content\/uploads\/2018\/02\/02-257x300.jpg 257w, https:\/\/www.cretoikos.com\/wp-content\/uploads\/2018\/02\/02-768x897.jpg 768w, https:\/\/www.cretoikos.com\/wp-content\/uploads\/2018\/02\/02-877x1024.jpg 877w, https:\/\/www.cretoikos.com\/wp-content\/uploads\/2018\/02\/02-450x525.jpg 450w, https:\/\/www.cretoikos.com\/wp-content\/uploads\/2018\/02\/02-780x911.jpg 780w\" sizes=\"auto, (max-width: 931px) 100vw, 931px\" \/><\/div>\n\t\t<\/figure>\n\t<\/div>\n<\/div><\/div><\/div><\/div><div class=\"vc_row-full-width vc_clearfix\"><\/div><div style=\"\"class=\"normal_height vc_row wpb_row vc_row-fluid vc_custom_1589060457749 vc_row-has-fill\"><div class=\"wpb_column vc_column_container vc_col-sm-1\/5\"><div class=\"vc_column-inner\"><div class=\"wpb_wrapper\">\n\t<div  class=\"wpb_single_image wpb_content_element vc_align_right\">\n\t\t\n\t\t<figure class=\"wpb_wrapper vc_figure\">\n\t\t\t<div class=\"vc_single_image-wrapper   vc_box_border_grey\"><img loading=\"lazy\" decoding=\"async\" width=\"275\" height=\"183\" src=\"https:\/\/www.cretoikos.com\/wp-content\/uploads\/2020\/05\/order-shipping-eshop-buy-online-4.jpg\" class=\"vc_single_image-img attachment-full\" alt=\"Va\u0161e naro\u010dilo po\u0161ljemo po vsem svetu!\" \/><\/div>\n\t\t<\/figure>\n\t<\/div>\n<\/div><\/div><\/div><div class=\"wpb_column vc_column_container vc_col-sm-3\/5\"><div class=\"vc_column-inner\"><div class=\"wpb_wrapper\">\n\t<div class=\"wpb_text_column wpb_content_element\" >\n\t\t<div class=\"wpb_wrapper\">\n\t\t\t<p style=\"text-align: center; font-size: 20px;\" class=\"translation-block\"><a href=\"https:\/\/www.cretoikos.com\/sl\/stroski-dostave-in-posiljanja\/\" target=\"_self\"><strong>Po\u0161iljanje po vsem svetu<\/strong><\/a> \u2013 va\u0161e naro\u010dilo po\u0161ljemo v <strong>vse dr\u017eave<\/strong> po vsem svetu!<\/p>\n<p style=\"text-align: center; font-size: 22px;\"><strong>hitro po\u0161iljanje <\/strong>\u2013 na spletu <strong>sledenje paketom<\/strong> na voljo<br \/>\nv realnem \u010dasu <a href=\"https:\/\/www.cretoikos.com\/sl\/sledenje-narocilu\/\"><strong>sledenje in sledenje<\/strong><\/a> va\u0161ega naro\u010dila olj\u010dnega olja<\/p>\n\n\t\t<\/div>\n\t<\/div>\n<\/div><\/div><\/div><div class=\"wpb_column vc_column_container vc_col-sm-1\/5\"><div class=\"vc_column-inner\"><div class=\"wpb_wrapper\">\n\t<div  class=\"wpb_single_image wpb_content_element vc_align_left\">\n\t\t\n\t\t<figure class=\"wpb_wrapper vc_figure\">\n\t\t\t<div class=\"vc_single_image-wrapper   vc_box_border_grey\"><img loading=\"lazy\" decoding=\"async\" width=\"325\" height=\"215\" src=\"https:\/\/www.cretoikos.com\/wp-content\/uploads\/2020\/05\/order-shipping-eshop-buy-online.jpg\" class=\"vc_single_image-img attachment-full\" alt=\"Va\u0161e naro\u010dilo po\u0161ljemo po vsem svetu!\" srcset=\"https:\/\/www.cretoikos.com\/wp-content\/uploads\/2020\/05\/order-shipping-eshop-buy-online.jpg 325w, https:\/\/www.cretoikos.com\/wp-content\/uploads\/2020\/05\/order-shipping-eshop-buy-online-300x198.jpg 300w\" sizes=\"auto, (max-width: 325px) 100vw, 325px\" \/><\/div>\n\t\t<\/figure>\n\t<\/div>\n<\/div><\/div><\/div><\/div><div style=\"\"class=\"adjust_cols_height vc_row wpb_row vc_row-fluid vc_row-o-equal-height vc_row-flex\"><div class=\"wpb_column vc_column_container vc_col-sm-12\"><div class=\"vc_column-inner\"><div class=\"wpb_wrapper\"><section class=\"vc_cta3-container\"><div class=\"vc_general vc_cta3 vc_cta3-style-classic vc_cta3-shape-rounded vc_cta3-align-center vc_cta3-color-green vc_cta3-icon-size-md vc_cta3-actions-bottom\"><div class=\"vc_cta3_content-container\"><div class=\"vc_cta3-content\"><header class=\"vc_cta3-content-header\"><h2>Ekstra devi\u0161ko olj\u010dno olje (EVOO) - Olive - Med - Mila<\/h2><\/header><h2 style=\"text-align: center;\"><a href=\"https:\/\/www.cretoikos.com\/sl\/eshop\/\">Kupite olj\u010dno olje EVOO v spletu \u2013 na\u0161a e-trgovina<\/a><\/h2>\n<h2><a href=\"https:\/\/www.cretoikos.com\/sl\/eshop\/\"><img loading=\"lazy\" decoding=\"async\" class=\"aligncenter wp-image-3971 size-full\" src=\"https:\/\/www.cretoikos.com\/wp-content\/uploads\/2018\/10\/homepage_all_products_family_photo.jpg\" alt=\"Na\u0161i izdelki iz olj\u010dnega olja EVOO\" width=\"1903\" height=\"452\" srcset=\"https:\/\/www.cretoikos.com\/wp-content\/uploads\/2018\/10\/homepage_all_products_family_photo.jpg 1903w, https:\/\/www.cretoikos.com\/wp-content\/uploads\/2018\/10\/homepage_all_products_family_photo-300x71.jpg 300w, https:\/\/www.cretoikos.com\/wp-content\/uploads\/2018\/10\/homepage_all_products_family_photo-768x182.jpg 768w, https:\/\/www.cretoikos.com\/wp-content\/uploads\/2018\/10\/homepage_all_products_family_photo-1024x243.jpg 1024w, https:\/\/www.cretoikos.com\/wp-content\/uploads\/2018\/10\/homepage_all_products_family_photo-450x107.jpg 450w, https:\/\/www.cretoikos.com\/wp-content\/uploads\/2018\/10\/homepage_all_products_family_photo-780x185.jpg 780w\" sizes=\"auto, (max-width: 1903px) 100vw, 1903px\" \/><\/a><\/h2>\n<p>&nbsp;<\/p>\n<p><a href=\"https:\/\/www.cretoikos.com\/sl\/eshop\/\"><img loading=\"lazy\" decoding=\"async\" class=\"size-full wp-image-3915 aligncenter\" src=\"https:\/\/www.cretoikos.com\/wp-content\/uploads\/2018\/10\/cards-new-small.png\" alt=\"Kupite kretsko ekstra devi\u0161ko olj\u010dno olje na spletu\" width=\"233\" height=\"117\" \/><\/a><\/p>\n<\/div><div class=\"vc_cta3-actions\"><div class=\"vc_btn3-container  wpb_animate_when_almost_visible wpb_zoomIn zoomIn vc_btn3-center\" ><a class=\"vc_general vc_btn3 vc_btn3-size-lg vc_btn3-shape-rounded vc_btn3-style-modern vc_btn3-color-green\" href=\"https:\/\/www.cretoikos.com\/sl\/eshop\/\" title=\"Naro\u010dite prek spleta - e-trgovina\">Kupite olj\u010dno olje na spletu \u2013 obi\u0161\u010dite na\u0161o e-trgovino<\/a><\/div><\/div><\/div><\/div><\/section><\/div><\/div><\/div><\/div>","protected":false},"excerpt":{"rendered":"CRETOIKOS - Mylopotamos Health Foods We are producers of Premium Cretan Extra Virgin Olive Oil (EVOO) &amp; ORGANIC EVOO Olive Oil in Crete island Greece. Our motive is to show the consumers our love and respect to the soil and especially the olive tree, its most precious fruit, the olive oil - the \u201cliquid gold\u201d [...]","protected":false},"author":1,"featured_media":0,"parent":0,"menu_order":0,"comment_status":"closed","ping_status":"closed","template":"page-boxed.php","meta":{"footnotes":""},"class_list":["post-494","page","type-page","status-publish","hentry"],"_links":{"self":[{"href":"https:\/\/www.cretoikos.com\/sl\/wp-json\/wp\/v2\/pages\/494","targetHints":{"allow":["GET"]}}],"collection":[{"href":"https:\/\/www.cretoikos.com\/sl\/wp-json\/wp\/v2\/pages"}],"about":[{"href":"https:\/\/www.cretoikos.com\/sl\/wp-json\/wp\/v2\/types\/page"}],"author":[{"embeddable":true,"href":"https:\/\/www.cretoikos.com\/sl\/wp-json\/wp\/v2\/users\/1"}],"replies":[{"embeddable":true,"href":"https:\/\/www.cretoikos.com\/sl\/wp-json\/wp\/v2\/comments?post=494"}],"version-history":[{"count":6,"href":"https:\/\/www.cretoikos.com\/sl\/wp-json\/wp\/v2\/pages\/494\/revisions"}],"predecessor-version":[{"id":15431,"href":"https:\/\/www.cretoikos.com\/sl\/wp-json\/wp\/v2\/pages\/494\/revisions\/15431"}],"wp:attachment":[{"href":"https:\/\/www.cretoikos.com\/sl\/wp-json\/wp\/v2\/media?parent=494"}],"curies":[{"name":"wp","href":"https:\/\/api.w.org\/{rel}","templated":true}]}}