{"id":3453,"date":"2018-05-14T11:28:58","date_gmt":"2018-05-14T11:28:58","guid":{"rendered":"https:\/\/www.cretoikos.com\/?page_id=3453"},"modified":"2020-05-06T02:52:46","modified_gmt":"2020-05-05T23:52:46","slug":"tos-navaden","status":"publish","type":"page","link":"https:\/\/www.cretoikos.com\/sl\/tos-plain\/","title":{"rendered":"TOS"},"content":{"rendered":"<p>www.cretoikos.com je e-trgovina, ki razstavlja in ponuja izdelke na spletu. Je del podjetja \u201cZacharakis Konstantinos &amp; CO General Partnership\u201d s sede\u017eem v Angeliani Rethymno, Kreta, Gr\u010dija (dav\u010dna \u0161tevilka 099704169, dav\u010dni urad Rethymno). Preden vstopite v e-trgovino in brskate po na\u0161em spletnem mestu, vas prosimo, da najprej preberete spodnje pogoje in dolo\u010dila, ki bodo veljali, \u010de uporabljate e-trgovino podjetja \u201cZacharakis Konstantinos &amp; CO General Partnership\u201d in ki najdete pod naslovom www.cretoikos.com<\/p>\n<p>Prepri\u010dajte se, da se strinjate z naslednjimi dolo\u010dili in predpogoji, saj transakcijo z nami na tej spletni strani urejajo ti pogoji in vse transakcije z nami predpostavljajo sprejetje teh pogojev.<\/p>\n<p>1. POGOJI<br \/>\nPodjetje Zacharakis Konstantinos &amp; CO General Partnership ima pravico enostransko spremeniti ali zamenjati pogoje in pogoje transakcij, ki se izvajajo v tej spletni trgovini. Na\u0161e podjetje je dol\u017eno obve\u0161\u010dati uporabnike na spletni strani te spletne trgovine o spremembah in spremembah na splo\u0161no. Pojasniti \u017eelimo, da sprememba pogojev ne vpliva na \u017ee zaklju\u010dena naro\u010dila.<\/p>\n<p>2. ZAGOTOVLJENE INFORMACIJE IN IZDELKI<br \/>\nPodjetje Zacharakis Konstantinos &amp; CO General Partnership jam\u010di za popolnost in veljavnost podatkov na spletni strani www.cretoikos.com, vklju\u010dno z obstojem bistvenih lastnosti opisanih izdelkov in pravilnostjo podatkov, ki se nana\u0161ajo na opravljene storitve podjetja. e-trgovine, pridr\u017eujemo tehni\u010dne ali dobesedne napake, ki so bile morda spregledane ali so nastale nenamerno ali zaradi prekinitve internetne povezave zaradi vi\u0161je sile.<\/p>\n<p>3. OMEJENA ODGOVORNOST<br \/>\nPodjetje Zacharakis Konstantinos &amp; CO General Partnership obljublja, da bo kon\u010dne kupce pravo\u010dasno obvestilo o morebitni nedobavljivosti izdelkov. E-trgovina podjetja ne odgovarja za tehni\u010dne te\u017eave, do katerih lahko pride, \u010de uporabniki posku\u0161ajo dostopati do interneta ali med povezavo in so povezane z zdru\u017eljivostjo njihove povezave s spletno stranjo. Prav tako Zacharakis Konstantinos &amp; CO General Partnership ne odgovarja za dejanja ali opustitve tretjih oseb in \u0161e posebej za nepoobla\u0161\u010dene posege tretjih oseb v izdelke, storitve in posredovane informacije dru\u017ebe.<\/p>\n<p>4. AVTORSKE PRAVICE<br \/>\nSpletna stran www.cretoikos.com je uradna stran dru\u017ebe Zacharakis Konstantinos &amp; CO General Partnership. Celotna vsebina spletnih strani, ki jih je dru\u017eba objavila v omre\u017eju, vklju\u010dno s slikami, grafikami, fotografijami, risbami, besedili, zagotovljenimi storitvami in izdelki, je avtorsko za\u0161\u010ditena s strani Zacharakis Konstantinos &amp; CO General Partnership in je za\u0161\u010ditena z ustreznimi dolo\u010dbami gr\u0161ke zakonodaje. , evropsko pravo in mednarodne pogodbe. Imena, slike, logotipi in razpoznavni znaki, ki predstavljajo Zacharakis Konstantinos &amp; CO General Partnership in\/ali e-trgovino in\/ali tretje osebe, povezane s podjetjem ter njegovimi izdelki in storitvami, so izklju\u010dni znaki in razpoznavni znaki Zacharakis Konstantinos &amp; CO General Partnership Partnerstvo in\/ali www.cretoikos.com in\/ali zgoraj omenjene tretje osebe in so za\u0161\u010diteni z gr\u0161kim pravom, pravom Evropske unije ter mednarodnimi trgovinskimi in industrijskimi kodeksi o avtorskih pravicah in nelojalni konkurenci.<\/p>\n<p>V nobenem primeru njihovega pojavljanja in prikaza na spletni strani www.cretoikos.com ni mogo\u010de \u0161teti za dodelitev ali prenos dovoljenja ali kot pravico do uporabe.<\/p>\n<p>5. OBVEZNOSTI UPORABNIKA<br \/>\nUporabniki spletnih strani www.cretoikos.com se strinjajo, da ne morejo uporabljati strani in e-trgovine dru\u017ebe Zacharakis Konstantinos &amp; CO General Partnership za posredovanje, obve\u0161\u010danje, posredovanje po e-po\u0161ti ali prenos na druge na\u010dine kakr\u0161ne koli nezakonite vsebine. , \u0161kodljivo, groze\u010de, \u017ealjivo, mote\u010de, obrekljivo, obrekljivo, vulgarno, nespodobno ali predstavlja poseg v zasebnost druge osebe, izra\u017ea empatijo ali rasno, narodno ali drugo diskriminacijo ali lahko na kakr\u0161en koli na\u010din povzro\u010di \u0161kodo mladoletnim osebam, je ni dovoljeno objaviti v skladu z zakonom ali konvencionalnimi pravili ali pravili upravljanja (kot so interne informacije, informacije o bogastvu in zaupne informacije, ki so bile pridobljene ali razkrite v okviru delovnega razmerja ali informacije, zajete v zaupnih pogodbah), ali kr\u0161iti katero koli izum, komercialni znak, poslovna skrivnost, avtorske pravice ali druge lastninske pravice tretjih oseb, vsebuje programske viruse ali druge kode, datoteke ali programe, ki so bili ustvarjeni za zaustavitev, \u0161kodo, uni\u010denje ali pokvaritev katere koli programske opreme ali ra\u010dunalni\u0161kih delov, ki namerno kr\u0161ijo ali nenamerno veljavne gr\u0161ke in evropske zakone in njihove dolo\u010dbe, ki lahko na kakr\u0161en koli na\u010din nadlegujejo tretje osebe, in vse vsebine, ki se uporabljajo za zbiranje ali shranjevanje osebnih podatkov uporabnikov.<\/p>\n<p>6. VARNOST<br \/>\nZacharakis Konstantinos &amp; CO General Partnership se zaveda pomena varnosti va\u0161ih osebnih podatkov in elektronskih transakcij in je sprejel vse sodobne in napredne metode za zagotavljanje va\u0161e optimalne varnosti. Vse informacije v zvezi z va\u0161imi osebnimi podatki in transakcijami so varne in zaupne. Varnost e-trgovine Zacharakis Konstantinos &amp; CO General Partnership je dose\u017eena z naslednjimi metodami:<\/p>\n<p>Identifikacija stranke<\/p>\n<p>Kodi, ki se uporabljata za identifikacijo stranke, sta dve: Vhodna koda (e-po\u0161ta ali uporabni\u0161ko ime) in osebna varnostna koda (geslo), ki vam kadarkoli omogo\u010data popolnoma varen dostop do va\u0161ih osebnih podatkov. Svojo osebno varnostno kodo (geslo) in svoj e-po\u0161tni naslov lahko spremenite tako pogosto, kot \u017eelite. Edina oseba, ki ima dostop do va\u0161ih podatkov ste vi, preko va\u0161ih zgoraj navedenih kod in ste odgovorni za nerazkritje in prikrivanje pred tretjimi osebami. V primeru izgube ali uhajanja kod nas morate takoj kontaktirati; sicer e-shop Zacharakis Konstantinos &amp; CO General Partnership ne odgovarja za uporabo varnostne kode s strani nepoobla\u0161\u010dene osebe. Priporo\u010damo, da zaradi varnosti redno spreminjate geslo in da ne uporabljate istih in preprostih kod (kot je datum rojstva). Priporo\u010damo tudi, da za ustvarjanje gesla ne uporabljate samo \u0161tevilk in \u010drk, ampak tudi simbole.<\/p>\n<p>Samodejna odjava<\/p>\n<p>\u010ce 20 minut ne storite ni\u010desar, se samodejno prekine povezava z domeno stranke e-trgovine Zacharakis Konstantinos &amp; CO General Partnership.<\/p>\n<p>Nadzorovan dostop (po\u017earni zid)<\/p>\n<p>Dostop do sistemov Zacharakis Konstantinos &amp; CO General Partnership (stre\u017enikov) je nadzorovan s po\u017earnim zidom, ki strankam\/uporabnikom omogo\u010da uporabo dolo\u010denih storitev, hkrati pa ne dovoljuje dostopa do baz podatkov z zaupne podatke in podatke o podjetju.<\/p>\n<p>Zaupni prenosi<\/p>\n<p>Spo\u0161tovanje zaupnosti je samoumevno. Ista na\u010dela, ki veljajo za klasi\u010dne transakcije, veljajo tudi za e-poslovanje. Vse informacije, ki jih posreduje uporabnik\/\u010dlan Zacharakis Konstantinos &amp; CO General Partnership, so zaupne in dru\u017eba je sprejela vse potrebne ukrepe za njihovo uporabo le do sedaj, saj se \u0161teje za bistvenega pomena v okviru ponujenih storitev. Nekatere sprejete preventive so naslednje:<\/p>\n<p>Samo poobla\u0161\u010deni zaposleni imajo dostop do informacij o transakcijah in le, \u010de se zdi potrebno, na primer za posredovanje va\u0161ih naro\u010dil.<br \/>\nZacharakis Konstantinos &amp; CO General Partnership ne bo razkril podatkov strank in njihovih transakcij, razen \u010de imamo va\u0161e pisno dovoljenje ali \u010de to zahteva sodna odlo\u010dba ali odlo\u010dba drugega organa.<br \/>\nV primeru, da bo Zacharakis Konstantinos &amp; CO General Partnership za podporo svojih sistemov uporabilo tretjo osebo, jam\u010dimo za skladnost z zaupnostjo.<br \/>\nV skladu z dolo\u010dbami 7. poglavja, ki obravnava osebne podatke, lahko zahtevate kakr\u0161ne koli shranjene podatke in zahtevate njihov popravek, \u010de doka\u017eete, da so napa\u010dni.<br \/>\nZaradi lastne varnosti morate tudi vi ravnati z vsemi informacijami, ki so posredovane prek na\u0161ih storitev, kot z zasebnimi in zaupnimi in jih ne smete razkriti tretjim osebam.<\/p>\n<p>7. VARNOST OSEBNIH PODATKOV<br \/>\n\u010ce obi\u0161\u010dete domeno www.cretoikos.com, boste morda pozvani, da navedete svoje osebne podatke (ime, priimek, poklic, e-po\u0161ta, naslov za dostavo izdelkov itd.), na splo\u0161no za upravljanje va\u0161ega naro\u010dila ali za zagotavljanje na\u0161ih storitev. Osebni podatki, ki jih boste navedli kjer koli v na\u0161i domeni za storitve spletne strani www.cretoikos.com, se hranijo izklju\u010dno zaradi razlogov, ki zadevajo transakcije z vami, izbolj\u0161anje ponujenih storitev in poravnavo teh storitev; ni dovoljeno, da bi jih uporabljala tretja oseba (razen pristojnih organov, v primerih, ki jih dolo\u010da zakon).<\/p>\n<p>Zaposleni v Zacharakis Konstantinos &amp; CO General Partnership, ki imajo dostop do va\u0161ih osebnih podatkov, so specifi\u010dni in dostop oseb do va\u0161ih podatkov brez provizije ni dovoljen. Za za\u0161\u010dito va\u0161ih osebnih podatkov smo uporabili vse razumne preventivne ukrepe. V izjemno redkih primerih se lahko va\u0161i osebni podatki posredujejo sodelavcem dru\u017ebe Zacharakis Konstantinos &amp; CO General Partnership za podporo, posredovanje in izvajanje transakcij z vami, vendar vedno pod pogojem, da va\u0161i osebni podatki ne bodo obdelani nezakonito.<\/p>\n<p>Za kakr\u0161no koli drugo vpra\u0161anje, predlog ali izjavo v tem kontekstu se obrnite na nas prek posebnega kontaktnega obrazca, ki ga najdete na povezavi https:\/\/www.cretoikos.com\/contact-us\/.<\/p>\n<p>Uporabnik ima kadarkoli pravico zahtevati informacije ali zavrniti nadaljnjo obdelavo svojih osebnih podatkov, v skladu z veljavno zakonodajo o varstvu osebnih podatkov.<\/p>\n<p>8. NAKUP IZDELKOV<br \/>\nGeneralno partnerstvo Zacharakis Konstantinos &amp; CO si po svojih najbolj\u0161ih mo\u010deh prizadeva za zagotavljanje storitev na visoki ravni. Toda to prizadevanje ne more izklju\u010diti napak v cenah in sekundarnih podrobnostih izdelkov; in ni mogo\u010de izklju\u010diti, da lahko zaradi vnosa\/obnove cen izdelka pride do motenj v delovanju interneta ali \u010dlove\u0161ke okvare. Zaradi lastne za\u0161\u010dite in u\u010dinkovitosti nakupov vas prosimo, da nas pokli\u010dete na tel <strong>+30 28340 23594<\/strong> ali da nas kontaktirate prek <strong>E-naslov<\/strong> obrazec na na\u0161i spletni strani, \u010de se prepri\u010date, da je izdelek ponujen po neobi\u010dajno nizki ali visoki ceni, ki je sorazmerna z njegovo tr\u017eno vrednostjo, preden nadaljujete z naro\u010dilom.<\/p>\n<p>Poleg tega vam priporo\u010damo, da preden za\u010dnete z nakupom v na\u0161i spletni trgovini, najprej obi\u0161\u010dete razdelek \u00bbpomo\u010d in pogoji uporabe\u00ab, kjer boste na\u0161li koristne informacije o postopku nakupa izdelkov.<\/p>\n<p>Po registraciji va\u0161ega naro\u010dila boste prejeli avtomatski odgovor, v katerem so navedene podrobnosti va\u0161ega naro\u010dila. Po obdelavi va\u0161ega naro\u010dila s strani oddelka za elektronski nakup dru\u017ebe Zacharakis Konstantinos &amp; CO General Partnership boste prejeli drugo potrditveno e-po\u0161to s seznamom izdelkov, ki vam jih bomo poslali. Od tega trenutka je pogodba med nami sklenjena.<\/p>\n<p>Med obdelavo va\u0161ega naro\u010dila boste prejeli vrsto samodejnih odgovorov, ki bodo navajali potek va\u0161ega naro\u010dila. Ta sporo\u010dila se nana\u0161ajo na naslednje korake:<\/p>\n<p>Obdelava va\u0161ega naro\u010dila: V kolikor je va\u0161e naro\u010dilo prejel zaposleni v na\u0161em podjetju, ga bo preveril glede pravilnosti in ga posredoval v trgovino za sestavljanje izdelkov.<\/p>\n<p>Obra\u010dunavanje: artikli va\u0161ega naro\u010dila so sestavljeni z namenom, da jih po\u0161ljemo na va\u0161 naslov.<\/p>\n<p>Delno zara\u010dunavanje: nekaterih elementov va\u0161ega naro\u010dila ni bilo mogo\u010de sestaviti in so na \u010dakanju. Artikle, ki so navedeni v e-po\u0161ti, boste prejeli.<\/p>\n<p>Preklic: Va\u0161e naro\u010dilo je bilo preklicano po va\u0161i zahtevi ali ker nismo mogli stopiti v stik z vami za potrditev naro\u010dila.<\/p>\n<p>V primeru, da nekateri izdelki va\u0161ega naro\u010dila ne bodo na voljo, boste prejeli ustrezno e-po\u0161to ali\/in SMS. Druga mo\u017enost je, da vas bomo kontaktirali po telefonu na \u0161tevilko, ki ste jo navedli med postopkom registracije ali ob naro\u010dilu.<\/p>\n<p>Teh sporo\u010dil ni mogo\u010de onemogo\u010diti; njihovo po\u0161iljanje je predpogoj za pravilno izvedbo naro\u010dila. Prosimo vas, da zagotovite, da boste prejeli ta e-po\u0161tna sporo\u010dila in da imate dostop do njih, dokler traja transakcija. V primeru, da teh elektronskih sporo\u010dil ne prejmete, ste nas v skladu s splo\u0161nimi pogoji poslovanja, ki urejajo na\u0161e poslovanje, dol\u017eni o tem nemudoma obvestiti. Izdelke vam bomo dostavili v najkraj\u0161em mo\u017enem \u010dasu, rok dobave pa ne bo dalj\u0161i od tridesetih dni od sklenitve pogodbe.<\/p>\n<p>9. PRAVICA DO ODPOVEDI NAKUPA NA DALJAVO<br \/>\nV primeru nakupov na daljavo (npr. spletni nakup) imate pravico do vra\u010dila izdelka, mi pa vam bomo vrnili denar, \u010de nas o tem obvestite preko kontaktnega obrazca (https:\/\/www.cretoikos.com\/contact). -us\/, po telefonu pod \u0161tevilko +30 28340 23594 ali +30 6948401441 ali po faksu (+30 28340 23574), v desetih koledarskih dneh od prejema izdelka s strani vas ali tretje osebe, ki ste jo imenovali naro\u010dite vrsto izdelkov, rok za\u010dne te\u010di od trenutka, ko prejmete zadnji kos naro\u010dila ali od zaklju\u010dka zadnje dostave v primeru stalnih dobav. \u010ce uveljavljate pravico do preklica, ste nam dol\u017eni izdelek vrniti v prvotnem brezhibnem stanju (kot nov), v katerem ste ga prejeli, ali pa nam morate poslati izrecno nesporno dokazilo, da ste nam ga vrnili v 10 koledarskih dneh in varno vam bomo vrnili denar, ki ste nam ga pla\u010dali; , enak na\u010din pla\u010dila, kot ste ga izbrali, ko ste nam pla\u010dali kupnino. V primeru, da ste pla\u010dali s pla\u010dilno kartico, bomo nemudoma obvestili izdajatelja kartice in vam ne bomo zanesljivi za morebitne zamude pri popla\u010dilu izven na\u0161e odgovornosti.<\/p>\n<p>Potro\u0161nik je zanesljiv za morebitno zni\u017eanje vrednosti izdelkov le zaradi obdelave, ki ni primerna za ohranjanje narave, lastnosti in funkcije izdelka. Ne odgovarjamo in potro\u0161niku ne bomo povrnili \u0161kode, \u010de je \u0161koda na izdelku nastala po krivdi potro\u0161nika ali v primeru uporabe, ki presega raven, ki je potrebna za ohranitev narave, lastnosti in funkcije izdelka. izdelek. V tem primeru bo odpoved brez rezultata.<\/p>\n<p>V vsakem primeru morajo biti izdelki, ki jih \u017eelite vrniti, opremljeni z ustreznimi pravnimi dokumenti in potrdilom o prejemu. \u010ce stro\u0161ki po\u0161iljanja ali vra\u010dila izdelka presegajo obi\u010dajne stro\u0161ke po\u0161tnih storitev, jih Zacharakis Konstantinos &amp; CO General Partnership ne krije in bodo obremenili stranko.<\/p>\n<p>Nimate pravice do preklica v primerih \u010dlena 3\u03b9\u03b2 zakona 2251\/94 ali v drugih primerih, ki jih dolo\u010da zakon ali ti pogoji uporabe.<\/p>\n<p>10. ODGOVORNOST ZACHARAKIS KONSTANTINOS &amp; CO PARTNERSTVA GLEDE KAKOVOSTI IN POTENCIJALNE NAPAKE IZDELKOV<br \/>\nZacharakis Konstantinos &amp; CO General Partnership vam za vsak izdelek, ki je na voljo v e-trgovini, jam\u010di za pravilnost roka uporabnosti in lastnosti izdelka, da zagotovi pravilno izvedbo naro\u010dila. Ob dostavi izdelkov prek prevoznika preverite, ali ste prejeli prave izdelke in pravilno koli\u010dino v odli\u010dnem stanju. V kolikor boste pri dostavi odkrili napako, jo ozna\u010dite na voucherju prevoznika ali nas pokli\u010dite na \u0161tevilko 2834023594 ali nam po\u0161ljite e-po\u0161to. Izdelke, ki jih je med transportom po\u0161kodoval prevoznik, ki ga uporabljamo, bomo zamenjali ali knji\u017eili na ra\u010dun, ki ga imenujete, ali pa jih bomo od\u0161teli od va\u0161ega naslednjega naro\u010dila.<\/p>\n<p>Zacharakis Konstantinos &amp; CO General Partnership je odgovoren za vse obveznosti, ki jih je civilno pravo predvidelo za kupca. Zgoraj navedene obveznosti ne veljajo, \u010de je napaka nastala po va\u0161i krivdi ali zaradi vi\u0161je sile v o\u017ejem ali \u0161ir\u0161em smislu. Da bi se izognili zamudam, morajo v vsakem primeru izdelke spremljati potrebni pravni dokumenti in dokazilo o prejemu.<\/p>\n<p>11. PREKLIC NARO\u010cILA<br \/>\nBrez omejitve pogojev iz 9. \u010dlena je naro\u010dilo mogo\u010de preklicati v naslednjih okoli\u0161\u010dinah:<\/p>\n<p>Pred zaklju\u010dkom naro\u010dila se lahko med postopkom elektronskega naro\u010dila vrnete \u201cnazaj\u201d in prekli\u010dete koli\u010dino naro\u010denih izdelkov iz ko\u0161arice s pritiskom na spodnji gumb \u201codstrani\u201d.<br \/>\n\u010ce je elektronsko naro\u010dilo zaklju\u010deno, vendar \u0161e ni poslano, lahko pokli\u010dete +30 28340 23594 in prosite enega od na\u0161ih zaposlenih za preklic naro\u010dila.<br \/>\nPo prejemu izdelka lahko pokli\u010dete na +30 28340 23594 ali nas kontaktirate preko e-po\u0161tnega obrazca na na\u0161i spletni strani in nam pojasnite, zakaj \u017eelite preklicati naro\u010dilo. Eden od na\u0161ih zaposlenih vam bo takoj pomagal in vas obvestil o vseh mo\u017enostih, ki jih imate.<br \/>\n\u010ce je va\u0161e naro\u010dilo \u017ee zara\u010dunano in ga \u017eelite preklicati, pokli\u010dite +30 28340 23594 in navedite podrobnosti va\u0161ega naro\u010dila. Toda v tem primeru se status va\u0161ega naro\u010dila na strani va\u0161ega ra\u010duna ne bo spremenil.<\/p>\n<p>12. NA\u010cINI PLA\u010cILA<br \/>\na) Polog \/ nakazilo na ban\u010dni ra\u010dun<br \/>\n\u0160t. ra\u010duna EUROBANK: 0026.0331.42.0200418817<\/p>\n<p>IBAN: GR20 0260 3310 0004 2020 0418 817<\/p>\n<p>Prosimo, da nam po\u0161ljete potrdilo o pla\u010dilu va\u0161e banke po faksu na \u0161tevilko +30 28340 23574 ali na e-po\u0161tni naslov account@mylopotamos-health-foods.gr, tako da navedete \u0161tevilko naloga za la\u017eje odkrivanje. Takoj ko prejmemo kopijo potrdila o pla\u010dilu, bomo za\u010deli po\u0161iljati va\u0161e naro\u010dilo.<\/p>\n<p>b) Pla\u010dilo z debetno ali kreditno kartico, zavarovano z Viva Wallet \/ PayPal<br \/>\nE-trgovina dru\u017ebe Zacharakis Konstantinos &amp; CO General Partnership sprejema vse kreditne kartice, Visa, Mastercard, American Express in Diners. Va\u0161e transakcije v na\u0161i e-trgovini so zavarovane z naprednimi spletnimi varnostnimi sistemi, ki zagotavljajo varno transakcijo.<\/p>\n<p>\u010ce kot na\u010din pla\u010dila izberete Viva Wallet\/PayPal, boste takoj preusmerjeni na ustrezno stran za dokon\u010danje transakcije in pla\u010dilo naro\u010dila. Viva Wallet\/ PayPal je varen in zanesljiv posrednik pri spletnih transakcijah. \u010ce nimate ra\u010duna Viva Wallet\/PayPal, se lahko prijavite in uporabite svojo debetno ali kreditno kartico ali svoj ban\u010dni ra\u010dun.<\/p>\n<p>Transakcije, izvedene s pomo\u010djo Viva Wallet\/PayPal, zadevajo samo dostavo v prostorih stranke in ne zdru\u017eujejo drugih na\u010dinov pla\u010dila. Za vpra\u0161anja in informacije o pla\u010dilu lahko obi\u0161\u010dete spletno stran Viva Wallet\/PayPal. Transakcije, ki se izvajajo s podporo Viva Wallet\/PayPal, urejajo dolo\u010dila in pogoji ponudnika storitev.<\/p>\n<p>13. NARO\u010cILO \/ DOSTAVA IZDELKOV \/ STRO\u0160KI PREVOZA<br \/>\nZaklju\u010dek naro\u010dila:<\/p>\n<p>Takoj, ko kon\u010date z naro\u010dilom, se prika\u017ee naslednje sporo\u010dilo (primer): \u00bbVA\u0160E NARO\u010cILO JE IZKLJU\u010cENO. HVALA VAM.&quot; \u0160tevilka va\u0161ega naro\u010dila je (npr.) 121. Preverite svojo e-po\u0161to. Poslali smo vam potrditveno e-po\u0161to s podrobnostmi va\u0161ega naro\u010dila.<\/p>\n<p>Datum in \u010das dostave:<\/p>\n<p>Dostava izven Gr\u010dije (dr\u017eave EE in preostali svet)<\/p>\n<p>Dostavo izdelkov izvaja kurirska slu\u017eba TNT (hitra ali gospodarska).<\/p>\n<p>TNT je hitra kurirska slu\u017eba, ki je na voljo za dolo\u010dene te\u017ee naro\u010dil do 30 kilogramov (stro\u0161ke lahko preverite pod \u201cocenjeni stro\u0161ki prevoza in davki\u201d v nakupovalni ko\u0161arici). Minimalna te\u017ea naro\u010dila je 5 kg. V normalnih okoli\u0161\u010dinah storitev TNT dostavi v 2-5 dneh. Poleg tega so po\u0161iljke s TNT zavarovane z zneskom 10 evrov na kilogram, \u010de izberete TNT ekonomi\u010dno, in z 20 evri na kilogram, \u010de izberete TNT express, v primeru izgube ali uni\u010denja paketa. Dostavni dnevi na\u0161ega kurirja (v tem primeru TNT) so od ponedeljka do petka.<\/p>\n<p>\u010ce imate raje kurirsko slu\u017ebo po va\u0161i izbiri, s katero mi (Zacharakis Konstantinos &amp; CO General Partnership) ne sodelujemo, stro\u0161ke prevoza krije naro\u010dnik.<\/p>\n<p>15. ZAMUDA DOSTAVE<br \/>\nVa\u0161e naro\u010dilo lahko zamuja zaradi naslednjih razlogov:<\/p>\n<p>Izdelek ni na voljo. V tem primeru vas bo na\u0161e podjetje kontaktiralo po telefonu ali e-po\u0161ti, da bi na\u0161li re\u0161itev.<br \/>\nV primeru ekstremnih vremenskih razmer ali stavk ter v primerih vi\u0161je sile lahko to vpliva na po\u0161iljanje in dostavo va\u0161ega naro\u010dila.<br \/>\nV primeru, da kontakt z vami po telefonu ali\/in e-po\u0161ti ni mogo\u010d (\u010de se pojavi te\u017eava z va\u0161im naro\u010dilom, bodisi z izdelkom bodisi s pla\u010dilom), ker podatki, ki ste jih navedli, niso veljavni. Vendar zamuda ne bo presegla 30 dni od dneva zaklju\u010dka pogodbe.<\/p>\n<p>16. NOVICEZRE\u010cICE<br \/>\nZacharakis Konstantinos &amp; CO General Partnership redno po\u0161ilja glasila.<br \/>\nZacharakis Konstantinos &amp; CO General Partnership ni odgovoren, \u010de glasila ne dose\u017eejo cilja. V vsakem primeru bomo s ponudniki internetnih storitev storili vse, kar je v na\u0161i mo\u010di za realizacijo dostave.<br \/>\nNovice lahko po\u0161ljete v mapo z vsiljeno po\u0161to. Vljudno vas prosimo, da redno preverjate, da se ne shranijo v to mapo.<br \/>\nV primeru, da ne \u017eelite ve\u010d prejemati novic ali \u010de \u017eelite, da vas popolnoma odstranijo iz novi\u010darskega sistema dru\u017ebe Zacharakis Konstantinos &amp; CO General Partnership, nas lahko obvestite prek kontaktnega obrazca na na\u0161i spletni strani.<br \/>\nZacharakis Konstantinos &amp; CO General Partnership bo po\u0161iljal posodobitve samo, \u010de se odlo\u010dite, da jih \u017eelite prejemati, in dokler to \u017eelite. \u010ce ste oddali naro\u010dilo na na\u0161em spletnem mestu, vam bomo samodejno poslali e-po\u0161tna sporo\u010dila o napredovanju va\u0161ega naro\u010dila. Teh sporo\u010dil ni mogo\u010de onemogo\u010diti; njihovo po\u0161iljanje je predpogoj za pravilno izvedbo naro\u010dila. Prosimo vas, da zagotovite, da boste prejeli ta e-po\u0161tna sporo\u010dila in da imate dostop do njih, dokler traja transakcija.<br \/>\nV primeru, da teh elektronskih sporo\u010dil ne prejmete, ste nas v skladu s splo\u0161nimi pogoji poslovanja, ki urejajo na\u0161e poslovanje, dol\u017eni o tem nemudoma obvestiti.<\/p>\n<p>(Zgoraj navedene cene vklju\u010dujejo DDV 13% in 24%)<\/p>\n<p>&nbsp;<\/p>\n<p>&#8212;&#8212;&#8212;&#8212;&#8212;&#8212;&#8212;&#8212;&#8212;&#8212;&#8212;&#8212;&#8212;&#8212;&#8212;&#8212;&#8212;&#8212;&#8212;&#8212;&#8212;&#8212;&#8212;&#8212;&#8211;<\/p>\n<p><strong><a href=\"https:\/\/www.cretoikos.com\/sl\/stroski-dostave-in-posiljanja\/\"><img loading=\"lazy\" decoding=\"async\" class=\"alignnone size-medium wp-image-12887\" src=\"https:\/\/www.cretoikos.com\/wp-content\/uploads\/2020\/05\/order-shipping-eshop-buy-online-5-300x169.jpg\" alt=\"Va\u0161e naro\u010dilo po\u0161ljemo po vsem svetu!\" width=\"300\" height=\"169\" srcset=\"https:\/\/www.cretoikos.com\/wp-content\/uploads\/2020\/05\/order-shipping-eshop-buy-online-5-300x169.jpg 300w, https:\/\/www.cretoikos.com\/wp-content\/uploads\/2020\/05\/order-shipping-eshop-buy-online-5-450x253.jpg 450w, https:\/\/www.cretoikos.com\/wp-content\/uploads\/2020\/05\/order-shipping-eshop-buy-online-5.jpg 600w\" sizes=\"auto, (max-width: 300px) 100vw, 300px\" \/><\/a><\/strong><\/p>\n<p><strong><a href=\"https:\/\/www.cretoikos.com\/sl\/stroski-dostave-in-posiljanja\/\">Po\u0161iljanje po vsem svetu<\/a><\/strong> \u2013 va\u0161e naro\u010dilo odpo\u0161ljemo <strong>vse dr\u017eave<\/strong>, po vsem svetu!<br \/>\n(z <strong>spletno sledenje paketa<\/strong> na voljo)<\/p>\n<p>Sodelujemo z <strong><a href=\"https:\/\/www.tnt.com\/\">TNT Express<\/a><\/strong> Mednarodne kurirske slu\u017ebe za hitro in zanesljivo dostavo va\u0161ega naro\u010dila<\/p>\n<p>&nbsp;<\/p>","protected":false},"excerpt":{"rendered":"<p>www.cretoikos.com is an e-shop which exhibits and offers products online. It is part of the company \u201cZacharakis Konstantinos &amp; CO General Partnership\u201d with headquarters in Angeliana Rethymno, Crete, Greece (tax number 099704169, tax office Rethymno). Before you enter the e-shop and surf in our site, we ask you to read first the terms and preconditions [&hellip;]<\/p>\n","protected":false},"author":1,"featured_media":0,"parent":0,"menu_order":0,"comment_status":"closed","ping_status":"closed","template":"","meta":{"footnotes":""},"class_list":["post-3453","page","type-page","status-publish","hentry"],"_links":{"self":[{"href":"https:\/\/www.cretoikos.com\/sl\/wp-json\/wp\/v2\/pages\/3453","targetHints":{"allow":["GET"]}}],"collection":[{"href":"https:\/\/www.cretoikos.com\/sl\/wp-json\/wp\/v2\/pages"}],"about":[{"href":"https:\/\/www.cretoikos.com\/sl\/wp-json\/wp\/v2\/types\/page"}],"author":[{"embeddable":true,"href":"https:\/\/www.cretoikos.com\/sl\/wp-json\/wp\/v2\/users\/1"}],"replies":[{"embeddable":true,"href":"https:\/\/www.cretoikos.com\/sl\/wp-json\/wp\/v2\/comments?post=3453"}],"version-history":[{"count":0,"href":"https:\/\/www.cretoikos.com\/sl\/wp-json\/wp\/v2\/pages\/3453\/revisions"}],"wp:attachment":[{"href":"https:\/\/www.cretoikos.com\/sl\/wp-json\/wp\/v2\/media?parent=3453"}],"curies":[{"name":"wp","href":"https:\/\/api.w.org\/{rel}","templated":true}]}}