{"id":3232,"date":"2018-02-21T08:34:30","date_gmt":"2018-02-21T08:34:30","guid":{"rendered":"https:\/\/www.cretoikos.com\/?page_id=3232"},"modified":"2020-05-10T02:21:07","modified_gmt":"2020-05-09T23:21:07","slug":"stroski-dostave-in-posiljanja","status":"publish","type":"page","link":"https:\/\/www.cretoikos.com\/sl\/delivery-and-shipping-costs\/","title":{"rendered":"Stro\u0161ki dostave in po\u0161iljanja"},"content":{"rendered":"<div style=\"\"class=\"normal_height vc_row wpb_row vc_row-fluid vc_custom_1519202151804\"><div class=\"wpb_column vc_column_container vc_col-sm-12\"><div class=\"vc_column-inner\"><div class=\"wpb_wrapper\">\n\t<div class=\"wpb_text_column wpb_content_element\" >\n\t\t<div class=\"wpb_wrapper\">\n\t\t\t<h1 style=\"font-size: 20px;\">Va\u0161e naro\u010dilo po\u0161ljemo PO CELEM SVETU \u2013 po\u0161ljemo v katero koli dr\u017eavo po vsem svetu z uporabo hitre kurirske slu\u017ebe (TNT Courier \u2013 z na voljo spletnim sledenjem paketom)<\/h1>\n<p>E-trgovina <strong>Cretoikos.com<\/strong> po\u0161lje naro\u010dilo na naslov, ki ga je naro\u010dnik izpolnil v naro\u010dilnici (doma\u010di ali slu\u017ebeni naslov). To <strong>Nujno je, da vnesete pravilen naslov za dostavo, e-po\u0161tni naslov in telefonsko \u0161tevilko<\/strong> da zagotovimo, da lahko na\u0161e podjetje ali kurirska slu\u017eba stopi v stik z vami. (te\u017eave z dostavo, ki lahko nastanejo zaradi napa\u010dno registriranega naslova ali napa\u010dnih podatkov o po\u0161iljanju (zamuda, neuspe\u0161na dostava, vra\u010dilo ali stro\u0161ki), niso odgovornost Cretoikos.com)<\/p>\n<p>Odprema poteka na delovni dan, ko je naro\u010dilo zaklju\u010deno (pogosteje na isti dan), pod pogojem<\/p>\n<ul>\n<li><strong>vsi izdelki po naro\u010dilu so na voljo<\/strong>, (zelo redki niso) in<\/li>\n<li><strong>naro\u010dilo je pla\u010dano<\/strong><\/li>\n<\/ul>\n<p><strong>Po\u0161iljanje izven Gr\u010dije (dr\u017eave EU in ostali svet)<\/strong><\/p>\n<p>Dostavo na\u0161ih izdelkov izvaja <strong><a href=\"https:\/\/www.tnt.com\/\">Kurirska slu\u017eba TNT<\/a><\/strong> (hitro ali ekonomi\u010dno). TNT je hitra, globalna, ugledna kurirska slu\u017eba, ki po\u0161ilja naro\u010dila do 30 kg (stro\u0161ke po\u0161iljanja si lahko ogledate v polju \u201c<strong>DOSTAVA<\/strong>&quot; pri <strong>korak BLAGAJNA<\/strong> va\u0161e nakupovalne ko\u0161arice). <strong>Minimalna te\u017ea naro\u010dila je 5 kg<\/strong>. V normalnih okoli\u0161\u010dinah TNT dostavi izdelke znotraj <strong>2-5 delovnih dni<\/strong> po vsej Evropi, poleg tega upo\u0161tevajte, da po\u0161iljanje izvaja TNT <strong>zavarovan<\/strong> za <strong>10 \u20ac\/kg<\/strong> za TNT Economy in <strong>20 \u20ac\/kg<\/strong> za TNT Express v primeru izgube ali po\u0161kodovanja paketa.<\/p>\n<p>V primeru, da \u017eelite, da dostavo opravi ladjar, ki ne sodeluje z Zacharakis Konstantinos &amp; CO General Partnership (CRETOIKOS), stro\u0161ki po\u0161iljanja bremenijo naro\u010dnika.<\/p>\n<p><strong>Pomembna opomba za dostavo v tujino:<\/strong> Vsi na\u0161i izdelki se zakonito prodajajo v Gr\u010diji\/EU in v tujini z vsemi povezanimi certifikati in dovoljenji.<\/p>\n<p>&#8212;&#8212;&#8212;&#8212;&#8212;&#8212;&#8212;&#8212;&#8212;&#8212;&#8212;&#8212;&#8212;&#8212;&#8212;&#8212;&#8212;&#8212;&#8212;&#8212;&#8212;&#8212;&#8212;&#8212;&#8211;<\/p>\n<p><strong><img loading=\"lazy\" decoding=\"async\" class=\"alignnone wp-image-12887 size-medium\" src=\"https:\/\/www.cretoikos.com\/wp-content\/uploads\/2020\/05\/order-shipping-eshop-buy-online-5-300x169.jpg\" alt=\"Va\u0161e naro\u010dilo po\u0161ljemo po vsem svetu!\" width=\"300\" height=\"169\" srcset=\"https:\/\/www.cretoikos.com\/wp-content\/uploads\/2020\/05\/order-shipping-eshop-buy-online-5-300x169.jpg 300w, https:\/\/www.cretoikos.com\/wp-content\/uploads\/2020\/05\/order-shipping-eshop-buy-online-5-450x253.jpg 450w, https:\/\/www.cretoikos.com\/wp-content\/uploads\/2020\/05\/order-shipping-eshop-buy-online-5.jpg 600w\" sizes=\"auto, (max-width: 300px) 100vw, 300px\" \/> \u00a0 <a href=\"https:\/\/www.cretoikos.com\/sl\/eshop\/\"><img loading=\"lazy\" decoding=\"async\" class=\"alignnone wp-image-12883 size-full\" src=\"https:\/\/www.cretoikos.com\/wp-content\/uploads\/2020\/05\/order-shipping-eshop-buy-online.jpg\" alt=\"Va\u0161e naro\u010dilo po\u0161ljemo po vsem svetu!\" width=\"325\" height=\"215\" srcset=\"https:\/\/www.cretoikos.com\/wp-content\/uploads\/2020\/05\/order-shipping-eshop-buy-online.jpg 325w, https:\/\/www.cretoikos.com\/wp-content\/uploads\/2020\/05\/order-shipping-eshop-buy-online-300x198.jpg 300w\" sizes=\"auto, (max-width: 325px) 100vw, 325px\" \/><\/a> \u00a0 <a href=\"https:\/\/www.tnt.com\/\" target=\"_blank\" rel=\"noopener noreferrer\"><img loading=\"lazy\" decoding=\"async\" class=\"alignnone wp-image-12886 size-full\" src=\"https:\/\/www.cretoikos.com\/wp-content\/uploads\/2020\/05\/order-shipping-eshop-buy-online-4.jpg\" alt=\"Va\u0161e naro\u010dilo po\u0161ljemo po vsem svetu!\" width=\"275\" height=\"183\" \/><\/a><br \/>\n<\/strong><\/p>\n<p>&nbsp;<\/p>\n<p style=\"text-align: left; font-size: 20px;\" class=\"translation-block\"><a href=\"https:\/\/www.cretoikos.com\/sl\/stroski-dostave-in-posiljanja\/\" target=\"_self\"><strong>Po\u0161iljanje po vsem svetu<\/strong><\/a> \u2013 va\u0161e naro\u010dilo po\u0161ljemo v <strong>vse dr\u017eave<\/strong> po vsem svetu!<\/p>\n<p><strong>hitro po\u0161iljanje <\/strong>\u2013 na spletu <strong>sledenje paketom<\/strong> na voljo<br \/>\nv realnem \u010dasu <a href=\"https:\/\/www.cretoikos.com\/sl\/sledenje-narocilu\/\"><strong>sledenje in sledenje<\/strong><\/a> va\u0161ega naro\u010dila olj\u010dnega olja<\/p>\n<p>&nbsp;<\/p>\n<h2><strong>Ekstra devi\u0161ko olj\u010dno olje (EVOO) \u2013 oljke \u2013 med \u2013 mila<\/strong><\/h2>\n<h2><a href=\"https:\/\/www.cretoikos.com\/sl\/eshop\/\">Kupite gr\u0161ko olj\u010dno olje EVOO na spletu \u2013 na\u0161a e-trgovina<\/a><\/h2>\n<div id=\"attachment_3971\" style=\"width: 1913px\" class=\"wp-caption alignnone\"><a href=\"https:\/\/www.cretoikos.com\/sl\/eshop\/\"><img loading=\"lazy\" decoding=\"async\" aria-describedby=\"caption-attachment-3971\" class=\"wp-image-3971 size-full\" src=\"https:\/\/www.cretoikos.com\/wp-content\/uploads\/2018\/10\/homepage_all_products_family_photo.jpg\" alt=\"Na\u0161i izdelki iz olj\u010dnega olja EVOO\" width=\"1903\" height=\"452\" srcset=\"https:\/\/www.cretoikos.com\/wp-content\/uploads\/2018\/10\/homepage_all_products_family_photo.jpg 1903w, https:\/\/www.cretoikos.com\/wp-content\/uploads\/2018\/10\/homepage_all_products_family_photo-300x71.jpg 300w, https:\/\/www.cretoikos.com\/wp-content\/uploads\/2018\/10\/homepage_all_products_family_photo-768x182.jpg 768w, https:\/\/www.cretoikos.com\/wp-content\/uploads\/2018\/10\/homepage_all_products_family_photo-1024x243.jpg 1024w, https:\/\/www.cretoikos.com\/wp-content\/uploads\/2018\/10\/homepage_all_products_family_photo-450x107.jpg 450w, https:\/\/www.cretoikos.com\/wp-content\/uploads\/2018\/10\/homepage_all_products_family_photo-780x185.jpg 780w\" sizes=\"auto, (max-width: 1903px) 100vw, 1903px\" \/><\/a><p id=\"caption-attachment-3971\" class=\"wp-caption-text\">Na\u0161i izdelki iz olj\u010dnega olja EVOO \u2013 tradicionalni gr\u0161ki izdelki z otoka Kreta \u2013 ZDRAVA HRANA CRETOIKOS<\/p><\/div>\n\n\t\t<\/div>\n\t<\/div>\n<\/div><\/div><\/div><\/div>","protected":false},"excerpt":{"rendered":"We Ship your Order WORLDWIDE - we ship to any country, worldwide, using Express Courier Services (TNT Courier - with package online tracking available) The e-shop Cretoikos.com sends the order to the address the client has filled in the order form (home or work address). It is essential to fill in your correct shipping address, [...]","protected":false},"author":1,"featured_media":0,"parent":0,"menu_order":0,"comment_status":"closed","ping_status":"closed","template":"page-boxed.php","meta":{"footnotes":""},"class_list":["post-3232","page","type-page","status-publish","hentry"],"_links":{"self":[{"href":"https:\/\/www.cretoikos.com\/sl\/wp-json\/wp\/v2\/pages\/3232","targetHints":{"allow":["GET"]}}],"collection":[{"href":"https:\/\/www.cretoikos.com\/sl\/wp-json\/wp\/v2\/pages"}],"about":[{"href":"https:\/\/www.cretoikos.com\/sl\/wp-json\/wp\/v2\/types\/page"}],"author":[{"embeddable":true,"href":"https:\/\/www.cretoikos.com\/sl\/wp-json\/wp\/v2\/users\/1"}],"replies":[{"embeddable":true,"href":"https:\/\/www.cretoikos.com\/sl\/wp-json\/wp\/v2\/comments?post=3232"}],"version-history":[{"count":0,"href":"https:\/\/www.cretoikos.com\/sl\/wp-json\/wp\/v2\/pages\/3232\/revisions"}],"wp:attachment":[{"href":"https:\/\/www.cretoikos.com\/sl\/wp-json\/wp\/v2\/media?parent=3232"}],"curies":[{"name":"wp","href":"https:\/\/api.w.org\/{rel}","templated":true}]}}