{"id":200,"date":"2018-02-01T10:00:32","date_gmt":"2018-02-01T10:00:32","guid":{"rendered":"https:\/\/www.cretoikos.com\/?page_id=200"},"modified":"2018-05-14T11:19:14","modified_gmt":"2018-05-14T11:19:14","slug":"tos","status":"publish","type":"page","link":"https:\/\/www.cretoikos.com\/sl\/tos\/","title":{"rendered":"Pogoji uporabe in varnost"},"content":{"rendered":"<div style=\"\"class=\"normal_height vc_row wpb_row vc_row-fluid\"><div class=\"wpb_column vc_column_container vc_col-sm-12\"><div class=\"vc_column-inner\"><div class=\"wpb_wrapper\">\n\t<div class=\"wpb_text_column wpb_content_element\" >\n\t\t<div class=\"wpb_wrapper\">\n\t\t\t<div class=\"introtext\">\n<p>www.cretoikos.com je e-trgovina, ki razstavlja in ponuja izdelke na spletu. Je del podjetja <strong>\u201cSplo\u0161no partnerstvo Zacharakis Konstantinos &amp; CO\u201d <\/strong>s sede\u017eem v Angeliani Rethymno, Kreta, Gr\u010dija (dav\u010dna \u0161tevilka 099704169, dav\u010dni urad Rethymno). Preden vstopite v e-trgovino in brskate po na\u0161i strani, vas prosimo, da najprej preberete spodnje pogoje in dolo\u010dila, ki bodo veljali, \u010de boste uporabljali e-trgovino <strong>\u201cSplo\u0161no partnerstvo Zacharakis Konstantinos &amp; CO\u201d<\/strong> podjetje, ki ga najdete pod naslovom www.cretoikos.com<\/p>\n<p>Prepri\u010dajte se, da se strinjate z naslednjimi dolo\u010dili in predpogoji, saj transakcijo z nami na tej spletni strani urejajo ti pogoji in vse transakcije z nami predpostavljajo sprejetje teh pogojev.<\/p>\n<p><a href=\"https:\/\/www.cretoikos.com\/sl\/gdpr-zahteva-osebne-podatke\/\"><strong>Zahtevajte svoje osebne podatke, shranjene na na\u0161i spletni strani\/stre\u017eniku.<\/strong><\/a><\/p>\n<\/div>\n\n\t\t<\/div>\n\t<\/div>\n<\/div><\/div><\/div><\/div><div class=\"boxed-row\"><div style=\"\"class=\"normal_height vc_row wpb_row vc_row-fluid\"><div class=\"wpb_column vc_column_container vc_col-sm-12\"><div class=\"vc_column-inner\"><div class=\"wpb_wrapper\">\n\t<div class=\"wpb_text_column wpb_content_element\" >\n\t\t<div class=\"wpb_wrapper\">\n\t\t\t<h3>1. POGOJI<\/h3>\n<p>Podjetje <strong>Splo\u0161no partnerstvo Zacharakis Konstantinos &amp; CO<\/strong> ima pravico enostransko spremeniti ali zamenjati pogoje in pogoje transakcij, ki se opravljajo v tej spletni trgovini. Na\u0161e podjetje je dol\u017eno obve\u0161\u010dati uporabnike na spletni strani te spletne trgovine o spremembah in spremembah na splo\u0161no. Pojasniti \u017eelimo, da sprememba pogojev ne vpliva na \u017ee zaklju\u010dena naro\u010dila.<\/p>\n<p>&nbsp;<\/p>\n<h3>2. ZAGOTOVLJENE INFORMACIJE IN IZDELKI<\/h3>\n<p>Podjetje <strong>Splo\u0161no partnerstvo Zacharakis Konstantinos &amp; CO<\/strong> jam\u010di za popolnost in veljavnost podatkov na spletnem mestu www.cretoikos.com, vklju\u010dno z obstojem bistvenih lastnosti opisanih izdelkov in pravilnostjo podatkov, ki se nana\u0161ajo na opravljene storitve spletne trgovine podjetja, s pridr\u017ekom tehni\u010dne ali dobesedne napake, ki so bile morda spregledane ali so nastale nenamerno ali zaradi prekinitve internetne povezave zaradi vi\u0161je sile.<\/p>\n<p>&nbsp;<\/p>\n<h3>3. OMEJENA ODGOVORNOST<\/h3>\n<p>Podjetje <strong>Splo\u0161no partnerstvo Zacharakis Konstantinos &amp; CO<\/strong> obljublja, da bo kon\u010dne kupce pravo\u010dasno obvestil o morebitni nedobavljivosti izdelkov. E-trgovina podjetja ne odgovarja za tehni\u010dne te\u017eave, do katerih lahko pride, \u010de uporabniki posku\u0161ajo dostopati do interneta ali med povezavo in so povezane z zdru\u017eljivostjo njihove povezave s spletno stranjo. tudi <strong>Splo\u0161no partnerstvo Zacharakis Konstantinos &amp; CO<\/strong> ne odgovarja za dejanja ali opustitve tretjih oseb in \u0161e posebej nepoobla\u0161\u010dene posege tretjih oseb v izdelke, storitve in posredovane informacije podjetja.<\/p>\n<p>&nbsp;<\/p>\n<h3>4. AVTORSKE PRAVICE<\/h3>\n<p>Spletna stran www.cretoikos.com je uradna stran podjetja <strong>Splo\u0161no partnerstvo Zacharakis Konstantinos &amp; CO<\/strong>. Celotna vsebina spletnih strani, ki jih je podjetje objavilo na omre\u017eju, vklju\u010dno s slikami, grafikami, fotografijami, risbami, besedili, ponujenimi storitvami in izdelki, je avtorsko za\u0161\u010ditena. <strong>Splo\u0161no partnerstvo Zacharakis Konstantinos &amp; CO<\/strong> in je za\u0161\u010diten z ustreznimi dolo\u010dbami gr\u0161ke zakonodaje, evropske zakonodaje in mednarodnih pogodb. Imena, slike, logotipi in razpoznavni znaki, ki predstavljajo <strong>Splo\u0161no partnerstvo Zacharakis Konstantinos &amp; CO<\/strong> in\/ali e-trgovine in\/ali tretjih oseb, povezanih s podjetjem in njegovimi izdelki ter storitvami, so izklju\u010dni znaki in razlikovalni znaki <strong>Splo\u0161no partnerstvo Zacharakis Konstantinos &amp; CO<\/strong> in\/ali www.cretoikos.com in\/ali zgoraj omenjene tretje osebe in so za\u0161\u010diteni z gr\u0161kim pravom, pravom Evropske unije ter mednarodnimi trgovinskimi in industrijskimi kodeksi o avtorskih pravicah in nelojalni konkurenci.<\/p>\n<p>V nobenem primeru njihovega pojavljanja in prikaza na spletni strani www.cretoikos.com ni mogo\u010de \u0161teti za dodelitev ali prenos dovoljenja ali kot pravico do uporabe.<\/p>\n<p>&nbsp;<\/p>\n<h3>5. OBVEZNOSTI UPORABNIKA<\/h3>\n<p>Uporabniki spletnih strani www.cretoikos.com se strinjajo, da ne morejo uporabljati strani in e-trgovine oz. <strong>Splo\u0161no partnerstvo Zacharakis Konstantinos &amp; CO<\/strong> za posredovanje, obve\u0161\u010danje, posredovanje po elektronski po\u0161ti ali prenos na druge na\u010dine katere koli vsebine, ki je nezakonita, \u0161kodljiva, groze\u010da, \u017ealjiva, mote\u010da, obrekljiva, obrekljiva, vulgarna, nespodobna ali predstavlja poseg v zasebnost druge osebe, izra\u017ea empatijo oz. rasne, nacionalne ali druge vrste diskriminacije ali lahko na kakr\u0161en koli na\u010din povzro\u010di \u0161kodo mladoletnim osebam, ni dovoljeno objaviti v skladu z zakonom ali konvencionalnimi ali upravljavskimi pravili (kot so interne informacije, informacije o bogastvu in zaupne informacije, ki so bile pridobljeni ali razkriti kot del delovnega razmerja ali informacije, ki jih zajemajo zaupne pogodbe), ali kr\u0161ijo kateri koli izum, komercialni znak, poslovno skrivnost, avtorske pravice ali druge lastninske pravice tretjih oseb, vsebujejo programske viruse ali druge kode, datoteke ali programe, ki so bili ustvarjeno za zaustavitev, \u0161kodovanje, uni\u010denje ali pokvaritev katere koli programske opreme ali ra\u010dunalni\u0161kega dela, ki namerno ali nenamerno kr\u0161i veljavne gr\u0161ke in evropske zakone in njihove dolo\u010dbe, ki lahko na kakr\u0161en koli na\u010din nadleguje tretje osebe in kakr\u0161no koli vsebino, ki se uporablja za zbiranje ali shranjevanje osebnih podatkov uporabnikov.<\/p>\n<p>&nbsp;<\/p>\n<h3>6. VARNOST<\/h3>\n<p><strong>Splo\u0161no partnerstvo Zacharakis Konstantinos &amp; CO<\/strong> se zaveda pomena varnosti va\u0161ih osebnih podatkov in elektronskih transakcij ter je sprejela vse sodobne in napredne metode za zagotavljanje va\u0161e optimalne varnosti. Vse informacije v zvezi z va\u0161imi osebnimi podatki in transakcijami so varne in zaupne. Varnost e-trgovine <strong>Splo\u0161no partnerstvo Zacharakis Konstantinos &amp; CO <\/strong>se dose\u017ee z naslednjimi metodami:<\/p>\n<p>&nbsp;<\/p>\n<p><strong>Identifikacija stranke<\/strong><\/p>\n<p>Za identifikacijo stranke se uporabljata dve kodi: Vhodna koda <strong>(e-po\u0161tni naslov ali uporabni\u0161ko ime)<\/strong> in osebno varnostno kodo <strong>(geslo)<\/strong>, ki vam v vsakem trenutku omogo\u010dajo popolnoma varen dostop do va\u0161ih osebnih podatkov. Osebno varnostno kodo lahko spremenite <strong>(geslo)<\/strong>, in tvoj <strong>email naslov,<\/strong> tako pogosto, kot \u017eelite. Edina oseba, ki ima dostop do va\u0161ih podatkov ste vi, preko va\u0161ih zgoraj navedenih kod in ste odgovorni za nerazkritje in prikrivanje pred tretjimi osebami. V primeru izgube ali uhajanja kod nas morate takoj kontaktirati; druga\u010de e-trgovina <strong>Splo\u0161no partnerstvo Zacharakis Konstantinos &amp; CO <\/strong>ne odgovarja za uporabo varnostne kode s strani nepoobla\u0161\u010dene osebe. Priporo\u010damo, da spremenite svoje <strong>geslo<\/strong> redno zaradi varnosti in zaradi neuporabe istih in preprostih kod (kot je datum rojstva). Priporo\u010damo tudi, da za ustvarjanje svojega ne uporabljate samo \u0161tevilk in \u010drk <strong>geslo<\/strong>, ampak tudi simboli.<\/p>\n<p><strong>Samodejna odjava<\/strong><\/p>\n<p>\u010ce 20 minut ne storite ni\u010desar, se samodejno prekine povezava z domeno kupca e-trgovine. <strong>Splo\u0161no partnerstvo Zacharakis Konstantinos &amp; CO<\/strong>.<\/p>\n<p><strong>Nadzorovan dostop (po\u017earni zid)<\/strong><\/p>\n<p>Dostop do sistemov <strong>Splo\u0161no partnerstvo Zacharakis Konstantinos &amp; CO<\/strong> (stre\u017eniki) je nadzorovan s po\u017earnim zidom, ki strankam\/uporabnikom omogo\u010da uporabo dolo\u010denih storitev, hkrati pa ne dovoljuje dostopa do baz podatkov z zaupnimi podatki in informacijami podjetja.<\/p>\n<p><strong>Zaupni prenosi<\/strong><\/p>\n<p>Spo\u0161tovanje zaupnosti je samoumevno. Ista na\u010dela, ki veljajo za klasi\u010dne transakcije, veljajo tudi za e-poslovanje. Vse informacije, ki jih posreduje uporabnik\/\u010dlan <strong>Splo\u0161no partnerstvo Zacharakis Konstantinos &amp; CO<\/strong> je zaupen, dru\u017eba pa je sprejela vsa potrebna za\u0161\u010dita, da se le-ta uporabljajo le do sedaj, saj se \u0161tejejo za nujna v okviru opravljenih storitev. Nekatere sprejete preventive so naslednje:<\/p>\n<ul>\n<li>Samo poobla\u0161\u010deni zaposleni imajo dostop do informacij o transakcijah in le, \u010de se zdi potrebno, na primer za posredovanje va\u0161ih naro\u010dil.<\/li>\n<li><strong>Splo\u0161no partnerstvo Zacharakis Konstantinos &amp; CO<\/strong> podatkov strank in njihovih transakcij ne bomo razkrili, razen \u010de imamo va\u0161e pisno dovoljenje ali \u010de to zahteva sodna odlo\u010dba ali odlo\u010dba drugega organa.<\/li>\n<li>V primeru <strong>Splo\u0161no partnerstvo Zacharakis Konstantinos &amp; CO<\/strong> bodo za podporo svojih sistemov uporabljali tretjo osebo, jam\u010dimo za spo\u0161tovanje zaupnosti.<\/li>\n<li>V skladu z dolo\u010dbami 7. poglavja, ki obravnava osebne podatke, lahko zahtevate kakr\u0161ne koli shranjene podatke in zahtevate njihov popravek, \u010de doka\u017eete, da so napa\u010dni.<\/li>\n<li>Zaradi lastne varnosti morate tudi vi ravnati z vsemi informacijami, ki so posredovane prek na\u0161ih storitev, kot z zasebnimi in zaupnimi in jih ne smete razkriti tretjim osebam.<\/li>\n<\/ul>\n<p>&nbsp;<\/p>\n<h3>7. VARNOST OSEBNIH PODATKOV<\/h3>\n<p>\u010ce obi\u0161\u010dete domeno www.cretoikos.com, boste morda pozvani, da navedete svoje osebne podatke (ime, priimek, poklic, e-po\u0161ta, naslov za dostavo izdelkov itd.), na splo\u0161no za upravljanje va\u0161ega naro\u010dila ali za zagotavljanje na\u0161ih storitev. Osebni podatki, ki jih boste navedli kjer koli v na\u0161i domeni za storitve spletne strani www.cretoikos.com, se hranijo izklju\u010dno zaradi razlogov, ki zadevajo transakcije z vami, izbolj\u0161anje ponujenih storitev in poravnavo teh storitev; ni dovoljeno, da bi jih uporabljala tretja oseba (razen pristojnih organov, v primerih, ki jih dolo\u010da zakon).<\/p>\n<p>Zaposleni v <strong>Splo\u0161no partnerstvo Zacharakis Konstantinos &amp; CO<\/strong> osebe, ki imajo dostop do va\u0161ih osebnih podatkov, so specifi\u010dne in dostop do va\u0161ih podatkov osebam brez provizije ni dovoljen. Za za\u0161\u010dito va\u0161ih osebnih podatkov smo uporabili vse razumne preventivne ukrepe. V izjemno redkih primerih se lahko va\u0161i osebni podatki posredujejo sodelavcem <strong>Splo\u0161no partnerstvo Zacharakis Konstantinos &amp; CO<\/strong> za podporo, posredovanje in izvajanje transakcij z vami, vendar vedno pod pogojem, da va\u0161i osebni podatki ne bodo obdelani nezakonito.<\/p>\n<p>Za kakr\u0161no koli drugo vpra\u0161anje, predlog ali izjavo v tem kontekstu se obrnite na nas prek posebnega kontaktnega obrazca, ki ga najdete na povezavi https:\/\/www.cretoikos.com\/contact-us\/.<\/p>\n<p>Uporabnik ima kadarkoli pravico zahtevati informacije ali zavrniti nadaljnjo obdelavo svojih osebnih podatkov, v skladu z veljavno zakonodajo o varstvu osebnih podatkov.<\/p>\n<p>&nbsp;<\/p>\n<h3>8. NAKUP IZDELKOV<\/h3>\n<p><strong>Splo\u0161no partnerstvo Zacharakis Konstantinos &amp; CO<\/strong> si prizadeva zagotoviti storitve na visoki ravni. Toda to prizadevanje ne more izklju\u010diti napak v cenah in sekundarnih podrobnostih izdelkov; in ni mogo\u010de izklju\u010diti, da lahko zaradi vnosa\/obnove cen izdelka pride do motenj v delovanju interneta ali \u010dlove\u0161ke okvare. Zaradi lastne za\u0161\u010dite in u\u010dinkovitosti nakupa vas prosimo, da nas pokli\u010dete na telefonsko \u0161tevilko 2834023594 ali nas kontaktirate preko e-mail obrazca na na\u0161i spletni strani, \u010de ugotovite, da je izdelek v ponudbi po neobi\u010dajni ceni. nizko ali visoko ceno, sorazmerno z njegovo tr\u017eno vrednostjo, preden nadaljujete z naro\u010dilom.<\/p>\n<p>Poleg tega vam priporo\u010damo, da preden za\u010dnete z nakupom v na\u0161i spletni trgovini, najprej obi\u0161\u010dete razdelek \u00bbpomo\u010d in pogoji uporabe\u00ab, kjer boste na\u0161li koristne informacije o postopku nakupa izdelkov.<\/p>\n<p>Po registraciji va\u0161ega naro\u010dila boste prejeli avtomatski odgovor, v katerem so navedene podrobnosti va\u0161ega naro\u010dila. Po obdelavi va\u0161ega naro\u010dila s strani oddelka za elektronski nakup oz <strong>Splo\u0161no partnerstvo Zacharakis Konstantinos &amp; CO <\/strong>prejeli boste drugo potrditveno e-po\u0161to s seznamom izdelkov, ki vam jih bomo poslali. <strong>Od tega trenutka je pogodba med nami sklenjena<\/strong>.<\/p>\n<p>Med obdelavo va\u0161ega naro\u010dila boste prejeli vrsto samodejnih odgovorov, ki bodo navajali potek va\u0161ega naro\u010dila. Ta sporo\u010dila se nana\u0161ajo na naslednje korake:<\/p>\n<p><strong>Obdelava va\u0161ega naro\u010dila<\/strong>: \u010ce je va\u0161e naro\u010dilo prejel zaposleni v na\u0161em podjetju, ga bo preveril glede pravilnosti in ga posredoval v trgovino za sestavljanje izdelkov.<\/p>\n<p><strong>Obra\u010dunavanje<\/strong>: Artikli va\u0161ega naro\u010dila so sestavljeni z namenom po\u0161iljanja na va\u0161 naslov.<\/p>\n<p><strong>Delno zara\u010dunavanje<\/strong>: Nekaterih elementov va\u0161ega naro\u010dila ni bilo mogo\u010de sestaviti in so na \u010dakanju. Artikle, ki so navedeni v e-po\u0161ti, boste prejeli.<\/p>\n<p><strong>Odpoved:<\/strong> Va\u0161e naro\u010dilo je bilo preklicano po va\u0161i zahtevi ali ker nismo mogli stopiti v stik z vami za potrditev naro\u010dila.<\/p>\n<p>V primeru, da nekateri izdelki va\u0161ega naro\u010dila ne bodo na voljo, boste prejeli ustrezno e-po\u0161to ali\/in SMS. Druga mo\u017enost je, da vas bomo kontaktirali po telefonu na \u0161tevilko, ki ste jo navedli med postopkom registracije ali ob naro\u010dilu.<\/p>\n<p>Teh sporo\u010dil ni mogo\u010de onemogo\u010diti; njihovo po\u0161iljanje je predpogoj za pravilno izvedbo naro\u010dila. Prosimo vas, da zagotovite, da boste prejeli ta e-po\u0161tna sporo\u010dila in da imate dostop do njih, dokler traja transakcija. V primeru, da teh elektronskih sporo\u010dil ne prejmete, ste nas v skladu s splo\u0161nimi pogoji poslovanja, ki urejajo na\u0161e poslovanje, dol\u017eni o tem nemudoma obvestiti. Izdelke vam bomo dostavili v najkraj\u0161em mo\u017enem \u010dasu, rok dobave pa ne bo dalj\u0161i od tridesetih dni od sklenitve pogodbe.<\/p>\n<p>&nbsp;<\/p>\n<h3>9. PRAVICA DO ODPOVEDI NAKUPA NA DALJAVO<\/h3>\n<p>V primeru nakupov na daljavo (npr. spletni nakup) imate pravico do vra\u010dila izdelka, mi pa vam bomo vrnili denar, \u010de nas o tem obvestite preko kontaktnega obrazca (https:\/\/www.cretoikos.com\/contact). -us\/, po telefonu pod \u0161tevilko 2834023594 ali 6948401441 ali po faksu (2834023574), v desetih koledarskih dneh od prejema izdelka s strani vas ali tretje osebe, ki ste jo imenovali, rok za\u010dne te\u010di od trenutka, ko prejmete zadnji kos naro\u010dila ali od zaklju\u010dka zadnje dostave v primeru stalnih dobav. \u010ce uveljavljate svojo pravico do preklica, ste nam dol\u017eni izdelek vrniti v njegovem prvotno brezhibnem stanju (kot nov ), v katerem ste ga prejeli, ali pa nam morate poslati izrecno nesporno dokazilo, da ste nam ga vrnili v 10 koledarskih dneh z varnostjo, mi pa vam bomo dol\u017eni vrniti denar, ki ste nam ga pla\u010dali, na enak na\u010din pla\u010dila, kot ste ga imeli; izbrani, ko ste nam pla\u010dali kupnino. V primeru, da ste pla\u010dali s pla\u010dilno kartico, bomo takoj obvestili izdajatelja kartice in ne bomo zanesljivi za morebitne zamude pri popla\u010dilu izven na\u0161e odgovornosti.<\/p>\n<p>Potro\u0161nik je zanesljiv za morebitno zni\u017eanje vrednosti izdelkov le zaradi obdelave, ki ni primerna za ohranjanje narave, lastnosti in funkcije izdelka. Ne odgovarjamo in potro\u0161niku ne bomo povrnili \u0161kode, \u010de je \u0161koda na izdelku nastala po krivdi potro\u0161nika ali v primeru uporabe, ki presega raven, ki je potrebna za ohranitev narave, lastnosti in funkcije izdelka. izdelek. V tem primeru bo odpoved brez rezultata.<\/p>\n<p>V vsakem primeru morajo biti izdelki, ki jih \u017eelite vrniti, opremljeni z ustreznimi pravnimi dokumenti in potrdilom o prejemu. \u010ce stro\u0161ki po\u0161iljanja ali vra\u010dila izdelka presegajo obi\u010dajne stro\u0161ke po\u0161tnih storitev, jih ne krije <strong>Splo\u0161no partnerstvo Zacharakis Konstantinos &amp; CO<\/strong> in bo obremenilo stranko.<\/p>\n<p>Nimate pravice do preklica v primerih \u010dlena 3\u03b9\u03b2 zakona 2251\/94 ali v drugih primerih, ki jih dolo\u010da zakon ali ti pogoji uporabe.<\/p>\n<p>&nbsp;<\/p>\n<h3>10. ODGOVORNOST ZACHARAKIS KONSTANTINOS &amp; CO PARTNERSTVA GLEDE KAKOVOSTI IN POTENCIJALNE NAPAKE IZDELKOV<\/h3>\n<p><strong>Splo\u0161no partnerstvo Zacharakis Konstantinos &amp; CO <\/strong>vam za vsak izdelek, ki je ponujen v spletni trgovini, zagotavlja pravilnost roka uporabnosti in lastnosti izdelka, s \u010dimer zagotavlja pravilno izvedbo naro\u010dila. Ob dostavi izdelkov prek prevoznika preverite, ali ste prejeli prave izdelke in pravilno koli\u010dino v odli\u010dnem stanju. V kolikor boste pri dostavi odkrili napako, jo ozna\u010dite na voucherju prevoznika ali nas pokli\u010dite na \u0161tevilko 2834023594 ali nam po\u0161ljite e-po\u0161to. Izdelke, ki jih je med transportom po\u0161kodoval prevoznik, ki ga uporabljamo, bomo zamenjali ali knji\u017eili na ra\u010dun, ki ga imenujete, ali pa jih bomo od\u0161teli od va\u0161ega naslednjega naro\u010dila.<\/p>\n<p><strong>Splo\u0161no partnerstvo Zacharakis Konstantinos &amp; CO <\/strong>odgovarja za vse obveznosti, ki jih je za kupca predvidela civilna zakonodaja. Zgoraj navedene obveznosti ne veljajo, \u010de je napaka nastala po va\u0161i krivdi ali zaradi vi\u0161je sile v o\u017ejem ali \u0161ir\u0161em smislu. Da bi se izognili zamudam, morajo v vsakem primeru izdelke spremljati potrebni pravni dokumenti in dokazilo o prejemu.<\/p>\n<p><strong>\u00a0<\/strong><\/p>\n<h3>11. PREKLIC NARO\u010cILA<\/h3>\n<p>Brez omejitve pogojev iz 9. \u010dlena je naro\u010dilo mogo\u010de preklicati v naslednjih okoli\u0161\u010dinah:<\/p>\n<ul>\n<li>Pred zaklju\u010dkom naro\u010dila se lahko med postopkom elektronskega naro\u010dila vrnete \u201cnazaj\u201d in prekli\u010dete koli\u010dino naro\u010denih izdelkov iz ko\u0161arice s pritiskom na spodnji gumb \u201codstrani\u201d.<\/li>\n<li>\u010ce je elektronsko naro\u010dilo zaklju\u010deno, vendar \u0161e ni bilo poslano, lahko pokli\u010dete na 2834023594 in prosite enega od na\u0161ih zaposlenih za preklic naro\u010dila.<\/li>\n<li>Po prejemu izdelka lahko pokli\u010dete na telefonsko \u0161tevilko 2834023594 ali nas kontaktirate preko e-mail obrazca na na\u0161i spletni strani in nam pojasnite zakaj \u017eelite preklicati naro\u010dilo. Eden od na\u0161ih zaposlenih vam bo takoj pomagal in vas obvestil o vseh mo\u017enostih, ki jih imate.<\/li>\n<li>V primeru, da je va\u0161e naro\u010dilo \u017ee zara\u010dunano in ga \u017eelite preklicati, pokli\u010dite 2834023594 in navedite podrobnosti va\u0161ega naro\u010dila. Toda v tem primeru se status va\u0161ega naro\u010dila na strani va\u0161ega ra\u010duna ne bo spremenil.<\/li>\n<\/ul>\n<p>&nbsp;<\/p>\n<h3>12. NA\u010cINI PLA\u010cILA<\/h3>\n<h4>a) Polog \/ nakazilo na ban\u010dni ra\u010dun<\/h4>\n<p><strong>\u0160t. ra\u010duna EUROBANK: 0026.0331.42.0200418817<\/strong><\/p>\n<p><strong>IBAN: GR20 0260 3310 0004 2020 0418 817<\/strong><\/p>\n<p>Potrdilo o pla\u010dilu va\u0161e banke nam po\u0161ljite po faksu na \u0161tevilko 2834023574 ali na e-naslov <u>account@mylopotamos-health-foods.gr<\/u>, z navedbo \u0161tevilke naro\u010dila za la\u017eje odkrivanje. Takoj ko prejmemo kopijo potrdila o pla\u010dilu, bomo za\u010deli po\u0161iljati va\u0161e naro\u010dilo.<\/p>\n<h4>b) Pla\u010dilo z debetno ali kreditno kartico, zavarovano z Viva Wallet\/PayPal<\/h4>\n<p>E-trgovina od <strong>Splo\u0161no partnerstvo Zacharakis Konstantinos &amp; CO<\/strong> sprejema vse kreditne kartice, Visa, Mastercard, American Express in Diners. Va\u0161e transakcije v na\u0161i e-trgovini so zavarovane z naprednimi spletnimi varnostnimi sistemi, ki zagotavljajo varno transakcijo.<\/p>\n<p>\u010ce kot na\u010din pla\u010dila izberete Viva Wallet\/PayPal, boste takoj preusmerjeni na ustrezno stran za dokon\u010danje transakcije in pla\u010dilo naro\u010dila. Viva Wallet\/ PayPal je varen in zanesljiv posrednik pri spletnih transakcijah. \u010ce nimate ra\u010duna Viva Wallet\/PayPal, se lahko prijavite in uporabite svojo debetno ali kreditno kartico ali svoj ban\u010dni ra\u010dun.<\/p>\n<p>Transakcije, izvedene s pomo\u010djo Viva Wallet\/PayPal, zadevajo samo dostavo v prostorih stranke in ne zdru\u017eujejo drugih na\u010dinov pla\u010dila. Za vpra\u0161anja in informacije o pla\u010dilu lahko obi\u0161\u010dete spletno stran Viva Wallet\/PayPal. Transakcije, ki se izvajajo s podporo Viva Wallet\/PayPal, urejajo dolo\u010dila in pogoji ponudnika storitev.<\/p>\n<p>&nbsp;<\/p>\n<h3>13. NARO\u010cILO \/ DOSTAVA IZDELKOV \/ STRO\u0160KI PREVOZA<\/h3>\n<p><strong>Zaklju\u010dek naro\u010dila:<\/strong><\/p>\n<p>Takoj, ko kon\u010date z naro\u010dilom, se prika\u017ee naslednje sporo\u010dilo (primer): \u00bbVA\u0160E NARO\u010cILO JE IZKLJU\u010cENO. HVALA VAM.&quot; \u0160tevilka va\u0161ega naro\u010dila je (npr.) 121. Preverite svojo e-po\u0161to. Poslali smo vam potrditveno e-po\u0161to s podrobnostmi va\u0161ega naro\u010dila.<\/p>\n<p><strong>Datum in \u010das dostave:<\/strong><\/p>\n<p><strong>Dostava izven Gr\u010dije (dr\u017eave EE in preostali svet)<\/strong><\/p>\n<p>Dostavo izdelkov izvaja kurirska slu\u017eba TNT (hitra ali gospodarska).<\/p>\n<p>TNT je hitra kurirska slu\u017eba, ki je na voljo za dolo\u010dene te\u017ee naro\u010dil do 30 kilogramov (stro\u0161ke lahko preverite pod \u201cocenjeni stro\u0161ki prevoza in davki\u201d v nakupovalni ko\u0161arici). <strong>Minimalna te\u017ea naro\u010dila je 5 kg<\/strong>. V normalnih okoli\u0161\u010dinah storitev TNT dostavi v 2-5 dneh. Poleg tega so po\u0161iljke s TNT zavarovane z <strong>znesek 10 eur na kilogram, \u010de izberete TNT ekonomi\u010dno in z 20 evri na kilogram, \u010de izberete TNT express.<\/strong>, v primeru, da se paket izgubi ali uni\u010di. Dostavni dnevi na\u0161ega kurirja (v tem primeru TNT) so od ponedeljka do petka.<\/p>\n<p>\u010ce imate raje kurirsko slu\u017ebo po va\u0161i izbiri, s katero mi (Zacharakis Konstantinos &amp; CO General Partnership) ne sodelujemo, stro\u0161ke prevoza krije naro\u010dnik.<\/p>\n<p>&nbsp;<\/p>\n<h3>15. ZAMUDA DOSTAVE<\/h3>\n<p>Va\u0161e naro\u010dilo lahko zamuja zaradi naslednjih razlogov:<\/p>\n<ul>\n<li>Izdelek ni na voljo. V tem primeru vas bo na\u0161e podjetje kontaktiralo po telefonu ali e-po\u0161ti, da bi na\u0161li re\u0161itev.<\/li>\n<li>V primeru ekstremnih vremenskih razmer ali stavk ter v primerih vi\u0161je sile lahko to vpliva na po\u0161iljanje in dostavo va\u0161ega naro\u010dila.<\/li>\n<li>V primeru, da kontakt z vami po telefonu ali\/in e-po\u0161ti ni mogo\u010d (\u010de se pojavi te\u017eava z va\u0161im naro\u010dilom, bodisi z izdelkom bodisi s pla\u010dilom), ker podatki, ki ste jih navedli, niso veljavni. Vendar zamuda ne bo presegla 30 dni od dneva zaklju\u010dka pogodbe.<\/li>\n<\/ul>\n<p>&nbsp;<\/p>\n<h3>16. NOVICEZRE\u010cICE<\/h3>\n<ul>\n<li>Zacharakis Konstantinos &amp; CO General Partnership redno po\u0161ilja glasila.<\/li>\n<li>Zacharakis Konstantinos &amp; CO General Partnership ni odgovoren, \u010de glasila ne dose\u017eejo cilja. V vsakem primeru bomo s ponudniki internetnih storitev storili vse, kar je v na\u0161i mo\u010di za realizacijo dostave.<\/li>\n<li>Novice lahko po\u0161ljete v mapo z vsiljeno po\u0161to. Vljudno vas prosimo, da redno preverjate, da se ne shranijo v to mapo.<\/li>\n<li>V primeru, da ne \u017eelite ve\u010d prejemati novic ali \u010de \u017eelite, da vas popolnoma odstranijo iz novi\u010darskega sistema dru\u017ebe Zacharakis Konstantinos &amp; CO General Partnership, nas lahko obvestite prek kontaktnega obrazca na na\u0161i spletni strani.<\/li>\n<li>Zacharakis Konstantinos &amp; CO General Partnership bo po\u0161iljal posodobitve samo, \u010de se odlo\u010dite, da jih \u017eelite prejemati, in dokler to \u017eelite. \u010ce ste oddali naro\u010dilo na na\u0161em spletnem mestu, vam bomo samodejno poslali e-po\u0161tna sporo\u010dila o napredovanju va\u0161ega naro\u010dila. Teh sporo\u010dil ni mogo\u010de onemogo\u010diti; njihovo po\u0161iljanje je predpogoj za pravilno izvedbo naro\u010dila. Prosimo vas, da zagotovite, da boste prejeli ta e-po\u0161tna sporo\u010dila in da imate dostop do njih, dokler traja transakcija.<\/li>\n<\/ul>\n<p>V primeru, da teh elektronskih sporo\u010dil ne prejmete, ste nas v skladu s splo\u0161nimi pogoji poslovanja, ki urejajo na\u0161e poslovanje, dol\u017eni o tem nemudoma obvestiti.<\/p>\n<p><strong>(Zgoraj navedene cene vklju\u010dujejo DDV 13% in 24%)<\/strong><\/p>\n\n\t\t<\/div>\n\t<\/div>\n<\/div><\/div><\/div><\/div><\/div>","protected":false},"excerpt":{"rendered":"www.cretoikos.com is an e-shop which exhibits and offers products online. It is part of the company \"Zacharakis Konstantinos &amp; CO General Partnership\" with headquarters in Angeliana Rethymno, Crete, Greece (tax number 099704169, tax office Rethymno). Before you enter the e-shop and surf in our site, we ask you to read first the terms and preconditions [...]","protected":false},"author":1,"featured_media":0,"parent":0,"menu_order":0,"comment_status":"closed","ping_status":"closed","template":"page-boxed.php","meta":{"footnotes":""},"class_list":["post-200","page","type-page","status-publish","hentry"],"_links":{"self":[{"href":"https:\/\/www.cretoikos.com\/sl\/wp-json\/wp\/v2\/pages\/200","targetHints":{"allow":["GET"]}}],"collection":[{"href":"https:\/\/www.cretoikos.com\/sl\/wp-json\/wp\/v2\/pages"}],"about":[{"href":"https:\/\/www.cretoikos.com\/sl\/wp-json\/wp\/v2\/types\/page"}],"author":[{"embeddable":true,"href":"https:\/\/www.cretoikos.com\/sl\/wp-json\/wp\/v2\/users\/1"}],"replies":[{"embeddable":true,"href":"https:\/\/www.cretoikos.com\/sl\/wp-json\/wp\/v2\/comments?post=200"}],"version-history":[{"count":0,"href":"https:\/\/www.cretoikos.com\/sl\/wp-json\/wp\/v2\/pages\/200\/revisions"}],"wp:attachment":[{"href":"https:\/\/www.cretoikos.com\/sl\/wp-json\/wp\/v2\/media?parent=200"}],"curies":[{"name":"wp","href":"https:\/\/api.w.org\/{rel}","templated":true}]}}