{"id":126,"date":"2017-12-10T14:34:30","date_gmt":"2017-12-10T12:34:30","guid":{"rendered":"https:\/\/www.cretoikos.com\/?post_type=product&#038;p=126"},"modified":"2024-12-15T21:43:58","modified_gmt":"2024-12-15T19:43:58","slug":"pdo-sitia-0-3-extra-panensky-olivovy-olej-500-ml","status":"publish","type":"product","link":"https:\/\/www.cretoikos.com\/sk\/eshop\/olive-oil\/pdo-sitia-0-3-extra-virgin-olive-oil-500ml\/","title":{"rendered":"Sitia PDO Extra panensk\u00fd olivov\u00fd olej (EVOO) 0,3% kanister 500ml"},"content":{"rendered":"<h2 style=\"font-size: 20px; text-align: center;\"><strong>100% gr\u00e9cky extra panensk\u00fd olivov\u00fd olej (EVOO) z ostrova Kr\u00e9ta, prv\u00fd lisovan\u00fd za studena, bohat\u00fd na polyfenoly, antioxidanty, vitam\u00edn E a protiz\u00e1palov\u00e9 vlastnosti, \u010dist\u00e1 olivov\u00e1 ovocn\u00e1 \u0161\u0165ava, bez konzerva\u010dn\u00fdch l\u00e1tok, nov\u00fd zber, \u010derstvo lisovan\u00fd v rovnak\u00fd de\u0148 Zber ol\u00edv<\/strong><\/h2>\n<p>&nbsp;<\/p>\n<p><img loading=\"lazy\" decoding=\"async\" class=\"alignnone wp-image-3390 size-full\" src=\"https:\/\/www.cretoikos.com\/wp-content\/uploads\/2018\/03\/certifications-olive-oil.gif\" alt=\"Certifik\u00e1ty olivov\u00e9ho oleja\" width=\"470\" height=\"88\" \/><\/p>\n<p><img loading=\"lazy\" decoding=\"async\" class=\"alignnone wp-image-3386 size-full\" src=\"https:\/\/www.cretoikos.com\/wp-content\/uploads\/2018\/03\/OliveOil-GDA.png\" alt=\"Olivov\u00fd olej GDA\" width=\"464\" height=\"86\" srcset=\"https:\/\/www.cretoikos.com\/wp-content\/uploads\/2018\/03\/OliveOil-GDA.png 464w, https:\/\/www.cretoikos.com\/wp-content\/uploads\/2018\/03\/OliveOil-GDA-300x56.png 300w, https:\/\/www.cretoikos.com\/wp-content\/uploads\/2018\/03\/OliveOil-GDA-450x83.png 450w\" sizes=\"auto, (max-width: 464px) 100vw, 464px\" \/><\/p>\n<p><strong>Extra panensk\u00fd olivov\u00fd olej Sitia CHOP (EVOO)<\/strong> je nadriaden\u00fd <strong>Extra panensk\u00fd olivov\u00fd olej<\/strong> od <strong>Kr\u00e9ta<\/strong>, bohat\u00fd na antioxidanty a vitam\u00edny. Vyr\u00e1ba sa z ol\u00edv pestovan\u00fdch v <strong>Sitia<\/strong> oblas\u0165 v\u00fdchodnej Kr\u00e9ty (<strong>LASITHI<\/strong> provincia), oblas\u0165, ktor\u00e1 je celosvetovo uzn\u00e1van\u00e1 pre v\u00fdrobu olivov\u00e9ho oleja najvy\u0161\u0161ej kvality. Tento extra panensk\u00fd olivov\u00fd olej s decentnou v\u00f4\u0148ou tr\u00e1vy a divok\u00fdch byl\u00edn a \u013eahkou bylinkovou, dobre vyv\u00e1\u017eenou korenistou pr\u00edchu\u0165ou bude sprev\u00e1dza\u0165 v\u0161etky va\u0161e vypr\u00e1\u017ean\u00e9, varen\u00e9 alebo pe\u010den\u00e9 jedl\u00e1 a oble\u010die va\u0161e \u0161al\u00e1ty, aby zv\u00fdraznil ich chu\u0165 a dodal pun\u010d.<\/p>\n<p><strong>CHOP<\/strong> znamen\u00e1 jeho a <strong>Chr\u00e1nen\u00e9 miesto p\u00f4vodu<\/strong>, <strong>EVOO<\/strong> znamen\u00e1 <strong>Extra panensk\u00fd olivov\u00fd olej<\/strong> (ve\u013emi n\u00edzka kyslos\u0165 \u2013 pod 0,8%), tento produkt m\u00e1 \u0161pecificky <strong>kyslos\u0165<\/strong> <strong>len 0,31 TP3T<\/strong><\/p>\n<p>Na\u0161e produkty z olivov\u00e9ho oleja s\u00fa <strong>LABORAT\u00d3RIUM Certifikovan\u00e9<\/strong>, \u010dist\u00e1, pr\u00e9miov\u00e1 kvalita <strong>Extra panensk\u00e9 olivov\u00e9 oleje<\/strong> EVOO, CHOP (<strong>Chr\u00e1nen\u00e9 miesto p\u00f4vodu<\/strong>) a <strong>Ocenen\u00fd<\/strong> vo viacer\u00fdch <strong>Medzin\u00e1rodn\u00e9 s\u00fa\u0165a\u017ee olivov\u00e9ho oleja. NAKUPUJTE S d\u00f4verou\u2026<\/strong><\/p>\n<div class=\"wpb_text_column wpb_content_element wpb_animate_when_almost_visible wpb_fadeInDown fadeInDown vc_custom_1585559046315 wpb_start_animation animated\">\n<div class=\"wpb_wrapper\">\n<p>Kupujte iba \u010dist\u00e9 extra panensk\u00e9 olivov\u00e9 oleje s certifik\u00e1ciou Lab, EVOO je najlep\u0161\u00ed jedl\u00fd olivov\u00fd olej<\/p>\n<\/div>\n<\/div>\n<p>Objednajte si gr\u00e9cky olivov\u00fd olej online a u\u0161etrite<\/p>\n<p class=\"translation-block\"><a href=\"https:\/\/www.cretoikos.com\/sk\/naklady-na-dorucenie-a-prepravu\/\" target=\"_self\"><strong>Celosvetov\u00e1 doprava<\/strong><\/a> \u2013 va\u0161u objedn\u00e1vku doru\u010d\u00edme do <strong>v\u0161etk\u00fdch kraj\u00edn<\/strong> po celom svete!<\/p>\n<p>&nbsp;<\/p>\n<h2 style=\"font-size: 20px; text-align: center;\"><a href=\"\/sk\/medzinarodne-certifikacie-olivoveho-oleja\/\"><strong>Medzin\u00e1rodn\u00e9 certifik\u00e1ty kvality potrav\u00edn pre na\u0161e<\/strong> Produkty<\/a><\/h2>\n<p><a href=\"\/sk\/medzinarodne-certifikacie-olivoveho-oleja\/\"><img loading=\"lazy\" decoding=\"async\" class=\"aligncenter wp-image-13475 size-full\" src=\"https:\/\/www.cretoikos.com\/wp-content\/uploads\/2017\/12\/Quality-Food-Certifications-Lab-Certified-Healthy-Mediterranean-Foods-w800.jpg\" alt=\"Medzin\u00e1rodn\u00e9 certifik\u00e1cie kvality potrav\u00edn \u2013 Laborat\u00f3rne certifikovan\u00e9 zdrav\u00e9 stredomorsk\u00e9 potraviny\" width=\"800\" height=\"250\" srcset=\"https:\/\/www.cretoikos.com\/wp-content\/uploads\/2017\/12\/Quality-Food-Certifications-Lab-Certified-Healthy-Mediterranean-Foods-w800.jpg 800w, https:\/\/www.cretoikos.com\/wp-content\/uploads\/2017\/12\/Quality-Food-Certifications-Lab-Certified-Healthy-Mediterranean-Foods-w800-300x94.jpg 300w, https:\/\/www.cretoikos.com\/wp-content\/uploads\/2017\/12\/Quality-Food-Certifications-Lab-Certified-Healthy-Mediterranean-Foods-w800-768x240.jpg 768w, https:\/\/www.cretoikos.com\/wp-content\/uploads\/2017\/12\/Quality-Food-Certifications-Lab-Certified-Healthy-Mediterranean-Foods-w800-450x141.jpg 450w, https:\/\/www.cretoikos.com\/wp-content\/uploads\/2017\/12\/Quality-Food-Certifications-Lab-Certified-Healthy-Mediterranean-Foods-w800-780x244.jpg 780w\" sizes=\"auto, (max-width: 800px) 100vw, 800px\" \/><\/a><\/p>\n<h3 style=\"font-size: 20px; text-align: center;\"><a href=\"\/sk\/medzinarodne-certifikacie-olivoveho-oleja\/\"><strong>Produkt z olivov\u00e9ho oleja s certifik\u00e1ciou KOSHER Food<\/strong><\/a><\/h3>\n<p>&nbsp;<\/p>\n<p><img loading=\"lazy\" decoding=\"async\" class=\"size-full wp-image-13454 aligncenter\" src=\"https:\/\/www.cretoikos.com\/wp-content\/uploads\/2020\/07\/kosher-foods-certification-2-w220.jpg\" alt=\"Extra panensk\u00fd olivov\u00fd olej KOSHER Food\" width=\"173\" height=\"220\" \/><\/p>\n<p>&nbsp;<\/p>\n<h3 style=\"font-size: 20px; text-align: center;\"><a href=\"\/sk\/medzinarodne-certifikacie-olivoveho-oleja\/\"><strong>FDA (USA) \u2013 Food &amp; Drugs Administration certifikovan\u00fd produkt z olivov\u00e9ho oleja<\/strong><\/a><\/h3>\n<p>&nbsp;<\/p>\n<p><img loading=\"lazy\" decoding=\"async\" class=\"size-full wp-image-13476 aligncenter\" src=\"https:\/\/www.cretoikos.com\/wp-content\/uploads\/2017\/12\/FDA-foods-certification-w220.jpg\" alt=\"Certifik\u00e1cia FDA Food &amp; Drugs\" width=\"163\" height=\"220\" \/><\/p>\n<p>&nbsp;<\/p>","protected":false},"excerpt":{"rendered":"<p><strong>Extra panensk\u00fd olivov\u00fd olej Sitia CHOP (EVOO)<\/strong> \u2013 s decentnou v\u00f4\u0148ou tr\u00e1vy a divok\u00fdch byl\u00edn a \u013eahkou bylinkovou, dobre vyv\u00e1\u017eenou korenistou pr\u00edchu\u0165ou, bude tento extra panensk\u00fd olivov\u00fd olej sprev\u00e1dza\u0165 v\u0161etky va\u0161e vypr\u00e1\u017ean\u00e9, varen\u00e9 alebo pe\u010den\u00e9 jedl\u00e1 a ozdob\u00ed va\u0161e \u0161al\u00e1ty, aby zv\u00fdraznil ich chu\u0165 a dodal pun\u010d.<\/p>\n<p><strong>Gr\u00e9cky extra panensk\u00fd olivov\u00fd olej z ostrova Kr\u00e9ta!<\/strong><\/p>\n<p class=\"translation-block\"><a href=\"https:\/\/www.cretoikos.com\/sk\/naklady-na-dorucenie-a-prepravu\/\" target=\"_self\"><strong>Celosvetov\u00e1 doprava<\/strong><\/a> \u2013 va\u0161u objedn\u00e1vku doru\u010d\u00edme do <strong>v\u0161etk\u00fdch kraj\u00edn<\/strong> po celom svete!<\/p>","protected":false},"featured_media":185,"template":"","meta":[],"product_brand":[],"product_cat":[23],"product_tag":[141,142,119,95,97,98,96,91,99,101,135,111,112,110,109],"class_list":{"0":"post-126","1":"product","2":"type-product","3":"status-publish","4":"has-post-thumbnail","6":"product_cat-olive-oil","7":"product_tag-3-extra-virgin-olive-oil","8":"product_tag-142","9":"product_tag-500ml","10":"product_tag-bottle","11":"product_tag-buy-olive-oil","12":"product_tag-buy-online","13":"product_tag-cretan-olive-oil","14":"product_tag-evoo","15":"product_tag-greek-olive-oil","16":"product_tag-olive-oil","17":"product_tag-pdo-olive-oil","18":"product_tag-pdo-sitia","19":"product_tag-pdo-sitia-olive-oil","20":"product_tag-sitia","21":"product_tag-sitia-olive-oil","23":"first","24":"instock","25":"taxable","26":"shipping-taxable","27":"purchasable","28":"product-type-simple"},"_links":{"self":[{"href":"https:\/\/www.cretoikos.com\/sk\/wp-json\/wp\/v2\/product\/126","targetHints":{"allow":["GET"]}}],"collection":[{"href":"https:\/\/www.cretoikos.com\/sk\/wp-json\/wp\/v2\/product"}],"about":[{"href":"https:\/\/www.cretoikos.com\/sk\/wp-json\/wp\/v2\/types\/product"}],"wp:featuredmedia":[{"embeddable":true,"href":"https:\/\/www.cretoikos.com\/sk\/wp-json\/wp\/v2\/media\/185"}],"wp:attachment":[{"href":"https:\/\/www.cretoikos.com\/sk\/wp-json\/wp\/v2\/media?parent=126"}],"wp:term":[{"taxonomy":"product_brand","embeddable":true,"href":"https:\/\/www.cretoikos.com\/sk\/wp-json\/wp\/v2\/product_brand?post=126"},{"taxonomy":"product_cat","embeddable":true,"href":"https:\/\/www.cretoikos.com\/sk\/wp-json\/wp\/v2\/product_cat?post=126"},{"taxonomy":"product_tag","embeddable":true,"href":"https:\/\/www.cretoikos.com\/sk\/wp-json\/wp\/v2\/product_tag?post=126"}],"curies":[{"name":"wp","href":"https:\/\/api.w.org\/{rel}","templated":true}]}}