{"id":100,"date":"2017-12-10T13:01:13","date_gmt":"2017-12-10T11:01:13","guid":{"rendered":"https:\/\/www.cretoikos.com\/?post_type=product&#038;p=100"},"modified":"2023-12-09T19:02:08","modified_gmt":"2023-12-09T17:02:08","slug":"extra-panensky-olivovy-olej-s-prichutou-oregano-200ml","status":"publish","type":"product","link":"https:\/\/www.cretoikos.com\/sk\/eshop\/olive-oil-with-cretan-herbs\/extra-virgin-olive-oil-with-oregano-flavour-200ml\/","title":{"rendered":"Extra panensk\u00fd olivov\u00fd olej (EVOO) s pr\u00edchu\u0165ou oregano 200ml"},"content":{"rendered":"<h2 style=\"font-size: 20px; text-align: center;\"><strong>100% gr\u00e9cky extra panensk\u00fd olivov\u00fd olej (EVOO) z ostrova Kr\u00e9ta, prv\u00fd lisovan\u00fd za studena, bohat\u00fd na polyfenoly, antioxidanty, vitam\u00edn E a protiz\u00e1palov\u00e9 vlastnosti, \u010dist\u00e1 olivov\u00e1 ovocn\u00e1 \u0161\u0165ava, bez konzerva\u010dn\u00fdch l\u00e1tok, nov\u00fd zber, \u010derstvo lisovan\u00fd v rovnak\u00fd de\u0148 Zber ol\u00edv<\/strong><\/h2>\n<p>&nbsp;<\/p>\n<p><img loading=\"lazy\" decoding=\"async\" class=\"alignnone wp-image-3390 size-full\" src=\"https:\/\/www.cretoikos.com\/wp-content\/uploads\/2018\/03\/certifications-olive-oil.gif\" alt=\"Certifik\u00e1ty olivov\u00e9ho oleja\" width=\"470\" height=\"88\" \/><\/p>\n<p><img loading=\"lazy\" decoding=\"async\" class=\"alignnone wp-image-3386 size-full\" src=\"https:\/\/www.cretoikos.com\/wp-content\/uploads\/2018\/03\/OliveOil-GDA.png\" alt=\"Olivov\u00fd olej GDA\" width=\"464\" height=\"86\" srcset=\"https:\/\/www.cretoikos.com\/wp-content\/uploads\/2018\/03\/OliveOil-GDA.png 464w, https:\/\/www.cretoikos.com\/wp-content\/uploads\/2018\/03\/OliveOil-GDA-300x56.png 300w, https:\/\/www.cretoikos.com\/wp-content\/uploads\/2018\/03\/OliveOil-GDA-450x83.png 450w\" sizes=\"auto, (max-width: 464px) 100vw, 464px\" \/><\/p>\n<p><strong>Extra panensk\u00fd olivov\u00fd olej (EVOO) s pr\u00edchu\u0165ou oregano 200ml \u2013 CHOP Mylopotamos<\/strong> Extra Virgin je stredne ovocn\u00fd olivov\u00fd olej ru\u010dne zbieran\u00fd v oblasti Mylopotamos s harmonickou pr\u00edchu\u0165ou kardy a jemn\u00fdch ol\u00edv s mierne horkastou a bylinkovo-oreganovou pr\u00edchu\u0165ou, ale pr\u00edjemnou a lahodnou.<\/p>\n<p class=\"translation-block\"><a href=\"https:\/\/www.cretoikos.com\/sk\/naklady-na-dorucenie-a-prepravu\/\" target=\"_self\"><strong>Celosvetov\u00e1 doprava<\/strong><\/a> \u2013 va\u0161u objedn\u00e1vku doru\u010d\u00edme do <strong>v\u0161etk\u00fdch kraj\u00edn<\/strong> po celom svete!<\/p>\n<p>&nbsp;<\/p>\n<h2 style=\"font-size: 20px; text-align: center;\"><a href=\"\/sk\/medzinarodne-certifikacie-olivoveho-oleja\/\"><strong>Medzin\u00e1rodn\u00e9 certifik\u00e1ty kvality potrav\u00edn pre na\u0161e<\/strong> Produkty<\/a><\/h2>\n<p><a href=\"\/sk\/medzinarodne-certifikacie-olivoveho-oleja\/\"><img loading=\"lazy\" decoding=\"async\" class=\"aligncenter wp-image-13475 size-full\" src=\"https:\/\/www.cretoikos.com\/wp-content\/uploads\/2017\/12\/Quality-Food-Certifications-Lab-Certified-Healthy-Mediterranean-Foods-w800.jpg\" alt=\"Medzin\u00e1rodn\u00e9 certifik\u00e1cie kvality potrav\u00edn \u2013 Laborat\u00f3rne certifikovan\u00e9 zdrav\u00e9 stredomorsk\u00e9 potraviny\" width=\"800\" height=\"250\" srcset=\"https:\/\/www.cretoikos.com\/wp-content\/uploads\/2017\/12\/Quality-Food-Certifications-Lab-Certified-Healthy-Mediterranean-Foods-w800.jpg 800w, https:\/\/www.cretoikos.com\/wp-content\/uploads\/2017\/12\/Quality-Food-Certifications-Lab-Certified-Healthy-Mediterranean-Foods-w800-300x94.jpg 300w, https:\/\/www.cretoikos.com\/wp-content\/uploads\/2017\/12\/Quality-Food-Certifications-Lab-Certified-Healthy-Mediterranean-Foods-w800-768x240.jpg 768w, https:\/\/www.cretoikos.com\/wp-content\/uploads\/2017\/12\/Quality-Food-Certifications-Lab-Certified-Healthy-Mediterranean-Foods-w800-450x141.jpg 450w, https:\/\/www.cretoikos.com\/wp-content\/uploads\/2017\/12\/Quality-Food-Certifications-Lab-Certified-Healthy-Mediterranean-Foods-w800-780x244.jpg 780w\" sizes=\"auto, (max-width: 800px) 100vw, 800px\" \/><\/a><br \/>\n&nbsp;<\/p>\n<h3 style=\"font-size: 20px; text-align: center;\"><a href=\"\/sk\/medzinarodne-certifikacie-olivoveho-oleja\/\"><strong>Produkt z olivov\u00e9ho oleja s certifik\u00e1ciou KOSHER Food<\/strong><\/a><\/h3>\n<p>&nbsp;<\/p>\n<p><img loading=\"lazy\" decoding=\"async\" class=\"size-full wp-image-13454 aligncenter\" src=\"https:\/\/www.cretoikos.com\/wp-content\/uploads\/2020\/07\/kosher-foods-certification-2-w220.jpg\" alt=\"Extra panensk\u00fd olivov\u00fd olej KOSHER Food\" width=\"173\" height=\"220\" \/><\/p>\n<p>&nbsp;<\/p>\n<h3 style=\"font-size: 20px; text-align: center;\"><a href=\"\/sk\/medzinarodne-certifikacie-olivoveho-oleja\/\"><strong>FDA (USA) \u2013 Food &amp; Drugs Administration certifikovan\u00fd produkt z olivov\u00e9ho oleja<\/strong><\/a><\/h3>\n<p>&nbsp;<\/p>\n<p><img loading=\"lazy\" decoding=\"async\" class=\"size-full wp-image-13476 aligncenter\" src=\"https:\/\/www.cretoikos.com\/wp-content\/uploads\/2017\/12\/FDA-foods-certification-w220.jpg\" alt=\"Certifik\u00e1cia FDA Food &amp; Drugs\" width=\"163\" height=\"220\" \/><\/p>\n<p>&nbsp;<\/p>","protected":false},"excerpt":{"rendered":"<p><strong>Extra panensk\u00fd olivov\u00fd olej s pr\u00edchu\u0165ou oregana<\/strong>, Chr\u00e1nen\u00e9 miesto p\u00f4vodu (<strong>CHOP<\/strong>) Sever <strong>Mylopotamos Rethymno Kr\u00e9ta<\/strong>.<\/p>\n<p><strong>Gr\u00e9cky extra panensk\u00fd olivov\u00fd olej<\/strong>!<\/p>\n<p class=\"translation-block\"><a href=\"https:\/\/www.cretoikos.com\/sk\/naklady-na-dorucenie-a-prepravu\/\" target=\"_self\"><strong>Celosvetov\u00e1 doprava<\/strong><\/a> \u2013 va\u0161u objedn\u00e1vku doru\u010d\u00edme do <strong>v\u0161etk\u00fdch kraj\u00edn<\/strong> po celom svete!<\/p>","protected":false},"featured_media":157,"template":"","meta":[],"product_brand":[],"product_cat":[24],"product_tag":[94,141,95,97,98,96,91,132,137,99,139,101,105,133],"class_list":{"0":"post-100","1":"product","2":"type-product","3":"status-publish","4":"has-post-thumbnail","6":"product_cat-olive-oil-with-cretan-herbs","7":"product_tag-200ml","8":"product_tag-3-extra-virgin-olive-oil","9":"product_tag-bottle","10":"product_tag-buy-olive-oil","11":"product_tag-buy-online","12":"product_tag-cretan-olive-oil","13":"product_tag-evoo","14":"product_tag-flavour","15":"product_tag-flavour-infused-olive-oil","16":"product_tag-greek-olive-oil","17":"product_tag-infused-olive-oil","18":"product_tag-olive-oil","19":"product_tag-oregano","20":"product_tag-oregano-flavour","22":"first","23":"instock","24":"taxable","25":"shipping-taxable","26":"purchasable","27":"product-type-simple"},"_links":{"self":[{"href":"https:\/\/www.cretoikos.com\/sk\/wp-json\/wp\/v2\/product\/100","targetHints":{"allow":["GET"]}}],"collection":[{"href":"https:\/\/www.cretoikos.com\/sk\/wp-json\/wp\/v2\/product"}],"about":[{"href":"https:\/\/www.cretoikos.com\/sk\/wp-json\/wp\/v2\/types\/product"}],"wp:featuredmedia":[{"embeddable":true,"href":"https:\/\/www.cretoikos.com\/sk\/wp-json\/wp\/v2\/media\/157"}],"wp:attachment":[{"href":"https:\/\/www.cretoikos.com\/sk\/wp-json\/wp\/v2\/media?parent=100"}],"wp:term":[{"taxonomy":"product_brand","embeddable":true,"href":"https:\/\/www.cretoikos.com\/sk\/wp-json\/wp\/v2\/product_brand?post=100"},{"taxonomy":"product_cat","embeddable":true,"href":"https:\/\/www.cretoikos.com\/sk\/wp-json\/wp\/v2\/product_cat?post=100"},{"taxonomy":"product_tag","embeddable":true,"href":"https:\/\/www.cretoikos.com\/sk\/wp-json\/wp\/v2\/product_tag?post=100"}],"curies":[{"name":"wp","href":"https:\/\/api.w.org\/{rel}","templated":true}]}}