{"id":3235,"date":"2018-02-21T08:40:26","date_gmt":"2018-02-21T08:40:26","guid":{"rendered":"https:\/\/www.cretoikos.com\/?page_id=3235"},"modified":"2020-05-06T02:43:14","modified_gmt":"2020-05-05T23:43:14","slug":"zrusenie-objednavok-a-refundacia","status":"publish","type":"page","link":"https:\/\/www.cretoikos.com\/sk\/orders-cancellations-and-reimbursements\/","title":{"rendered":"Objedn\u00e1vky, zru\u0161enia a refund\u00e1cie"},"content":{"rendered":"<div style=\"\"class=\"normal_height vc_row wpb_row vc_row-fluid\"><div class=\"wpb_column vc_column_container vc_col-sm-12\"><div class=\"vc_column-inner\"><div class=\"wpb_wrapper\">\n\t<div class=\"wpb_text_column wpb_content_element  vc_custom_1519202491418\" >\n\t\t<div class=\"wpb_wrapper\">\n\t\t\t<h3>Ways to order<\/h3>\n<p>The site <strong>Cretoikos.com<\/strong> offers you 3 ways to order the desired products:<\/p>\n<ul>\n<li><strong>Online<\/strong>, via our website (our e-shop)<\/li>\n<li>Via <strong>E-mail<\/strong><\/li>\n<li>By <strong>phone<\/strong> (+30 28340 23594 &amp; +30 28340 23214) or by fax (+30 28340 23574) &#8211; (NB: Our Time Zone is <strong>+2 GMT<\/strong>)<\/li>\n<\/ul>\n<p><a href=\"https:\/\/www.cretoikos.com\/delivery-and-shipping-costs\/\"><strong>Worldwide Shipping<\/strong><\/a> \u2013 we ship your order in <strong>all countries<\/strong>, worldwide! (with <strong>package online tracking<\/strong> available)<\/p>\n<p>&nbsp;<\/p>\n<h3>Order Online via our webpage (e-shop)<\/h3>\n<p>If you are a registered client you can log in to your account by using your e-mail address and password. In case you forgot your password there is a link that will send it to your e-mail.<\/p>\n<p>If you are not a registered client and you wish to sign up choose the link [sign up] or [create account]. The advantage of being a registered client is that you can follow-up the status of your previous orders and use the saved shipping addresses without rewriting them. NB: none of your Credit Card data is available to us and are not stored in any of our systems, you will need to fill in these data again during any order &#8211; even if you are a registered user.<\/p>\n<p>The products you may want to put in your basket or on your wish-list, can be found either via the <strong>search-box<\/strong> of our e-shop or via the <strong>offers<\/strong> that appear on the homepage of our website.<\/p>\n<p>In your basket you can see the products you have selected and, if you wish to, make any changes in the quantities you have chosen.<\/p>\n<p>When you have finished shopping, click on the link [basket \u2013 <strong>checkout<\/strong>] which is placed at the right corner on the top of our webpage and from the shopping basket site choose \u201c<strong>checkout \u2013 complete order<\/strong>\u201d to complete your order. <strong>The minimum order weight is 5 kg<\/strong>.<\/p>\n<p>At the next page you will have to fill in your <strong>shipping<\/strong> and <strong>billing<\/strong> details to complete your purchase. Your order will be completed when you click the last button \u201c<strong>complete order<\/strong>\u201d and see the page that confirms your order and thanks you.<\/p>\n<p>Once we received your order, you will get an <strong>e-mail confirming<\/strong> the details of your order and the products you have purchased. If there is any problem you can contact us via e-mail or by phone.<\/p>\n<p><img loading=\"lazy\" decoding=\"async\" class=\"alignnone wp-image-3484 size-full\" src=\"https:\/\/www.cretoikos.com\/wp-content\/uploads\/2018\/05\/cretoikos_MkII_eshop_BANNER_payments_PAYPAL_ETC.jpg\" alt=\"\" width=\"233\" height=\"391\" srcset=\"https:\/\/www.cretoikos.com\/wp-content\/uploads\/2018\/05\/cretoikos_MkII_eshop_BANNER_payments_PAYPAL_ETC.jpg 233w, https:\/\/www.cretoikos.com\/wp-content\/uploads\/2018\/05\/cretoikos_MkII_eshop_BANNER_payments_PAYPAL_ETC-179x300.jpg 179w\" sizes=\"auto, (max-width: 233px) 100vw, 233px\" \/><\/p>\n<h3><\/h3>\n<p>&nbsp;<\/p>\n<h3>Order via e-mail<\/h3>\n<p>You can send your order via e-mail to the address <a href=\"mailto:sales@cretoikos.com\">sales@cretoikos.com<\/a> and necessarily mention the following:<\/p>\n<ul>\n<li>Your name &amp; surname, phone number and address<\/li>\n<li>A list with the products you have selected<\/li>\n<li>The payment and shipping method of your order<\/li>\n<\/ul>\n<p>Attention: Before carrying out any order made via e-mail, we will send you an e-mail confirming the selected products and personal details. If you do not receive an e-mail from us within 1-2 working days, it is possible that we have not received your order (f.i. your mail was marked as spam and was deleted). In such case, please contact us again.<\/p>\n<p>&nbsp;<\/p>\n<h3>Order by phone<\/h3>\n<p>You can give us your order by <strong>phone<\/strong>, calling the number (+30) <strong>28340 23594<\/strong> Monday-Friday from 08:00 to 16:00 o\u2019clock or by sending a <strong>fax<\/strong> to the number (+30) <strong>28340 23574<\/strong>. (Time Zone <strong>+2 GMT<\/strong>)<\/p>\n<p>&nbsp;<\/p>\n<h3>Order cancellation<\/h3>\n<p>You can cancel your order via e-mail or by phone.<\/p>\n<p>You can cancel your order without any charge, as long as it has not been shipped yet. If you have given us your e-mail address you will know if we have shipped the order, because we will inform you as soon as we will send it.<\/p>\n<p>In case you cancel the order after it has been shipped and before you received it, you will be charged with the shipping and return shipping costs. The remaining amount will be returned to you within 20 days.<\/p>\n<p>In case you have already received the order it is not possible to cancel the order without returning the products. Please see below the procedure of returning goods.<\/p>\n<p>If you have deposit the amount into a bank account, or have paid via credit card, PayPal or Vivawallet, you will have to contact us, after the order cancellation, in order to inform us about your bank account details, so that we can return the money to you, minus any bank charges (if there are any). You will receive your money within 20 days.<\/p>\n<p>&nbsp;<\/p>\n<p>&#8212;&#8212;&#8212;&#8212;&#8212;&#8212;&#8212;&#8212;&#8212;&#8212;&#8212;&#8212;&#8212;&#8212;&#8212;&#8212;&#8212;&#8212;&#8212;&#8212;&#8212;&#8212;&#8212;&#8212;&#8211;<\/p>\n<p><strong><a href=\"https:\/\/www.cretoikos.com\/delivery-and-shipping-costs\/\"><img loading=\"lazy\" decoding=\"async\" class=\"alignnone wp-image-12883 size-full\" src=\"https:\/\/www.cretoikos.com\/wp-content\/uploads\/2020\/05\/order-shipping-eshop-buy-online.jpg\" alt=\"We ship your order Worldwide!\" width=\"325\" height=\"215\" srcset=\"https:\/\/www.cretoikos.com\/wp-content\/uploads\/2020\/05\/order-shipping-eshop-buy-online.jpg 325w, https:\/\/www.cretoikos.com\/wp-content\/uploads\/2020\/05\/order-shipping-eshop-buy-online-300x198.jpg 300w\" sizes=\"auto, (max-width: 325px) 100vw, 325px\" \/> <\/a><\/strong><\/p>\n<p><strong><a href=\"https:\/\/www.cretoikos.com\/delivery-and-shipping-costs\/\">Worldwide Shipping<\/a><\/strong> \u2013 we ship your order in <strong>all countries<\/strong>, worldwide!<br \/>\n(with <strong>package online tracking<\/strong> available)<\/p>\n<p>&nbsp;<\/p>\n<p><strong><a href=\"https:\/\/www.cretoikos.com\/delivery-and-shipping-costs\/\"><img loading=\"lazy\" decoding=\"async\" class=\"alignnone size-medium wp-image-12887\" src=\"https:\/\/www.cretoikos.com\/wp-content\/uploads\/2020\/05\/order-shipping-eshop-buy-online-5-300x169.jpg\" alt=\"We ship your order Worldwide!\" width=\"300\" height=\"169\" srcset=\"https:\/\/www.cretoikos.com\/wp-content\/uploads\/2020\/05\/order-shipping-eshop-buy-online-5-300x169.jpg 300w, https:\/\/www.cretoikos.com\/wp-content\/uploads\/2020\/05\/order-shipping-eshop-buy-online-5-450x253.jpg 450w, https:\/\/www.cretoikos.com\/wp-content\/uploads\/2020\/05\/order-shipping-eshop-buy-online-5.jpg 600w\" sizes=\"auto, (max-width: 300px) 100vw, 300px\" \/><\/a><\/strong><\/p>\n<p>We cooperate with <strong><a href=\"https:\/\/www.tnt.com\/\">TNT Express<\/a><\/strong> International courier shipping services in order to provide fast and reliable delivery of your order<\/p>\n<p>&nbsp;<\/p>\n<h3>Return of goods<\/h3>\n<p>You have the right to return the goods within 10 working days from the date you received them, by paying the shipping return costs. Returns are been accepted only if the products are in the same condition in which you received them, i.e. they should not been unsealed or the package should not been opened or damaged, and the content should not been used or broken. You will also need the invoice to return the goods.<\/p>\n<p>The shipping and packaging costs are covered by our company only in case the return is necessary due to our fault. In any other case the transportation of the goods to our headquarters is on the client\u2019s responsibility and costs.<\/p>\n<p>You will receive your money within 20 days from the date we will obtain the goods. The money which will be refunded concern the amount of the order, without the shipping charges and any other kind of commissions or fees, which have to be paid to balance your account (f.i. from the bank, credit card, PayPal, etc.). Before returning a product, you have to contact us either via e-mail or by phone, concerning the details.<\/p>\n<p>&nbsp;<\/p>\n<h3>Damage of goods during the carriage<\/h3>\n<p>In case of partial or total destruction of one or more products during the carriage, the client is obligated to inform our company within 48 hours from the date of delivery. The client is obligated to send us clear photos of the damaged goods and the package. If it is proven that the goods where damaged during the carriage, the client will be fully compensated by our company by resending him\/her the products.<\/p>\n<p>For further information or clarification please contact us via:<\/p>\n<ul>\n<li>E-mail: <a href=\"mailto:sales@cretoikos.com\">sales@cretoikos.com<\/a>, or<\/li>\n<li>Phone: +30 28340 23594 (Monday-Friday 08:00-16:00) or mobile phone: +30 694 84 01 441 (Time Zone <strong>+2 GMT<\/strong>)<\/li>\n<\/ul>\n<p>&nbsp;<\/p>\n<p><em>NOTIFICATION: Our company reserves the right to modify or cancel the ways of order, as well as the cancellation or reimbursement conditions.<\/em><\/p>\n\n\t\t<\/div>\n\t<\/div>\n<\/div><\/div><\/div><\/div>\n","protected":false},"excerpt":{"rendered":"Ways to order The site Cretoikos.com offers you 3 ways to order the desired products: Online, via our website (our e-shop) Via E-mail By phone (+30 28340 23594 &amp; +30 28340 23214) or by fax (+30 28340 23574) - (NB: Our Time Zone is +2 GMT) Worldwide Shipping \u2013 we ship your order in all [...]","protected":false},"author":1,"featured_media":0,"parent":0,"menu_order":0,"comment_status":"closed","ping_status":"closed","template":"page-boxed.php","meta":{"footnotes":""},"class_list":["post-3235","page","type-page","status-publish","hentry"],"_links":{"self":[{"href":"https:\/\/www.cretoikos.com\/sk\/wp-json\/wp\/v2\/pages\/3235","targetHints":{"allow":["GET"]}}],"collection":[{"href":"https:\/\/www.cretoikos.com\/sk\/wp-json\/wp\/v2\/pages"}],"about":[{"href":"https:\/\/www.cretoikos.com\/sk\/wp-json\/wp\/v2\/types\/page"}],"author":[{"embeddable":true,"href":"https:\/\/www.cretoikos.com\/sk\/wp-json\/wp\/v2\/users\/1"}],"replies":[{"embeddable":true,"href":"https:\/\/www.cretoikos.com\/sk\/wp-json\/wp\/v2\/comments?post=3235"}],"version-history":[{"count":0,"href":"https:\/\/www.cretoikos.com\/sk\/wp-json\/wp\/v2\/pages\/3235\/revisions"}],"wp:attachment":[{"href":"https:\/\/www.cretoikos.com\/sk\/wp-json\/wp\/v2\/media?parent=3235"}],"curies":[{"name":"wp","href":"https:\/\/api.w.org\/{rel}","templated":true}]}}