{"id":91,"date":"2017-12-10T12:12:56","date_gmt":"2017-12-10T10:12:56","guid":{"rendered":"https:\/\/www.cretoikos.com\/?post_type=product&#038;p=91"},"modified":"2023-12-09T19:02:39","modified_gmt":"2023-12-09T17:02:39","slug":"ulei-de-masline-virgin-cu-ierburi-cretane-100ml","status":"publish","type":"product","link":"https:\/\/www.cretoikos.com\/ro\/eshop\/olive-oil-with-cretan-herbs\/virgin-olive-oil-with-cretan-herbs-100ml\/","title":{"rendered":"Ulei de m\u0103sline extravirgin (EVOO) cu ierburi cretane 100 ml"},"content":{"rendered":"<h2 style=\"font-size: 20px; text-align: center;\"><strong>100% Ulei de m\u0103sline extravirgin grecesc (EVOO) din insula Creta, prima presare la rece, bogat \u00een polifenoli, antioxidan\u021bi, vitamina E \u0219i propriet\u0103\u021bi antiinflamatorii, suc de m\u0103sline pur, f\u0103r\u0103 conservan\u021bi, recolt\u0103 nou\u0103, proasp\u0103t presat \u00een aceea\u0219i zi de Recoltarea m\u0103slinelor<\/strong><\/h2>\n<p>&nbsp;<\/p>\n<p><img loading=\"lazy\" decoding=\"async\" class=\"alignnone wp-image-3390 size-full\" src=\"https:\/\/www.cretoikos.com\/wp-content\/uploads\/2018\/03\/certifications-olive-oil.gif\" alt=\"Certificari pentru ulei de masline\" width=\"470\" height=\"88\" \/><\/p>\n<p><img loading=\"lazy\" decoding=\"async\" class=\"alignnone wp-image-3386 size-full\" src=\"https:\/\/www.cretoikos.com\/wp-content\/uploads\/2018\/03\/OliveOil-GDA.png\" alt=\"Ulei de m\u0103sline GDA\" width=\"464\" height=\"86\" srcset=\"https:\/\/www.cretoikos.com\/wp-content\/uploads\/2018\/03\/OliveOil-GDA.png 464w, https:\/\/www.cretoikos.com\/wp-content\/uploads\/2018\/03\/OliveOil-GDA-300x56.png 300w, https:\/\/www.cretoikos.com\/wp-content\/uploads\/2018\/03\/OliveOil-GDA-450x83.png 450w\" sizes=\"auto, (max-width: 464px) 100vw, 464px\" \/><\/p>\n<p><strong>Ulei de m\u0103sline extravirgin (EVOO) cu ierburi cretane 100 ml<\/strong> \u2013 Uleiuri de m\u0103sline extravirgine grece\u0219ti care au fost parfumate \u00een mod natural folosind diferite tipuri de ierburi (proaspete sau uscate), condimente \u0219i citrice. Pot fi folosite ca antreuri, \u00eenso\u021bite perfect de chifle mici sau biscui\u021bi \u0219i pot \u00eenlocui untul la \u00eenceputul unei mese.<\/p>\n<p class=\"translation-block\"><a href=\"https:\/\/www.cretoikos.com\/ro\/costurile-de-livrare-si-expediere\/\" target=\"_self\"><strong>Livrare \u00een toat\u0103 lumea<\/strong><\/a> \u2013 \u00ee\u021bi livr\u0103m comanda \u00een <strong>toate \u021b\u0103rile<\/strong> , \u00een \u00eentreaga lume!<\/p>\n<p>&nbsp;<\/p>\n<h2 style=\"font-size: 20px; text-align: center;\"><a href=\"\/ro\/certificari-internationale-pentru-ulei-de-masline\/\"><strong>Certificari interna\u021bionale de calitate pentru alimente pentru no\u0219tri<\/strong> Produse<\/a><\/h2>\n<p><a href=\"\/ro\/certificari-internationale-pentru-ulei-de-masline\/\"><img loading=\"lazy\" decoding=\"async\" class=\"aligncenter wp-image-13475 size-full\" src=\"https:\/\/www.cretoikos.com\/wp-content\/uploads\/2017\/12\/Quality-Food-Certifications-Lab-Certified-Healthy-Mediterranean-Foods-w800.jpg\" alt=\"Certificari interna\u021bionale de calitate pentru alimente - Alimente mediteraneene s\u0103n\u0103toase certificate de laborator\" width=\"800\" height=\"250\" srcset=\"https:\/\/www.cretoikos.com\/wp-content\/uploads\/2017\/12\/Quality-Food-Certifications-Lab-Certified-Healthy-Mediterranean-Foods-w800.jpg 800w, https:\/\/www.cretoikos.com\/wp-content\/uploads\/2017\/12\/Quality-Food-Certifications-Lab-Certified-Healthy-Mediterranean-Foods-w800-300x94.jpg 300w, https:\/\/www.cretoikos.com\/wp-content\/uploads\/2017\/12\/Quality-Food-Certifications-Lab-Certified-Healthy-Mediterranean-Foods-w800-768x240.jpg 768w, https:\/\/www.cretoikos.com\/wp-content\/uploads\/2017\/12\/Quality-Food-Certifications-Lab-Certified-Healthy-Mediterranean-Foods-w800-450x141.jpg 450w, https:\/\/www.cretoikos.com\/wp-content\/uploads\/2017\/12\/Quality-Food-Certifications-Lab-Certified-Healthy-Mediterranean-Foods-w800-780x244.jpg 780w\" sizes=\"auto, (max-width: 800px) 100vw, 800px\" \/><\/a><br \/>\n&nbsp;<\/p>\n<h3 style=\"font-size: 20px; text-align: center;\"><a href=\"\/ro\/certificari-internationale-pentru-ulei-de-masline\/\"><strong>Produs cu ulei de m\u0103sline certificat alimentar KOSHER<\/strong><\/a><\/h3>\n<p>&nbsp;<\/p>\n<p><img loading=\"lazy\" decoding=\"async\" class=\"size-full wp-image-13454 aligncenter\" src=\"https:\/\/www.cretoikos.com\/wp-content\/uploads\/2020\/07\/kosher-foods-certification-2-w220.jpg\" alt=\"Ulei de m\u0103sline extravirgin alimentar KOSHER\" width=\"173\" height=\"220\" \/><\/p>\n<p>&nbsp;<\/p>\n<h3 style=\"font-size: 20px; text-align: center;\"><a href=\"\/ro\/certificari-internationale-pentru-ulei-de-masline\/\"><strong>Produs cu ulei de m\u0103sline certificat FDA (SUA) \u2013 Food &amp; Drugs Administration<\/strong><\/a><\/h3>\n<p>&nbsp;<\/p>\n<p><img loading=\"lazy\" decoding=\"async\" class=\"size-full wp-image-13476 aligncenter\" src=\"https:\/\/www.cretoikos.com\/wp-content\/uploads\/2017\/12\/FDA-foods-certification-w220.jpg\" alt=\"Certificare FDA Food &amp; Drugs\" width=\"163\" height=\"220\" \/><\/p>\n<p>&nbsp;<\/p>","protected":false},"excerpt":{"rendered":"<p><strong>Ulei de m\u0103sline extravirgin grecesc!<\/strong><\/p>\n<p><strong>Ulei de m\u0103sline extravirgin (EVOO) cu ierburi cretane 100 ml<\/strong> \u2013 Pot fi folosite ca antreuri, \u00eenso\u021bite perfect de chifle mici sau biscui\u021bi \u0219i pot \u00eenlocui untul la \u00eenceputul unei mese.<\/p>\n<p class=\"translation-block\"><a href=\"https:\/\/www.cretoikos.com\/ro\/costurile-de-livrare-si-expediere\/\" target=\"_self\"><strong>Livrare \u00een toat\u0103 lumea<\/strong><\/a> \u2013 \u00ee\u021bi livr\u0103m comanda \u00een <strong>toate \u021b\u0103rile<\/strong> , \u00een \u00eentreaga lume!<\/p>\n<p>&nbsp;<\/p>","protected":false},"featured_media":161,"template":"","meta":[],"product_brand":[],"product_cat":[24],"product_tag":[103,141,95,97,98,100,138,96,91,132,137,99,139,101],"class_list":{"0":"post-91","1":"product","2":"type-product","3":"status-publish","4":"has-post-thumbnail","6":"product_cat-olive-oil-with-cretan-herbs","7":"product_tag-100ml","8":"product_tag-3-extra-virgin-olive-oil","9":"product_tag-bottle","10":"product_tag-buy-olive-oil","11":"product_tag-buy-online","12":"product_tag-chili","13":"product_tag-cretan-herbs-flavour","14":"product_tag-cretan-olive-oil","15":"product_tag-evoo","16":"product_tag-flavour","17":"product_tag-flavour-infused-olive-oil","18":"product_tag-greek-olive-oil","19":"product_tag-infused-olive-oil","20":"product_tag-olive-oil","22":"first","23":"instock","24":"taxable","25":"shipping-taxable","26":"purchasable","27":"product-type-simple"},"_links":{"self":[{"href":"https:\/\/www.cretoikos.com\/ro\/wp-json\/wp\/v2\/product\/91","targetHints":{"allow":["GET"]}}],"collection":[{"href":"https:\/\/www.cretoikos.com\/ro\/wp-json\/wp\/v2\/product"}],"about":[{"href":"https:\/\/www.cretoikos.com\/ro\/wp-json\/wp\/v2\/types\/product"}],"wp:featuredmedia":[{"embeddable":true,"href":"https:\/\/www.cretoikos.com\/ro\/wp-json\/wp\/v2\/media\/161"}],"wp:attachment":[{"href":"https:\/\/www.cretoikos.com\/ro\/wp-json\/wp\/v2\/media?parent=91"}],"wp:term":[{"taxonomy":"product_brand","embeddable":true,"href":"https:\/\/www.cretoikos.com\/ro\/wp-json\/wp\/v2\/product_brand?post=91"},{"taxonomy":"product_cat","embeddable":true,"href":"https:\/\/www.cretoikos.com\/ro\/wp-json\/wp\/v2\/product_cat?post=91"},{"taxonomy":"product_tag","embeddable":true,"href":"https:\/\/www.cretoikos.com\/ro\/wp-json\/wp\/v2\/product_tag?post=91"}],"curies":[{"name":"wp","href":"https:\/\/api.w.org\/{rel}","templated":true}]}}