{"id":2957,"date":"2018-02-02T09:15:38","date_gmt":"2018-02-02T07:15:38","guid":{"rendered":"https:\/\/www.cretoikos.com\/?post_type=product&#038;p=2957"},"modified":"2026-03-03T09:35:26","modified_gmt":"2026-03-03T07:35:26","slug":"miere-de-cimbru-250-ml","status":"publish","type":"product","link":"https:\/\/www.cretoikos.com\/ro\/eshop\/honey\/thyme-honey-250-ml\/","title":{"rendered":"Miere de Cimbru 250gr \u2013 Miere Cretan\u0103 Pur\u0103 \u2013 Creta Grecia"},"content":{"rendered":"<p><img loading=\"lazy\" decoding=\"async\" class=\"alignnone wp-image-3390 size-full\" src=\"https:\/\/www.cretoikos.com\/wp-content\/uploads\/2018\/03\/certifications-olive-oil.gif\" alt=\"Certificari pentru ulei de masline\" width=\"470\" height=\"88\" \/><\/p>\n<p><img loading=\"lazy\" decoding=\"async\" class=\"alignnone size-full wp-image-3387\" src=\"https:\/\/www.cretoikos.com\/wp-content\/uploads\/2018\/03\/Honey-GDA.png\" alt=\"Miere GDA\" width=\"464\" height=\"86\" srcset=\"https:\/\/www.cretoikos.com\/wp-content\/uploads\/2018\/03\/Honey-GDA.png 464w, https:\/\/www.cretoikos.com\/wp-content\/uploads\/2018\/03\/Honey-GDA-300x56.png 300w, https:\/\/www.cretoikos.com\/wp-content\/uploads\/2018\/03\/Honey-GDA-450x83.png 450w\" sizes=\"auto, (max-width: 464px) 100vw, 464px\" \/><\/p>\n<p><strong>Miere de cimbru cretan 250gr<\/strong> \u2013 Dup\u0103 cum spune \u0219i numele, mierea de cimbru este aromat\u0103 cu cimbru. Cu to\u021bii cunoa\u0219tem Cimbrul datorit\u0103 utiliz\u0103rilor sale culinare, medicinale \u0219i ornamentale. Cimbrul este cultivat cel mai bine \u00eentr-o loca\u021bie fierbinte, \u00eensorit\u0103, cu sol bine drenat. \u00cen general, este plantat\u0103 prim\u0103vara \u0219i apoi cre\u0219te ca plant\u0103 peren\u0103. Poate fi \u00eenmul\u021bit prin semin\u021be, buta\u0219i sau prin \u00eemp\u0103r\u021birea sec\u021biunilor \u00eenr\u0103d\u0103cinate ale plantei. Tolereaz\u0103 bine seceta. Plantele de cimbru pot \u00eenghe\u021ba ad\u00e2nc \u0219i se g\u0103sesc \u00een cre\u0219tere pe zonele muntoase. O miere pur\u0103 de cimbru de calitate premium produs\u0103 \u00een insula Creta de CRETOIKOS Healthy Foods \u2013 Creta Grecia<\/p>\n<p class=\"translation-block\"><a href=\"https:\/\/www.cretoikos.com\/ro\/costurile-de-livrare-si-expediere\/\" target=\"_self\"><strong>Livrare \u00een toat\u0103 lumea<\/strong><\/a> \u2013 \u00ee\u021bi livr\u0103m comanda \u00een <strong>toate \u021b\u0103rile<\/strong> , \u00een \u00eentreaga lume!<\/p>\n<h2 style=\"font-size: 20px; text-align: center;\"><a href=\"\/ro\/certificari-internationale-pentru-ulei-de-masline\/\"><strong>Certificari interna\u021bionale de calitate pentru alimente pentru no\u0219tri<\/strong> Produse<\/a><\/h2>\n<p><a href=\"\/ro\/certificari-internationale-pentru-ulei-de-masline\/\"><img loading=\"lazy\" decoding=\"async\" class=\"aligncenter wp-image-13475 size-full\" src=\"https:\/\/www.cretoikos.com\/wp-content\/uploads\/2017\/12\/Quality-Food-Certifications-Lab-Certified-Healthy-Mediterranean-Foods-w800.jpg\" alt=\"Certificari interna\u021bionale de calitate pentru alimente - Alimente mediteraneene s\u0103n\u0103toase certificate de laborator\" width=\"800\" height=\"250\" srcset=\"https:\/\/www.cretoikos.com\/wp-content\/uploads\/2017\/12\/Quality-Food-Certifications-Lab-Certified-Healthy-Mediterranean-Foods-w800.jpg 800w, https:\/\/www.cretoikos.com\/wp-content\/uploads\/2017\/12\/Quality-Food-Certifications-Lab-Certified-Healthy-Mediterranean-Foods-w800-300x94.jpg 300w, https:\/\/www.cretoikos.com\/wp-content\/uploads\/2017\/12\/Quality-Food-Certifications-Lab-Certified-Healthy-Mediterranean-Foods-w800-768x240.jpg 768w, https:\/\/www.cretoikos.com\/wp-content\/uploads\/2017\/12\/Quality-Food-Certifications-Lab-Certified-Healthy-Mediterranean-Foods-w800-450x141.jpg 450w, https:\/\/www.cretoikos.com\/wp-content\/uploads\/2017\/12\/Quality-Food-Certifications-Lab-Certified-Healthy-Mediterranean-Foods-w800-780x244.jpg 780w\" sizes=\"auto, (max-width: 800px) 100vw, 800px\" \/><\/a><\/p>\n<h3 style=\"font-size: 20px; text-align: center;\"><a href=\"\/ro\/certificari-internationale-pentru-ulei-de-masline\/\"><strong>Produs certificat alimentar KOSHER<\/strong><\/a><\/h3>\n<p><img loading=\"lazy\" decoding=\"async\" class=\"size-full wp-image-13454 aligncenter\" src=\"https:\/\/www.cretoikos.com\/wp-content\/uploads\/2020\/07\/kosher-foods-certification-2-w220.jpg\" alt=\"Ulei de m\u0103sline extravirgin alimentar KOSHER\" width=\"173\" height=\"220\" \/><\/p>\n<h3 style=\"font-size: 20px; text-align: center;\"><a href=\"\/ro\/certificari-internationale-pentru-ulei-de-masline\/\"><strong>FDA (SUA) \u2013 Produs certificat de Food &amp; Drugs Administration<\/strong><\/a><\/h3>\n<p><img loading=\"lazy\" decoding=\"async\" class=\"size-full wp-image-13476 aligncenter\" src=\"https:\/\/www.cretoikos.com\/wp-content\/uploads\/2017\/12\/FDA-foods-certification-w220.jpg\" alt=\"Certificare FDA Food &amp; Drugs\" width=\"163\" height=\"220\" \/><\/p>\n<p>&nbsp;<\/p>","protected":false},"excerpt":{"rendered":"<h1 style=\"font-size: 20px;\"><strong>Miere greceasc\u0103, cimbru pur Miere din Creta Grecia<\/strong><\/h1>\n<p><strong>Miere de cimbru cretan 250 gr<\/strong> \u2013 O modalitate popular\u0103 de a m\u00e2nca miere de cimbru \u00een Grecia este stropit\u0103 peste iaurt grecesc proasp\u0103t (cunoscut sub numele de \u201eYiaourti me Meli\u201d: iaurt cu miere), cu c\u00e2teva nuci deasupra. Se crede c\u0103 mierea de cimbru cre\u0219te poten\u021ba. Un \u201eViagra natural\u201d spun ei! O miere pur\u0103 de cimbru de calitate premium produs\u0103 \u00een insula Creta de CRETOIKOS Healthy Foods \u2013 Creta Grecia<\/p>\n<p class=\"translation-block\"><a href=\"https:\/\/www.cretoikos.com\/ro\/costurile-de-livrare-si-expediere\/\" target=\"_self\"><strong>Livrare \u00een toat\u0103 lumea<\/strong><\/a> \u2013 \u00ee\u021bi livr\u0103m comanda \u00een <strong>toate \u021b\u0103rile<\/strong> , \u00een \u00eentreaga lume!<\/p>","protected":false},"featured_media":3477,"template":"","meta":[],"product_brand":[],"product_cat":[74],"product_tag":[130,129,121,123,127,128,126,124,125,122],"class_list":{"0":"post-2957","1":"product","2":"type-product","3":"status-publish","4":"has-post-thumbnail","6":"product_cat-honey","7":"product_tag-250gr","8":"product_tag-cretan","9":"product_tag-cretan-honey","10":"product_tag-cretan-thyme-honey","11":"product_tag-crete","12":"product_tag-greece","13":"product_tag-greek-honey","14":"product_tag-honey","15":"product_tag-pure-honey","16":"product_tag-thyme-honey","18":"first","19":"instock","20":"taxable","21":"shipping-taxable","22":"purchasable","23":"product-type-simple"},"_links":{"self":[{"href":"https:\/\/www.cretoikos.com\/ro\/wp-json\/wp\/v2\/product\/2957","targetHints":{"allow":["GET"]}}],"collection":[{"href":"https:\/\/www.cretoikos.com\/ro\/wp-json\/wp\/v2\/product"}],"about":[{"href":"https:\/\/www.cretoikos.com\/ro\/wp-json\/wp\/v2\/types\/product"}],"wp:featuredmedia":[{"embeddable":true,"href":"https:\/\/www.cretoikos.com\/ro\/wp-json\/wp\/v2\/media\/3477"}],"wp:attachment":[{"href":"https:\/\/www.cretoikos.com\/ro\/wp-json\/wp\/v2\/media?parent=2957"}],"wp:term":[{"taxonomy":"product_brand","embeddable":true,"href":"https:\/\/www.cretoikos.com\/ro\/wp-json\/wp\/v2\/product_brand?post=2957"},{"taxonomy":"product_cat","embeddable":true,"href":"https:\/\/www.cretoikos.com\/ro\/wp-json\/wp\/v2\/product_cat?post=2957"},{"taxonomy":"product_tag","embeddable":true,"href":"https:\/\/www.cretoikos.com\/ro\/wp-json\/wp\/v2\/product_tag?post=2957"}],"curies":[{"name":"wp","href":"https:\/\/api.w.org\/{rel}","templated":true}]}}