{"id":117,"date":"2017-12-10T14:20:07","date_gmt":"2017-12-10T12:20:07","guid":{"rendered":"https:\/\/www.cretoikos.com\/?post_type=product&#038;p=117"},"modified":"2024-12-15T21:44:13","modified_gmt":"2024-12-15T19:44:13","slug":"pdo-sitia-0-2-premium-gold-ulei-de-masline-extra-virgin-500ml","status":"publish","type":"product","link":"https:\/\/www.cretoikos.com\/ro\/eshop\/olive-oil\/pdo-sitia-0-2-premium-gold-extra-virgin-olive-oil-500ml\/","title":{"rendered":"Ulei de m\u0103sline extravirgin Sitia DOP (EVOO) 0,2%, recipient 500ml"},"content":{"rendered":"<h2 style=\"font-size: 20px; text-align: center;\"><strong>100% Ulei de m\u0103sline extravirgin grecesc (EVOO) din insula Creta, prima presare la rece, bogat \u00een polifenoli, antioxidan\u021bi, vitamina E \u0219i propriet\u0103\u021bi antiinflamatorii, suc de m\u0103sline pur, f\u0103r\u0103 conservan\u021bi, recolt\u0103 nou\u0103, proasp\u0103t presat \u00een aceea\u0219i zi de Recoltarea m\u0103slinelor<\/strong><\/h2>\n<p>&nbsp;<\/p>\n<p><img loading=\"lazy\" decoding=\"async\" class=\"alignnone wp-image-3390 size-full\" src=\"https:\/\/www.cretoikos.com\/wp-content\/uploads\/2018\/03\/certifications-olive-oil.gif\" alt=\"Certificari pentru ulei de masline\" width=\"470\" height=\"88\" \/><\/p>\n<p><img loading=\"lazy\" decoding=\"async\" class=\"alignnone wp-image-3386 size-full\" src=\"https:\/\/www.cretoikos.com\/wp-content\/uploads\/2018\/03\/OliveOil-GDA.png\" alt=\"Ulei de m\u0103sline GDA\" width=\"464\" height=\"86\" srcset=\"https:\/\/www.cretoikos.com\/wp-content\/uploads\/2018\/03\/OliveOil-GDA.png 464w, https:\/\/www.cretoikos.com\/wp-content\/uploads\/2018\/03\/OliveOil-GDA-300x56.png 300w, https:\/\/www.cretoikos.com\/wp-content\/uploads\/2018\/03\/OliveOil-GDA-450x83.png 450w\" sizes=\"auto, (max-width: 464px) 100vw, 464px\" \/><\/p>\n<p><strong>Ulei de m\u0103sline extravirgin Sitia DOP (EVOO)<\/strong> este un ulei de m\u0103sline cu Denumire de Origine Protejat\u0103 (DOP). <strong>Sitia<\/strong>, \u00een Est <strong>Creta<\/strong>. Sitia in <strong>Lasithi<\/strong> este o regiune din estul Cretei, cunoscut\u0103 \u00een \u00eentreaga lume pentru condi\u021biile sale climatice ideale care contribuie la producerea de ulei de m\u0103sline extravirgin de calitate superioar\u0103. Procesul de extragere a uleiului de m\u0103sline din fructe de m\u0103sline se realizeaz\u0103 \u00een aceea\u0219i zi \u0219i la temperaturi foarte sc\u0103zute pentru a p\u0103stra toate bun\u0103t\u0103\u021bile fructelor \u0219i aciditatea foarte sc\u0103zut\u0103. Procedura se desf\u0103\u0219oar\u0103 sub supraveghetori de control al s\u0103n\u0103t\u0103\u021bii \u0219i cu sprijinul ma\u0219inilor de ultim\u0103 genera\u021bie. DOP Sitia 0.2 este un ulei de m\u0103sline extravirgin unic, fructat, cu o aciditate excep\u021bional de sc\u0103zut\u0103, ideal pentru toate nevoile dumneavoastr\u0103 culinare. Folose\u0219te-l \u00een g\u0103tit sau crud, ca \u0219ifonier pentru salate.<\/p>\n<p><strong>DOP<\/strong> \u00eenseamn\u0103 c\u0103 este a <strong>Destina\u021bie de origine protejat\u0103<\/strong>, <strong>EVOO<\/strong> mijloace <strong>Ulei de m\u0103sline extra virgin<\/strong> (aciditate foarte sc\u0103zut\u0103 \u2013 sub 0,8%), acest produs are \u00een mod specific un <strong>aciditatea de<\/strong> <strong>doar 0,2%<\/strong><\/p>\n<p>Produsele noastre de ulei de m\u0103sline sunt <strong>Certificat de LABORATOR<\/strong>, pur\u0103, calitate premium <strong>Uleiuri de m\u0103sline extravirgine<\/strong> EVOO, DOP (<strong>Destina\u021bie de origine protejat\u0103<\/strong>) \u0219i <strong>Premiat<\/strong> \u00een c\u00e2teva <strong>Concursuri interna\u021bionale de ulei de m\u0103sline. Cump\u0103ra\u021bi cu \u00eencredere\u2026<\/strong><\/p>\n<div class=\"wpb_text_column wpb_content_element wpb_animate_when_almost_visible wpb_fadeInDown fadeInDown vc_custom_1585559046315 wpb_start_animation animated\">\n<div class=\"wpb_wrapper\">\n<p>Cump\u0103ra\u021bi numai uleiuri de m\u0103sline extravirgine pure, certificate de laborator, EVOO este cel mai bun ulei de m\u0103sline comestibil<\/p>\n<\/div>\n<\/div>\n<p>Comanda\u021bi uleiul de m\u0103sline grecesc online \u0219i economisi\u021bi<\/p>\n<p class=\"translation-block\"><a href=\"https:\/\/www.cretoikos.com\/ro\/costurile-de-livrare-si-expediere\/\" target=\"_self\"><strong>Livrare \u00een toat\u0103 lumea<\/strong><\/a> \u2013 \u00ee\u021bi livr\u0103m comanda \u00een <strong>toate \u021b\u0103rile<\/strong> , \u00een \u00eentreaga lume!<\/p>\n<p>&nbsp;<\/p>\n<h2 style=\"font-size: 20px; text-align: center;\"><a href=\"\/ro\/certificari-internationale-pentru-ulei-de-masline\/\"><strong>Certificari interna\u021bionale de calitate pentru alimente pentru no\u0219tri<\/strong> Produse<\/a><\/h2>\n<p><a href=\"\/ro\/certificari-internationale-pentru-ulei-de-masline\/\"><img loading=\"lazy\" decoding=\"async\" class=\"aligncenter wp-image-13475 size-full\" src=\"https:\/\/www.cretoikos.com\/wp-content\/uploads\/2017\/12\/Quality-Food-Certifications-Lab-Certified-Healthy-Mediterranean-Foods-w800.jpg\" alt=\"Certificari interna\u021bionale de calitate pentru alimente - Alimente mediteraneene s\u0103n\u0103toase certificate de laborator\" width=\"800\" height=\"250\" srcset=\"https:\/\/www.cretoikos.com\/wp-content\/uploads\/2017\/12\/Quality-Food-Certifications-Lab-Certified-Healthy-Mediterranean-Foods-w800.jpg 800w, https:\/\/www.cretoikos.com\/wp-content\/uploads\/2017\/12\/Quality-Food-Certifications-Lab-Certified-Healthy-Mediterranean-Foods-w800-300x94.jpg 300w, https:\/\/www.cretoikos.com\/wp-content\/uploads\/2017\/12\/Quality-Food-Certifications-Lab-Certified-Healthy-Mediterranean-Foods-w800-768x240.jpg 768w, https:\/\/www.cretoikos.com\/wp-content\/uploads\/2017\/12\/Quality-Food-Certifications-Lab-Certified-Healthy-Mediterranean-Foods-w800-450x141.jpg 450w, https:\/\/www.cretoikos.com\/wp-content\/uploads\/2017\/12\/Quality-Food-Certifications-Lab-Certified-Healthy-Mediterranean-Foods-w800-780x244.jpg 780w\" sizes=\"auto, (max-width: 800px) 100vw, 800px\" \/><\/a><\/p>\n<h3 style=\"font-size: 20px; text-align: center;\"><a href=\"\/ro\/certificari-internationale-pentru-ulei-de-masline\/\"><strong>Produs cu ulei de m\u0103sline certificat alimentar KOSHER<\/strong><\/a><\/h3>\n<p>&nbsp;<\/p>\n<p><img loading=\"lazy\" decoding=\"async\" class=\"size-full wp-image-13454 aligncenter\" src=\"https:\/\/www.cretoikos.com\/wp-content\/uploads\/2020\/07\/kosher-foods-certification-2-w220.jpg\" alt=\"Ulei de m\u0103sline extravirgin alimentar KOSHER\" width=\"173\" height=\"220\" \/><\/p>\n<p>&nbsp;<\/p>\n<h3 style=\"font-size: 20px; text-align: center;\"><a href=\"\/ro\/certificari-internationale-pentru-ulei-de-masline\/\"><strong>Produs cu ulei de m\u0103sline certificat FDA (SUA) \u2013 Food &amp; Drugs Administration<\/strong><\/a><\/h3>\n<p>&nbsp;<\/p>\n<p><img loading=\"lazy\" decoding=\"async\" class=\"size-full wp-image-13476 aligncenter\" src=\"https:\/\/www.cretoikos.com\/wp-content\/uploads\/2017\/12\/FDA-foods-certification-w220.jpg\" alt=\"Certificare FDA Food &amp; Drugs\" width=\"163\" height=\"220\" \/><\/p>\n<p>&nbsp;<\/p>","protected":false},"excerpt":{"rendered":"<p><strong>Ulei de m\u0103sline extravirgin Sitia DOP (EVOO)<\/strong> - acesta este un <strong>Denumire de origine protejat\u0103 (DOP)<\/strong> Ulei de m\u0103sline extra virgin (<strong>EVOO<\/strong>) din <strong>Sitia<\/strong>, \u00een Est <strong>Creta<\/strong>. Sitia in <strong>Lasithi<\/strong> este o regiune din estul Cretei, cunoscut\u0103 \u00een \u00eentreaga lume pentru condi\u021biile sale climatice ideale care contribuie la producerea de ulei de m\u0103sline extravirgin de calitate superioar\u0103. Procesul de extragere a uleiului de m\u0103sline din fructe de m\u0103sline se realizeaz\u0103 \u00een aceea\u0219i zi \u0219i la temperaturi foarte sc\u0103zute pentru a p\u0103stra toate bun\u0103t\u0103\u021bile fructelor \u0219i aciditatea foarte sc\u0103zut\u0103. Procedura se desf\u0103\u0219oar\u0103 sub supraveghetori de control al s\u0103n\u0103t\u0103\u021bii \u0219i cu sprijinul ma\u0219inilor de ultim\u0103 genera\u021bie. DOP Sitia 0.2 este un ulei de m\u0103sline extravirgin unic, fructat, cu o aciditate excep\u021bional de sc\u0103zut\u0103, ideal pentru toate nevoile dumneavoastr\u0103 culinare. Folose\u0219te-l \u00een g\u0103tit sau crud, ca \u0219ifonier pentru salate.<\/p>\n<p><strong>Ulei de m\u0103sline extravirgin grecesc din insula Creta!<\/strong><\/p>\n<p class=\"translation-block\"><a href=\"https:\/\/www.cretoikos.com\/ro\/costurile-de-livrare-si-expediere\/\" target=\"_self\"><strong>Livrare \u00een toat\u0103 lumea<\/strong><\/a> \u2013 \u00ee\u021bi livr\u0103m comanda \u00een <strong>toate \u021b\u0103rile<\/strong> , \u00een \u00eentreaga lume!<\/p>","protected":false},"featured_media":183,"template":"","meta":[],"product_brand":[],"product_cat":[23],"product_tag":[140,141,119,95,97,98,96,91,99,101,135,111,112,110,109],"class_list":{"0":"post-117","1":"product","2":"type-product","3":"status-publish","4":"has-post-thumbnail","6":"product_cat-olive-oil","7":"product_tag-140","8":"product_tag-3-extra-virgin-olive-oil","9":"product_tag-500ml","10":"product_tag-bottle","11":"product_tag-buy-olive-oil","12":"product_tag-buy-online","13":"product_tag-cretan-olive-oil","14":"product_tag-evoo","15":"product_tag-greek-olive-oil","16":"product_tag-olive-oil","17":"product_tag-pdo-olive-oil","18":"product_tag-pdo-sitia","19":"product_tag-pdo-sitia-olive-oil","20":"product_tag-sitia","21":"product_tag-sitia-olive-oil","23":"first","24":"instock","25":"taxable","26":"shipping-taxable","27":"purchasable","28":"product-type-simple"},"_links":{"self":[{"href":"https:\/\/www.cretoikos.com\/ro\/wp-json\/wp\/v2\/product\/117","targetHints":{"allow":["GET"]}}],"collection":[{"href":"https:\/\/www.cretoikos.com\/ro\/wp-json\/wp\/v2\/product"}],"about":[{"href":"https:\/\/www.cretoikos.com\/ro\/wp-json\/wp\/v2\/types\/product"}],"wp:featuredmedia":[{"embeddable":true,"href":"https:\/\/www.cretoikos.com\/ro\/wp-json\/wp\/v2\/media\/183"}],"wp:attachment":[{"href":"https:\/\/www.cretoikos.com\/ro\/wp-json\/wp\/v2\/media?parent=117"}],"wp:term":[{"taxonomy":"product_brand","embeddable":true,"href":"https:\/\/www.cretoikos.com\/ro\/wp-json\/wp\/v2\/product_brand?post=117"},{"taxonomy":"product_cat","embeddable":true,"href":"https:\/\/www.cretoikos.com\/ro\/wp-json\/wp\/v2\/product_cat?post=117"},{"taxonomy":"product_tag","embeddable":true,"href":"https:\/\/www.cretoikos.com\/ro\/wp-json\/wp\/v2\/product_tag?post=117"}],"curies":[{"name":"wp","href":"https:\/\/api.w.org\/{rel}","templated":true}]}}