{"id":3232,"date":"2018-02-21T08:34:30","date_gmt":"2018-02-21T08:34:30","guid":{"rendered":"https:\/\/www.cretoikos.com\/?page_id=3232"},"modified":"2020-05-10T02:21:07","modified_gmt":"2020-05-09T23:21:07","slug":"costurile-de-livrare-si-expediere","status":"publish","type":"page","link":"https:\/\/www.cretoikos.com\/ro\/delivery-and-shipping-costs\/","title":{"rendered":"Livrare \u0219i costuri de transport"},"content":{"rendered":"<div style=\"\"class=\"normal_height vc_row wpb_row vc_row-fluid vc_custom_1519202151804\"><div class=\"wpb_column vc_column_container vc_col-sm-12\"><div class=\"vc_column-inner\"><div class=\"wpb_wrapper\">\n\t<div class=\"wpb_text_column wpb_content_element\" >\n\t\t<div class=\"wpb_wrapper\">\n\t\t\t<h1 style=\"font-size: 20px;\">Expediem comanda dvs. \u00ceN TOAT\u0102 LUME \u2013 livr\u0103m \u00een orice \u021bar\u0103, din \u00eentreaga lume, folosind serviciile de curierat expres (TNT Courier \u2013 cu urm\u0103rirea online a pachetului disponibil\u0103)<\/h1>\n<p>Magazinul electronic <strong>Cretoikos.com<\/strong> trimite comanda la adresa pe care clientul a completat-o \u00een formularul de comand\u0103 (adresa de acas\u0103 sau de la serviciu). Aceasta <strong>este esen\u021bial s\u0103 completa\u021bi corect adresa de expediere, adresa de e-mail \u0219i num\u0103rul de telefon<\/strong> pentru a ne asigura c\u0103 compania noastr\u0103 sau serviciul de curierat v\u0103 poate contacta. (problemele cu livrarea care pot ap\u0103rea dintr-o adres\u0103 gre\u0219it\u0103 \u00eenregistrat\u0103 sau detalii incorecte de expediere (\u00eent\u00e2rziere, livrare e\u0219uat\u0103, returnare sau costuri) nu sunt responsabilitatea Cretoikos.com)<\/p>\n<p>Livrarea are loc \u00een ziua lucr\u0103toare \u00een care este finalizat\u0103 comanda (mai des \u00een aceea\u0219i zi), cu condi\u021bia<\/p>\n<ul>\n<li><strong>toate produsele din comand\u0103 sunt disponibile<\/strong>, (este foarte rar s\u0103 nu fie) \u0219i<\/li>\n<li><strong>comanda a fost pl\u0103tit\u0103<\/strong><\/li>\n<\/ul>\n<p><strong>Livrare \u00een afara Greciei (\u021b\u0103rile UE \u0219i restul lumii)<\/strong><\/p>\n<p>Livrarea produselor noastre este efectuat\u0103 de <strong><a href=\"https:\/\/www.tnt.com\/\">Serviciu de curierat TNT<\/a><\/strong> (express sau economic). TNT este un serviciu de curierat rapid, global, de renume, care trimite comenzi de p\u00e2n\u0103 la 30 kg (costurile de transport se pot vedea \u00een c\u00e2mpul \u201e<strong>TRANSPORT<\/strong>&quot; la <strong>Pasul CHECKOUT<\/strong> din co\u0219ul dvs. de cump\u0103r\u0103turi). <strong>Greutatea minima a comenzii este de 5 kg<\/strong>. \u00cen circumstan\u021be normale, TNT livreaz\u0103 produsele \u00een interior <strong>2-5 zile lucratoare<\/strong> \u00een toat\u0103 Europa, \u00een plus, v\u0103 rug\u0103m s\u0103 re\u021bine\u021bi c\u0103 transportul efectuat de TNT este <strong>asigurat<\/strong> pentru <strong>10 \u20ac\/kg<\/strong> pentru TNT Economy \u0219i <strong>20 \u20ac\/kg<\/strong> pentru TNT Express \u00een cazul \u00een care coletul este pierdut sau deteriorat.<\/p>\n<p>\u00cen cazul \u00een care dori\u021bi ca livrarea s\u0103 fie efectuat\u0103 de o companie de transport maritim care nu coopereaz\u0103 cu Zacharakis Konstantinos &amp; CO General Partnership (CRETOIKOS), costurile de transport sunt \u00eempov\u0103r\u0103toare pe client.<\/p>\n<p><strong>Not\u0103 important\u0103 pentru livr\u0103rile \u00een str\u0103in\u0103tate:<\/strong> Toate produsele noastre sunt v\u00e2ndute legal \u00een Grecia\/UE \u0219i \u00een str\u0103in\u0103tate cu toate certificatele \u0219i permisele aferente.<\/p>\n<p>&#8212;&#8212;&#8212;&#8212;&#8212;&#8212;&#8212;&#8212;&#8212;&#8212;&#8212;&#8212;&#8212;&#8212;&#8212;&#8212;&#8212;&#8212;&#8212;&#8212;&#8212;&#8212;&#8212;&#8212;&#8211;<\/p>\n<p><strong><img loading=\"lazy\" decoding=\"async\" class=\"alignnone wp-image-12887 size-medium\" src=\"https:\/\/www.cretoikos.com\/wp-content\/uploads\/2020\/05\/order-shipping-eshop-buy-online-5-300x169.jpg\" alt=\"Expediem comanda dvs. in toata lumea!\" width=\"300\" height=\"169\" srcset=\"https:\/\/www.cretoikos.com\/wp-content\/uploads\/2020\/05\/order-shipping-eshop-buy-online-5-300x169.jpg 300w, https:\/\/www.cretoikos.com\/wp-content\/uploads\/2020\/05\/order-shipping-eshop-buy-online-5-450x253.jpg 450w, https:\/\/www.cretoikos.com\/wp-content\/uploads\/2020\/05\/order-shipping-eshop-buy-online-5.jpg 600w\" sizes=\"auto, (max-width: 300px) 100vw, 300px\" \/> \u00a0 <a href=\"https:\/\/www.cretoikos.com\/ro\/eshop\/\"><img loading=\"lazy\" decoding=\"async\" class=\"alignnone wp-image-12883 size-full\" src=\"https:\/\/www.cretoikos.com\/wp-content\/uploads\/2020\/05\/order-shipping-eshop-buy-online.jpg\" alt=\"Expediem comanda dvs. in toata lumea!\" width=\"325\" height=\"215\" srcset=\"https:\/\/www.cretoikos.com\/wp-content\/uploads\/2020\/05\/order-shipping-eshop-buy-online.jpg 325w, https:\/\/www.cretoikos.com\/wp-content\/uploads\/2020\/05\/order-shipping-eshop-buy-online-300x198.jpg 300w\" sizes=\"auto, (max-width: 325px) 100vw, 325px\" \/><\/a> \u00a0 <a href=\"https:\/\/www.tnt.com\/\" target=\"_blank\" rel=\"noopener noreferrer\"><img loading=\"lazy\" decoding=\"async\" class=\"alignnone wp-image-12886 size-full\" src=\"https:\/\/www.cretoikos.com\/wp-content\/uploads\/2020\/05\/order-shipping-eshop-buy-online-4.jpg\" alt=\"Expediem comanda dvs. in toata lumea!\" width=\"275\" height=\"183\" \/><\/a><br \/>\n<\/strong><\/p>\n<p>&nbsp;<\/p>\n<p style=\"text-align: left; font-size: 20px;\" class=\"translation-block\"><a href=\"https:\/\/www.cretoikos.com\/ro\/costurile-de-livrare-si-expediere\/\" target=\"_self\"><strong>Livrare \u00een toat\u0103 lumea<\/strong><\/a> \u2013 \u00ee\u021bi livr\u0103m comanda \u00een <strong>toate \u021b\u0103rile<\/strong> , \u00een \u00eentreaga lume!<\/p>\n<p><strong>livrare rapid\u0103 <\/strong>- pe net <strong>urm\u0103rirea pachetului<\/strong> disponibil<br \/>\n\u00een timp real <a href=\"https:\/\/www.cretoikos.com\/ro\/monitorizarea-comenzii\/\"><strong>urm\u0103ri\u021bi \u0219i urm\u0103ri\u021bi<\/strong><\/a> din comanda dumneavoastr\u0103 de ulei de m\u0103sline<\/p>\n<p>&nbsp;<\/p>\n<h2><strong>Ulei de m\u0103sline extravirgin (EVOO) \u2013 M\u0103sline \u2013 Miere \u2013 S\u0103punuri<\/strong><\/h2>\n<h2><a href=\"https:\/\/www.cretoikos.com\/ro\/eshop\/\">Cump\u0103ra\u021bi online ulei de m\u0103sline EVOO grecesc \u2013 magazinul nostru electronic<\/a><\/h2>\n<div id=\"attachment_3971\" style=\"width: 1913px\" class=\"wp-caption alignnone\"><a href=\"https:\/\/www.cretoikos.com\/ro\/eshop\/\"><img loading=\"lazy\" decoding=\"async\" aria-describedby=\"caption-attachment-3971\" class=\"wp-image-3971 size-full\" src=\"https:\/\/www.cretoikos.com\/wp-content\/uploads\/2018\/10\/homepage_all_products_family_photo.jpg\" alt=\"Produsele noastre cu ulei de m\u0103sline EVOO\" width=\"1903\" height=\"452\" srcset=\"https:\/\/www.cretoikos.com\/wp-content\/uploads\/2018\/10\/homepage_all_products_family_photo.jpg 1903w, https:\/\/www.cretoikos.com\/wp-content\/uploads\/2018\/10\/homepage_all_products_family_photo-300x71.jpg 300w, https:\/\/www.cretoikos.com\/wp-content\/uploads\/2018\/10\/homepage_all_products_family_photo-768x182.jpg 768w, https:\/\/www.cretoikos.com\/wp-content\/uploads\/2018\/10\/homepage_all_products_family_photo-1024x243.jpg 1024w, https:\/\/www.cretoikos.com\/wp-content\/uploads\/2018\/10\/homepage_all_products_family_photo-450x107.jpg 450w, https:\/\/www.cretoikos.com\/wp-content\/uploads\/2018\/10\/homepage_all_products_family_photo-780x185.jpg 780w\" sizes=\"auto, (max-width: 1903px) 100vw, 1903px\" \/><\/a><p id=\"caption-attachment-3971\" class=\"wp-caption-text\">Produsele noastre cu ulei de m\u0103sline EVOO \u2013 Produse tradi\u021bionale grece\u0219ti din insula Creta \u2013 ALIMENTE s\u0103n\u0103toase CRETOIKOS<\/p><\/div>\n\n\t\t<\/div>\n\t<\/div>\n<\/div><\/div><\/div><\/div>","protected":false},"excerpt":{"rendered":"We Ship your Order WORLDWIDE - we ship to any country, worldwide, using Express Courier Services (TNT Courier - with package online tracking available) The e-shop Cretoikos.com sends the order to the address the client has filled in the order form (home or work address). It is essential to fill in your correct shipping address, [...]","protected":false},"author":1,"featured_media":0,"parent":0,"menu_order":0,"comment_status":"closed","ping_status":"closed","template":"page-boxed.php","meta":{"footnotes":""},"class_list":["post-3232","page","type-page","status-publish","hentry"],"_links":{"self":[{"href":"https:\/\/www.cretoikos.com\/ro\/wp-json\/wp\/v2\/pages\/3232","targetHints":{"allow":["GET"]}}],"collection":[{"href":"https:\/\/www.cretoikos.com\/ro\/wp-json\/wp\/v2\/pages"}],"about":[{"href":"https:\/\/www.cretoikos.com\/ro\/wp-json\/wp\/v2\/types\/page"}],"author":[{"embeddable":true,"href":"https:\/\/www.cretoikos.com\/ro\/wp-json\/wp\/v2\/users\/1"}],"replies":[{"embeddable":true,"href":"https:\/\/www.cretoikos.com\/ro\/wp-json\/wp\/v2\/comments?post=3232"}],"version-history":[{"count":0,"href":"https:\/\/www.cretoikos.com\/ro\/wp-json\/wp\/v2\/pages\/3232\/revisions"}],"wp:attachment":[{"href":"https:\/\/www.cretoikos.com\/ro\/wp-json\/wp\/v2\/media?parent=3232"}],"curies":[{"name":"wp","href":"https:\/\/api.w.org\/{rel}","templated":true}]}}