{"id":91,"date":"2017-12-10T12:12:56","date_gmt":"2017-12-10T10:12:56","guid":{"rendered":"https:\/\/www.cretoikos.com\/?post_type=product&#038;p=91"},"modified":"2023-12-09T19:02:39","modified_gmt":"2023-12-09T17:02:39","slug":"oliwa-z-oliwek-pierwszego-tloczenia-z-ziolami-kretenskimi-100ml","status":"publish","type":"product","link":"https:\/\/www.cretoikos.com\/pl\/eshop\/olive-oil-with-cretan-herbs\/virgin-olive-oil-with-cretan-herbs-100ml\/","title":{"rendered":"Oliwa z oliwek Extra Virgin (EVOO) z zio\u0142ami krete\u0144skimi 100ml"},"content":{"rendered":"<h2 style=\"font-size: 20px; text-align: center;\"><strong>100% Grecka oliwa z oliwek z pierwszego t\u0142oczenia (EVOO) z Krety, najpierw t\u0142oczona na zimno, bogata w polifenole, przeciwutleniacze, witamin\u0119 E i w\u0142a\u015bciwo\u015bci przeciwzapalne, czysty sok owocowy z oliwek, bez konserwant\u00f3w, z nowych zbior\u00f3w, \u015bwie\u017co t\u0142oczony tego samego dnia Zbi\u00f3r oliwek<\/strong><\/h2>\n<p>&nbsp;<\/p>\n<p><img loading=\"lazy\" decoding=\"async\" class=\"alignnone wp-image-3390 size-full\" src=\"https:\/\/www.cretoikos.com\/wp-content\/uploads\/2018\/03\/certifications-olive-oil.gif\" alt=\"Certyfikaty oliwy z oliwek\" width=\"470\" height=\"88\" \/><\/p>\n<p><img loading=\"lazy\" decoding=\"async\" class=\"alignnone wp-image-3386 size-full\" src=\"https:\/\/www.cretoikos.com\/wp-content\/uploads\/2018\/03\/OliveOil-GDA.png\" alt=\"Oliwa z oliwek GDA\" width=\"464\" height=\"86\" srcset=\"https:\/\/www.cretoikos.com\/wp-content\/uploads\/2018\/03\/OliveOil-GDA.png 464w, https:\/\/www.cretoikos.com\/wp-content\/uploads\/2018\/03\/OliveOil-GDA-300x56.png 300w, https:\/\/www.cretoikos.com\/wp-content\/uploads\/2018\/03\/OliveOil-GDA-450x83.png 450w\" sizes=\"auto, (max-width: 464px) 100vw, 464px\" \/><\/p>\n<p><strong>Oliwa z oliwek Extra Virgin (EVOO) z zio\u0142ami krete\u0144skimi 100ml<\/strong> \u2013 Grecka oliwa z oliwek z pierwszego t\u0142oczenia, naturalnie aromatyzowana r\u00f3\u017cnymi rodzajami zi\u00f3\u0142 (\u015bwie\u017cych lub suszonych), przypraw i cytrus\u00f3w. Mo\u017cna je podawa\u0107 jako przystawk\u0119, doskonale komponuj\u0105 si\u0119 z ma\u0142ymi bu\u0142eczkami lub sucharkami, mog\u0105 zast\u0105pi\u0107 mas\u0142o na pocz\u0105tku posi\u0142ku.<\/p>\n<p class=\"translation-block\"><a href=\"https:\/\/www.cretoikos.com\/pl\/koszty-dostawy-i-wysylki\/\" target=\"_self\"><strong>Wysy\u0142ka na ca\u0142y \u015bwiat<\/strong><\/a> \u2013 wysy\u0142amy Twoje zam\u00f3wienie do <strong>wszystkich kraj\u00f3w<\/strong> na ca\u0142ym \u015bwiecie!<\/p>\n<p>&nbsp;<\/p>\n<h2 style=\"font-size: 20px; text-align: center;\"><a href=\"\/pl\/miedzynarodowe-certyfikaty-dotyczace-oliwy-z-oliwek\/\"><strong>Mi\u0119dzynarodowe certyfikaty jako\u015bci \u017cywno\u015bci dla naszych<\/strong> Produkty<\/a><\/h2>\n<p><a href=\"\/pl\/miedzynarodowe-certyfikaty-dotyczace-oliwy-z-oliwek\/\"><img loading=\"lazy\" decoding=\"async\" class=\"aligncenter wp-image-13475 size-full\" src=\"https:\/\/www.cretoikos.com\/wp-content\/uploads\/2017\/12\/Quality-Food-Certifications-Lab-Certified-Healthy-Mediterranean-Foods-w800.jpg\" alt=\"Mi\u0119dzynarodowe certyfikaty jako\u015bci \u017cywno\u015bci \u2014 certyfikowana przez laboratorium zdrowa \u017cywno\u015b\u0107 \u015br\u00f3dziemnomorska\" width=\"800\" height=\"250\" srcset=\"https:\/\/www.cretoikos.com\/wp-content\/uploads\/2017\/12\/Quality-Food-Certifications-Lab-Certified-Healthy-Mediterranean-Foods-w800.jpg 800w, https:\/\/www.cretoikos.com\/wp-content\/uploads\/2017\/12\/Quality-Food-Certifications-Lab-Certified-Healthy-Mediterranean-Foods-w800-300x94.jpg 300w, https:\/\/www.cretoikos.com\/wp-content\/uploads\/2017\/12\/Quality-Food-Certifications-Lab-Certified-Healthy-Mediterranean-Foods-w800-768x240.jpg 768w, https:\/\/www.cretoikos.com\/wp-content\/uploads\/2017\/12\/Quality-Food-Certifications-Lab-Certified-Healthy-Mediterranean-Foods-w800-450x141.jpg 450w, https:\/\/www.cretoikos.com\/wp-content\/uploads\/2017\/12\/Quality-Food-Certifications-Lab-Certified-Healthy-Mediterranean-Foods-w800-780x244.jpg 780w\" sizes=\"auto, (max-width: 800px) 100vw, 800px\" \/><\/a><br \/>\n&nbsp;<\/p>\n<h3 style=\"font-size: 20px; text-align: center;\"><a href=\"\/pl\/miedzynarodowe-certyfikaty-dotyczace-oliwy-z-oliwek\/\"><strong>KOSHER Produkt z oliwy z oliwek z certyfikatem spo\u017cywczym<\/strong><\/a><\/h3>\n<p>&nbsp;<\/p>\n<p><img loading=\"lazy\" decoding=\"async\" class=\"size-full wp-image-13454 aligncenter\" src=\"https:\/\/www.cretoikos.com\/wp-content\/uploads\/2020\/07\/kosher-foods-certification-2-w220.jpg\" alt=\"KOSHER Food Oliwa z oliwek Extra Virgin\" width=\"173\" height=\"220\" \/><\/p>\n<p>&nbsp;<\/p>\n<h3 style=\"font-size: 20px; text-align: center;\"><a href=\"\/pl\/miedzynarodowe-certyfikaty-dotyczace-oliwy-z-oliwek\/\"><strong>FDA (USA) \u2013 produkt z oliwy z oliwek posiadaj\u0105cy certyfikat Agencji ds. \u017bywno\u015bci i Lek\u00f3w<\/strong><\/a><\/h3>\n<p>&nbsp;<\/p>\n<p><img loading=\"lazy\" decoding=\"async\" class=\"size-full wp-image-13476 aligncenter\" src=\"https:\/\/www.cretoikos.com\/wp-content\/uploads\/2017\/12\/FDA-foods-certification-w220.jpg\" alt=\"Certyfikat FDA dotycz\u0105cy \u017cywno\u015bci i lek\u00f3w\" width=\"163\" height=\"220\" \/><\/p>\n<p>&nbsp;<\/p>","protected":false},"excerpt":{"rendered":"<p><strong>Grecka oliwa z oliwek Extra Virgin!<\/strong><\/p>\n<p><strong>Oliwa z oliwek Extra Virgin (EVOO) z zio\u0142ami krete\u0144skimi 100ml<\/strong> \u2013 Mo\u017cna je stosowa\u0107 jako przystawk\u0119, doskonale komponuj\u0105 si\u0119 z ma\u0142ymi bu\u0142eczkami lub sucharkami, mog\u0105 zast\u0105pi\u0107 mas\u0142o na pocz\u0105tku posi\u0142ku.<\/p>\n<p class=\"translation-block\"><a href=\"https:\/\/www.cretoikos.com\/pl\/koszty-dostawy-i-wysylki\/\" target=\"_self\"><strong>Wysy\u0142ka na ca\u0142y \u015bwiat<\/strong><\/a> \u2013 wysy\u0142amy Twoje zam\u00f3wienie do <strong>wszystkich kraj\u00f3w<\/strong> na ca\u0142ym \u015bwiecie!<\/p>\n<p>&nbsp;<\/p>","protected":false},"featured_media":161,"template":"","meta":[],"product_brand":[],"product_cat":[24],"product_tag":[103,141,95,97,98,100,138,96,91,132,137,99,139,101],"class_list":{"0":"post-91","1":"product","2":"type-product","3":"status-publish","4":"has-post-thumbnail","6":"product_cat-olive-oil-with-cretan-herbs","7":"product_tag-100ml","8":"product_tag-3-extra-virgin-olive-oil","9":"product_tag-bottle","10":"product_tag-buy-olive-oil","11":"product_tag-buy-online","12":"product_tag-chili","13":"product_tag-cretan-herbs-flavour","14":"product_tag-cretan-olive-oil","15":"product_tag-evoo","16":"product_tag-flavour","17":"product_tag-flavour-infused-olive-oil","18":"product_tag-greek-olive-oil","19":"product_tag-infused-olive-oil","20":"product_tag-olive-oil","22":"first","23":"instock","24":"taxable","25":"shipping-taxable","26":"purchasable","27":"product-type-simple"},"_links":{"self":[{"href":"https:\/\/www.cretoikos.com\/pl\/wp-json\/wp\/v2\/product\/91","targetHints":{"allow":["GET"]}}],"collection":[{"href":"https:\/\/www.cretoikos.com\/pl\/wp-json\/wp\/v2\/product"}],"about":[{"href":"https:\/\/www.cretoikos.com\/pl\/wp-json\/wp\/v2\/types\/product"}],"wp:featuredmedia":[{"embeddable":true,"href":"https:\/\/www.cretoikos.com\/pl\/wp-json\/wp\/v2\/media\/161"}],"wp:attachment":[{"href":"https:\/\/www.cretoikos.com\/pl\/wp-json\/wp\/v2\/media?parent=91"}],"wp:term":[{"taxonomy":"product_brand","embeddable":true,"href":"https:\/\/www.cretoikos.com\/pl\/wp-json\/wp\/v2\/product_brand?post=91"},{"taxonomy":"product_cat","embeddable":true,"href":"https:\/\/www.cretoikos.com\/pl\/wp-json\/wp\/v2\/product_cat?post=91"},{"taxonomy":"product_tag","embeddable":true,"href":"https:\/\/www.cretoikos.com\/pl\/wp-json\/wp\/v2\/product_tag?post=91"}],"curies":[{"name":"wp","href":"https:\/\/api.w.org\/{rel}","templated":true}]}}