{"id":2957,"date":"2018-02-02T09:15:38","date_gmt":"2018-02-02T07:15:38","guid":{"rendered":"https:\/\/www.cretoikos.com\/?post_type=product&#038;p=2957"},"modified":"2026-03-03T09:35:26","modified_gmt":"2026-03-03T07:35:26","slug":"miod-tymiankowy-250-ml","status":"publish","type":"product","link":"https:\/\/www.cretoikos.com\/pl\/eshop\/honey\/thyme-honey-250-ml\/","title":{"rendered":"Mi\u00f3d Tymiankowy 250gr \u2013 Czysty mi\u00f3d krete\u0144ski \u2013 Kreta Grecja"},"content":{"rendered":"<p><img loading=\"lazy\" decoding=\"async\" class=\"alignnone wp-image-3390 size-full\" src=\"https:\/\/www.cretoikos.com\/wp-content\/uploads\/2018\/03\/certifications-olive-oil.gif\" alt=\"Certyfikaty oliwy z oliwek\" width=\"470\" height=\"88\" \/><\/p>\n<p><img loading=\"lazy\" decoding=\"async\" class=\"alignnone size-full wp-image-3387\" src=\"https:\/\/www.cretoikos.com\/wp-content\/uploads\/2018\/03\/Honey-GDA.png\" alt=\"Mi\u00f3d GDA\" width=\"464\" height=\"86\" srcset=\"https:\/\/www.cretoikos.com\/wp-content\/uploads\/2018\/03\/Honey-GDA.png 464w, https:\/\/www.cretoikos.com\/wp-content\/uploads\/2018\/03\/Honey-GDA-300x56.png 300w, https:\/\/www.cretoikos.com\/wp-content\/uploads\/2018\/03\/Honey-GDA-450x83.png 450w\" sizes=\"auto, (max-width: 464px) 100vw, 464px\" \/><\/p>\n<p><strong>Krete\u0144ski mi\u00f3d tymiankowy 250gr<\/strong> \u2013 Jak sama nazwa wskazuje, mi\u00f3d tymiankowy aromatyzowany jest tymiankiem. Wszyscy znamy tymianek ze wzgl\u0119du na jego zastosowania kulinarne, lecznicze i ozdobne. Tymianek najlepiej uprawia\u0107 w ciep\u0142ym, s\u0142onecznym miejscu, z dobrze przepuszczaln\u0105 gleb\u0105. Zwykle sadzi si\u0119 j\u0105 wiosn\u0105, a nast\u0119pnie ro\u015bnie jako ro\u015blina wieloletnia. Mo\u017cna j\u0105 rozmna\u017ca\u0107 przez nasiona, sadzonki lub dziel\u0105c ukorzenione cz\u0119\u015bci ro\u015bliny. Dobrze znosi susz\u0119. Ro\u015bliny tymianku mog\u0105 znosi\u0107 g\u0142\u0119bokie mrozy i rosn\u0105 na wy\u017cynach g\u00f3rskich. Najwy\u017cszej jako\u015bci czysty mi\u00f3d tymiankowy produkowany na Krecie przez CRETOIKOS Healthy Foods \u2013 Kreta, Grecja<\/p>\n<p class=\"translation-block\"><a href=\"https:\/\/www.cretoikos.com\/pl\/koszty-dostawy-i-wysylki\/\" target=\"_self\"><strong>Wysy\u0142ka na ca\u0142y \u015bwiat<\/strong><\/a> \u2013 wysy\u0142amy Twoje zam\u00f3wienie do <strong>wszystkich kraj\u00f3w<\/strong> na ca\u0142ym \u015bwiecie!<\/p>\n<h2 style=\"font-size: 20px; text-align: center;\"><a href=\"\/pl\/miedzynarodowe-certyfikaty-dotyczace-oliwy-z-oliwek\/\"><strong>Mi\u0119dzynarodowe certyfikaty jako\u015bci \u017cywno\u015bci dla naszych<\/strong> Produkty<\/a><\/h2>\n<p><a href=\"\/pl\/miedzynarodowe-certyfikaty-dotyczace-oliwy-z-oliwek\/\"><img loading=\"lazy\" decoding=\"async\" class=\"aligncenter wp-image-13475 size-full\" src=\"https:\/\/www.cretoikos.com\/wp-content\/uploads\/2017\/12\/Quality-Food-Certifications-Lab-Certified-Healthy-Mediterranean-Foods-w800.jpg\" alt=\"Mi\u0119dzynarodowe certyfikaty jako\u015bci \u017cywno\u015bci \u2014 certyfikowana przez laboratorium zdrowa \u017cywno\u015b\u0107 \u015br\u00f3dziemnomorska\" width=\"800\" height=\"250\" srcset=\"https:\/\/www.cretoikos.com\/wp-content\/uploads\/2017\/12\/Quality-Food-Certifications-Lab-Certified-Healthy-Mediterranean-Foods-w800.jpg 800w, https:\/\/www.cretoikos.com\/wp-content\/uploads\/2017\/12\/Quality-Food-Certifications-Lab-Certified-Healthy-Mediterranean-Foods-w800-300x94.jpg 300w, https:\/\/www.cretoikos.com\/wp-content\/uploads\/2017\/12\/Quality-Food-Certifications-Lab-Certified-Healthy-Mediterranean-Foods-w800-768x240.jpg 768w, https:\/\/www.cretoikos.com\/wp-content\/uploads\/2017\/12\/Quality-Food-Certifications-Lab-Certified-Healthy-Mediterranean-Foods-w800-450x141.jpg 450w, https:\/\/www.cretoikos.com\/wp-content\/uploads\/2017\/12\/Quality-Food-Certifications-Lab-Certified-Healthy-Mediterranean-Foods-w800-780x244.jpg 780w\" sizes=\"auto, (max-width: 800px) 100vw, 800px\" \/><\/a><\/p>\n<h3 style=\"font-size: 20px; text-align: center;\"><a href=\"\/pl\/miedzynarodowe-certyfikaty-dotyczace-oliwy-z-oliwek\/\"><strong>Produkt z certyfikatem KOSHER Food<\/strong><\/a><\/h3>\n<p><img loading=\"lazy\" decoding=\"async\" class=\"size-full wp-image-13454 aligncenter\" src=\"https:\/\/www.cretoikos.com\/wp-content\/uploads\/2020\/07\/kosher-foods-certification-2-w220.jpg\" alt=\"KOSHER Food Oliwa z oliwek Extra Virgin\" width=\"173\" height=\"220\" \/><\/p>\n<h3 style=\"font-size: 20px; text-align: center;\"><a href=\"\/pl\/miedzynarodowe-certyfikaty-dotyczace-oliwy-z-oliwek\/\"><strong>FDA (USA) \u2013 produkt certyfikowany przez Food &amp; Drug Administration<\/strong><\/a><\/h3>\n<p><img loading=\"lazy\" decoding=\"async\" class=\"size-full wp-image-13476 aligncenter\" src=\"https:\/\/www.cretoikos.com\/wp-content\/uploads\/2017\/12\/FDA-foods-certification-w220.jpg\" alt=\"Certyfikat FDA dotycz\u0105cy \u017cywno\u015bci i lek\u00f3w\" width=\"163\" height=\"220\" \/><\/p>\n<p>&nbsp;<\/p>","protected":false},"excerpt":{"rendered":"<h1 style=\"font-size: 20px;\"><strong>Mi\u00f3d grecki, czysty mi\u00f3d tymiankowy z Krety, Grecja<\/strong><\/h1>\n<p><strong>Krete\u0144ski mi\u00f3d tymiankowy 250 gr<\/strong> \u2013 Popularnym sposobem spo\u017cywania miodu tymiankowego w Grecji jest polewanie go \u015bwie\u017cym greckim jogurtem (znanym jako \u201eYiaourti me Meli\u201d: jogurt z miodem) z kilkoma orzechami na wierzchu. Uwa\u017ca si\u0119, \u017ce mi\u00f3d tymiankowy zwi\u0119ksza potencj\u0119. M\u00f3wi\u0105, \u017ce to \u201enaturalna viagra\u201d! Najwy\u017cszej jako\u015bci czysty mi\u00f3d tymiankowy produkowany na Krecie przez CRETOIKOS Healthy Foods \u2013 Kreta, Grecja<\/p>\n<p class=\"translation-block\"><a href=\"https:\/\/www.cretoikos.com\/pl\/koszty-dostawy-i-wysylki\/\" target=\"_self\"><strong>Wysy\u0142ka na ca\u0142y \u015bwiat<\/strong><\/a> \u2013 wysy\u0142amy Twoje zam\u00f3wienie do <strong>wszystkich kraj\u00f3w<\/strong> na ca\u0142ym \u015bwiecie!<\/p>","protected":false},"featured_media":3477,"template":"","meta":[],"product_brand":[],"product_cat":[74],"product_tag":[130,129,121,123,127,128,126,124,125,122],"class_list":{"0":"post-2957","1":"product","2":"type-product","3":"status-publish","4":"has-post-thumbnail","6":"product_cat-honey","7":"product_tag-250gr","8":"product_tag-cretan","9":"product_tag-cretan-honey","10":"product_tag-cretan-thyme-honey","11":"product_tag-crete","12":"product_tag-greece","13":"product_tag-greek-honey","14":"product_tag-honey","15":"product_tag-pure-honey","16":"product_tag-thyme-honey","18":"first","19":"instock","20":"taxable","21":"shipping-taxable","22":"purchasable","23":"product-type-simple"},"_links":{"self":[{"href":"https:\/\/www.cretoikos.com\/pl\/wp-json\/wp\/v2\/product\/2957","targetHints":{"allow":["GET"]}}],"collection":[{"href":"https:\/\/www.cretoikos.com\/pl\/wp-json\/wp\/v2\/product"}],"about":[{"href":"https:\/\/www.cretoikos.com\/pl\/wp-json\/wp\/v2\/types\/product"}],"wp:featuredmedia":[{"embeddable":true,"href":"https:\/\/www.cretoikos.com\/pl\/wp-json\/wp\/v2\/media\/3477"}],"wp:attachment":[{"href":"https:\/\/www.cretoikos.com\/pl\/wp-json\/wp\/v2\/media?parent=2957"}],"wp:term":[{"taxonomy":"product_brand","embeddable":true,"href":"https:\/\/www.cretoikos.com\/pl\/wp-json\/wp\/v2\/product_brand?post=2957"},{"taxonomy":"product_cat","embeddable":true,"href":"https:\/\/www.cretoikos.com\/pl\/wp-json\/wp\/v2\/product_cat?post=2957"},{"taxonomy":"product_tag","embeddable":true,"href":"https:\/\/www.cretoikos.com\/pl\/wp-json\/wp\/v2\/product_tag?post=2957"}],"curies":[{"name":"wp","href":"https:\/\/api.w.org\/{rel}","templated":true}]}}