{"id":117,"date":"2017-12-10T14:20:07","date_gmt":"2017-12-10T12:20:07","guid":{"rendered":"https:\/\/www.cretoikos.com\/?post_type=product&#038;p=117"},"modified":"2024-12-15T21:44:13","modified_gmt":"2024-12-15T19:44:13","slug":"pdo-sitia-0-2-premium-gold-oliwa-z-oliwek-z-pierwszego-tloczenia-500ml","status":"publish","type":"product","link":"https:\/\/www.cretoikos.com\/pl\/eshop\/olive-oil\/pdo-sitia-0-2-premium-gold-extra-virgin-olive-oil-500ml\/","title":{"rendered":"Sitia PDO Oliwa z oliwek Extra Virgin (EVOO) 0,2%, kanister 500ml"},"content":{"rendered":"<h2 style=\"font-size: 20px; text-align: center;\"><strong>100% Grecka oliwa z oliwek z pierwszego t\u0142oczenia (EVOO) z Krety, najpierw t\u0142oczona na zimno, bogata w polifenole, przeciwutleniacze, witamin\u0119 E i w\u0142a\u015bciwo\u015bci przeciwzapalne, czysty sok owocowy z oliwek, bez konserwant\u00f3w, z nowych zbior\u00f3w, \u015bwie\u017co t\u0142oczony tego samego dnia Zbi\u00f3r oliwek<\/strong><\/h2>\n<p>&nbsp;<\/p>\n<p><img loading=\"lazy\" decoding=\"async\" class=\"alignnone wp-image-3390 size-full\" src=\"https:\/\/www.cretoikos.com\/wp-content\/uploads\/2018\/03\/certifications-olive-oil.gif\" alt=\"Certyfikaty oliwy z oliwek\" width=\"470\" height=\"88\" \/><\/p>\n<p><img loading=\"lazy\" decoding=\"async\" class=\"alignnone wp-image-3386 size-full\" src=\"https:\/\/www.cretoikos.com\/wp-content\/uploads\/2018\/03\/OliveOil-GDA.png\" alt=\"Oliwa z oliwek GDA\" width=\"464\" height=\"86\" srcset=\"https:\/\/www.cretoikos.com\/wp-content\/uploads\/2018\/03\/OliveOil-GDA.png 464w, https:\/\/www.cretoikos.com\/wp-content\/uploads\/2018\/03\/OliveOil-GDA-300x56.png 300w, https:\/\/www.cretoikos.com\/wp-content\/uploads\/2018\/03\/OliveOil-GDA-450x83.png 450w\" sizes=\"auto, (max-width: 464px) 100vw, 464px\" \/><\/p>\n<p><strong>Oliwa z oliwek Extra Virgin ChNP Sitia (EVOO)<\/strong> jest oliw\u0105 z oliwek o Chronionej Nazwie Pochodzenia (ChNP). <strong>Sitia<\/strong>, na Wschodzie <strong>Kreta<\/strong>. Sitia w <strong>Lasithi<\/strong> to region wschodniej Krety, znany na ca\u0142ym \u015bwiecie z idealnych warunk\u00f3w klimatycznych, kt\u00f3re przyczyniaj\u0105 si\u0119 do produkcji najwy\u017cszej jako\u015bci oliwy z oliwek z pierwszego t\u0142oczenia. Proces ekstrakcji oliwy z oliwek z owoc\u00f3w oliwnych odbywa si\u0119 tego samego dnia i w bardzo niskich temperaturach, aby zachowa\u0107 wszystkie walory owoc\u00f3w i bardzo nisk\u0105 kwasowo\u015b\u0107. Zabieg odbywa si\u0119 pod nadzorem kontroli lekarskiej i przy wsparciu najnowocze\u015bniejszego parku maszynowego. PDO Sitia 0.2 to wyj\u0105tkowa, owocowa oliwa z oliwek z pierwszego t\u0142oczenia o wyj\u0105tkowo niskiej kwasowo\u015bci, idealna dla wszystkich Twoich potrzeb kulinarnych. U\u017cywaj go do gotowania lub na surowo, jako komod\u0119 do sa\u0142atek.<\/p>\n<p><strong>ChNP<\/strong> oznacza, \u017ce jest to a <strong>Chronione miejsce pochodzenia<\/strong>, <strong>EWOO<\/strong> oznacza <strong>Oliwa z oliwek z pierwszego t\u0142oczenia<\/strong> (bardzo niska kwasowo\u015b\u0107 \u2013 poni\u017cej 0,8%), produkt ten charakteryzuje si\u0119 szczeg\u00f3lnie <strong>kwasowo\u015b\u0107<\/strong> <strong>tylko 0,2%<\/strong><\/p>\n<p>Nasze produkty z oliwy z oliwek s\u0105 <strong>Certyfikat LABORATORYJNY<\/strong>, czysta, najwy\u017csza jako\u015b\u0107 <strong>Oliwa z oliwek Extra Virgin<\/strong> EVOO, ChNP (<strong>Chronione miejsce pochodzenia<\/strong>) I <strong>Wyr\u00f3\u017cniony<\/strong> w kilku <strong>Mi\u0119dzynarodowe konkursy oliwy z oliwek. KUPUJ Z PEWNO\u015aCI\u0104\u2026<\/strong><\/p>\n<div class=\"wpb_text_column wpb_content_element wpb_animate_when_almost_visible wpb_fadeInDown fadeInDown vc_custom_1585559046315 wpb_start_animation animated\">\n<div class=\"wpb_wrapper\">\n<p>Kupuj tylko czyste, certyfikowane laboratoryjnie oliwy z oliwek z pierwszego t\u0142oczenia, EVOO to najlepsza jadalna oliwa z oliwek<\/p>\n<\/div>\n<\/div>\n<p>Zam\u00f3w greck\u0105 oliw\u0119 z oliwek online i oszcz\u0119dzaj<\/p>\n<p class=\"translation-block\"><a href=\"https:\/\/www.cretoikos.com\/pl\/koszty-dostawy-i-wysylki\/\" target=\"_self\"><strong>Wysy\u0142ka na ca\u0142y \u015bwiat<\/strong><\/a> \u2013 wysy\u0142amy Twoje zam\u00f3wienie do <strong>wszystkich kraj\u00f3w<\/strong> na ca\u0142ym \u015bwiecie!<\/p>\n<p>&nbsp;<\/p>\n<h2 style=\"font-size: 20px; text-align: center;\"><a href=\"\/pl\/miedzynarodowe-certyfikaty-dotyczace-oliwy-z-oliwek\/\"><strong>Mi\u0119dzynarodowe certyfikaty jako\u015bci \u017cywno\u015bci dla naszych<\/strong> Produkty<\/a><\/h2>\n<p><a href=\"\/pl\/miedzynarodowe-certyfikaty-dotyczace-oliwy-z-oliwek\/\"><img loading=\"lazy\" decoding=\"async\" class=\"aligncenter wp-image-13475 size-full\" src=\"https:\/\/www.cretoikos.com\/wp-content\/uploads\/2017\/12\/Quality-Food-Certifications-Lab-Certified-Healthy-Mediterranean-Foods-w800.jpg\" alt=\"Mi\u0119dzynarodowe certyfikaty jako\u015bci \u017cywno\u015bci \u2014 certyfikowana przez laboratorium zdrowa \u017cywno\u015b\u0107 \u015br\u00f3dziemnomorska\" width=\"800\" height=\"250\" srcset=\"https:\/\/www.cretoikos.com\/wp-content\/uploads\/2017\/12\/Quality-Food-Certifications-Lab-Certified-Healthy-Mediterranean-Foods-w800.jpg 800w, https:\/\/www.cretoikos.com\/wp-content\/uploads\/2017\/12\/Quality-Food-Certifications-Lab-Certified-Healthy-Mediterranean-Foods-w800-300x94.jpg 300w, https:\/\/www.cretoikos.com\/wp-content\/uploads\/2017\/12\/Quality-Food-Certifications-Lab-Certified-Healthy-Mediterranean-Foods-w800-768x240.jpg 768w, https:\/\/www.cretoikos.com\/wp-content\/uploads\/2017\/12\/Quality-Food-Certifications-Lab-Certified-Healthy-Mediterranean-Foods-w800-450x141.jpg 450w, https:\/\/www.cretoikos.com\/wp-content\/uploads\/2017\/12\/Quality-Food-Certifications-Lab-Certified-Healthy-Mediterranean-Foods-w800-780x244.jpg 780w\" sizes=\"auto, (max-width: 800px) 100vw, 800px\" \/><\/a><\/p>\n<h3 style=\"font-size: 20px; text-align: center;\"><a href=\"\/pl\/miedzynarodowe-certyfikaty-dotyczace-oliwy-z-oliwek\/\"><strong>KOSHER Produkt z oliwy z oliwek z certyfikatem spo\u017cywczym<\/strong><\/a><\/h3>\n<p>&nbsp;<\/p>\n<p><img loading=\"lazy\" decoding=\"async\" class=\"size-full wp-image-13454 aligncenter\" src=\"https:\/\/www.cretoikos.com\/wp-content\/uploads\/2020\/07\/kosher-foods-certification-2-w220.jpg\" alt=\"KOSHER Food Oliwa z oliwek Extra Virgin\" width=\"173\" height=\"220\" \/><\/p>\n<p>&nbsp;<\/p>\n<h3 style=\"font-size: 20px; text-align: center;\"><a href=\"\/pl\/miedzynarodowe-certyfikaty-dotyczace-oliwy-z-oliwek\/\"><strong>FDA (USA) \u2013 produkt z oliwy z oliwek posiadaj\u0105cy certyfikat Agencji ds. \u017bywno\u015bci i Lek\u00f3w<\/strong><\/a><\/h3>\n<p>&nbsp;<\/p>\n<p><img loading=\"lazy\" decoding=\"async\" class=\"size-full wp-image-13476 aligncenter\" src=\"https:\/\/www.cretoikos.com\/wp-content\/uploads\/2017\/12\/FDA-foods-certification-w220.jpg\" alt=\"Certyfikat FDA dotycz\u0105cy \u017cywno\u015bci i lek\u00f3w\" width=\"163\" height=\"220\" \/><\/p>\n<p>&nbsp;<\/p>","protected":false},"excerpt":{"rendered":"<p><strong>Oliwa z oliwek Extra Virgin ChNP Sitia (EVOO)<\/strong> - to jest <strong>Chroniona nazwa pochodzenia (ChNP)<\/strong> Oliwa z oliwek z pierwszego t\u0142oczenia (<strong>EWOO<\/strong>) z <strong>Sitia<\/strong>, na Wschodzie <strong>Kreta<\/strong>. Sitia w <strong>Lasithi<\/strong> to region wschodniej Krety, znany na ca\u0142ym \u015bwiecie z idealnych warunk\u00f3w klimatycznych, kt\u00f3re przyczyniaj\u0105 si\u0119 do produkcji najwy\u017cszej jako\u015bci oliwy z oliwek z pierwszego t\u0142oczenia. Proces ekstrakcji oliwy z oliwek z owoc\u00f3w oliwnych odbywa si\u0119 tego samego dnia i w bardzo niskich temperaturach, aby zachowa\u0107 wszystkie walory owoc\u00f3w i bardzo nisk\u0105 kwasowo\u015b\u0107. Zabieg odbywa si\u0119 pod nadzorem kontroli lekarskiej i przy wsparciu najnowocze\u015bniejszego parku maszynowego. PDO Sitia 0.2 to wyj\u0105tkowa, owocowa oliwa z oliwek z pierwszego t\u0142oczenia o wyj\u0105tkowo niskiej kwasowo\u015bci, idealna dla wszystkich Twoich potrzeb kulinarnych. U\u017cywaj go do gotowania lub na surowo, jako komod\u0119 do sa\u0142atek.<\/p>\n<p><strong>Grecka oliwa z oliwek Extra Virgin z Krety!<\/strong><\/p>\n<p class=\"translation-block\"><a href=\"https:\/\/www.cretoikos.com\/pl\/koszty-dostawy-i-wysylki\/\" target=\"_self\"><strong>Wysy\u0142ka na ca\u0142y \u015bwiat<\/strong><\/a> \u2013 wysy\u0142amy Twoje zam\u00f3wienie do <strong>wszystkich kraj\u00f3w<\/strong> na ca\u0142ym \u015bwiecie!<\/p>","protected":false},"featured_media":183,"template":"","meta":[],"product_brand":[],"product_cat":[23],"product_tag":[140,141,119,95,97,98,96,91,99,101,135,111,112,110,109],"class_list":{"0":"post-117","1":"product","2":"type-product","3":"status-publish","4":"has-post-thumbnail","6":"product_cat-olive-oil","7":"product_tag-140","8":"product_tag-3-extra-virgin-olive-oil","9":"product_tag-500ml","10":"product_tag-bottle","11":"product_tag-buy-olive-oil","12":"product_tag-buy-online","13":"product_tag-cretan-olive-oil","14":"product_tag-evoo","15":"product_tag-greek-olive-oil","16":"product_tag-olive-oil","17":"product_tag-pdo-olive-oil","18":"product_tag-pdo-sitia","19":"product_tag-pdo-sitia-olive-oil","20":"product_tag-sitia","21":"product_tag-sitia-olive-oil","23":"first","24":"instock","25":"taxable","26":"shipping-taxable","27":"purchasable","28":"product-type-simple"},"_links":{"self":[{"href":"https:\/\/www.cretoikos.com\/pl\/wp-json\/wp\/v2\/product\/117","targetHints":{"allow":["GET"]}}],"collection":[{"href":"https:\/\/www.cretoikos.com\/pl\/wp-json\/wp\/v2\/product"}],"about":[{"href":"https:\/\/www.cretoikos.com\/pl\/wp-json\/wp\/v2\/types\/product"}],"wp:featuredmedia":[{"embeddable":true,"href":"https:\/\/www.cretoikos.com\/pl\/wp-json\/wp\/v2\/media\/183"}],"wp:attachment":[{"href":"https:\/\/www.cretoikos.com\/pl\/wp-json\/wp\/v2\/media?parent=117"}],"wp:term":[{"taxonomy":"product_brand","embeddable":true,"href":"https:\/\/www.cretoikos.com\/pl\/wp-json\/wp\/v2\/product_brand?post=117"},{"taxonomy":"product_cat","embeddable":true,"href":"https:\/\/www.cretoikos.com\/pl\/wp-json\/wp\/v2\/product_cat?post=117"},{"taxonomy":"product_tag","embeddable":true,"href":"https:\/\/www.cretoikos.com\/pl\/wp-json\/wp\/v2\/product_tag?post=117"}],"curies":[{"name":"wp","href":"https:\/\/api.w.org\/{rel}","templated":true}]}}