{"id":3232,"date":"2018-02-21T08:34:30","date_gmt":"2018-02-21T08:34:30","guid":{"rendered":"https:\/\/www.cretoikos.com\/?page_id=3232"},"modified":"2020-05-10T02:21:07","modified_gmt":"2020-05-09T23:21:07","slug":"koszty-dostawy-i-wysylki","status":"publish","type":"page","link":"https:\/\/www.cretoikos.com\/pl\/delivery-and-shipping-costs\/","title":{"rendered":"Koszty dostawy i wysy\u0142ki"},"content":{"rendered":"<div style=\"\"class=\"normal_height vc_row wpb_row vc_row-fluid vc_custom_1519202151804\"><div class=\"wpb_column vc_column_container vc_col-sm-12\"><div class=\"vc_column-inner\"><div class=\"wpb_wrapper\">\n\t<div class=\"wpb_text_column wpb_content_element\" >\n\t\t<div class=\"wpb_wrapper\">\n\t\t\t<h1 style=\"font-size: 20px;\">Wysy\u0142amy Twoje zam\u00f3wienie NA CA\u0141Y \u015aWIAT \u2013 wysy\u0142amy do dowolnego kraju na ca\u0142ym \u015bwiecie, korzystaj\u0105c z us\u0142ug kurierskich (TNT Courier \u2013 z mo\u017cliwo\u015bci\u0105 \u015bledzenia przesy\u0142ki online)<\/h1>\n<p>Sklep internetowy <strong>Cretoikos.com<\/strong> wysy\u0142a zam\u00f3wienie na adres podany przez Klienta w formularzu zam\u00f3wienia (adres domowy lub s\u0142u\u017cbowy). To <strong>konieczne jest podanie prawid\u0142owego adresu wysy\u0142ki, adresu e-mail i numeru telefonu<\/strong> aby mie\u0107 pewno\u015b\u0107, \u017ce nasza firma lub firma kurierska b\u0119dzie mog\u0142a si\u0119 z Tob\u0105 skontaktowa\u0107. (problemy z dostaw\u0105, kt\u00f3re mog\u0105 wynika\u0107 z b\u0142\u0119dnie zarejestrowanego adresu lub nieprawid\u0142owych szczeg\u00f3\u0142\u00f3w wysy\u0142ki (op\u00f3\u017anienie, nieudana dostawa, zwrot lub koszty) nie s\u0105 odpowiedzialno\u015bci\u0105 Cretoikos.com)<\/p>\n<p>Wysy\u0142ka nast\u0119puje w dniu roboczym realizacji zam\u00f3wienia (cz\u0119\u015bciej tego samego dnia), pod warunkiem<\/p>\n<ul>\n<li><strong>wszystkie produkty z zam\u00f3wienia s\u0105 dost\u0119pne<\/strong>, (bardzo rzadko tak jest) i<\/li>\n<li><strong>zam\u00f3wienie zosta\u0142o op\u0142acone<\/strong><\/li>\n<\/ul>\n<p><strong>Wysy\u0142ka poza Grecj\u0119 (kraje UE i reszta \u015bwiata)<\/strong><\/p>\n<p>Dostawa naszych produkt\u00f3w realizowana jest przez <strong><a href=\"https:\/\/www.tnt.com\/\">Us\u0142uga kurierska TNT<\/a><\/strong> (ekspresowy lub ekonomiczny). TNT to szybka, globalna, renomowana firma kurierska, kt\u00f3ra wysy\u0142a zam\u00f3wienia do 30 kg (koszty wysy\u0142ki mo\u017cesz zobaczy\u0107 w polu \u201e<strong>WYSY\u0141KA<\/strong>&quot; na <strong>Krok KONTROLI<\/strong> Twojego koszyka). <strong>Minimalna waga zam\u00f3wienia to 5 kg<\/strong>. W normalnych okoliczno\u015bciach TNT dostarcza produkty w terminie <strong>2-5 dni roboczych<\/strong> na terenie ca\u0142ej Europy, dodatkowo prosz\u0119 pami\u0119ta\u0107, \u017ce wysy\u0142ka realizowana przez TNT jest <strong>ubezpieczony<\/strong> Do <strong>10 \u20ac\/kg<\/strong> dla TNT Economy i <strong>20 \u20ac\/kg<\/strong> dla TNT Express w przypadku zagubienia lub uszkodzenia przesy\u0142ki.<\/p>\n<p>W przypadku, gdy chcieliby Pa\u0144stwo, aby dostawa realizowana by\u0142a przez firm\u0119 spedycyjn\u0105, kt\u00f3ra nie wsp\u00f3\u0142pracuje z Zacharakis Konstantinos &amp; CO Sp\u00f3\u0142ka Jawna (CRETOIKOS), koszty wysy\u0142ki obci\u0105\u017caj\u0105 Klienta.<\/p>\n<p><strong>Wa\u017cna uwaga dotycz\u0105ca dostaw za granic\u0119:<\/strong> Wszystkie nasze produkty s\u0105 legalnie sprzedawane w Grecji\/UE i za granic\u0105, posiadaj\u0105 wszystkie powi\u0105zane certyfikaty i pozwolenia.<\/p>\n<p>&#8212;&#8212;&#8212;&#8212;&#8212;&#8212;&#8212;&#8212;&#8212;&#8212;&#8212;&#8212;&#8212;&#8212;&#8212;&#8212;&#8212;&#8212;&#8212;&#8212;&#8212;&#8212;&#8212;&#8212;&#8211;<\/p>\n<p><strong><img loading=\"lazy\" decoding=\"async\" class=\"alignnone wp-image-12887 size-medium\" src=\"https:\/\/www.cretoikos.com\/wp-content\/uploads\/2020\/05\/order-shipping-eshop-buy-online-5-300x169.jpg\" alt=\"Wysy\u0142amy Twoje zam\u00f3wienie na ca\u0142y \u015bwiat!\" width=\"300\" height=\"169\" srcset=\"https:\/\/www.cretoikos.com\/wp-content\/uploads\/2020\/05\/order-shipping-eshop-buy-online-5-300x169.jpg 300w, https:\/\/www.cretoikos.com\/wp-content\/uploads\/2020\/05\/order-shipping-eshop-buy-online-5-450x253.jpg 450w, https:\/\/www.cretoikos.com\/wp-content\/uploads\/2020\/05\/order-shipping-eshop-buy-online-5.jpg 600w\" sizes=\"auto, (max-width: 300px) 100vw, 300px\" \/> \u00a0 <a href=\"https:\/\/www.cretoikos.com\/pl\/e-sklep\/\"><img loading=\"lazy\" decoding=\"async\" class=\"alignnone wp-image-12883 size-full\" src=\"https:\/\/www.cretoikos.com\/wp-content\/uploads\/2020\/05\/order-shipping-eshop-buy-online.jpg\" alt=\"Wysy\u0142amy Twoje zam\u00f3wienie na ca\u0142y \u015bwiat!\" width=\"325\" height=\"215\" srcset=\"https:\/\/www.cretoikos.com\/wp-content\/uploads\/2020\/05\/order-shipping-eshop-buy-online.jpg 325w, https:\/\/www.cretoikos.com\/wp-content\/uploads\/2020\/05\/order-shipping-eshop-buy-online-300x198.jpg 300w\" sizes=\"auto, (max-width: 325px) 100vw, 325px\" \/><\/a> \u00a0 <a href=\"https:\/\/www.tnt.com\/\" target=\"_blank\" rel=\"noopener noreferrer\"><img loading=\"lazy\" decoding=\"async\" class=\"alignnone wp-image-12886 size-full\" src=\"https:\/\/www.cretoikos.com\/wp-content\/uploads\/2020\/05\/order-shipping-eshop-buy-online-4.jpg\" alt=\"Wysy\u0142amy Twoje zam\u00f3wienie na ca\u0142y \u015bwiat!\" width=\"275\" height=\"183\" \/><\/a><br \/>\n<\/strong><\/p>\n<p>&nbsp;<\/p>\n<p style=\"text-align: left; font-size: 20px;\" class=\"translation-block\"><a href=\"https:\/\/www.cretoikos.com\/pl\/koszty-dostawy-i-wysylki\/\" target=\"_self\"><strong>Wysy\u0142ka na ca\u0142y \u015bwiat<\/strong><\/a> \u2013 wysy\u0142amy Twoje zam\u00f3wienie do <strong>wszystkich kraj\u00f3w<\/strong> na ca\u0142ym \u015bwiecie!<\/p>\n<p><strong>szybka wysy\u0142ka <\/strong>- online <strong>\u015bledzenie paczki<\/strong> dost\u0119pny<br \/>\nczas rzeczywisty <a href=\"https:\/\/www.cretoikos.com\/pl\/sledzenie-zamowienia\/\"><strong>Trop i \u015bled\u017a<\/strong><\/a> zam\u00f3wienia na oliw\u0119 z oliwek<\/p>\n<p>&nbsp;<\/p>\n<h2><strong>Oliwa z oliwek Extra Virgin (EVOO) \u2013 Oliwki \u2013 Mi\u00f3d \u2013 Myd\u0142a<\/strong><\/h2>\n<h2><a href=\"https:\/\/www.cretoikos.com\/pl\/e-sklep\/\">Kup online greck\u0105 oliw\u0119 z oliwek EVOO \u2013 w naszym sklepie internetowym<\/a><\/h2>\n<div id=\"attachment_3971\" style=\"width: 1913px\" class=\"wp-caption alignnone\"><a href=\"https:\/\/www.cretoikos.com\/pl\/e-sklep\/\"><img loading=\"lazy\" decoding=\"async\" aria-describedby=\"caption-attachment-3971\" class=\"wp-image-3971 size-full\" src=\"https:\/\/www.cretoikos.com\/wp-content\/uploads\/2018\/10\/homepage_all_products_family_photo.jpg\" alt=\"Nasze produkty z oliwy z oliwek EVOO\" width=\"1903\" height=\"452\" srcset=\"https:\/\/www.cretoikos.com\/wp-content\/uploads\/2018\/10\/homepage_all_products_family_photo.jpg 1903w, https:\/\/www.cretoikos.com\/wp-content\/uploads\/2018\/10\/homepage_all_products_family_photo-300x71.jpg 300w, https:\/\/www.cretoikos.com\/wp-content\/uploads\/2018\/10\/homepage_all_products_family_photo-768x182.jpg 768w, https:\/\/www.cretoikos.com\/wp-content\/uploads\/2018\/10\/homepage_all_products_family_photo-1024x243.jpg 1024w, https:\/\/www.cretoikos.com\/wp-content\/uploads\/2018\/10\/homepage_all_products_family_photo-450x107.jpg 450w, https:\/\/www.cretoikos.com\/wp-content\/uploads\/2018\/10\/homepage_all_products_family_photo-780x185.jpg 780w\" sizes=\"auto, (max-width: 1903px) 100vw, 1903px\" \/><\/a><p id=\"caption-attachment-3971\" class=\"wp-caption-text\">Nasze produkty z oliwy z oliwek EVOO \u2013 Tradycyjne greckie produkty z Krety \u2013 CRETOIKOS ZDROWA \u017bYWNO\u015a\u0106<\/p><\/div>\n\n\t\t<\/div>\n\t<\/div>\n<\/div><\/div><\/div><\/div>","protected":false},"excerpt":{"rendered":"We Ship your Order WORLDWIDE - we ship to any country, worldwide, using Express Courier Services (TNT Courier - with package online tracking available) The e-shop Cretoikos.com sends the order to the address the client has filled in the order form (home or work address). It is essential to fill in your correct shipping address, [...]","protected":false},"author":1,"featured_media":0,"parent":0,"menu_order":0,"comment_status":"closed","ping_status":"closed","template":"page-boxed.php","meta":{"footnotes":""},"class_list":["post-3232","page","type-page","status-publish","hentry"],"_links":{"self":[{"href":"https:\/\/www.cretoikos.com\/pl\/wp-json\/wp\/v2\/pages\/3232","targetHints":{"allow":["GET"]}}],"collection":[{"href":"https:\/\/www.cretoikos.com\/pl\/wp-json\/wp\/v2\/pages"}],"about":[{"href":"https:\/\/www.cretoikos.com\/pl\/wp-json\/wp\/v2\/types\/page"}],"author":[{"embeddable":true,"href":"https:\/\/www.cretoikos.com\/pl\/wp-json\/wp\/v2\/users\/1"}],"replies":[{"embeddable":true,"href":"https:\/\/www.cretoikos.com\/pl\/wp-json\/wp\/v2\/comments?post=3232"}],"version-history":[{"count":0,"href":"https:\/\/www.cretoikos.com\/pl\/wp-json\/wp\/v2\/pages\/3232\/revisions"}],"wp:attachment":[{"href":"https:\/\/www.cretoikos.com\/pl\/wp-json\/wp\/v2\/media?parent=3232"}],"curies":[{"name":"wp","href":"https:\/\/api.w.org\/{rel}","templated":true}]}}