{"id":93,"date":"2017-12-10T12:38:23","date_gmt":"2017-12-10T10:38:23","guid":{"rendered":"https:\/\/www.cretoikos.com\/?post_type=product&#038;p=93"},"modified":"2023-12-09T19:02:27","modified_gmt":"2023-12-09T17:02:27","slug":"extra-virgin-olivenolje-med-chilismak-200ml","status":"publish","type":"product","link":"https:\/\/www.cretoikos.com\/nb\/eshop\/olive-oil-with-cretan-herbs\/extra-virgin-olive-oil-with-chili-flavour-200ml\/","title":{"rendered":"Extra Virgin Olive Oil (EVOO) med chilismak 200ml"},"content":{"rendered":"<h2 style=\"font-size: 20px; text-align: center;\"><strong>100% gresk extra virgin olivenolje (EVOO) fra \u00f8ya Kreta, f\u00f8rste kaldpresset, rik p\u00e5 polyfenoler, antioksidanter, vitamin E og anti-inflammatoriske egenskaper, ren olivenfruktjuice, ingen konserveringsmidler, ny h\u00f8sting, ferskpresset samme dag Olivenh\u00f8st<\/strong><\/h2>\n<p>&nbsp;<\/p>\n<p><img loading=\"lazy\" decoding=\"async\" class=\"alignnone wp-image-3386 size-full\" src=\"https:\/\/www.cretoikos.com\/wp-content\/uploads\/2018\/03\/OliveOil-GDA.png\" alt=\"Olivenolje GDA\" width=\"464\" height=\"86\" srcset=\"https:\/\/www.cretoikos.com\/wp-content\/uploads\/2018\/03\/OliveOil-GDA.png 464w, https:\/\/www.cretoikos.com\/wp-content\/uploads\/2018\/03\/OliveOil-GDA-300x56.png 300w, https:\/\/www.cretoikos.com\/wp-content\/uploads\/2018\/03\/OliveOil-GDA-450x83.png 450w\" sizes=\"auto, (max-width: 464px) 100vw, 464px\" \/><\/p>\n<p><strong>Extra Virgin Olive Oil (EVOO) med chilismak 200ml \u2013 Extra Virgin Olive Oil<\/strong>, Beskyttet opprinnelsesdestinasjon (<strong>PUD<\/strong>) Nord <strong>Mylopotamos Rethymno Kreta<\/strong>. PUD Mylopotamos Extra Virgin er en olivenolje h\u00e5ndh\u00f8stet i Mylopotamos-omr\u00e5det med en harmonisk smak av kardon og myke oliven med en lett bitter og urtekrydret smak.<\/p>\n<p class=\"translation-block\"><a href=\"https:\/\/www.cretoikos.com\/nb\/leverings-og-fraktkostnader\/\" target=\"_self\"><strong>Verdensomspennende frakt<\/strong><\/a> \u2013 vi sender bestillingen din i <strong>alle land<\/strong> , over hele verden!<\/p>\n<p>&nbsp;<\/p>\n<h2 style=\"font-size: 20px; text-align: center;\"><a href=\"\/nb\/internasjonale-olivenoljesertifiseringer\/\"><strong>Internasjonale kvalitetsmatsertifiseringer for v\u00e5re<\/strong> Produkter<\/a><\/h2>\n<p><a href=\"\/nb\/internasjonale-olivenoljesertifiseringer\/\"><img loading=\"lazy\" decoding=\"async\" class=\"aligncenter wp-image-13475 size-full\" src=\"https:\/\/www.cretoikos.com\/wp-content\/uploads\/2017\/12\/Quality-Food-Certifications-Lab-Certified-Healthy-Mediterranean-Foods-w800.jpg\" alt=\"Internasjonale kvalitetsmatsertifiseringer - Lab-sertifisert sunn middelhavsmat\" width=\"800\" height=\"250\" srcset=\"https:\/\/www.cretoikos.com\/wp-content\/uploads\/2017\/12\/Quality-Food-Certifications-Lab-Certified-Healthy-Mediterranean-Foods-w800.jpg 800w, https:\/\/www.cretoikos.com\/wp-content\/uploads\/2017\/12\/Quality-Food-Certifications-Lab-Certified-Healthy-Mediterranean-Foods-w800-300x94.jpg 300w, https:\/\/www.cretoikos.com\/wp-content\/uploads\/2017\/12\/Quality-Food-Certifications-Lab-Certified-Healthy-Mediterranean-Foods-w800-768x240.jpg 768w, https:\/\/www.cretoikos.com\/wp-content\/uploads\/2017\/12\/Quality-Food-Certifications-Lab-Certified-Healthy-Mediterranean-Foods-w800-450x141.jpg 450w, https:\/\/www.cretoikos.com\/wp-content\/uploads\/2017\/12\/Quality-Food-Certifications-Lab-Certified-Healthy-Mediterranean-Foods-w800-780x244.jpg 780w\" sizes=\"auto, (max-width: 800px) 100vw, 800px\" \/><\/a><br \/>\n&nbsp;<\/p>\n<h3 style=\"font-size: 20px; text-align: center;\"><a href=\"\/nb\/internasjonale-olivenoljesertifiseringer\/\"><strong>KOSHER Food-sertifisert olivenoljeprodukt<\/strong><\/a><\/h3>\n<p>&nbsp;<\/p>\n<p><img loading=\"lazy\" decoding=\"async\" class=\"size-full wp-image-13454 aligncenter\" src=\"https:\/\/www.cretoikos.com\/wp-content\/uploads\/2020\/07\/kosher-foods-certification-2-w220.jpg\" alt=\"KOSHER Food Extra Virgin Olivenolje\" width=\"173\" height=\"220\" \/><\/p>\n<p>&nbsp;<\/p>\n<h3 style=\"font-size: 20px; text-align: center;\"><a href=\"\/nb\/internasjonale-olivenoljesertifiseringer\/\"><strong>FDA (USA) \u2013 Food &amp; Drugs Administration-sertifisert olivenoljeprodukt<\/strong><\/a><\/h3>\n<p>&nbsp;<\/p>\n<p><img loading=\"lazy\" decoding=\"async\" class=\"size-full wp-image-13476 aligncenter\" src=\"https:\/\/www.cretoikos.com\/wp-content\/uploads\/2017\/12\/FDA-foods-certification-w220.jpg\" alt=\"FDA Food &amp; Drugs-sertifisering\" width=\"163\" height=\"220\" \/><\/p>\n<p>&nbsp;<\/p>","protected":false},"excerpt":{"rendered":"<p><strong>Extra Virgin Olive Oil (EVOO) med chilismak 200ml<\/strong> \u2013 Den passer i stekte og kokte poteter og generelt i grillede gr\u00f8nnsaker.<\/p>\n<p><strong>gresk ekstra jomfru olivenolje<\/strong>!<\/p>\n<p class=\"translation-block\"><a href=\"https:\/\/www.cretoikos.com\/nb\/leverings-og-fraktkostnader\/\" target=\"_self\"><strong>Verdensomspennende frakt<\/strong><\/a> \u2013 vi sender bestillingen din i <strong>alle land<\/strong> , over hele verden!<\/p>","protected":false},"featured_media":197,"template":"","meta":[],"product_brand":[],"product_cat":[24],"product_tag":[94,141,95,97,98,100,131,96,91,132,137,99,139,101],"class_list":{"0":"post-93","1":"product","2":"type-product","3":"status-publish","4":"has-post-thumbnail","6":"product_cat-olive-oil-with-cretan-herbs","7":"product_tag-200ml","8":"product_tag-3-extra-virgin-olive-oil","9":"product_tag-bottle","10":"product_tag-buy-olive-oil","11":"product_tag-buy-online","12":"product_tag-chili","13":"product_tag-chili-flavour","14":"product_tag-cretan-olive-oil","15":"product_tag-evoo","16":"product_tag-flavour","17":"product_tag-flavour-infused-olive-oil","18":"product_tag-greek-olive-oil","19":"product_tag-infused-olive-oil","20":"product_tag-olive-oil","22":"first","23":"instock","24":"taxable","25":"shipping-taxable","26":"purchasable","27":"product-type-simple"},"_links":{"self":[{"href":"https:\/\/www.cretoikos.com\/nb\/wp-json\/wp\/v2\/product\/93","targetHints":{"allow":["GET"]}}],"collection":[{"href":"https:\/\/www.cretoikos.com\/nb\/wp-json\/wp\/v2\/product"}],"about":[{"href":"https:\/\/www.cretoikos.com\/nb\/wp-json\/wp\/v2\/types\/product"}],"wp:featuredmedia":[{"embeddable":true,"href":"https:\/\/www.cretoikos.com\/nb\/wp-json\/wp\/v2\/media\/197"}],"wp:attachment":[{"href":"https:\/\/www.cretoikos.com\/nb\/wp-json\/wp\/v2\/media?parent=93"}],"wp:term":[{"taxonomy":"product_brand","embeddable":true,"href":"https:\/\/www.cretoikos.com\/nb\/wp-json\/wp\/v2\/product_brand?post=93"},{"taxonomy":"product_cat","embeddable":true,"href":"https:\/\/www.cretoikos.com\/nb\/wp-json\/wp\/v2\/product_cat?post=93"},{"taxonomy":"product_tag","embeddable":true,"href":"https:\/\/www.cretoikos.com\/nb\/wp-json\/wp\/v2\/product_tag?post=93"}],"curies":[{"name":"wp","href":"https:\/\/api.w.org\/{rel}","templated":true}]}}