{"id":2957,"date":"2018-02-02T09:15:38","date_gmt":"2018-02-02T07:15:38","guid":{"rendered":"https:\/\/www.cretoikos.com\/?post_type=product&#038;p=2957"},"modified":"2026-03-03T09:35:26","modified_gmt":"2026-03-03T07:35:26","slug":"timianhonning-250-ml","status":"publish","type":"product","link":"https:\/\/www.cretoikos.com\/nb\/eshop\/honey\/thyme-honey-250-ml\/","title":{"rendered":"Timianhonning 250gr \u2013 Ren kretisk honning \u2013 Kreta Hellas"},"content":{"rendered":"<p><img loading=\"lazy\" decoding=\"async\" class=\"alignnone wp-image-3390 size-full\" src=\"https:\/\/www.cretoikos.com\/wp-content\/uploads\/2018\/03\/certifications-olive-oil.gif\" alt=\"Olivenolje sertifiseringer\" width=\"470\" height=\"88\" \/><\/p>\n<p><img loading=\"lazy\" decoding=\"async\" class=\"alignnone size-full wp-image-3387\" src=\"https:\/\/www.cretoikos.com\/wp-content\/uploads\/2018\/03\/Honey-GDA.png\" alt=\"Honning GDA\" width=\"464\" height=\"86\" srcset=\"https:\/\/www.cretoikos.com\/wp-content\/uploads\/2018\/03\/Honey-GDA.png 464w, https:\/\/www.cretoikos.com\/wp-content\/uploads\/2018\/03\/Honey-GDA-300x56.png 300w, https:\/\/www.cretoikos.com\/wp-content\/uploads\/2018\/03\/Honey-GDA-450x83.png 450w\" sizes=\"auto, (max-width: 464px) 100vw, 464px\" \/><\/p>\n<p><strong>Kretisk timianhonning 250gr<\/strong> \u2013 Som navnet sier, er timianhonning smaksatt med timian. Vi kjenner alle timian p\u00e5 grunn av dens kulinariske, medisinske og dekorative bruksomr\u00e5der. Timian dyrkes best p\u00e5 et varmt, solrikt sted med godt drenert jord. Den plantes vanligvis om v\u00e5ren, og vokser deretter som en fler\u00e5rig plante. Den kan formeres med fr\u00f8, stiklinger eller ved \u00e5 dele rotfestede deler av planten. Den t\u00e5ler t\u00f8rke godt. Timianplantene t\u00e5ler dypfrysing og vokser p\u00e5 fjellh\u00f8ylandet. En f\u00f8rsteklasses ren timianhonning produsert p\u00e5 \u00f8ya Kreta av CRETOIKOS Healthy Foods \u2013 Kreta Hellas<\/p>\n<p class=\"translation-block\"><a href=\"https:\/\/www.cretoikos.com\/nb\/leverings-og-fraktkostnader\/\" target=\"_self\"><strong>Verdensomspennende frakt<\/strong><\/a> \u2013 vi sender bestillingen din i <strong>alle land<\/strong> , over hele verden!<\/p>\n<h2 style=\"font-size: 20px; text-align: center;\"><a href=\"\/nb\/internasjonale-olivenoljesertifiseringer\/\"><strong>Internasjonale kvalitetsmatsertifiseringer for v\u00e5re<\/strong> Produkter<\/a><\/h2>\n<p><a href=\"\/nb\/internasjonale-olivenoljesertifiseringer\/\"><img loading=\"lazy\" decoding=\"async\" class=\"aligncenter wp-image-13475 size-full\" src=\"https:\/\/www.cretoikos.com\/wp-content\/uploads\/2017\/12\/Quality-Food-Certifications-Lab-Certified-Healthy-Mediterranean-Foods-w800.jpg\" alt=\"Internasjonale kvalitetsmatsertifiseringer - Lab-sertifisert sunn middelhavsmat\" width=\"800\" height=\"250\" srcset=\"https:\/\/www.cretoikos.com\/wp-content\/uploads\/2017\/12\/Quality-Food-Certifications-Lab-Certified-Healthy-Mediterranean-Foods-w800.jpg 800w, https:\/\/www.cretoikos.com\/wp-content\/uploads\/2017\/12\/Quality-Food-Certifications-Lab-Certified-Healthy-Mediterranean-Foods-w800-300x94.jpg 300w, https:\/\/www.cretoikos.com\/wp-content\/uploads\/2017\/12\/Quality-Food-Certifications-Lab-Certified-Healthy-Mediterranean-Foods-w800-768x240.jpg 768w, https:\/\/www.cretoikos.com\/wp-content\/uploads\/2017\/12\/Quality-Food-Certifications-Lab-Certified-Healthy-Mediterranean-Foods-w800-450x141.jpg 450w, https:\/\/www.cretoikos.com\/wp-content\/uploads\/2017\/12\/Quality-Food-Certifications-Lab-Certified-Healthy-Mediterranean-Foods-w800-780x244.jpg 780w\" sizes=\"auto, (max-width: 800px) 100vw, 800px\" \/><\/a><\/p>\n<h3 style=\"font-size: 20px; text-align: center;\"><a href=\"\/nb\/internasjonale-olivenoljesertifiseringer\/\"><strong>KOSHER Food-sertifisert produkt<\/strong><\/a><\/h3>\n<p><img loading=\"lazy\" decoding=\"async\" class=\"size-full wp-image-13454 aligncenter\" src=\"https:\/\/www.cretoikos.com\/wp-content\/uploads\/2020\/07\/kosher-foods-certification-2-w220.jpg\" alt=\"KOSHER Food Extra Virgin Olivenolje\" width=\"173\" height=\"220\" \/><\/p>\n<h3 style=\"font-size: 20px; text-align: center;\"><a href=\"\/nb\/internasjonale-olivenoljesertifiseringer\/\"><strong>FDA (USA) \u2013 Food &amp; Drugs Administration-sertifisert produkt<\/strong><\/a><\/h3>\n<p><img loading=\"lazy\" decoding=\"async\" class=\"size-full wp-image-13476 aligncenter\" src=\"https:\/\/www.cretoikos.com\/wp-content\/uploads\/2017\/12\/FDA-foods-certification-w220.jpg\" alt=\"FDA Food &amp; Drugs-sertifisering\" width=\"163\" height=\"220\" \/><\/p>\n<p>&nbsp;<\/p>","protected":false},"excerpt":{"rendered":"<h1 style=\"font-size: 20px;\"><strong>Gresk honning, ren timian Honning fra Kreta Hellas<\/strong><\/h1>\n<p><strong>Kretisk timianhonning 250 gr<\/strong> \u2013 En popul\u00e6r m\u00e5te \u00e5 spise timianhonning p\u00e5 i Hellas er \u00e5 dryppe over fersk gresk yoghurt (kjent som \u00abYiaourti me Meli\u00bb: yoghurt med honning), med noen n\u00f8tter p\u00e5 toppen. Timianhonning antas \u00e5 \u00f8ke styrken. En &quot;naturlig viagra&quot; sier de! En f\u00f8rsteklasses ren timianhonning produsert p\u00e5 \u00f8ya Kreta av CRETOIKOS Healthy Foods \u2013 Kreta Hellas<\/p>\n<p class=\"translation-block\"><a href=\"https:\/\/www.cretoikos.com\/nb\/leverings-og-fraktkostnader\/\" target=\"_self\"><strong>Verdensomspennende frakt<\/strong><\/a> \u2013 vi sender bestillingen din i <strong>alle land<\/strong> , over hele verden!<\/p>","protected":false},"featured_media":3477,"template":"","meta":[],"product_brand":[],"product_cat":[74],"product_tag":[130,129,121,123,127,128,126,124,125,122],"class_list":{"0":"post-2957","1":"product","2":"type-product","3":"status-publish","4":"has-post-thumbnail","6":"product_cat-honey","7":"product_tag-250gr","8":"product_tag-cretan","9":"product_tag-cretan-honey","10":"product_tag-cretan-thyme-honey","11":"product_tag-crete","12":"product_tag-greece","13":"product_tag-greek-honey","14":"product_tag-honey","15":"product_tag-pure-honey","16":"product_tag-thyme-honey","18":"first","19":"instock","20":"taxable","21":"shipping-taxable","22":"purchasable","23":"product-type-simple"},"_links":{"self":[{"href":"https:\/\/www.cretoikos.com\/nb\/wp-json\/wp\/v2\/product\/2957","targetHints":{"allow":["GET"]}}],"collection":[{"href":"https:\/\/www.cretoikos.com\/nb\/wp-json\/wp\/v2\/product"}],"about":[{"href":"https:\/\/www.cretoikos.com\/nb\/wp-json\/wp\/v2\/types\/product"}],"wp:featuredmedia":[{"embeddable":true,"href":"https:\/\/www.cretoikos.com\/nb\/wp-json\/wp\/v2\/media\/3477"}],"wp:attachment":[{"href":"https:\/\/www.cretoikos.com\/nb\/wp-json\/wp\/v2\/media?parent=2957"}],"wp:term":[{"taxonomy":"product_brand","embeddable":true,"href":"https:\/\/www.cretoikos.com\/nb\/wp-json\/wp\/v2\/product_brand?post=2957"},{"taxonomy":"product_cat","embeddable":true,"href":"https:\/\/www.cretoikos.com\/nb\/wp-json\/wp\/v2\/product_cat?post=2957"},{"taxonomy":"product_tag","embeddable":true,"href":"https:\/\/www.cretoikos.com\/nb\/wp-json\/wp\/v2\/product_tag?post=2957"}],"curies":[{"name":"wp","href":"https:\/\/api.w.org\/{rel}","templated":true}]}}