{"id":119,"date":"2017-12-10T14:22:29","date_gmt":"2017-12-10T12:22:29","guid":{"rendered":"https:\/\/www.cretoikos.com\/?post_type=product&#038;p=119"},"modified":"2026-04-09T18:23:33","modified_gmt":"2026-04-09T15:23:33","slug":"pdo-sitia-0-2-premium-gull-extra-virgin-olivenolje-1lt","status":"publish","type":"product","link":"https:\/\/www.cretoikos.com\/nb\/eshop\/olive-oil\/pdo-sitia-0-2-premium-gold-extra-virgin-olive-oil-1lt\/","title":{"rendered":"Sitia PUD Extra Virgin olivenolje (EVOO) 0,2%, beholder 1lt"},"content":{"rendered":"<h2 style=\"font-size: 20px; text-align: center;\"><strong>100% gresk extra virgin olivenolje (EVOO) fra \u00f8ya Kreta, f\u00f8rste kaldpresset, rik p\u00e5 polyfenoler, antioksidanter, vitamin E og anti-inflammatoriske egenskaper, ren olivenfruktjuice, ingen konserveringsmidler, ny h\u00f8sting, ferskpresset samme dag Olivenh\u00f8st<\/strong><\/h2>\n<p>&nbsp;<\/p>\n<p><img loading=\"lazy\" decoding=\"async\" class=\"alignnone wp-image-3390 size-full\" src=\"https:\/\/www.cretoikos.com\/wp-content\/uploads\/2018\/03\/certifications-olive-oil.gif\" alt=\"Olivenolje sertifiseringer\" width=\"470\" height=\"88\" \/><\/p>\n<p><img loading=\"lazy\" decoding=\"async\" class=\"alignnone wp-image-3386 size-full\" src=\"https:\/\/www.cretoikos.com\/wp-content\/uploads\/2018\/03\/OliveOil-GDA.png\" alt=\"Olivenolje GDA\" width=\"464\" height=\"86\" srcset=\"https:\/\/www.cretoikos.com\/wp-content\/uploads\/2018\/03\/OliveOil-GDA.png 464w, https:\/\/www.cretoikos.com\/wp-content\/uploads\/2018\/03\/OliveOil-GDA-300x56.png 300w, https:\/\/www.cretoikos.com\/wp-content\/uploads\/2018\/03\/OliveOil-GDA-450x83.png 450w\" sizes=\"auto, (max-width: 464px) 100vw, 464px\" \/><\/p>\n<p><strong>Sitia<\/strong> er en <strong>Beskyttet opprinnelsesbetegnelse<\/strong> (<strong>PUD<\/strong>) <strong>Extra Virgin Olivenolje<\/strong> (<strong>EVOO<\/strong>) fra <strong>Sitia<\/strong>, i \u00f8st <strong>Kreta<\/strong>. Sitia inn <strong>Lasithi<\/strong> er en region p\u00e5 det \u00f8stlige Kreta, kjent for sine ideelle klimatiske forhold som bidrar til produksjon av ekstra virgin olivenolje av overlegen kvalitet. Prosessen med \u00e5 trekke ut olivenolje fra olivenfrukten utf\u00f8res samme dag og i sv\u00e6rt lave temperaturer for \u00e5 bevare all fruktens godhet og sv\u00e6rt lav surhet. Prosedyren foreg\u00e5r under helsekontrollledere og st\u00f8tte fra toppmoderne maskineri.<\/p>\n<p><strong>SITIA PUD<\/strong> betyr at det er en <strong>Beskyttet opprinnelsesdestinasjon<\/strong>, <strong>EVOO<\/strong> midler <strong>Extra Virgin Olivenolje<\/strong> (sv\u00e6rt lav surhet \u2013 under 0,8%), dette produktet har spesifikt en <strong>surhet av<\/strong> <strong>bare 0,2%<\/strong><\/p>\n<p>V\u00e5re olivenoljeprodukter er <strong>LABORATORIE-sertifisert<\/strong>, ren, f\u00f8rsteklasses kvalitet <strong>Extra virgin olivenolje<\/strong> EVOO, PUD (<strong>Beskyttet opprinnelsesdestinasjon<\/strong>) og <strong>Tildelt<\/strong> i flere <strong>Internasjonale olivenoljekonkurranser. KJ\u00d8P MED TILLIT...<\/strong><\/p>\n<div class=\"wpb_text_column wpb_content_element wpb_animate_when_almost_visible wpb_fadeInDown fadeInDown vc_custom_1585559046315 wpb_start_animation animated\">\n<div class=\"wpb_wrapper\">\n<p>Kj\u00f8p kun rene, Lab-sertifiserte ekstra jomfruolivenoljer, EVOO er den beste spiselige olivenoljen<\/p>\n<\/div>\n<\/div>\n<p>Bestill din greske olivenolje online og spar<\/p>\n<p class=\"translation-block\"><a href=\"https:\/\/www.cretoikos.com\/nb\/leverings-og-fraktkostnader\/\" target=\"_self\"><strong>Verdensomspennende frakt<\/strong><\/a> \u2013 vi sender bestillingen din i <strong>alle land<\/strong> , over hele verden!<\/p>\n<p>&nbsp;<\/p>\n<h2 style=\"font-size: 20px; text-align: center;\"><a href=\"\/nb\/internasjonale-olivenoljesertifiseringer\/\"><strong>Internasjonale kvalitetsmatsertifiseringer for v\u00e5re<\/strong> Produkter<\/a><\/h2>\n<p><a href=\"\/nb\/internasjonale-olivenoljesertifiseringer\/\"><img loading=\"lazy\" decoding=\"async\" class=\"aligncenter wp-image-13475 size-full\" src=\"https:\/\/www.cretoikos.com\/wp-content\/uploads\/2017\/12\/Quality-Food-Certifications-Lab-Certified-Healthy-Mediterranean-Foods-w800.jpg\" alt=\"Internasjonale kvalitetsmatsertifiseringer - Lab-sertifisert sunn middelhavsmat\" width=\"800\" height=\"250\" srcset=\"https:\/\/www.cretoikos.com\/wp-content\/uploads\/2017\/12\/Quality-Food-Certifications-Lab-Certified-Healthy-Mediterranean-Foods-w800.jpg 800w, https:\/\/www.cretoikos.com\/wp-content\/uploads\/2017\/12\/Quality-Food-Certifications-Lab-Certified-Healthy-Mediterranean-Foods-w800-300x94.jpg 300w, https:\/\/www.cretoikos.com\/wp-content\/uploads\/2017\/12\/Quality-Food-Certifications-Lab-Certified-Healthy-Mediterranean-Foods-w800-768x240.jpg 768w, https:\/\/www.cretoikos.com\/wp-content\/uploads\/2017\/12\/Quality-Food-Certifications-Lab-Certified-Healthy-Mediterranean-Foods-w800-450x141.jpg 450w, https:\/\/www.cretoikos.com\/wp-content\/uploads\/2017\/12\/Quality-Food-Certifications-Lab-Certified-Healthy-Mediterranean-Foods-w800-780x244.jpg 780w\" sizes=\"auto, (max-width: 800px) 100vw, 800px\" \/><\/a><\/p>\n<h3 style=\"font-size: 20px; text-align: center;\"><a href=\"\/nb\/internasjonale-olivenoljesertifiseringer\/\"><strong>KOSHER Food-sertifisert olivenoljeprodukt<\/strong><\/a><\/h3>\n<p>&nbsp;<\/p>\n<p><img loading=\"lazy\" decoding=\"async\" class=\"size-full wp-image-13454 aligncenter\" src=\"https:\/\/www.cretoikos.com\/wp-content\/uploads\/2020\/07\/kosher-foods-certification-2-w220.jpg\" alt=\"KOSHER Food Extra Virgin Olivenolje\" width=\"173\" height=\"220\" \/><\/p>\n<p>&nbsp;<\/p>\n<h3 style=\"font-size: 20px; text-align: center;\"><a href=\"\/nb\/internasjonale-olivenoljesertifiseringer\/\"><strong>FDA (USA) \u2013 Food &amp; Drugs Administration-sertifisert olivenoljeprodukt<\/strong><\/a><\/h3>\n<p>&nbsp;<\/p>\n<p><img loading=\"lazy\" decoding=\"async\" class=\"size-full wp-image-13476 aligncenter\" src=\"https:\/\/www.cretoikos.com\/wp-content\/uploads\/2017\/12\/FDA-foods-certification-w220.jpg\" alt=\"FDA Food &amp; Drugs-sertifisering\" width=\"163\" height=\"220\" \/><\/p>\n<p>&nbsp;<\/p>","protected":false},"excerpt":{"rendered":"<p><strong>PUD Sitia 0,2%<\/strong> er en unik, fruktig ekstra virgin olivenolje med eksepsjonelt lav syre, ideell for alle dine kulinariske behov. Bruk den i matlagingen eller r\u00e5, som en kommode for salatene dine.<\/p>\n<p><strong>Gresk extra virgin olivenolje fra \u00f8ya Kreta!<\/strong><\/p>\n<p class=\"translation-block\"><a href=\"https:\/\/www.cretoikos.com\/nb\/leverings-og-fraktkostnader\/\" target=\"_self\"><strong>Verdensomspennende frakt<\/strong><\/a> \u2013 vi sender bestillingen din i <strong>alle land<\/strong> , over hele verden!<\/p>","protected":false},"featured_media":184,"template":"","meta":[],"product_brand":[],"product_cat":[23],"product_tag":[118,140,141,95,97,98,96,91,99,101,135,111,112,110,109],"class_list":{"0":"post-119","1":"product","2":"type-product","3":"status-publish","4":"has-post-thumbnail","6":"product_cat-olive-oil","7":"product_tag-1lt","8":"product_tag-140","9":"product_tag-3-extra-virgin-olive-oil","10":"product_tag-bottle","11":"product_tag-buy-olive-oil","12":"product_tag-buy-online","13":"product_tag-cretan-olive-oil","14":"product_tag-evoo","15":"product_tag-greek-olive-oil","16":"product_tag-olive-oil","17":"product_tag-pdo-olive-oil","18":"product_tag-pdo-sitia","19":"product_tag-pdo-sitia-olive-oil","20":"product_tag-sitia","21":"product_tag-sitia-olive-oil","23":"first","24":"instock","25":"taxable","26":"shipping-taxable","27":"purchasable","28":"product-type-simple"},"_links":{"self":[{"href":"https:\/\/www.cretoikos.com\/nb\/wp-json\/wp\/v2\/product\/119","targetHints":{"allow":["GET"]}}],"collection":[{"href":"https:\/\/www.cretoikos.com\/nb\/wp-json\/wp\/v2\/product"}],"about":[{"href":"https:\/\/www.cretoikos.com\/nb\/wp-json\/wp\/v2\/types\/product"}],"wp:featuredmedia":[{"embeddable":true,"href":"https:\/\/www.cretoikos.com\/nb\/wp-json\/wp\/v2\/media\/184"}],"wp:attachment":[{"href":"https:\/\/www.cretoikos.com\/nb\/wp-json\/wp\/v2\/media?parent=119"}],"wp:term":[{"taxonomy":"product_brand","embeddable":true,"href":"https:\/\/www.cretoikos.com\/nb\/wp-json\/wp\/v2\/product_brand?post=119"},{"taxonomy":"product_cat","embeddable":true,"href":"https:\/\/www.cretoikos.com\/nb\/wp-json\/wp\/v2\/product_cat?post=119"},{"taxonomy":"product_tag","embeddable":true,"href":"https:\/\/www.cretoikos.com\/nb\/wp-json\/wp\/v2\/product_tag?post=119"}],"curies":[{"name":"wp","href":"https:\/\/api.w.org\/{rel}","templated":true}]}}