{"id":3232,"date":"2018-02-21T08:34:30","date_gmt":"2018-02-21T08:34:30","guid":{"rendered":"https:\/\/www.cretoikos.com\/?page_id=3232"},"modified":"2020-05-10T02:21:07","modified_gmt":"2020-05-09T23:21:07","slug":"leverings-og-fraktkostnader","status":"publish","type":"page","link":"https:\/\/www.cretoikos.com\/nb\/delivery-and-shipping-costs\/","title":{"rendered":"Leverings- og fraktkostnader"},"content":{"rendered":"<div style=\"\"class=\"normal_height vc_row wpb_row vc_row-fluid vc_custom_1519202151804\"><div class=\"wpb_column vc_column_container vc_col-sm-12\"><div class=\"vc_column-inner\"><div class=\"wpb_wrapper\">\n\t<div class=\"wpb_text_column wpb_content_element\" >\n\t\t<div class=\"wpb_wrapper\">\n\t\t\t<h1 style=\"font-size: 20px;\">Vi sender bestillingen din over hele verden \u2013 vi sender til ethvert land, over hele verden, ved \u00e5 bruke Express Courier Services (TNT Courier \u2013 med pakkesporing p\u00e5 nett tilgjengelig)<\/h1>\n<p>E-butikken <strong>Cretoikos.com<\/strong> sender bestillingen til adressen klienten har fylt ut i bestillingsskjemaet (hjemme- eller arbeidsadresse). Den <strong>er viktig \u00e5 fylle inn riktig leveringsadresse, e-postadresse og telefonnummer<\/strong> for \u00e5 sikre at v\u00e5rt firma eller budtjenesten kan kontakte deg. (problemer med levering som kan oppst\u00e5 p\u00e5 grunn av feil registrert adresse eller feil fraktdetaljer (forsinkelse, mislykket levering, retur eller kostnader) er ikke Cretoikos.coms ansvar)<\/p>\n<p>Frakten skjer den arbeidsdagen bestillingen er gjennomf\u00f8rt (oftere samme dag), forutsatt<\/p>\n<ul>\n<li><strong>alle produkter i bestillingen er tilgjengelige<\/strong>, (det er veldig sjeldne at de ikke er det) og<\/li>\n<li><strong>bestillingen er betalt<\/strong><\/li>\n<\/ul>\n<p><strong>Frakt utenfor Hellas (EU-land og resten av verden)<\/strong><\/p>\n<p>Leveransen av v\u00e5re produkter utf\u00f8res av <strong><a href=\"https:\/\/www.tnt.com\/\">TNT budtjeneste<\/a><\/strong> (ekspress eller \u00f8konomi). TNT er en rask, global, anerkjent budtjeneste som sender bestillinger p\u00e5 opptil 30 kg (du kan se fraktkostnadene i feltet &quot;<strong>SHIPPING<\/strong>&quot; p\u00e5 <strong>KASSE trinn<\/strong> av handlekurven). <strong>Minste bestillingsvekt er 5 kg<\/strong>. Under normale omstendigheter leverer TNT produktene innen <strong>2-5 virkedager<\/strong> i hele Europa, v\u00e6r i tillegg oppmerksom p\u00e5 at frakten som utf\u00f8res av TNT er <strong>forsikret<\/strong> til <strong>10 \u20ac\/kg<\/strong> for TNT \u00d8konomi og <strong>20 \u20ac\/kg<\/strong> for TNT Express i tilfelle pakken er tapt eller skadet.<\/p>\n<p>I tilfelle du \u00f8nsker at leveringen skal utf\u00f8res av et fraktselskap som ikke samarbeider med Zacharakis Konstantinos &amp; CO General Partnership (CRETOIKOS), belaster fraktkostnadene kunden.<\/p>\n<p><strong>Viktig merknad for leveranser til utlandet:<\/strong> Alle v\u00e5re produkter selges lovlig i Hellas\/EU og i utlandet med alle relaterte sertifikater og tillatelser.<\/p>\n<p>&#8212;&#8212;&#8212;&#8212;&#8212;&#8212;&#8212;&#8212;&#8212;&#8212;&#8212;&#8212;&#8212;&#8212;&#8212;&#8212;&#8212;&#8212;&#8212;&#8212;&#8212;&#8212;&#8212;&#8212;&#8211;<\/p>\n<p><strong><img loading=\"lazy\" decoding=\"async\" class=\"alignnone wp-image-12887 size-medium\" src=\"https:\/\/www.cretoikos.com\/wp-content\/uploads\/2020\/05\/order-shipping-eshop-buy-online-5-300x169.jpg\" alt=\"Vi sender bestillingen din over hele verden!\" width=\"300\" height=\"169\" srcset=\"https:\/\/www.cretoikos.com\/wp-content\/uploads\/2020\/05\/order-shipping-eshop-buy-online-5-300x169.jpg 300w, https:\/\/www.cretoikos.com\/wp-content\/uploads\/2020\/05\/order-shipping-eshop-buy-online-5-450x253.jpg 450w, https:\/\/www.cretoikos.com\/wp-content\/uploads\/2020\/05\/order-shipping-eshop-buy-online-5.jpg 600w\" sizes=\"auto, (max-width: 300px) 100vw, 300px\" \/> \u00a0 <a href=\"https:\/\/www.cretoikos.com\/nb\/eshop\/\"><img loading=\"lazy\" decoding=\"async\" class=\"alignnone wp-image-12883 size-full\" src=\"https:\/\/www.cretoikos.com\/wp-content\/uploads\/2020\/05\/order-shipping-eshop-buy-online.jpg\" alt=\"Vi sender bestillingen din over hele verden!\" width=\"325\" height=\"215\" srcset=\"https:\/\/www.cretoikos.com\/wp-content\/uploads\/2020\/05\/order-shipping-eshop-buy-online.jpg 325w, https:\/\/www.cretoikos.com\/wp-content\/uploads\/2020\/05\/order-shipping-eshop-buy-online-300x198.jpg 300w\" sizes=\"auto, (max-width: 325px) 100vw, 325px\" \/><\/a> \u00a0 <a href=\"https:\/\/www.tnt.com\/\" target=\"_blank\" rel=\"noopener noreferrer\"><img loading=\"lazy\" decoding=\"async\" class=\"alignnone wp-image-12886 size-full\" src=\"https:\/\/www.cretoikos.com\/wp-content\/uploads\/2020\/05\/order-shipping-eshop-buy-online-4.jpg\" alt=\"Vi sender bestillingen din over hele verden!\" width=\"275\" height=\"183\" \/><\/a><br \/>\n<\/strong><\/p>\n<p>&nbsp;<\/p>\n<p style=\"text-align: left; font-size: 20px;\" class=\"translation-block\"><a href=\"https:\/\/www.cretoikos.com\/nb\/leverings-og-fraktkostnader\/\" target=\"_self\"><strong>Verdensomspennende frakt<\/strong><\/a> \u2013 vi sender bestillingen din i <strong>alle land<\/strong> , over hele verden!<\/p>\n<p><strong>rask forsendelse <\/strong>- p\u00e5 nett <strong>pakkesporing<\/strong> tilgjengelig<br \/>\nsanntid <a href=\"https:\/\/www.cretoikos.com\/nb\/ordresporing\/\"><strong>spore opp og f\u00f8lge<\/strong><\/a> av olivenoljebestillingen din<\/p>\n<p>&nbsp;<\/p>\n<h2><strong>Extra Virgin Olive Oil (EVOO) \u2013 Oliven \u2013 Honning \u2013 S\u00e5per<\/strong><\/h2>\n<h2><a href=\"https:\/\/www.cretoikos.com\/nb\/eshop\/\">Kj\u00f8p online gresk EVOO olivenolje \u2013 v\u00e5r eShop<\/a><\/h2>\n<div id=\"attachment_3971\" style=\"width: 1913px\" class=\"wp-caption alignnone\"><a href=\"https:\/\/www.cretoikos.com\/nb\/eshop\/\"><img loading=\"lazy\" decoding=\"async\" aria-describedby=\"caption-attachment-3971\" class=\"wp-image-3971 size-full\" src=\"https:\/\/www.cretoikos.com\/wp-content\/uploads\/2018\/10\/homepage_all_products_family_photo.jpg\" alt=\"V\u00e5re EVOO olivenoljeprodukter\" width=\"1903\" height=\"452\" srcset=\"https:\/\/www.cretoikos.com\/wp-content\/uploads\/2018\/10\/homepage_all_products_family_photo.jpg 1903w, https:\/\/www.cretoikos.com\/wp-content\/uploads\/2018\/10\/homepage_all_products_family_photo-300x71.jpg 300w, https:\/\/www.cretoikos.com\/wp-content\/uploads\/2018\/10\/homepage_all_products_family_photo-768x182.jpg 768w, https:\/\/www.cretoikos.com\/wp-content\/uploads\/2018\/10\/homepage_all_products_family_photo-1024x243.jpg 1024w, https:\/\/www.cretoikos.com\/wp-content\/uploads\/2018\/10\/homepage_all_products_family_photo-450x107.jpg 450w, https:\/\/www.cretoikos.com\/wp-content\/uploads\/2018\/10\/homepage_all_products_family_photo-780x185.jpg 780w\" sizes=\"auto, (max-width: 1903px) 100vw, 1903px\" \/><\/a><p id=\"caption-attachment-3971\" class=\"wp-caption-text\">V\u00e5re EVOO olivenoljeprodukter \u2013 tradisjonelle greske produkter fra \u00f8ya Kreta \u2013 CRETOIKOS SUNN MAT<\/p><\/div>\n\n\t\t<\/div>\n\t<\/div>\n<\/div><\/div><\/div><\/div>","protected":false},"excerpt":{"rendered":"We Ship your Order WORLDWIDE - we ship to any country, worldwide, using Express Courier Services (TNT Courier - with package online tracking available) The e-shop Cretoikos.com sends the order to the address the client has filled in the order form (home or work address). It is essential to fill in your correct shipping address, [...]","protected":false},"author":1,"featured_media":0,"parent":0,"menu_order":0,"comment_status":"closed","ping_status":"closed","template":"page-boxed.php","meta":{"footnotes":""},"class_list":["post-3232","page","type-page","status-publish","hentry"],"_links":{"self":[{"href":"https:\/\/www.cretoikos.com\/nb\/wp-json\/wp\/v2\/pages\/3232","targetHints":{"allow":["GET"]}}],"collection":[{"href":"https:\/\/www.cretoikos.com\/nb\/wp-json\/wp\/v2\/pages"}],"about":[{"href":"https:\/\/www.cretoikos.com\/nb\/wp-json\/wp\/v2\/types\/page"}],"author":[{"embeddable":true,"href":"https:\/\/www.cretoikos.com\/nb\/wp-json\/wp\/v2\/users\/1"}],"replies":[{"embeddable":true,"href":"https:\/\/www.cretoikos.com\/nb\/wp-json\/wp\/v2\/comments?post=3232"}],"version-history":[{"count":0,"href":"https:\/\/www.cretoikos.com\/nb\/wp-json\/wp\/v2\/pages\/3232\/revisions"}],"wp:attachment":[{"href":"https:\/\/www.cretoikos.com\/nb\/wp-json\/wp\/v2\/media?parent=3232"}],"curies":[{"name":"wp","href":"https:\/\/api.w.org\/{rel}","templated":true}]}}