{"id":91,"date":"2017-12-10T12:12:56","date_gmt":"2017-12-10T10:12:56","guid":{"rendered":"https:\/\/www.cretoikos.com\/?post_type=product&#038;p=91"},"modified":"2023-12-09T19:02:39","modified_gmt":"2023-12-09T17:02:39","slug":"neapstradata-olivella-ar-kretas-garsaugiem-100ml","status":"publish","type":"product","link":"https:\/\/www.cretoikos.com\/lv\/eshop\/olive-oil-with-cretan-herbs\/virgin-olive-oil-with-cretan-herbs-100ml\/","title":{"rendered":"\u012apa\u0161i neapstr\u0101d\u0101ta ol\u012bve\u013c\u013ca (EVOO) ar Kr\u0113tas gar\u0161augiem 100 ml"},"content":{"rendered":"<h2 style=\"font-size: 20px; text-align: center;\"><strong>100% Grie\u0137ijas \u012bpa\u0161i neapstr\u0101d\u0101ta ol\u012bve\u013c\u013ca (EVOO) no Kr\u0113tas salas, pirm\u0101 aukst\u0101 spiede, bag\u0101ta ar polifenoliem, antioksidantiem, vitam\u012bnu E un pretiekaisuma \u012bpa\u0161\u012bb\u0101m, t\u012bra ol\u012bvu aug\u013cu sula, bez konservantiem, jauna ra\u017ea, svaigi spiesta taj\u0101 pa\u0161\u0101 dien\u0101 Ol\u012bvu ra\u017ea<\/strong><\/h2>\n<p>&nbsp;<\/p>\n<p><img loading=\"lazy\" decoding=\"async\" class=\"alignnone wp-image-3390 size-full\" src=\"https:\/\/www.cretoikos.com\/wp-content\/uploads\/2018\/03\/certifications-olive-oil.gif\" alt=\"Ol\u012bve\u013c\u013cas sertifik\u0101ti\" width=\"470\" height=\"88\" \/><\/p>\n<p><img loading=\"lazy\" decoding=\"async\" class=\"alignnone wp-image-3386 size-full\" src=\"https:\/\/www.cretoikos.com\/wp-content\/uploads\/2018\/03\/OliveOil-GDA.png\" alt=\"Ol\u012bve\u013c\u013cas GDA\" width=\"464\" height=\"86\" srcset=\"https:\/\/www.cretoikos.com\/wp-content\/uploads\/2018\/03\/OliveOil-GDA.png 464w, https:\/\/www.cretoikos.com\/wp-content\/uploads\/2018\/03\/OliveOil-GDA-300x56.png 300w, https:\/\/www.cretoikos.com\/wp-content\/uploads\/2018\/03\/OliveOil-GDA-450x83.png 450w\" sizes=\"auto, (max-width: 464px) 100vw, 464px\" \/><\/p>\n<p><strong>\u012apa\u0161i neapstr\u0101d\u0101ta ol\u012bve\u013c\u013ca (EVOO) ar Kr\u0113tas gar\u0161augiem 100 ml<\/strong> \u2013 Grie\u0137ijas \u012bpa\u0161i neapstr\u0101d\u0101tas ol\u012bve\u013c\u013cas, kas ir dab\u012bgi aromatiz\u0113tas, izmantojot da\u017e\u0101dus gar\u0161augus (svaigus vai kalt\u0113tus), gar\u0161vielas un citrusaug\u013cus. Tos var izmantot k\u0101 uzkodas, lieliski kop\u0101 ar maz\u0101m bulci\u0146\u0101m vai sausi\u0146iem un var aizst\u0101t sviestu malt\u012btes s\u0101kum\u0101.<\/p>\n<p class=\"translation-block\"><a href=\"https:\/\/www.cretoikos.com\/lv\/piegades-un-nosutisanas-izmaksas\/\" target=\"_self\"><strong>Pieg\u0101de vis\u0101 pasaul\u0113<\/strong><\/a> \u2013 m\u0113s pieg\u0101d\u0101jam j\u016bsu pas\u016bt\u012bjumu <strong>vis\u0101s valst\u012bs<\/strong> , vis\u0101 pasaul\u0113!<\/p>\n<p>&nbsp;<\/p>\n<h2 style=\"font-size: 20px; text-align: center;\"><a href=\"\/lv\/starptautiskie-olivellas-sertifikati\/\"><strong>M\u016bsu starptautiskie p\u0101rtikas kvalit\u0101tes sertifik\u0101ti<\/strong> Produkti<\/a><\/h2>\n<p><a href=\"\/lv\/starptautiskie-olivellas-sertifikati\/\"><img loading=\"lazy\" decoding=\"async\" class=\"aligncenter wp-image-13475 size-full\" src=\"https:\/\/www.cretoikos.com\/wp-content\/uploads\/2017\/12\/Quality-Food-Certifications-Lab-Certified-Healthy-Mediterranean-Foods-w800.jpg\" alt=\"Starptautiskie p\u0101rtikas kvalit\u0101tes sertifik\u0101ti\u00a0\u2014 Laboratorij\u0101 sertific\u0113ti vesel\u012bgi Vidusj\u016bras \u0113dieni\" width=\"800\" height=\"250\" srcset=\"https:\/\/www.cretoikos.com\/wp-content\/uploads\/2017\/12\/Quality-Food-Certifications-Lab-Certified-Healthy-Mediterranean-Foods-w800.jpg 800w, https:\/\/www.cretoikos.com\/wp-content\/uploads\/2017\/12\/Quality-Food-Certifications-Lab-Certified-Healthy-Mediterranean-Foods-w800-300x94.jpg 300w, https:\/\/www.cretoikos.com\/wp-content\/uploads\/2017\/12\/Quality-Food-Certifications-Lab-Certified-Healthy-Mediterranean-Foods-w800-768x240.jpg 768w, https:\/\/www.cretoikos.com\/wp-content\/uploads\/2017\/12\/Quality-Food-Certifications-Lab-Certified-Healthy-Mediterranean-Foods-w800-450x141.jpg 450w, https:\/\/www.cretoikos.com\/wp-content\/uploads\/2017\/12\/Quality-Food-Certifications-Lab-Certified-Healthy-Mediterranean-Foods-w800-780x244.jpg 780w\" sizes=\"auto, (max-width: 800px) 100vw, 800px\" \/><\/a><br \/>\n&nbsp;<\/p>\n<h3 style=\"font-size: 20px; text-align: center;\"><a href=\"\/lv\/starptautiskie-olivellas-sertifikati\/\"><strong>KOSHER Food sertific\u0113ts ol\u012bve\u013c\u013cas produkts<\/strong><\/a><\/h3>\n<p>&nbsp;<\/p>\n<p><img loading=\"lazy\" decoding=\"async\" class=\"size-full wp-image-13454 aligncenter\" src=\"https:\/\/www.cretoikos.com\/wp-content\/uploads\/2020\/07\/kosher-foods-certification-2-w220.jpg\" alt=\"KOSHER p\u0101rtikas \u012bpa\u0161i neapstr\u0101d\u0101ta ol\u012bve\u013c\u013ca\" width=\"173\" height=\"220\" \/><\/p>\n<p>&nbsp;<\/p>\n<h3 style=\"font-size: 20px; text-align: center;\"><a href=\"\/lv\/starptautiskie-olivellas-sertifikati\/\"><strong>FDA (ASV) \u2013 Food &amp; Drugs Administration sertific\u0113ts ol\u012bve\u013c\u013cas produkts<\/strong><\/a><\/h3>\n<p>&nbsp;<\/p>\n<p><img loading=\"lazy\" decoding=\"async\" class=\"size-full wp-image-13476 aligncenter\" src=\"https:\/\/www.cretoikos.com\/wp-content\/uploads\/2017\/12\/FDA-foods-certification-w220.jpg\" alt=\"FDA p\u0101rtikas un z\u0101\u013cu sertifik\u0101cija\" width=\"163\" height=\"220\" \/><\/p>\n<p>&nbsp;<\/p>","protected":false},"excerpt":{"rendered":"<p><strong>Grie\u0137ijas \u012bpa\u0161i neapstr\u0101d\u0101ta ol\u012bve\u013c\u013ca!<\/strong><\/p>\n<p><strong>\u012apa\u0161i neapstr\u0101d\u0101ta ol\u012bve\u013c\u013ca (EVOO) ar Kr\u0113tas gar\u0161augiem 100 ml<\/strong> \u2013 Tos var izmantot k\u0101 uzkodas, lieliski kop\u0101 ar maz\u0101m bulci\u0146\u0101m vai sausi\u0146iem un var aizst\u0101t sviestu malt\u012btes s\u0101kum\u0101.<\/p>\n<p class=\"translation-block\"><a href=\"https:\/\/www.cretoikos.com\/lv\/piegades-un-nosutisanas-izmaksas\/\" target=\"_self\"><strong>Pieg\u0101de vis\u0101 pasaul\u0113<\/strong><\/a> \u2013 m\u0113s pieg\u0101d\u0101jam j\u016bsu pas\u016bt\u012bjumu <strong>vis\u0101s valst\u012bs<\/strong> , vis\u0101 pasaul\u0113!<\/p>\n<p>&nbsp;<\/p>","protected":false},"featured_media":161,"template":"","meta":[],"product_brand":[],"product_cat":[24],"product_tag":[103,141,95,97,98,100,138,96,91,132,137,99,139,101],"class_list":{"0":"post-91","1":"product","2":"type-product","3":"status-publish","4":"has-post-thumbnail","6":"product_cat-olive-oil-with-cretan-herbs","7":"product_tag-100ml","8":"product_tag-3-extra-virgin-olive-oil","9":"product_tag-bottle","10":"product_tag-buy-olive-oil","11":"product_tag-buy-online","12":"product_tag-chili","13":"product_tag-cretan-herbs-flavour","14":"product_tag-cretan-olive-oil","15":"product_tag-evoo","16":"product_tag-flavour","17":"product_tag-flavour-infused-olive-oil","18":"product_tag-greek-olive-oil","19":"product_tag-infused-olive-oil","20":"product_tag-olive-oil","22":"first","23":"instock","24":"taxable","25":"shipping-taxable","26":"purchasable","27":"product-type-simple"},"_links":{"self":[{"href":"https:\/\/www.cretoikos.com\/lv\/wp-json\/wp\/v2\/product\/91","targetHints":{"allow":["GET"]}}],"collection":[{"href":"https:\/\/www.cretoikos.com\/lv\/wp-json\/wp\/v2\/product"}],"about":[{"href":"https:\/\/www.cretoikos.com\/lv\/wp-json\/wp\/v2\/types\/product"}],"wp:featuredmedia":[{"embeddable":true,"href":"https:\/\/www.cretoikos.com\/lv\/wp-json\/wp\/v2\/media\/161"}],"wp:attachment":[{"href":"https:\/\/www.cretoikos.com\/lv\/wp-json\/wp\/v2\/media?parent=91"}],"wp:term":[{"taxonomy":"product_brand","embeddable":true,"href":"https:\/\/www.cretoikos.com\/lv\/wp-json\/wp\/v2\/product_brand?post=91"},{"taxonomy":"product_cat","embeddable":true,"href":"https:\/\/www.cretoikos.com\/lv\/wp-json\/wp\/v2\/product_cat?post=91"},{"taxonomy":"product_tag","embeddable":true,"href":"https:\/\/www.cretoikos.com\/lv\/wp-json\/wp\/v2\/product_tag?post=91"}],"curies":[{"name":"wp","href":"https:\/\/api.w.org\/{rel}","templated":true}]}}