{"id":2957,"date":"2018-02-02T09:15:38","date_gmt":"2018-02-02T07:15:38","guid":{"rendered":"https:\/\/www.cretoikos.com\/?post_type=product&#038;p=2957"},"modified":"2026-03-03T09:35:26","modified_gmt":"2026-03-03T07:35:26","slug":"timiana-medus-250-ml","status":"publish","type":"product","link":"https:\/\/www.cretoikos.com\/lv\/eshop\/honey\/thyme-honey-250-ml\/","title":{"rendered":"Timi\u0101na medus 250gr \u2013 T\u012brs Kr\u0113tas medus \u2013 Kr\u0113tas Grie\u0137ija"},"content":{"rendered":"<p><img loading=\"lazy\" decoding=\"async\" class=\"alignnone wp-image-3390 size-full\" src=\"https:\/\/www.cretoikos.com\/wp-content\/uploads\/2018\/03\/certifications-olive-oil.gif\" alt=\"Ol\u012bve\u013c\u013cas sertifik\u0101ti\" width=\"470\" height=\"88\" \/><\/p>\n<p><img loading=\"lazy\" decoding=\"async\" class=\"alignnone size-full wp-image-3387\" src=\"https:\/\/www.cretoikos.com\/wp-content\/uploads\/2018\/03\/Honey-GDA.png\" alt=\"Medus GDA\" width=\"464\" height=\"86\" srcset=\"https:\/\/www.cretoikos.com\/wp-content\/uploads\/2018\/03\/Honey-GDA.png 464w, https:\/\/www.cretoikos.com\/wp-content\/uploads\/2018\/03\/Honey-GDA-300x56.png 300w, https:\/\/www.cretoikos.com\/wp-content\/uploads\/2018\/03\/Honey-GDA-450x83.png 450w\" sizes=\"auto, (max-width: 464px) 100vw, 464px\" \/><\/p>\n<p><strong>Kr\u0113tas timi\u0101na medus 250gr<\/strong> \u2013 K\u0101 saka nosaukums, timi\u0101na medu aromatiz\u0113 ar timi\u0101nu. M\u0113s visi zin\u0101m timi\u0101nu, jo tas tiek izmantots kulin\u0101rijas, \u0101rstniec\u012bbas un dekorat\u012bvos nol\u016bkos. Timi\u0101nu vislab\u0101k var kultiv\u0113t karst\u0101, saulain\u0101 viet\u0101 ar labi dren\u0113tu augsni. Parasti to st\u0101da pavasar\u012b, un p\u0113c tam aug k\u0101 daudzgad\u012bgs augs. To var pavairot ar s\u0113kl\u0101m, spraude\u0146iem vai sadalot sak\u0146otas auga da\u013cas. Tas labi panes sausumu. Timi\u0101na augi var dzi\u013ci sasalst, un tie aug kalnu augstien\u0113s. Augst\u0101k\u0101s kvalit\u0101tes t\u012brs timi\u0101na medus, ko Kr\u0113tas sal\u0101 ra\u017eo CRETOIKOS Healthy Foods \u2013 Crete, Grie\u0137ija<\/p>\n<p class=\"translation-block\"><a href=\"https:\/\/www.cretoikos.com\/lv\/piegades-un-nosutisanas-izmaksas\/\" target=\"_self\"><strong>Pieg\u0101de vis\u0101 pasaul\u0113<\/strong><\/a> \u2013 m\u0113s pieg\u0101d\u0101jam j\u016bsu pas\u016bt\u012bjumu <strong>vis\u0101s valst\u012bs<\/strong> , vis\u0101 pasaul\u0113!<\/p>\n<h2 style=\"font-size: 20px; text-align: center;\"><a href=\"\/lv\/starptautiskie-olivellas-sertifikati\/\"><strong>M\u016bsu starptautiskie p\u0101rtikas kvalit\u0101tes sertifik\u0101ti<\/strong> Produkti<\/a><\/h2>\n<p><a href=\"\/lv\/starptautiskie-olivellas-sertifikati\/\"><img loading=\"lazy\" decoding=\"async\" class=\"aligncenter wp-image-13475 size-full\" src=\"https:\/\/www.cretoikos.com\/wp-content\/uploads\/2017\/12\/Quality-Food-Certifications-Lab-Certified-Healthy-Mediterranean-Foods-w800.jpg\" alt=\"Starptautiskie p\u0101rtikas kvalit\u0101tes sertifik\u0101ti\u00a0\u2014 Laboratorij\u0101 sertific\u0113ti vesel\u012bgi Vidusj\u016bras \u0113dieni\" width=\"800\" height=\"250\" srcset=\"https:\/\/www.cretoikos.com\/wp-content\/uploads\/2017\/12\/Quality-Food-Certifications-Lab-Certified-Healthy-Mediterranean-Foods-w800.jpg 800w, https:\/\/www.cretoikos.com\/wp-content\/uploads\/2017\/12\/Quality-Food-Certifications-Lab-Certified-Healthy-Mediterranean-Foods-w800-300x94.jpg 300w, https:\/\/www.cretoikos.com\/wp-content\/uploads\/2017\/12\/Quality-Food-Certifications-Lab-Certified-Healthy-Mediterranean-Foods-w800-768x240.jpg 768w, https:\/\/www.cretoikos.com\/wp-content\/uploads\/2017\/12\/Quality-Food-Certifications-Lab-Certified-Healthy-Mediterranean-Foods-w800-450x141.jpg 450w, https:\/\/www.cretoikos.com\/wp-content\/uploads\/2017\/12\/Quality-Food-Certifications-Lab-Certified-Healthy-Mediterranean-Foods-w800-780x244.jpg 780w\" sizes=\"auto, (max-width: 800px) 100vw, 800px\" \/><\/a><\/p>\n<h3 style=\"font-size: 20px; text-align: center;\"><a href=\"\/lv\/starptautiskie-olivellas-sertifikati\/\"><strong>KOSHER Food sertific\u0113ts produkts<\/strong><\/a><\/h3>\n<p><img loading=\"lazy\" decoding=\"async\" class=\"size-full wp-image-13454 aligncenter\" src=\"https:\/\/www.cretoikos.com\/wp-content\/uploads\/2020\/07\/kosher-foods-certification-2-w220.jpg\" alt=\"KOSHER p\u0101rtikas \u012bpa\u0161i neapstr\u0101d\u0101ta ol\u012bve\u013c\u013ca\" width=\"173\" height=\"220\" \/><\/p>\n<h3 style=\"font-size: 20px; text-align: center;\"><a href=\"\/lv\/starptautiskie-olivellas-sertifikati\/\"><strong>FDA (ASV) \u2013 P\u0101rtikas un z\u0101\u013cu p\u0101rvaldes sertific\u0113ts produkts<\/strong><\/a><\/h3>\n<p><img loading=\"lazy\" decoding=\"async\" class=\"size-full wp-image-13476 aligncenter\" src=\"https:\/\/www.cretoikos.com\/wp-content\/uploads\/2017\/12\/FDA-foods-certification-w220.jpg\" alt=\"FDA p\u0101rtikas un z\u0101\u013cu sertifik\u0101cija\" width=\"163\" height=\"220\" \/><\/p>\n<p>&nbsp;<\/p>","protected":false},"excerpt":{"rendered":"<h1 style=\"font-size: 20px;\"><strong>Grie\u0137u medus, t\u012brs timi\u0101ns Medus no Kr\u0113tas Grie\u0137ijas<\/strong><\/h1>\n<p><strong>Kr\u0113tas timi\u0101na medus 250 gr<\/strong> \u2013 Grie\u0137ij\u0101 popul\u0101rs veids, k\u0101 \u0113st timi\u0101na medu, ir p\u0101rliets p\u0101ri svaigam grie\u0137u jogurtam (paz\u012bstams k\u0101 \u201cYiaourti me Meli\u201d: jogurts ar medu), ar da\u017eiem riekstiem virs\u016b. Tiek uzskat\u012bts, ka timi\u0101na medus palielina potenci. Vi\u0146i saka: \u201cDabisk\u0101 viagra\u201d! Augst\u0101k\u0101s kvalit\u0101tes t\u012brs timi\u0101na medus, ko Kr\u0113tas sal\u0101 ra\u017eo CRETOIKOS Healthy Foods \u2013 Crete, Grie\u0137ija<\/p>\n<p class=\"translation-block\"><a href=\"https:\/\/www.cretoikos.com\/lv\/piegades-un-nosutisanas-izmaksas\/\" target=\"_self\"><strong>Pieg\u0101de vis\u0101 pasaul\u0113<\/strong><\/a> \u2013 m\u0113s pieg\u0101d\u0101jam j\u016bsu pas\u016bt\u012bjumu <strong>vis\u0101s valst\u012bs<\/strong> , vis\u0101 pasaul\u0113!<\/p>","protected":false},"featured_media":3477,"template":"","meta":[],"product_brand":[],"product_cat":[74],"product_tag":[130,129,121,123,127,128,126,124,125,122],"class_list":{"0":"post-2957","1":"product","2":"type-product","3":"status-publish","4":"has-post-thumbnail","6":"product_cat-honey","7":"product_tag-250gr","8":"product_tag-cretan","9":"product_tag-cretan-honey","10":"product_tag-cretan-thyme-honey","11":"product_tag-crete","12":"product_tag-greece","13":"product_tag-greek-honey","14":"product_tag-honey","15":"product_tag-pure-honey","16":"product_tag-thyme-honey","18":"first","19":"instock","20":"taxable","21":"shipping-taxable","22":"purchasable","23":"product-type-simple"},"_links":{"self":[{"href":"https:\/\/www.cretoikos.com\/lv\/wp-json\/wp\/v2\/product\/2957","targetHints":{"allow":["GET"]}}],"collection":[{"href":"https:\/\/www.cretoikos.com\/lv\/wp-json\/wp\/v2\/product"}],"about":[{"href":"https:\/\/www.cretoikos.com\/lv\/wp-json\/wp\/v2\/types\/product"}],"wp:featuredmedia":[{"embeddable":true,"href":"https:\/\/www.cretoikos.com\/lv\/wp-json\/wp\/v2\/media\/3477"}],"wp:attachment":[{"href":"https:\/\/www.cretoikos.com\/lv\/wp-json\/wp\/v2\/media?parent=2957"}],"wp:term":[{"taxonomy":"product_brand","embeddable":true,"href":"https:\/\/www.cretoikos.com\/lv\/wp-json\/wp\/v2\/product_brand?post=2957"},{"taxonomy":"product_cat","embeddable":true,"href":"https:\/\/www.cretoikos.com\/lv\/wp-json\/wp\/v2\/product_cat?post=2957"},{"taxonomy":"product_tag","embeddable":true,"href":"https:\/\/www.cretoikos.com\/lv\/wp-json\/wp\/v2\/product_tag?post=2957"}],"curies":[{"name":"wp","href":"https:\/\/api.w.org\/{rel}","templated":true}]}}