{"id":117,"date":"2017-12-10T14:20:07","date_gmt":"2017-12-10T12:20:07","guid":{"rendered":"https:\/\/www.cretoikos.com\/?post_type=product&#038;p=117"},"modified":"2024-12-15T21:44:13","modified_gmt":"2024-12-15T19:44:13","slug":"pdo-sitia-0-2-premium-gold-extra-virgin-olivella-500ml","status":"publish","type":"product","link":"https:\/\/www.cretoikos.com\/lv\/eshop\/olive-oil\/pdo-sitia-0-2-premium-gold-extra-virgin-olive-oil-500ml\/","title":{"rendered":"Sitia ACVN Extra Virgin ol\u012bve\u013c\u013ca (EVOO) 0,2%, k\u0101rba 500ml"},"content":{"rendered":"<h2 style=\"font-size: 20px; text-align: center;\"><strong>100% Grie\u0137ijas \u012bpa\u0161i neapstr\u0101d\u0101ta ol\u012bve\u013c\u013ca (EVOO) no Kr\u0113tas salas, pirm\u0101 aukst\u0101 spiede, bag\u0101ta ar polifenoliem, antioksidantiem, vitam\u012bnu E un pretiekaisuma \u012bpa\u0161\u012bb\u0101m, t\u012bra ol\u012bvu aug\u013cu sula, bez konservantiem, jauna ra\u017ea, svaigi spiesta taj\u0101 pa\u0161\u0101 dien\u0101 Ol\u012bvu ra\u017ea<\/strong><\/h2>\n<p>&nbsp;<\/p>\n<p><img loading=\"lazy\" decoding=\"async\" class=\"alignnone wp-image-3390 size-full\" src=\"https:\/\/www.cretoikos.com\/wp-content\/uploads\/2018\/03\/certifications-olive-oil.gif\" alt=\"Ol\u012bve\u013c\u013cas sertifik\u0101ti\" width=\"470\" height=\"88\" \/><\/p>\n<p><img loading=\"lazy\" decoding=\"async\" class=\"alignnone wp-image-3386 size-full\" src=\"https:\/\/www.cretoikos.com\/wp-content\/uploads\/2018\/03\/OliveOil-GDA.png\" alt=\"Ol\u012bve\u013c\u013cas GDA\" width=\"464\" height=\"86\" srcset=\"https:\/\/www.cretoikos.com\/wp-content\/uploads\/2018\/03\/OliveOil-GDA.png 464w, https:\/\/www.cretoikos.com\/wp-content\/uploads\/2018\/03\/OliveOil-GDA-300x56.png 300w, https:\/\/www.cretoikos.com\/wp-content\/uploads\/2018\/03\/OliveOil-GDA-450x83.png 450w\" sizes=\"auto, (max-width: 464px) 100vw, 464px\" \/><\/p>\n<p><strong>Sitia ACVN \u012bpa\u0161i neapstr\u0101d\u0101ta ol\u012bve\u013c\u013ca (EVOO)<\/strong> ir aizsarg\u0101ta cilmes vietas nosaukuma (ACVN) ol\u012bve\u013c\u013ca no <strong>Sitia<\/strong>, Austrumos <strong>Kr\u0113ta<\/strong>. Sitia iek\u0161\u0101 <strong>Lasithi<\/strong> ir Kr\u0113tas austrumu re\u0123ions, kas vis\u0101 pasaul\u0113 ir labi paz\u012bstams ar saviem ide\u0101lajiem klimatiskajiem apst\u0101k\u013ciem, kas veicina augst\u0101k\u0101s kvalit\u0101tes neapstr\u0101d\u0101tas augst\u0101k\u0101 labuma ol\u012bve\u013c\u013cas ra\u017eo\u0161anu. Ol\u012bve\u013c\u013cas ekstrakcijas process no ol\u012bvu aug\u013ciem tiek veikts taj\u0101 pa\u0161\u0101 dien\u0101 un \u013coti zem\u0101 temperat\u016br\u0101, lai saglab\u0101tu visu aug\u013cu labv\u0113l\u012bbu un \u013coti zemu sk\u0101bumu. Proced\u016bra notiek vesel\u012bbas kontroles uzraugu un m\u016bsdien\u012bgas tehnikas atbalsta vad\u012bb\u0101. ACVN Sitia 0.2 ir unik\u0101la, aug\u013caina neapstr\u0101d\u0101ta augst\u0101k\u0101 labuma ol\u012bve\u013c\u013ca ar \u012bpa\u0161i zemu sk\u0101bumu, kas ir ide\u0101li piem\u0113rota vis\u0101m j\u016bsu kulin\u0101rijas vajadz\u012bb\u0101m. Izmantojiet to \u0113diena gatavo\u0161anai vai neapstr\u0101d\u0101tu k\u0101 kumode sal\u0101tiem.<\/p>\n<p><strong>ACVN<\/strong> noz\u012bm\u0113 t\u0101s a <strong>Aizsarg\u0101ts izcelsmes galam\u0113r\u0137is<\/strong>, <strong>EVOO<\/strong> noz\u012bm\u0113 <strong>Nerafin\u0113ta ol\u012bve\u013c\u013ca<\/strong> (\u013coti zems sk\u0101bums \u2013 zem 0,8%), \u0161im produktam ir \u012bpa\u0161i <strong>sk\u0101bums no<\/strong> <strong>tikai 0,21 TP3T<\/strong><\/p>\n<p>M\u016bsu ol\u012bve\u013c\u013cas produkti ir <strong>LABORATORIJA Sertific\u0113ts<\/strong>, t\u012bra, augst\u0101k\u0101s kvalit\u0101tes <strong>\u012apa\u0161i neapstr\u0101d\u0101tas ol\u012bve\u013c\u013cas<\/strong> EVOO, ACVN (<strong>Aizsarg\u0101ts izcelsmes galam\u0113r\u0137is<\/strong>) un <strong>Apbalvots<\/strong> vair\u0101k\u0101s <strong>Starptautiskie ol\u012bve\u013c\u013cas konkursi. IEPIRKTIES AR P\u0100RLIECIN\u0100JUMU\u2026<\/strong><\/p>\n<div class=\"wpb_text_column wpb_content_element wpb_animate_when_almost_visible wpb_fadeInDown fadeInDown vc_custom_1585559046315 wpb_start_animation animated\">\n<div class=\"wpb_wrapper\">\n<p>P\u0113rciet tikai t\u012bras, laboratorij\u0101 sertific\u0113tas \u012bpa\u0161i neapstr\u0101d\u0101tas ol\u012bve\u013c\u013cas, EVOO ir lab\u0101k\u0101 p\u0101rtikas ol\u012bve\u013c\u013ca<\/p>\n<\/div>\n<\/div>\n<p>Pas\u016btiet savu grie\u0137u ol\u012bve\u013c\u013cu tie\u0161saist\u0113 un ietaupiet<\/p>\n<p class=\"translation-block\"><a href=\"https:\/\/www.cretoikos.com\/lv\/piegades-un-nosutisanas-izmaksas\/\" target=\"_self\"><strong>Pieg\u0101de vis\u0101 pasaul\u0113<\/strong><\/a> \u2013 m\u0113s pieg\u0101d\u0101jam j\u016bsu pas\u016bt\u012bjumu <strong>vis\u0101s valst\u012bs<\/strong> , vis\u0101 pasaul\u0113!<\/p>\n<p>&nbsp;<\/p>\n<h2 style=\"font-size: 20px; text-align: center;\"><a href=\"\/lv\/starptautiskie-olivellas-sertifikati\/\"><strong>M\u016bsu starptautiskie p\u0101rtikas kvalit\u0101tes sertifik\u0101ti<\/strong> Produkti<\/a><\/h2>\n<p><a href=\"\/lv\/starptautiskie-olivellas-sertifikati\/\"><img loading=\"lazy\" decoding=\"async\" class=\"aligncenter wp-image-13475 size-full\" src=\"https:\/\/www.cretoikos.com\/wp-content\/uploads\/2017\/12\/Quality-Food-Certifications-Lab-Certified-Healthy-Mediterranean-Foods-w800.jpg\" alt=\"Starptautiskie p\u0101rtikas kvalit\u0101tes sertifik\u0101ti\u00a0\u2014 Laboratorij\u0101 sertific\u0113ti vesel\u012bgi Vidusj\u016bras \u0113dieni\" width=\"800\" height=\"250\" srcset=\"https:\/\/www.cretoikos.com\/wp-content\/uploads\/2017\/12\/Quality-Food-Certifications-Lab-Certified-Healthy-Mediterranean-Foods-w800.jpg 800w, https:\/\/www.cretoikos.com\/wp-content\/uploads\/2017\/12\/Quality-Food-Certifications-Lab-Certified-Healthy-Mediterranean-Foods-w800-300x94.jpg 300w, https:\/\/www.cretoikos.com\/wp-content\/uploads\/2017\/12\/Quality-Food-Certifications-Lab-Certified-Healthy-Mediterranean-Foods-w800-768x240.jpg 768w, https:\/\/www.cretoikos.com\/wp-content\/uploads\/2017\/12\/Quality-Food-Certifications-Lab-Certified-Healthy-Mediterranean-Foods-w800-450x141.jpg 450w, https:\/\/www.cretoikos.com\/wp-content\/uploads\/2017\/12\/Quality-Food-Certifications-Lab-Certified-Healthy-Mediterranean-Foods-w800-780x244.jpg 780w\" sizes=\"auto, (max-width: 800px) 100vw, 800px\" \/><\/a><\/p>\n<h3 style=\"font-size: 20px; text-align: center;\"><a href=\"\/lv\/starptautiskie-olivellas-sertifikati\/\"><strong>KOSHER Food sertific\u0113ts ol\u012bve\u013c\u013cas produkts<\/strong><\/a><\/h3>\n<p>&nbsp;<\/p>\n<p><img loading=\"lazy\" decoding=\"async\" class=\"size-full wp-image-13454 aligncenter\" src=\"https:\/\/www.cretoikos.com\/wp-content\/uploads\/2020\/07\/kosher-foods-certification-2-w220.jpg\" alt=\"KOSHER p\u0101rtikas \u012bpa\u0161i neapstr\u0101d\u0101ta ol\u012bve\u013c\u013ca\" width=\"173\" height=\"220\" \/><\/p>\n<p>&nbsp;<\/p>\n<h3 style=\"font-size: 20px; text-align: center;\"><a href=\"\/lv\/starptautiskie-olivellas-sertifikati\/\"><strong>FDA (ASV) \u2013 Food &amp; Drugs Administration sertific\u0113ts ol\u012bve\u013c\u013cas produkts<\/strong><\/a><\/h3>\n<p>&nbsp;<\/p>\n<p><img loading=\"lazy\" decoding=\"async\" class=\"size-full wp-image-13476 aligncenter\" src=\"https:\/\/www.cretoikos.com\/wp-content\/uploads\/2017\/12\/FDA-foods-certification-w220.jpg\" alt=\"FDA p\u0101rtikas un z\u0101\u013cu sertifik\u0101cija\" width=\"163\" height=\"220\" \/><\/p>\n<p>&nbsp;<\/p>","protected":false},"excerpt":{"rendered":"<p><strong>Sitia ACVN \u012bpa\u0161i neapstr\u0101d\u0101ta ol\u012bve\u013c\u013ca (EVOO)<\/strong> - tas ir <strong>Aizsarg\u0101ts cilmes vietas nosaukums (ACVN)<\/strong> Nerafin\u0113ta ol\u012bve\u013c\u013ca (<strong>EVOO<\/strong>) no <strong>Sitia<\/strong>, Austrumos <strong>Kr\u0113ta<\/strong>. Sitia iek\u0161\u0101 <strong>Lasithi<\/strong> ir Kr\u0113tas austrumu re\u0123ions, kas vis\u0101 pasaul\u0113 ir labi paz\u012bstams ar saviem ide\u0101lajiem klimatiskajiem apst\u0101k\u013ciem, kas veicina augst\u0101k\u0101s kvalit\u0101tes neapstr\u0101d\u0101tas augst\u0101k\u0101 labuma ol\u012bve\u013c\u013cas ra\u017eo\u0161anu. Ol\u012bve\u013c\u013cas ekstrakcijas process no ol\u012bvu aug\u013ciem tiek veikts taj\u0101 pa\u0161\u0101 dien\u0101 un \u013coti zem\u0101 temperat\u016br\u0101, lai saglab\u0101tu visu aug\u013cu labv\u0113l\u012bbu un \u013coti zemu sk\u0101bumu. Proced\u016bra notiek vesel\u012bbas kontroles uzraugu un m\u016bsdien\u012bgas tehnikas atbalsta vad\u012bb\u0101. ACVN Sitia 0.2 ir unik\u0101la, aug\u013caina neapstr\u0101d\u0101ta augst\u0101k\u0101 labuma ol\u012bve\u013c\u013ca ar \u012bpa\u0161i zemu sk\u0101bumu, kas ir ide\u0101li piem\u0113rota vis\u0101m j\u016bsu kulin\u0101rijas vajadz\u012bb\u0101m. Izmantojiet to \u0113diena gatavo\u0161anai vai neapstr\u0101d\u0101tu k\u0101 kumode sal\u0101tiem.<\/p>\n<p><strong>Grie\u0137ijas ekstra neapstr\u0101d\u0101ta ol\u012bve\u013c\u013ca no Kr\u0113tas salas!<\/strong><\/p>\n<p class=\"translation-block\"><a href=\"https:\/\/www.cretoikos.com\/lv\/piegades-un-nosutisanas-izmaksas\/\" target=\"_self\"><strong>Pieg\u0101de vis\u0101 pasaul\u0113<\/strong><\/a> \u2013 m\u0113s pieg\u0101d\u0101jam j\u016bsu pas\u016bt\u012bjumu <strong>vis\u0101s valst\u012bs<\/strong> , vis\u0101 pasaul\u0113!<\/p>","protected":false},"featured_media":183,"template":"","meta":[],"product_brand":[],"product_cat":[23],"product_tag":[140,141,119,95,97,98,96,91,99,101,135,111,112,110,109],"class_list":{"0":"post-117","1":"product","2":"type-product","3":"status-publish","4":"has-post-thumbnail","6":"product_cat-olive-oil","7":"product_tag-140","8":"product_tag-3-extra-virgin-olive-oil","9":"product_tag-500ml","10":"product_tag-bottle","11":"product_tag-buy-olive-oil","12":"product_tag-buy-online","13":"product_tag-cretan-olive-oil","14":"product_tag-evoo","15":"product_tag-greek-olive-oil","16":"product_tag-olive-oil","17":"product_tag-pdo-olive-oil","18":"product_tag-pdo-sitia","19":"product_tag-pdo-sitia-olive-oil","20":"product_tag-sitia","21":"product_tag-sitia-olive-oil","23":"first","24":"instock","25":"taxable","26":"shipping-taxable","27":"purchasable","28":"product-type-simple"},"_links":{"self":[{"href":"https:\/\/www.cretoikos.com\/lv\/wp-json\/wp\/v2\/product\/117","targetHints":{"allow":["GET"]}}],"collection":[{"href":"https:\/\/www.cretoikos.com\/lv\/wp-json\/wp\/v2\/product"}],"about":[{"href":"https:\/\/www.cretoikos.com\/lv\/wp-json\/wp\/v2\/types\/product"}],"wp:featuredmedia":[{"embeddable":true,"href":"https:\/\/www.cretoikos.com\/lv\/wp-json\/wp\/v2\/media\/183"}],"wp:attachment":[{"href":"https:\/\/www.cretoikos.com\/lv\/wp-json\/wp\/v2\/media?parent=117"}],"wp:term":[{"taxonomy":"product_brand","embeddable":true,"href":"https:\/\/www.cretoikos.com\/lv\/wp-json\/wp\/v2\/product_brand?post=117"},{"taxonomy":"product_cat","embeddable":true,"href":"https:\/\/www.cretoikos.com\/lv\/wp-json\/wp\/v2\/product_cat?post=117"},{"taxonomy":"product_tag","embeddable":true,"href":"https:\/\/www.cretoikos.com\/lv\/wp-json\/wp\/v2\/product_tag?post=117"}],"curies":[{"name":"wp","href":"https:\/\/api.w.org\/{rel}","templated":true}]}}