{"id":100,"date":"2017-12-10T13:01:13","date_gmt":"2017-12-10T11:01:13","guid":{"rendered":"https:\/\/www.cretoikos.com\/?post_type=product&#038;p=100"},"modified":"2023-12-09T19:02:08","modified_gmt":"2023-12-09T17:02:08","slug":"neapstradata-augstaka-labuma-olivella-ar-oregano-garsu-200ml","status":"publish","type":"product","link":"https:\/\/www.cretoikos.com\/lv\/eshop\/olive-oil-with-cretan-herbs\/extra-virgin-olive-oil-with-oregano-flavour-200ml\/","title":{"rendered":"Extra Virgin Olive Oil (EVOO) ar oregano gar\u0161u 200ml"},"content":{"rendered":"<h2 style=\"font-size: 20px; text-align: center;\"><strong>100% Grie\u0137ijas \u012bpa\u0161i neapstr\u0101d\u0101ta ol\u012bve\u013c\u013ca (EVOO) no Kr\u0113tas salas, pirm\u0101 aukst\u0101 spiede, bag\u0101ta ar polifenoliem, antioksidantiem, vitam\u012bnu E un pretiekaisuma \u012bpa\u0161\u012bb\u0101m, t\u012bra ol\u012bvu aug\u013cu sula, bez konservantiem, jauna ra\u017ea, svaigi spiesta taj\u0101 pa\u0161\u0101 dien\u0101 Ol\u012bvu ra\u017ea<\/strong><\/h2>\n<p>&nbsp;<\/p>\n<p><img loading=\"lazy\" decoding=\"async\" class=\"alignnone wp-image-3390 size-full\" src=\"https:\/\/www.cretoikos.com\/wp-content\/uploads\/2018\/03\/certifications-olive-oil.gif\" alt=\"Ol\u012bve\u013c\u013cas sertifik\u0101ti\" width=\"470\" height=\"88\" \/><\/p>\n<p><img loading=\"lazy\" decoding=\"async\" class=\"alignnone wp-image-3386 size-full\" src=\"https:\/\/www.cretoikos.com\/wp-content\/uploads\/2018\/03\/OliveOil-GDA.png\" alt=\"Ol\u012bve\u013c\u013cas GDA\" width=\"464\" height=\"86\" srcset=\"https:\/\/www.cretoikos.com\/wp-content\/uploads\/2018\/03\/OliveOil-GDA.png 464w, https:\/\/www.cretoikos.com\/wp-content\/uploads\/2018\/03\/OliveOil-GDA-300x56.png 300w, https:\/\/www.cretoikos.com\/wp-content\/uploads\/2018\/03\/OliveOil-GDA-450x83.png 450w\" sizes=\"auto, (max-width: 464px) 100vw, 464px\" \/><\/p>\n<p><strong>\u012apa\u0161i neapstr\u0101d\u0101ta ol\u012bve\u013c\u013ca (EVOO) ar oregano gar\u0161u 200 ml \u2013 ACVN Mylopotamos<\/strong> Extra Virgin ir vid\u0113ji aug\u013cu ol\u012bve\u013c\u013ca, kas ar rok\u0101m nov\u0101kta Mylopotamos apgabal\u0101 ar harmonisku k\u0101r\u0161u un maigu ol\u012bvu gar\u0161u ar nedaudz r\u016bgtu un augu-raudenes gar\u0161u, bet pat\u012bkamu un gar\u0161\u012bgu.<\/p>\n<p class=\"translation-block\"><a href=\"https:\/\/www.cretoikos.com\/lv\/piegades-un-nosutisanas-izmaksas\/\" target=\"_self\"><strong>Pieg\u0101de vis\u0101 pasaul\u0113<\/strong><\/a> \u2013 m\u0113s pieg\u0101d\u0101jam j\u016bsu pas\u016bt\u012bjumu <strong>vis\u0101s valst\u012bs<\/strong> , vis\u0101 pasaul\u0113!<\/p>\n<p>&nbsp;<\/p>\n<h2 style=\"font-size: 20px; text-align: center;\"><a href=\"\/lv\/starptautiskie-olivellas-sertifikati\/\"><strong>M\u016bsu starptautiskie p\u0101rtikas kvalit\u0101tes sertifik\u0101ti<\/strong> Produkti<\/a><\/h2>\n<p><a href=\"\/lv\/starptautiskie-olivellas-sertifikati\/\"><img loading=\"lazy\" decoding=\"async\" class=\"aligncenter wp-image-13475 size-full\" src=\"https:\/\/www.cretoikos.com\/wp-content\/uploads\/2017\/12\/Quality-Food-Certifications-Lab-Certified-Healthy-Mediterranean-Foods-w800.jpg\" alt=\"Starptautiskie p\u0101rtikas kvalit\u0101tes sertifik\u0101ti\u00a0\u2014 Laboratorij\u0101 sertific\u0113ti vesel\u012bgi Vidusj\u016bras \u0113dieni\" width=\"800\" height=\"250\" srcset=\"https:\/\/www.cretoikos.com\/wp-content\/uploads\/2017\/12\/Quality-Food-Certifications-Lab-Certified-Healthy-Mediterranean-Foods-w800.jpg 800w, https:\/\/www.cretoikos.com\/wp-content\/uploads\/2017\/12\/Quality-Food-Certifications-Lab-Certified-Healthy-Mediterranean-Foods-w800-300x94.jpg 300w, https:\/\/www.cretoikos.com\/wp-content\/uploads\/2017\/12\/Quality-Food-Certifications-Lab-Certified-Healthy-Mediterranean-Foods-w800-768x240.jpg 768w, https:\/\/www.cretoikos.com\/wp-content\/uploads\/2017\/12\/Quality-Food-Certifications-Lab-Certified-Healthy-Mediterranean-Foods-w800-450x141.jpg 450w, https:\/\/www.cretoikos.com\/wp-content\/uploads\/2017\/12\/Quality-Food-Certifications-Lab-Certified-Healthy-Mediterranean-Foods-w800-780x244.jpg 780w\" sizes=\"auto, (max-width: 800px) 100vw, 800px\" \/><\/a><br \/>\n&nbsp;<\/p>\n<h3 style=\"font-size: 20px; text-align: center;\"><a href=\"\/lv\/starptautiskie-olivellas-sertifikati\/\"><strong>KOSHER Food sertific\u0113ts ol\u012bve\u013c\u013cas produkts<\/strong><\/a><\/h3>\n<p>&nbsp;<\/p>\n<p><img loading=\"lazy\" decoding=\"async\" class=\"size-full wp-image-13454 aligncenter\" src=\"https:\/\/www.cretoikos.com\/wp-content\/uploads\/2020\/07\/kosher-foods-certification-2-w220.jpg\" alt=\"KOSHER p\u0101rtikas \u012bpa\u0161i neapstr\u0101d\u0101ta ol\u012bve\u013c\u013ca\" width=\"173\" height=\"220\" \/><\/p>\n<p>&nbsp;<\/p>\n<h3 style=\"font-size: 20px; text-align: center;\"><a href=\"\/lv\/starptautiskie-olivellas-sertifikati\/\"><strong>FDA (ASV) \u2013 Food &amp; Drugs Administration sertific\u0113ts ol\u012bve\u013c\u013cas produkts<\/strong><\/a><\/h3>\n<p>&nbsp;<\/p>\n<p><img loading=\"lazy\" decoding=\"async\" class=\"size-full wp-image-13476 aligncenter\" src=\"https:\/\/www.cretoikos.com\/wp-content\/uploads\/2017\/12\/FDA-foods-certification-w220.jpg\" alt=\"FDA p\u0101rtikas un z\u0101\u013cu sertifik\u0101cija\" width=\"163\" height=\"220\" \/><\/p>\n<p>&nbsp;<\/p>","protected":false},"excerpt":{"rendered":"<p><strong>Ekstra neapstr\u0101d\u0101ta ol\u012bve\u013c\u013ca ar oregano arom\u0101tu<\/strong>, aizsarg\u0101ts izcelsmes galam\u0113r\u0137is (<strong>ACVN<\/strong>) Zieme\u013ci <strong>Mylopotamos Rethymno Kr\u0113ta<\/strong>.<\/p>\n<p><strong>Grie\u0137ijas \u012bpa\u0161i neapstr\u0101d\u0101ta ol\u012bve\u013c\u013ca<\/strong>!<\/p>\n<p class=\"translation-block\"><a href=\"https:\/\/www.cretoikos.com\/lv\/piegades-un-nosutisanas-izmaksas\/\" target=\"_self\"><strong>Pieg\u0101de vis\u0101 pasaul\u0113<\/strong><\/a> \u2013 m\u0113s pieg\u0101d\u0101jam j\u016bsu pas\u016bt\u012bjumu <strong>vis\u0101s valst\u012bs<\/strong> , vis\u0101 pasaul\u0113!<\/p>","protected":false},"featured_media":157,"template":"","meta":[],"product_brand":[],"product_cat":[24],"product_tag":[94,141,95,97,98,96,91,132,137,99,139,101,105,133],"class_list":{"0":"post-100","1":"product","2":"type-product","3":"status-publish","4":"has-post-thumbnail","6":"product_cat-olive-oil-with-cretan-herbs","7":"product_tag-200ml","8":"product_tag-3-extra-virgin-olive-oil","9":"product_tag-bottle","10":"product_tag-buy-olive-oil","11":"product_tag-buy-online","12":"product_tag-cretan-olive-oil","13":"product_tag-evoo","14":"product_tag-flavour","15":"product_tag-flavour-infused-olive-oil","16":"product_tag-greek-olive-oil","17":"product_tag-infused-olive-oil","18":"product_tag-olive-oil","19":"product_tag-oregano","20":"product_tag-oregano-flavour","22":"first","23":"instock","24":"taxable","25":"shipping-taxable","26":"purchasable","27":"product-type-simple"},"_links":{"self":[{"href":"https:\/\/www.cretoikos.com\/lv\/wp-json\/wp\/v2\/product\/100","targetHints":{"allow":["GET"]}}],"collection":[{"href":"https:\/\/www.cretoikos.com\/lv\/wp-json\/wp\/v2\/product"}],"about":[{"href":"https:\/\/www.cretoikos.com\/lv\/wp-json\/wp\/v2\/types\/product"}],"wp:featuredmedia":[{"embeddable":true,"href":"https:\/\/www.cretoikos.com\/lv\/wp-json\/wp\/v2\/media\/157"}],"wp:attachment":[{"href":"https:\/\/www.cretoikos.com\/lv\/wp-json\/wp\/v2\/media?parent=100"}],"wp:term":[{"taxonomy":"product_brand","embeddable":true,"href":"https:\/\/www.cretoikos.com\/lv\/wp-json\/wp\/v2\/product_brand?post=100"},{"taxonomy":"product_cat","embeddable":true,"href":"https:\/\/www.cretoikos.com\/lv\/wp-json\/wp\/v2\/product_cat?post=100"},{"taxonomy":"product_tag","embeddable":true,"href":"https:\/\/www.cretoikos.com\/lv\/wp-json\/wp\/v2\/product_tag?post=100"}],"curies":[{"name":"wp","href":"https:\/\/api.w.org\/{rel}","templated":true}]}}