{"id":3232,"date":"2018-02-21T08:34:30","date_gmt":"2018-02-21T08:34:30","guid":{"rendered":"https:\/\/www.cretoikos.com\/?page_id=3232"},"modified":"2020-05-10T02:21:07","modified_gmt":"2020-05-09T23:21:07","slug":"piegades-un-nosutisanas-izmaksas","status":"publish","type":"page","link":"https:\/\/www.cretoikos.com\/lv\/delivery-and-shipping-costs\/","title":{"rendered":"Pieg\u0101des un pieg\u0101des izmaksas"},"content":{"rendered":"<div style=\"\"class=\"normal_height vc_row wpb_row vc_row-fluid vc_custom_1519202151804\"><div class=\"wpb_column vc_column_container vc_col-sm-12\"><div class=\"vc_column-inner\"><div class=\"wpb_wrapper\">\n\t<div class=\"wpb_text_column wpb_content_element\" >\n\t\t<div class=\"wpb_wrapper\">\n\t\t\t<h1 style=\"font-size: 20px;\">M\u0113s nos\u016bt\u0101m j\u016bsu pas\u016bt\u012bjumu VISU\u0100 PASAUL\u0112\u00a0\u2014 m\u0113s nos\u016bt\u0101m uz jebkuru valsti vis\u0101 pasaul\u0113, izmantojot Express kurjerpakalpojumus (TNT kurjers\u00a0\u2014 ir pieejama s\u016bt\u012bjuma tie\u0161saistes izseko\u0161ana)<\/h1>\n<p>E-veikals <strong>Cretoikos.com<\/strong> nos\u016bta pas\u016bt\u012bjumu uz adresi, kuru klients ir aizpild\u012bjis pas\u016bt\u012bjuma veidlap\u0101 (m\u0101jas vai darba adrese). Tas <strong>ir svar\u012bgi ievad\u012bt pareizo pieg\u0101des adresi, e-pasta adresi un t\u0101lru\u0146a numuru<\/strong> lai nodro\u0161in\u0101tu, ka m\u016bsu uz\u0146\u0113mums vai kurjerdienests var ar jums sazin\u0101ties. (Probl\u0113mas ar pieg\u0101di, kas var rasties no nepareizi re\u0123istr\u0113tas adreses vai nepareizas pieg\u0101des inform\u0101cijas (kav\u0113\u0161an\u0101s, neveiksm\u012bga pieg\u0101de, atgrie\u0161ana vai izmaksas), nav Cretoikos.com atbild\u012bba)<\/p>\n<p>Pieg\u0101de notiek pas\u016bt\u012bjuma izpildes darba dien\u0101 (bie\u017e\u0101k taj\u0101 pa\u0161\u0101 dien\u0101), ar nosac\u012bjumu<\/p>\n<ul>\n<li><strong>visas pas\u016bt\u012bjuma preces ir pieejamas<\/strong>, (t\u0101 \u013coti reti tie nav) un<\/li>\n<li><strong>pas\u016bt\u012bjums ir apmaks\u0101ts<\/strong><\/li>\n<\/ul>\n<p><strong>Pieg\u0101de \u0101rpus Grie\u0137ijas (ES valstis un p\u0101r\u0113j\u0101 pasaule)<\/strong><\/p>\n<p>M\u016bsu produkcijas pieg\u0101di veic l\u012bdz <strong><a href=\"https:\/\/www.tnt.com\/\">TNT kurjerpakalpojums<\/a><\/strong> (ekspres vai ekonomiska). TNT ir \u0101trs, glob\u0101ls, cien\u012bjams kurjerpakalpojums, kas izs\u016bta pas\u016bt\u012bjumus l\u012bdz 30 kg (pieg\u0101des izmaksas varat redz\u0113t lauk\u0101 &quot;<strong>PIEG\u0100DE<\/strong>&quot; pie <strong>CHECKOUT solis<\/strong> no j\u016bsu iepirkumu groza). <strong>Minim\u0101lais pas\u016bt\u012bjuma svars ir 5 kg<\/strong>. Norm\u0101los apst\u0101k\u013cos TNT pieg\u0101d\u0101 produktus iek\u0161\u0101 <strong>2-5 darba dienas<\/strong> vis\u0101 Eirop\u0101, turkl\u0101t, l\u016bdzu, \u0146emiet v\u0113r\u0101, ka TNT veikt\u0101 pieg\u0101de ir <strong>apdro\u0161in\u0101ts<\/strong> priek\u0161 <strong>10 \u20ac\/kg<\/strong> TNT Ekonomikai un <strong>20 \u20ac\/kg<\/strong> TNT Express gad\u012bjum\u0101, ja iepakojums ir nozaud\u0113ts vai boj\u0101ts.<\/p>\n<p>Ja v\u0113laties, lai pieg\u0101di veiktu ku\u0123niec\u012bbas uz\u0146\u0113mums, kas nesadarbojas ar Zacharakis Konstantinos &amp; CO General Partnership (CRETOIKOS), pieg\u0101des izmaksas apgr\u016btina klientu.<\/p>\n<p><strong>Svar\u012bga piez\u012bme pieg\u0101d\u0113m uz \u0101rzem\u0113m:<\/strong> Visi m\u016bsu produkti tiek likum\u012bgi p\u0101rdoti Grie\u0137ij\u0101\/ES un \u0101rvalst\u012bs ar visiem saist\u012btajiem sertifik\u0101tiem un at\u013cauj\u0101m.<\/p>\n<p>&#8212;&#8212;&#8212;&#8212;&#8212;&#8212;&#8212;&#8212;&#8212;&#8212;&#8212;&#8212;&#8212;&#8212;&#8212;&#8212;&#8212;&#8212;&#8212;&#8212;&#8212;&#8212;&#8212;&#8212;&#8211;<\/p>\n<p><strong><img loading=\"lazy\" decoding=\"async\" class=\"alignnone wp-image-12887 size-medium\" src=\"https:\/\/www.cretoikos.com\/wp-content\/uploads\/2020\/05\/order-shipping-eshop-buy-online-5-300x169.jpg\" alt=\"M\u0113s pieg\u0101d\u0101jam j\u016bsu pas\u016bt\u012bjumu vis\u0101 pasaul\u0113!\" width=\"300\" height=\"169\" srcset=\"https:\/\/www.cretoikos.com\/wp-content\/uploads\/2020\/05\/order-shipping-eshop-buy-online-5-300x169.jpg 300w, https:\/\/www.cretoikos.com\/wp-content\/uploads\/2020\/05\/order-shipping-eshop-buy-online-5-450x253.jpg 450w, https:\/\/www.cretoikos.com\/wp-content\/uploads\/2020\/05\/order-shipping-eshop-buy-online-5.jpg 600w\" sizes=\"auto, (max-width: 300px) 100vw, 300px\" \/> \u00a0 <a href=\"https:\/\/www.cretoikos.com\/lv\/e-veikals\/\"><img loading=\"lazy\" decoding=\"async\" class=\"alignnone wp-image-12883 size-full\" src=\"https:\/\/www.cretoikos.com\/wp-content\/uploads\/2020\/05\/order-shipping-eshop-buy-online.jpg\" alt=\"M\u0113s pieg\u0101d\u0101jam j\u016bsu pas\u016bt\u012bjumu vis\u0101 pasaul\u0113!\" width=\"325\" height=\"215\" srcset=\"https:\/\/www.cretoikos.com\/wp-content\/uploads\/2020\/05\/order-shipping-eshop-buy-online.jpg 325w, https:\/\/www.cretoikos.com\/wp-content\/uploads\/2020\/05\/order-shipping-eshop-buy-online-300x198.jpg 300w\" sizes=\"auto, (max-width: 325px) 100vw, 325px\" \/><\/a> \u00a0 <a href=\"https:\/\/www.tnt.com\/\" target=\"_blank\" rel=\"noopener noreferrer\"><img loading=\"lazy\" decoding=\"async\" class=\"alignnone wp-image-12886 size-full\" src=\"https:\/\/www.cretoikos.com\/wp-content\/uploads\/2020\/05\/order-shipping-eshop-buy-online-4.jpg\" alt=\"M\u0113s pieg\u0101d\u0101jam j\u016bsu pas\u016bt\u012bjumu vis\u0101 pasaul\u0113!\" width=\"275\" height=\"183\" \/><\/a><br \/>\n<\/strong><\/p>\n<p>&nbsp;<\/p>\n<p style=\"text-align: left; font-size: 20px;\" class=\"translation-block\"><a href=\"https:\/\/www.cretoikos.com\/lv\/piegades-un-nosutisanas-izmaksas\/\" target=\"_self\"><strong>Pieg\u0101de vis\u0101 pasaul\u0113<\/strong><\/a> \u2013 m\u0113s pieg\u0101d\u0101jam j\u016bsu pas\u016bt\u012bjumu <strong>vis\u0101s valst\u012bs<\/strong> , vis\u0101 pasaul\u0113!<\/p>\n<p><strong>\u0100tr\u0101 pieg\u0101de <\/strong>- tie\u0161saist\u0113 <strong>paku izseko\u0161ana<\/strong> pieejams<br \/>\n\u012bsts laiks <a href=\"https:\/\/www.cretoikos.com\/lv\/pasutijuma-izsekosana\/\"><strong>izsekot un izsekot<\/strong><\/a> no j\u016bsu ol\u012bve\u013c\u013cas pas\u016bt\u012bjuma<\/p>\n<p>&nbsp;<\/p>\n<h2><strong>Ekstra neapstr\u0101d\u0101ta ol\u012bve\u013c\u013ca (EVOO) \u2013 ol\u012bvas \u2013 medus \u2013 ziepes<\/strong><\/h2>\n<h2><a href=\"https:\/\/www.cretoikos.com\/lv\/e-veikals\/\">P\u0113rciet tie\u0161saist\u0113 grie\u0137u EVOO ol\u012bve\u013c\u013cu\u00a0\u2014 m\u016bsu e-veikals<\/a><\/h2>\n<div id=\"attachment_3971\" style=\"width: 1913px\" class=\"wp-caption alignnone\"><a href=\"https:\/\/www.cretoikos.com\/lv\/e-veikals\/\"><img loading=\"lazy\" decoding=\"async\" aria-describedby=\"caption-attachment-3971\" class=\"wp-image-3971 size-full\" src=\"https:\/\/www.cretoikos.com\/wp-content\/uploads\/2018\/10\/homepage_all_products_family_photo.jpg\" alt=\"M\u016bsu EVOO ol\u012bve\u013c\u013cas produkti\" width=\"1903\" height=\"452\" srcset=\"https:\/\/www.cretoikos.com\/wp-content\/uploads\/2018\/10\/homepage_all_products_family_photo.jpg 1903w, https:\/\/www.cretoikos.com\/wp-content\/uploads\/2018\/10\/homepage_all_products_family_photo-300x71.jpg 300w, https:\/\/www.cretoikos.com\/wp-content\/uploads\/2018\/10\/homepage_all_products_family_photo-768x182.jpg 768w, https:\/\/www.cretoikos.com\/wp-content\/uploads\/2018\/10\/homepage_all_products_family_photo-1024x243.jpg 1024w, https:\/\/www.cretoikos.com\/wp-content\/uploads\/2018\/10\/homepage_all_products_family_photo-450x107.jpg 450w, https:\/\/www.cretoikos.com\/wp-content\/uploads\/2018\/10\/homepage_all_products_family_photo-780x185.jpg 780w\" sizes=\"auto, (max-width: 1903px) 100vw, 1903px\" \/><\/a><p id=\"caption-attachment-3971\" class=\"wp-caption-text\">M\u016bsu EVOO ol\u012bve\u013c\u013cas produkti \u2013 tradicion\u0101lie grie\u0137u produkti no Kr\u0113tas salas \u2013 CRETOIKOS HEALTHY FOODS<\/p><\/div>\n\n\t\t<\/div>\n\t<\/div>\n<\/div><\/div><\/div><\/div>","protected":false},"excerpt":{"rendered":"We Ship your Order WORLDWIDE - we ship to any country, worldwide, using Express Courier Services (TNT Courier - with package online tracking available) The e-shop Cretoikos.com sends the order to the address the client has filled in the order form (home or work address). It is essential to fill in your correct shipping address, [...]","protected":false},"author":1,"featured_media":0,"parent":0,"menu_order":0,"comment_status":"closed","ping_status":"closed","template":"page-boxed.php","meta":{"footnotes":""},"class_list":["post-3232","page","type-page","status-publish","hentry"],"_links":{"self":[{"href":"https:\/\/www.cretoikos.com\/lv\/wp-json\/wp\/v2\/pages\/3232","targetHints":{"allow":["GET"]}}],"collection":[{"href":"https:\/\/www.cretoikos.com\/lv\/wp-json\/wp\/v2\/pages"}],"about":[{"href":"https:\/\/www.cretoikos.com\/lv\/wp-json\/wp\/v2\/types\/page"}],"author":[{"embeddable":true,"href":"https:\/\/www.cretoikos.com\/lv\/wp-json\/wp\/v2\/users\/1"}],"replies":[{"embeddable":true,"href":"https:\/\/www.cretoikos.com\/lv\/wp-json\/wp\/v2\/comments?post=3232"}],"version-history":[{"count":0,"href":"https:\/\/www.cretoikos.com\/lv\/wp-json\/wp\/v2\/pages\/3232\/revisions"}],"wp:attachment":[{"href":"https:\/\/www.cretoikos.com\/lv\/wp-json\/wp\/v2\/media?parent=3232"}],"curies":[{"name":"wp","href":"https:\/\/api.w.org\/{rel}","templated":true}]}}