{"id":91,"date":"2017-12-10T12:12:56","date_gmt":"2017-12-10T10:12:56","guid":{"rendered":"https:\/\/www.cretoikos.com\/?post_type=product&#038;p=91"},"modified":"2023-12-09T19:02:39","modified_gmt":"2023-12-09T17:02:39","slug":"pirmojo-spaudimo-alyvuogiu-aliejus-su-kretos-zolelemis-100ml","status":"publish","type":"product","link":"https:\/\/www.cretoikos.com\/lt\/eshop\/olive-oil-with-cretan-herbs\/virgin-olive-oil-with-cretan-herbs-100ml\/","title":{"rendered":"Ypa\u010d tyras alyvuogi\u0173 aliejus (EVOO) su Kretos \u017eolel\u0117mis 100 ml"},"content":{"rendered":"<h2 style=\"font-size: 20px; text-align: center;\"><strong>100% Graiki\u0161kas auk\u0161\u010diausios kokyb\u0117s pirmojo spaudimo alyvuogi\u0173 aliejus (EVOO) i\u0161 Kretos salos, pirmas \u0161altas spaudimas, daug polifenoli\u0173, antioksidant\u0173, vitamino E ir prie\u0161u\u017edegimini\u0173 savybi\u0173, grynos alyvuogi\u0173 vaisi\u0173 sultys, be konservant\u0173, naujas derlius, \u0161vie\u017eiai spaustas t\u0105 pa\u010di\u0105 dien\u0105 Alyvuogi\u0173 derlius<\/strong><\/h2>\n<p>&nbsp;<\/p>\n<p><img loading=\"lazy\" decoding=\"async\" class=\"alignnone wp-image-3390 size-full\" src=\"https:\/\/www.cretoikos.com\/wp-content\/uploads\/2018\/03\/certifications-olive-oil.gif\" alt=\"Alyvuogi\u0173 aliejaus sertifikatai\" width=\"470\" height=\"88\" \/><\/p>\n<p><img loading=\"lazy\" decoding=\"async\" class=\"alignnone wp-image-3386 size-full\" src=\"https:\/\/www.cretoikos.com\/wp-content\/uploads\/2018\/03\/OliveOil-GDA.png\" alt=\"Alyvuogi\u0173 aliejus GDA\" width=\"464\" height=\"86\" srcset=\"https:\/\/www.cretoikos.com\/wp-content\/uploads\/2018\/03\/OliveOil-GDA.png 464w, https:\/\/www.cretoikos.com\/wp-content\/uploads\/2018\/03\/OliveOil-GDA-300x56.png 300w, https:\/\/www.cretoikos.com\/wp-content\/uploads\/2018\/03\/OliveOil-GDA-450x83.png 450w\" sizes=\"auto, (max-width: 464px) 100vw, 464px\" \/><\/p>\n<p><strong>Ypa\u010d tyras alyvuogi\u0173 aliejus (EVOO) su Kretos \u017eolel\u0117mis 100 ml<\/strong> \u2013 Graiki\u0161ki auk\u0161\u010diausios kokyb\u0117s pirmojo spaudimo alyvuogi\u0173 aliejai, kurie buvo nat\u016braliai kvepinti naudojant \u012fvairias \u017eoleles (\u0161vie\u017eias arba d\u017eiovintas), prieskonius ir citrusinius vaisius. Jie gali b\u016bti naudojami kaip u\u017ekandis, puikiai su ma\u017eomis bandel\u0117mis ar d\u017ei\u016bv\u0117s\u0117liais ir gali pakeisti sviest\u0105 valgio prad\u017eioje.<\/p>\n<p class=\"translation-block\"><a href=\"https:\/\/www.cretoikos.com\/lt\/pristatymo-ir-siuntimo-islaidos\/\" target=\"_self\"><strong>Pristatymas visame pasaulyje<\/strong><\/a> \u2013 siun\u010diame j\u016bs\u0173 u\u017esakym\u0105 \u012f <strong>visas \u0161alis<\/strong> , visame pasaulyje!<\/p>\n<p>&nbsp;<\/p>\n<h2 style=\"font-size: 20px; text-align: center;\"><a href=\"\/lt\/tarptautiniai-alyvuogiu-aliejaus-sertifikatai\/\"><strong>M\u016bs\u0173 tarptautiniai kokybi\u0161ko maisto sertifikatai<\/strong> Produktai<\/a><\/h2>\n<p><a href=\"\/lt\/tarptautiniai-alyvuogiu-aliejaus-sertifikatai\/\"><img loading=\"lazy\" decoding=\"async\" class=\"aligncenter wp-image-13475 size-full\" src=\"https:\/\/www.cretoikos.com\/wp-content\/uploads\/2017\/12\/Quality-Food-Certifications-Lab-Certified-Healthy-Mediterranean-Foods-w800.jpg\" alt=\"Tarptautiniai kokybi\u0161ko maisto sertifikatai \u2013 Laboratorijoje sertifikuoti sveiki Vidur\u017eemio j\u016bros regiono maisto produktai\" width=\"800\" height=\"250\" srcset=\"https:\/\/www.cretoikos.com\/wp-content\/uploads\/2017\/12\/Quality-Food-Certifications-Lab-Certified-Healthy-Mediterranean-Foods-w800.jpg 800w, https:\/\/www.cretoikos.com\/wp-content\/uploads\/2017\/12\/Quality-Food-Certifications-Lab-Certified-Healthy-Mediterranean-Foods-w800-300x94.jpg 300w, https:\/\/www.cretoikos.com\/wp-content\/uploads\/2017\/12\/Quality-Food-Certifications-Lab-Certified-Healthy-Mediterranean-Foods-w800-768x240.jpg 768w, https:\/\/www.cretoikos.com\/wp-content\/uploads\/2017\/12\/Quality-Food-Certifications-Lab-Certified-Healthy-Mediterranean-Foods-w800-450x141.jpg 450w, https:\/\/www.cretoikos.com\/wp-content\/uploads\/2017\/12\/Quality-Food-Certifications-Lab-Certified-Healthy-Mediterranean-Foods-w800-780x244.jpg 780w\" sizes=\"auto, (max-width: 800px) 100vw, 800px\" \/><\/a><br \/>\n&nbsp;<\/p>\n<h3 style=\"font-size: 20px; text-align: center;\"><a href=\"\/lt\/tarptautiniai-alyvuogiu-aliejaus-sertifikatai\/\"><strong>KOSHER Food sertifikuotas alyvuogi\u0173 aliejaus produktas<\/strong><\/a><\/h3>\n<p>&nbsp;<\/p>\n<p><img loading=\"lazy\" decoding=\"async\" class=\"size-full wp-image-13454 aligncenter\" src=\"https:\/\/www.cretoikos.com\/wp-content\/uploads\/2020\/07\/kosher-foods-certification-2-w220.jpg\" alt=\"KOSHER Food Extra Virgin alyvuogi\u0173 aliejus\" width=\"173\" height=\"220\" \/><\/p>\n<p>&nbsp;<\/p>\n<h3 style=\"font-size: 20px; text-align: center;\"><a href=\"\/lt\/tarptautiniai-alyvuogiu-aliejaus-sertifikatai\/\"><strong>FDA (JAV) \u2013 Maisto ir vaist\u0173 administracijos sertifikuotas alyvuogi\u0173 aliejaus produktas<\/strong><\/a><\/h3>\n<p>&nbsp;<\/p>\n<p><img loading=\"lazy\" decoding=\"async\" class=\"size-full wp-image-13476 aligncenter\" src=\"https:\/\/www.cretoikos.com\/wp-content\/uploads\/2017\/12\/FDA-foods-certification-w220.jpg\" alt=\"FDA maisto ir vaist\u0173 sertifikatas\" width=\"163\" height=\"220\" \/><\/p>\n<p>&nbsp;<\/p>","protected":false},"excerpt":{"rendered":"<p><strong>Graiki\u0161kas auk\u0161\u010diausios kokyb\u0117s pirmojo spaudimo alyvuogi\u0173 aliejus!<\/strong><\/p>\n<p><strong>Ypa\u010d tyras alyvuogi\u0173 aliejus (EVOO) su Kretos \u017eolel\u0117mis 100 ml<\/strong> \u2013 Jie gali b\u016bti naudojami kaip u\u017ekandis, puikiai tinka prie ma\u017e\u0173 bandeli\u0173 ar d\u017ei\u016bv\u0117si\u0173 ir gali pakeisti sviest\u0105 valgio prad\u017eioje.<\/p>\n<p class=\"translation-block\"><a href=\"https:\/\/www.cretoikos.com\/lt\/pristatymo-ir-siuntimo-islaidos\/\" target=\"_self\"><strong>Pristatymas visame pasaulyje<\/strong><\/a> \u2013 siun\u010diame j\u016bs\u0173 u\u017esakym\u0105 \u012f <strong>visas \u0161alis<\/strong> , visame pasaulyje!<\/p>\n<p>&nbsp;<\/p>","protected":false},"featured_media":161,"template":"","meta":[],"product_brand":[],"product_cat":[24],"product_tag":[103,141,95,97,98,100,138,96,91,132,137,99,139,101],"class_list":{"0":"post-91","1":"product","2":"type-product","3":"status-publish","4":"has-post-thumbnail","6":"product_cat-olive-oil-with-cretan-herbs","7":"product_tag-100ml","8":"product_tag-3-extra-virgin-olive-oil","9":"product_tag-bottle","10":"product_tag-buy-olive-oil","11":"product_tag-buy-online","12":"product_tag-chili","13":"product_tag-cretan-herbs-flavour","14":"product_tag-cretan-olive-oil","15":"product_tag-evoo","16":"product_tag-flavour","17":"product_tag-flavour-infused-olive-oil","18":"product_tag-greek-olive-oil","19":"product_tag-infused-olive-oil","20":"product_tag-olive-oil","22":"first","23":"instock","24":"taxable","25":"shipping-taxable","26":"purchasable","27":"product-type-simple"},"_links":{"self":[{"href":"https:\/\/www.cretoikos.com\/lt\/wp-json\/wp\/v2\/product\/91","targetHints":{"allow":["GET"]}}],"collection":[{"href":"https:\/\/www.cretoikos.com\/lt\/wp-json\/wp\/v2\/product"}],"about":[{"href":"https:\/\/www.cretoikos.com\/lt\/wp-json\/wp\/v2\/types\/product"}],"wp:featuredmedia":[{"embeddable":true,"href":"https:\/\/www.cretoikos.com\/lt\/wp-json\/wp\/v2\/media\/161"}],"wp:attachment":[{"href":"https:\/\/www.cretoikos.com\/lt\/wp-json\/wp\/v2\/media?parent=91"}],"wp:term":[{"taxonomy":"product_brand","embeddable":true,"href":"https:\/\/www.cretoikos.com\/lt\/wp-json\/wp\/v2\/product_brand?post=91"},{"taxonomy":"product_cat","embeddable":true,"href":"https:\/\/www.cretoikos.com\/lt\/wp-json\/wp\/v2\/product_cat?post=91"},{"taxonomy":"product_tag","embeddable":true,"href":"https:\/\/www.cretoikos.com\/lt\/wp-json\/wp\/v2\/product_tag?post=91"}],"curies":[{"name":"wp","href":"https:\/\/api.w.org\/{rel}","templated":true}]}}