{"id":2957,"date":"2018-02-02T09:15:38","date_gmt":"2018-02-02T07:15:38","guid":{"rendered":"https:\/\/www.cretoikos.com\/?post_type=product&#038;p=2957"},"modified":"2026-03-03T09:35:26","modified_gmt":"2026-03-03T07:35:26","slug":"ciobreliu-medus-250-ml","status":"publish","type":"product","link":"https:\/\/www.cretoikos.com\/lt\/eshop\/honey\/thyme-honey-250-ml\/","title":{"rendered":"\u010ciobreli\u0173 medus 250gr \u2013 Grynas Kretos medus \u2013 Kreta Graikija"},"content":{"rendered":"<p><img loading=\"lazy\" decoding=\"async\" class=\"alignnone wp-image-3390 size-full\" src=\"https:\/\/www.cretoikos.com\/wp-content\/uploads\/2018\/03\/certifications-olive-oil.gif\" alt=\"Alyvuogi\u0173 aliejaus sertifikatai\" width=\"470\" height=\"88\" \/><\/p>\n<p><img loading=\"lazy\" decoding=\"async\" class=\"alignnone size-full wp-image-3387\" src=\"https:\/\/www.cretoikos.com\/wp-content\/uploads\/2018\/03\/Honey-GDA.png\" alt=\"Medaus GDA\" width=\"464\" height=\"86\" srcset=\"https:\/\/www.cretoikos.com\/wp-content\/uploads\/2018\/03\/Honey-GDA.png 464w, https:\/\/www.cretoikos.com\/wp-content\/uploads\/2018\/03\/Honey-GDA-300x56.png 300w, https:\/\/www.cretoikos.com\/wp-content\/uploads\/2018\/03\/Honey-GDA-450x83.png 450w\" sizes=\"auto, (max-width: 464px) 100vw, 464px\" \/><\/p>\n<p><strong>Kretos \u010diobreli\u0173 medus 250gr<\/strong> \u2013 Kaip sako pavadinimas, \u010diobreli\u0173 medus gardinamas \u010diobreliais. Visi \u017einome \u010diobrelius d\u0117l jo kulinarinio, medicininio ir dekoratyvinio naudojimo. \u010ciobrelius geriausia auginti kar\u0161toje, saul\u0117toje vietoje su gerai nusausinta dirva. Paprastai jis sodinamas pavasar\u012f, o v\u0117liau auga kaip daugiametis augalas. Jis gali b\u016bti dauginamas s\u0117klomis, auginiais arba dalijant \u012fsi\u0161aknijusias augalo dalis. Jis gerai toleruoja sausr\u0105. \u010ciobreli\u0173 augalai gali stipriai u\u017e\u0161alti ir auga kaln\u0173 auk\u0161tumose. Auk\u0161\u010diausios kokyb\u0117s grynas \u010diobreli\u0173 medus, kur\u012f Kretos saloje gamina CRETOIKOS Healthy Foods \u2013 Kreta, Graikija<\/p>\n<p class=\"translation-block\"><a href=\"https:\/\/www.cretoikos.com\/lt\/pristatymo-ir-siuntimo-islaidos\/\" target=\"_self\"><strong>Pristatymas visame pasaulyje<\/strong><\/a> \u2013 siun\u010diame j\u016bs\u0173 u\u017esakym\u0105 \u012f <strong>visas \u0161alis<\/strong> , visame pasaulyje!<\/p>\n<h2 style=\"font-size: 20px; text-align: center;\"><a href=\"\/lt\/tarptautiniai-alyvuogiu-aliejaus-sertifikatai\/\"><strong>M\u016bs\u0173 tarptautiniai kokybi\u0161ko maisto sertifikatai<\/strong> Produktai<\/a><\/h2>\n<p><a href=\"\/lt\/tarptautiniai-alyvuogiu-aliejaus-sertifikatai\/\"><img loading=\"lazy\" decoding=\"async\" class=\"aligncenter wp-image-13475 size-full\" src=\"https:\/\/www.cretoikos.com\/wp-content\/uploads\/2017\/12\/Quality-Food-Certifications-Lab-Certified-Healthy-Mediterranean-Foods-w800.jpg\" alt=\"Tarptautiniai kokybi\u0161ko maisto sertifikatai \u2013 Laboratorijoje sertifikuoti sveiki Vidur\u017eemio j\u016bros regiono maisto produktai\" width=\"800\" height=\"250\" srcset=\"https:\/\/www.cretoikos.com\/wp-content\/uploads\/2017\/12\/Quality-Food-Certifications-Lab-Certified-Healthy-Mediterranean-Foods-w800.jpg 800w, https:\/\/www.cretoikos.com\/wp-content\/uploads\/2017\/12\/Quality-Food-Certifications-Lab-Certified-Healthy-Mediterranean-Foods-w800-300x94.jpg 300w, https:\/\/www.cretoikos.com\/wp-content\/uploads\/2017\/12\/Quality-Food-Certifications-Lab-Certified-Healthy-Mediterranean-Foods-w800-768x240.jpg 768w, https:\/\/www.cretoikos.com\/wp-content\/uploads\/2017\/12\/Quality-Food-Certifications-Lab-Certified-Healthy-Mediterranean-Foods-w800-450x141.jpg 450w, https:\/\/www.cretoikos.com\/wp-content\/uploads\/2017\/12\/Quality-Food-Certifications-Lab-Certified-Healthy-Mediterranean-Foods-w800-780x244.jpg 780w\" sizes=\"auto, (max-width: 800px) 100vw, 800px\" \/><\/a><\/p>\n<h3 style=\"font-size: 20px; text-align: center;\"><a href=\"\/lt\/tarptautiniai-alyvuogiu-aliejaus-sertifikatai\/\"><strong>KOSHER Food sertifikuotas produktas<\/strong><\/a><\/h3>\n<p><img loading=\"lazy\" decoding=\"async\" class=\"size-full wp-image-13454 aligncenter\" src=\"https:\/\/www.cretoikos.com\/wp-content\/uploads\/2020\/07\/kosher-foods-certification-2-w220.jpg\" alt=\"KOSHER Food Extra Virgin alyvuogi\u0173 aliejus\" width=\"173\" height=\"220\" \/><\/p>\n<h3 style=\"font-size: 20px; text-align: center;\"><a href=\"\/lt\/tarptautiniai-alyvuogiu-aliejaus-sertifikatai\/\"><strong>FDA (JAV) \u2013 Maisto ir vaist\u0173 administracijos sertifikuotas produktas<\/strong><\/a><\/h3>\n<p><img loading=\"lazy\" decoding=\"async\" class=\"size-full wp-image-13476 aligncenter\" src=\"https:\/\/www.cretoikos.com\/wp-content\/uploads\/2017\/12\/FDA-foods-certification-w220.jpg\" alt=\"FDA maisto ir vaist\u0173 sertifikatas\" width=\"163\" height=\"220\" \/><\/p>\n<p>&nbsp;<\/p>","protected":false},"excerpt":{"rendered":"<h1 style=\"font-size: 20px;\"><strong>Graiki\u0161kas medus, grynas \u010diobreli\u0173 medus i\u0161 Kretos Graikijos<\/strong><\/h1>\n<p><strong>Kretos \u010diobreli\u0173 medus 250 gr<\/strong> \u2013 Graikijoje populiarus \u010diobreli\u0173 medaus valgymo b\u016bdas \u2013 ant \u0161vie\u017eio graiki\u0161ko jogurto (\u017einomo kaip \u201eYiaourti me Meli\u201c: jogurtas su medumi) apibarstyti keliais rie\u0161utais. Manoma, kad \u010diobreli\u0173 medus padidina potencij\u0105. Jie sako, kad \u201enat\u016brali viagra\u201c! Auk\u0161\u010diausios kokyb\u0117s grynas \u010diobreli\u0173 medus, kur\u012f Kretos saloje gamina CRETOIKOS Healthy Foods \u2013 Kreta, Graikija<\/p>\n<p class=\"translation-block\"><a href=\"https:\/\/www.cretoikos.com\/lt\/pristatymo-ir-siuntimo-islaidos\/\" target=\"_self\"><strong>Pristatymas visame pasaulyje<\/strong><\/a> \u2013 siun\u010diame j\u016bs\u0173 u\u017esakym\u0105 \u012f <strong>visas \u0161alis<\/strong> , visame pasaulyje!<\/p>","protected":false},"featured_media":3477,"template":"","meta":[],"product_brand":[],"product_cat":[74],"product_tag":[130,129,121,123,127,128,126,124,125,122],"class_list":{"0":"post-2957","1":"product","2":"type-product","3":"status-publish","4":"has-post-thumbnail","6":"product_cat-honey","7":"product_tag-250gr","8":"product_tag-cretan","9":"product_tag-cretan-honey","10":"product_tag-cretan-thyme-honey","11":"product_tag-crete","12":"product_tag-greece","13":"product_tag-greek-honey","14":"product_tag-honey","15":"product_tag-pure-honey","16":"product_tag-thyme-honey","18":"first","19":"instock","20":"taxable","21":"shipping-taxable","22":"purchasable","23":"product-type-simple"},"_links":{"self":[{"href":"https:\/\/www.cretoikos.com\/lt\/wp-json\/wp\/v2\/product\/2957","targetHints":{"allow":["GET"]}}],"collection":[{"href":"https:\/\/www.cretoikos.com\/lt\/wp-json\/wp\/v2\/product"}],"about":[{"href":"https:\/\/www.cretoikos.com\/lt\/wp-json\/wp\/v2\/types\/product"}],"wp:featuredmedia":[{"embeddable":true,"href":"https:\/\/www.cretoikos.com\/lt\/wp-json\/wp\/v2\/media\/3477"}],"wp:attachment":[{"href":"https:\/\/www.cretoikos.com\/lt\/wp-json\/wp\/v2\/media?parent=2957"}],"wp:term":[{"taxonomy":"product_brand","embeddable":true,"href":"https:\/\/www.cretoikos.com\/lt\/wp-json\/wp\/v2\/product_brand?post=2957"},{"taxonomy":"product_cat","embeddable":true,"href":"https:\/\/www.cretoikos.com\/lt\/wp-json\/wp\/v2\/product_cat?post=2957"},{"taxonomy":"product_tag","embeddable":true,"href":"https:\/\/www.cretoikos.com\/lt\/wp-json\/wp\/v2\/product_tag?post=2957"}],"curies":[{"name":"wp","href":"https:\/\/api.w.org\/{rel}","templated":true}]}}