{"id":126,"date":"2017-12-10T14:34:30","date_gmt":"2017-12-10T12:34:30","guid":{"rendered":"https:\/\/www.cretoikos.com\/?post_type=product&#038;p=126"},"modified":"2024-12-15T21:43:58","modified_gmt":"2024-12-15T19:43:58","slug":"pdo-sitia-0-3-extra-virgin-alyvuogiu-aliejus-500ml","status":"publish","type":"product","link":"https:\/\/www.cretoikos.com\/lt\/eshop\/olive-oil\/pdo-sitia-0-3-extra-virgin-olive-oil-500ml\/","title":{"rendered":"Sitia SKVN Extra Virgin alyvuogi\u0173 aliejus (EVOO) 0,3% kanistras 500ml"},"content":{"rendered":"<h2 style=\"font-size: 20px; text-align: center;\"><strong>100% Graiki\u0161kas auk\u0161\u010diausios kokyb\u0117s pirmojo spaudimo alyvuogi\u0173 aliejus (EVOO) i\u0161 Kretos salos, pirmas \u0161altas spaudimas, daug polifenoli\u0173, antioksidant\u0173, vitamino E ir prie\u0161u\u017edegimini\u0173 savybi\u0173, grynos alyvuogi\u0173 vaisi\u0173 sultys, be konservant\u0173, naujas derlius, \u0161vie\u017eiai spaustas t\u0105 pa\u010di\u0105 dien\u0105 Alyvuogi\u0173 derlius<\/strong><\/h2>\n<p>&nbsp;<\/p>\n<p><img loading=\"lazy\" decoding=\"async\" class=\"alignnone wp-image-3390 size-full\" src=\"https:\/\/www.cretoikos.com\/wp-content\/uploads\/2018\/03\/certifications-olive-oil.gif\" alt=\"Alyvuogi\u0173 aliejaus sertifikatai\" width=\"470\" height=\"88\" \/><\/p>\n<p><img loading=\"lazy\" decoding=\"async\" class=\"alignnone wp-image-3386 size-full\" src=\"https:\/\/www.cretoikos.com\/wp-content\/uploads\/2018\/03\/OliveOil-GDA.png\" alt=\"Alyvuogi\u0173 aliejus GDA\" width=\"464\" height=\"86\" srcset=\"https:\/\/www.cretoikos.com\/wp-content\/uploads\/2018\/03\/OliveOil-GDA.png 464w, https:\/\/www.cretoikos.com\/wp-content\/uploads\/2018\/03\/OliveOil-GDA-300x56.png 300w, https:\/\/www.cretoikos.com\/wp-content\/uploads\/2018\/03\/OliveOil-GDA-450x83.png 450w\" sizes=\"auto, (max-width: 464px) 100vw, 464px\" \/><\/p>\n<p><strong>Sitia SKVN ypa\u010d tyras alyvuogi\u0173 aliejus (EVOO)<\/strong> yra vir\u0161ininkas <strong>Pirmo spaudimo alyvuogi\u0173 aliejus<\/strong> i\u0161 <strong>Kreta<\/strong>, gausu antioksidant\u0173 ir vitamin\u0173. Jis gaminamas i\u0161 alyvuogi\u0173, auginam\u0173 \u0161alyje <strong>Sitia<\/strong> ryt\u0173 Kretos regionas (<strong>LASITHI<\/strong> provincija), visame pasaulyje pripa\u017einta auk\u0161\u010diausios kokyb\u0117s alyvuogi\u0173 aliejaus gamyba. Atsargaus \u017eol\u0117s ir laukini\u0173 \u017eoleli\u0173 aromato ir lengvo \u017eolinio, gerai subalansuoto pipir\u0173 skonio \u0161is ypa\u010d tyras alyvuogi\u0173 aliejus tiks prie vis\u0173 j\u016bs\u0173 kept\u0173, virt\u0173 ar kept\u0173 patiekal\u0173 ir papuo\u0161 salotas, kad pagerint\u0173 j\u0173 skon\u012f ir suteiks puik\u0173 skon\u012f.<\/p>\n<p><strong>SKVN<\/strong> rei\u0161kia jos a <strong>Saugoma kilm\u0117s vieta<\/strong>, <strong>EVOO<\/strong> rei\u0161kia <strong>Pirmo spaudimo alyvuogi\u0173 aliejus<\/strong> (labai ma\u017eas r\u016bg\u0161tingumas \u2013 ma\u017eesnis nei 0,8%), \u0161is produktas turi specifin\u012f <strong>r\u016bg\u0161tingumas<\/strong> <strong>tik 0,31 TP3T<\/strong><\/p>\n<p>M\u016bs\u0173 alyvuogi\u0173 aliejaus produktai yra <strong>LABORATORIJA Sertifikuota<\/strong>, grynas, auk\u0161\u010diausios kokyb\u0117s <strong>Ypa\u010d tyras alyvuogi\u0173 aliejus<\/strong> EVOO, SKVN (<strong>Saugoma kilm\u0117s vieta<\/strong>) ir <strong>Apdovanotas<\/strong> keliose <strong>Tarptautiniai alyvuogi\u0173 aliejaus konkursai. APSIPIRKITE SU PASITIK\u0116JIMAI\u2026<\/strong><\/p>\n<div class=\"wpb_text_column wpb_content_element wpb_animate_when_almost_visible wpb_fadeInDown fadeInDown vc_custom_1585559046315 wpb_start_animation animated\">\n<div class=\"wpb_wrapper\">\n<p>Pirkite tik gryn\u0105, laboratorijoje sertifikuot\u0105 ypa\u010d tyr\u0105 alyvuogi\u0173 aliej\u0173, EVOO yra geriausias valgomasis alyvuogi\u0173 aliejus<\/p>\n<\/div>\n<\/div>\n<p>U\u017esisakykite graiki\u0161k\u0105 alyvuogi\u0173 aliej\u0173 internetu ir sutaupykite<\/p>\n<p class=\"translation-block\"><a href=\"https:\/\/www.cretoikos.com\/lt\/pristatymo-ir-siuntimo-islaidos\/\" target=\"_self\"><strong>Pristatymas visame pasaulyje<\/strong><\/a> \u2013 siun\u010diame j\u016bs\u0173 u\u017esakym\u0105 \u012f <strong>visas \u0161alis<\/strong> , visame pasaulyje!<\/p>\n<p>&nbsp;<\/p>\n<h2 style=\"font-size: 20px; text-align: center;\"><a href=\"\/lt\/tarptautiniai-alyvuogiu-aliejaus-sertifikatai\/\"><strong>M\u016bs\u0173 tarptautiniai kokybi\u0161ko maisto sertifikatai<\/strong> Produktai<\/a><\/h2>\n<p><a href=\"\/lt\/tarptautiniai-alyvuogiu-aliejaus-sertifikatai\/\"><img loading=\"lazy\" decoding=\"async\" class=\"aligncenter wp-image-13475 size-full\" src=\"https:\/\/www.cretoikos.com\/wp-content\/uploads\/2017\/12\/Quality-Food-Certifications-Lab-Certified-Healthy-Mediterranean-Foods-w800.jpg\" alt=\"Tarptautiniai kokybi\u0161ko maisto sertifikatai \u2013 Laboratorijoje sertifikuoti sveiki Vidur\u017eemio j\u016bros regiono maisto produktai\" width=\"800\" height=\"250\" srcset=\"https:\/\/www.cretoikos.com\/wp-content\/uploads\/2017\/12\/Quality-Food-Certifications-Lab-Certified-Healthy-Mediterranean-Foods-w800.jpg 800w, https:\/\/www.cretoikos.com\/wp-content\/uploads\/2017\/12\/Quality-Food-Certifications-Lab-Certified-Healthy-Mediterranean-Foods-w800-300x94.jpg 300w, https:\/\/www.cretoikos.com\/wp-content\/uploads\/2017\/12\/Quality-Food-Certifications-Lab-Certified-Healthy-Mediterranean-Foods-w800-768x240.jpg 768w, https:\/\/www.cretoikos.com\/wp-content\/uploads\/2017\/12\/Quality-Food-Certifications-Lab-Certified-Healthy-Mediterranean-Foods-w800-450x141.jpg 450w, https:\/\/www.cretoikos.com\/wp-content\/uploads\/2017\/12\/Quality-Food-Certifications-Lab-Certified-Healthy-Mediterranean-Foods-w800-780x244.jpg 780w\" sizes=\"auto, (max-width: 800px) 100vw, 800px\" \/><\/a><\/p>\n<h3 style=\"font-size: 20px; text-align: center;\"><a href=\"\/lt\/tarptautiniai-alyvuogiu-aliejaus-sertifikatai\/\"><strong>KOSHER Food sertifikuotas alyvuogi\u0173 aliejaus produktas<\/strong><\/a><\/h3>\n<p>&nbsp;<\/p>\n<p><img loading=\"lazy\" decoding=\"async\" class=\"size-full wp-image-13454 aligncenter\" src=\"https:\/\/www.cretoikos.com\/wp-content\/uploads\/2020\/07\/kosher-foods-certification-2-w220.jpg\" alt=\"KOSHER Food Extra Virgin alyvuogi\u0173 aliejus\" width=\"173\" height=\"220\" \/><\/p>\n<p>&nbsp;<\/p>\n<h3 style=\"font-size: 20px; text-align: center;\"><a href=\"\/lt\/tarptautiniai-alyvuogiu-aliejaus-sertifikatai\/\"><strong>FDA (JAV) \u2013 Maisto ir vaist\u0173 administracijos sertifikuotas alyvuogi\u0173 aliejaus produktas<\/strong><\/a><\/h3>\n<p>&nbsp;<\/p>\n<p><img loading=\"lazy\" decoding=\"async\" class=\"size-full wp-image-13476 aligncenter\" src=\"https:\/\/www.cretoikos.com\/wp-content\/uploads\/2017\/12\/FDA-foods-certification-w220.jpg\" alt=\"FDA maisto ir vaist\u0173 sertifikatas\" width=\"163\" height=\"220\" \/><\/p>\n<p>&nbsp;<\/p>","protected":false},"excerpt":{"rendered":"<p><strong>Sitia SKVN ypa\u010d tyras alyvuogi\u0173 aliejus (EVOO)<\/strong> \u2013 Atsargaus \u017eol\u0117s ir laukini\u0173 \u017eoleli\u0173 aromato bei lengvo \u017eolinio, gerai subalansuoto pipirinio skonio \u0161is ypa\u010d tyras alyvuogi\u0173 aliejus tiks prie vis\u0173 j\u016bs\u0173 kept\u0173, virt\u0173 ar kept\u0173 patiekal\u0173 ir papuo\u0161 salotas, kad pagerint\u0173 j\u0173 skon\u012f ir suteiks pu\u0161umo.<\/p>\n<p><strong>Graiki\u0161kas auk\u0161\u010diausios kokyb\u0117s pirmojo spaudimo alyvuogi\u0173 aliejus i\u0161 Kretos salos!<\/strong><\/p>\n<p class=\"translation-block\"><a href=\"https:\/\/www.cretoikos.com\/lt\/pristatymo-ir-siuntimo-islaidos\/\" target=\"_self\"><strong>Pristatymas visame pasaulyje<\/strong><\/a> \u2013 siun\u010diame j\u016bs\u0173 u\u017esakym\u0105 \u012f <strong>visas \u0161alis<\/strong> , visame pasaulyje!<\/p>","protected":false},"featured_media":185,"template":"","meta":[],"product_brand":[],"product_cat":[23],"product_tag":[141,142,119,95,97,98,96,91,99,101,135,111,112,110,109],"class_list":{"0":"post-126","1":"product","2":"type-product","3":"status-publish","4":"has-post-thumbnail","6":"product_cat-olive-oil","7":"product_tag-3-extra-virgin-olive-oil","8":"product_tag-142","9":"product_tag-500ml","10":"product_tag-bottle","11":"product_tag-buy-olive-oil","12":"product_tag-buy-online","13":"product_tag-cretan-olive-oil","14":"product_tag-evoo","15":"product_tag-greek-olive-oil","16":"product_tag-olive-oil","17":"product_tag-pdo-olive-oil","18":"product_tag-pdo-sitia","19":"product_tag-pdo-sitia-olive-oil","20":"product_tag-sitia","21":"product_tag-sitia-olive-oil","23":"first","24":"instock","25":"taxable","26":"shipping-taxable","27":"purchasable","28":"product-type-simple"},"_links":{"self":[{"href":"https:\/\/www.cretoikos.com\/lt\/wp-json\/wp\/v2\/product\/126","targetHints":{"allow":["GET"]}}],"collection":[{"href":"https:\/\/www.cretoikos.com\/lt\/wp-json\/wp\/v2\/product"}],"about":[{"href":"https:\/\/www.cretoikos.com\/lt\/wp-json\/wp\/v2\/types\/product"}],"wp:featuredmedia":[{"embeddable":true,"href":"https:\/\/www.cretoikos.com\/lt\/wp-json\/wp\/v2\/media\/185"}],"wp:attachment":[{"href":"https:\/\/www.cretoikos.com\/lt\/wp-json\/wp\/v2\/media?parent=126"}],"wp:term":[{"taxonomy":"product_brand","embeddable":true,"href":"https:\/\/www.cretoikos.com\/lt\/wp-json\/wp\/v2\/product_brand?post=126"},{"taxonomy":"product_cat","embeddable":true,"href":"https:\/\/www.cretoikos.com\/lt\/wp-json\/wp\/v2\/product_cat?post=126"},{"taxonomy":"product_tag","embeddable":true,"href":"https:\/\/www.cretoikos.com\/lt\/wp-json\/wp\/v2\/product_tag?post=126"}],"curies":[{"name":"wp","href":"https:\/\/api.w.org\/{rel}","templated":true}]}}