{"id":2957,"date":"2018-02-02T09:15:38","date_gmt":"2018-02-02T07:15:38","guid":{"rendered":"https:\/\/www.cretoikos.com\/?post_type=product&#038;p=2957"},"modified":"2026-03-03T09:35:26","modified_gmt":"2026-03-03T07:35:26","slug":"kakukkfu-mez-250-ml","status":"publish","type":"product","link":"https:\/\/www.cretoikos.com\/hu\/eshop\/honey\/thyme-honey-250-ml\/","title":{"rendered":"Kakukkf\u0171 m\u00e9z 250gr \u2013 Tiszta kr\u00e9tai m\u00e9z \u2013 Kr\u00e9ta G\u00f6r\u00f6gorsz\u00e1g"},"content":{"rendered":"<p><img loading=\"lazy\" decoding=\"async\" class=\"alignnone wp-image-3390 size-full\" src=\"https:\/\/www.cretoikos.com\/wp-content\/uploads\/2018\/03\/certifications-olive-oil.gif\" alt=\"Ol\u00edvaolaj tan\u00fas\u00edtv\u00e1nyok\" width=\"470\" height=\"88\" \/><\/p>\n<p><img loading=\"lazy\" decoding=\"async\" class=\"alignnone size-full wp-image-3387\" src=\"https:\/\/www.cretoikos.com\/wp-content\/uploads\/2018\/03\/Honey-GDA.png\" alt=\"M\u00e9z GDA\" width=\"464\" height=\"86\" srcset=\"https:\/\/www.cretoikos.com\/wp-content\/uploads\/2018\/03\/Honey-GDA.png 464w, https:\/\/www.cretoikos.com\/wp-content\/uploads\/2018\/03\/Honey-GDA-300x56.png 300w, https:\/\/www.cretoikos.com\/wp-content\/uploads\/2018\/03\/Honey-GDA-450x83.png 450w\" sizes=\"auto, (max-width: 464px) 100vw, 464px\" \/><\/p>\n<p><strong>Kr\u00e9tai kakukkf\u0171 m\u00e9z 250 gr<\/strong> \u2013 Ahogy a neve is mondja, a kakukkf\u00fcves m\u00e9zet kakukkf\u0171vel \u00edzes\u00edtik. Mindannyian ismerj\u00fck a kakukkf\u00fcvet kulin\u00e1ris, gy\u00f3gy\u00e1szati \u00e9s d\u00edszn\u00f6v\u00e9nyi felhaszn\u00e1l\u00e1sa miatt. A kakukkf\u00fcvet legjobb meleg, napos helyen termeszteni, j\u00f3 v\u00edzelvezet\u00e9s\u0171 talajjal. \u00c1ltal\u00e1ban tavasszal \u00fcltetik, majd \u00e9vel\u0151k\u00e9nt n\u0151. Szapor\u00edthat\u00f3 magvakkal, dugv\u00e1nyokkal vagy a n\u00f6v\u00e9ny gy\u00f6keres szakaszainak feloszt\u00e1s\u00e1val. J\u00f3l t\u0171ri a sz\u00e1razs\u00e1got. A kakukkf\u0171 n\u00f6v\u00e9nyek m\u00e9lyen megfagynak, \u00e9s a hegyvid\u00e9keken n\u0151nek. Pr\u00e9mium min\u0151s\u00e9g\u0171 tiszta kakukkf\u0171 m\u00e9z, amelyet Kr\u00e9ta sziget\u00e9n \u00e1ll\u00edt el\u0151 a CRETOIKOS Healthy Foods \u2013 Crete G\u00f6r\u00f6gorsz\u00e1g<\/p>\n<p class=\"translation-block\"><a href=\"https:\/\/www.cretoikos.com\/hu\/szallitasi-es-szallitasi-koltsegek\/\" target=\"_self\"><strong>Vil\u00e1gszerte kisz\u00e1ll\u00edt\u00e1s<\/strong><\/a> \u2013 <strong>minden orsz\u00e1gba<\/strong> , vil\u00e1gszerte sz\u00e1ll\u00edtjuk megrendel\u00e9s\u00e9t!<\/p>\n<h2 style=\"font-size: 20px; text-align: center;\"><a href=\"\/hu\/nemzetkozi-olivaolaj-tanusitvanyok\/\"><strong>Nemzetk\u00f6zi Min\u0151s\u00e9gi \u00c9lelmiszer Tan\u00fas\u00edtv\u00e1nyok<\/strong> Term\u00e9kek<\/a><\/h2>\n<p><a href=\"\/hu\/nemzetkozi-olivaolaj-tanusitvanyok\/\"><img loading=\"lazy\" decoding=\"async\" class=\"aligncenter wp-image-13475 size-full\" src=\"https:\/\/www.cretoikos.com\/wp-content\/uploads\/2017\/12\/Quality-Food-Certifications-Lab-Certified-Healthy-Mediterranean-Foods-w800.jpg\" alt=\"Nemzetk\u00f6zi min\u0151s\u00e9gi \u00e9lelmiszer-tan\u00fas\u00edtv\u00e1nyok \u2013 Laborat\u00f3riumi tan\u00fas\u00edtv\u00e1nnyal rendelkez\u0151, eg\u00e9szs\u00e9ges mediterr\u00e1n \u00e9telek\" width=\"800\" height=\"250\" srcset=\"https:\/\/www.cretoikos.com\/wp-content\/uploads\/2017\/12\/Quality-Food-Certifications-Lab-Certified-Healthy-Mediterranean-Foods-w800.jpg 800w, https:\/\/www.cretoikos.com\/wp-content\/uploads\/2017\/12\/Quality-Food-Certifications-Lab-Certified-Healthy-Mediterranean-Foods-w800-300x94.jpg 300w, https:\/\/www.cretoikos.com\/wp-content\/uploads\/2017\/12\/Quality-Food-Certifications-Lab-Certified-Healthy-Mediterranean-Foods-w800-768x240.jpg 768w, https:\/\/www.cretoikos.com\/wp-content\/uploads\/2017\/12\/Quality-Food-Certifications-Lab-Certified-Healthy-Mediterranean-Foods-w800-450x141.jpg 450w, https:\/\/www.cretoikos.com\/wp-content\/uploads\/2017\/12\/Quality-Food-Certifications-Lab-Certified-Healthy-Mediterranean-Foods-w800-780x244.jpg 780w\" sizes=\"auto, (max-width: 800px) 100vw, 800px\" \/><\/a><\/p>\n<h3 style=\"font-size: 20px; text-align: center;\"><a href=\"\/hu\/nemzetkozi-olivaolaj-tanusitvanyok\/\"><strong>KOSHER Food min\u0151s\u00edt\u00e9s\u0171 term\u00e9k<\/strong><\/a><\/h3>\n<p><img loading=\"lazy\" decoding=\"async\" class=\"size-full wp-image-13454 aligncenter\" src=\"https:\/\/www.cretoikos.com\/wp-content\/uploads\/2020\/07\/kosher-foods-certification-2-w220.jpg\" alt=\"KOSHER \u00e9lelmiszer extra sz\u0171z ol\u00edvaolaj\" width=\"173\" height=\"220\" \/><\/p>\n<h3 style=\"font-size: 20px; text-align: center;\"><a href=\"\/hu\/nemzetkozi-olivaolaj-tanusitvanyok\/\"><strong>FDA (USA) \u2013 Food &amp; Drugs Administration tan\u00fas\u00edtott term\u00e9k<\/strong><\/a><\/h3>\n<p><img loading=\"lazy\" decoding=\"async\" class=\"size-full wp-image-13476 aligncenter\" src=\"https:\/\/www.cretoikos.com\/wp-content\/uploads\/2017\/12\/FDA-foods-certification-w220.jpg\" alt=\"FDA Food &amp; Drugs tan\u00fas\u00edtv\u00e1ny\" width=\"163\" height=\"220\" \/><\/p>\n<p>&nbsp;<\/p>","protected":false},"excerpt":{"rendered":"<h1 style=\"font-size: 20px;\"><strong>G\u00f6r\u00f6g m\u00e9z, tiszta kakukkf\u0171 M\u00e9z Kr\u00e9t\u00e1r\u00f3l, G\u00f6r\u00f6gorsz\u00e1gb\u00f3l<\/strong><\/h1>\n<p><strong>Kr\u00e9tai kakukkf\u0171 m\u00e9z 250 gr<\/strong> \u2013 G\u00f6r\u00f6gorsz\u00e1gban a kakukkf\u00fcves m\u00e9z fogyaszt\u00e1s\u00e1nak egyik n\u00e9pszer\u0171 m\u00f3dja a friss g\u00f6r\u00f6g joghurt (&quot;Yiaourti me Meli&quot; n\u00e9ven ismert: m\u00e9zes joghurt) tetej\u00e9re csorgatva n\u00e9h\u00e1ny di\u00f3val. A kakukkf\u0171 m\u00e9zr\u0151l \u00fagy tartj\u00e1k, hogy n\u00f6veli a potenci\u00e1t. \u201eTerm\u00e9szetes viagra\u201d \u2013 mondj\u00e1k! Pr\u00e9mium min\u0151s\u00e9g\u0171 tiszta kakukkf\u0171 m\u00e9z, amelyet Kr\u00e9ta sziget\u00e9n \u00e1ll\u00edt el\u0151 a CRETOIKOS Healthy Foods \u2013 Crete G\u00f6r\u00f6gorsz\u00e1g<\/p>\n<p class=\"translation-block\"><a href=\"https:\/\/www.cretoikos.com\/hu\/szallitasi-es-szallitasi-koltsegek\/\" target=\"_self\"><strong>Vil\u00e1gszerte kisz\u00e1ll\u00edt\u00e1s<\/strong><\/a> \u2013 <strong>minden orsz\u00e1gba<\/strong> , vil\u00e1gszerte sz\u00e1ll\u00edtjuk megrendel\u00e9s\u00e9t!<\/p>","protected":false},"featured_media":3477,"template":"","meta":[],"product_brand":[],"product_cat":[74],"product_tag":[130,129,121,123,127,128,126,124,125,122],"class_list":{"0":"post-2957","1":"product","2":"type-product","3":"status-publish","4":"has-post-thumbnail","6":"product_cat-honey","7":"product_tag-250gr","8":"product_tag-cretan","9":"product_tag-cretan-honey","10":"product_tag-cretan-thyme-honey","11":"product_tag-crete","12":"product_tag-greece","13":"product_tag-greek-honey","14":"product_tag-honey","15":"product_tag-pure-honey","16":"product_tag-thyme-honey","18":"first","19":"instock","20":"taxable","21":"shipping-taxable","22":"purchasable","23":"product-type-simple"},"_links":{"self":[{"href":"https:\/\/www.cretoikos.com\/hu\/wp-json\/wp\/v2\/product\/2957","targetHints":{"allow":["GET"]}}],"collection":[{"href":"https:\/\/www.cretoikos.com\/hu\/wp-json\/wp\/v2\/product"}],"about":[{"href":"https:\/\/www.cretoikos.com\/hu\/wp-json\/wp\/v2\/types\/product"}],"wp:featuredmedia":[{"embeddable":true,"href":"https:\/\/www.cretoikos.com\/hu\/wp-json\/wp\/v2\/media\/3477"}],"wp:attachment":[{"href":"https:\/\/www.cretoikos.com\/hu\/wp-json\/wp\/v2\/media?parent=2957"}],"wp:term":[{"taxonomy":"product_brand","embeddable":true,"href":"https:\/\/www.cretoikos.com\/hu\/wp-json\/wp\/v2\/product_brand?post=2957"},{"taxonomy":"product_cat","embeddable":true,"href":"https:\/\/www.cretoikos.com\/hu\/wp-json\/wp\/v2\/product_cat?post=2957"},{"taxonomy":"product_tag","embeddable":true,"href":"https:\/\/www.cretoikos.com\/hu\/wp-json\/wp\/v2\/product_tag?post=2957"}],"curies":[{"name":"wp","href":"https:\/\/api.w.org\/{rel}","templated":true}]}}