{"id":119,"date":"2017-12-10T14:22:29","date_gmt":"2017-12-10T12:22:29","guid":{"rendered":"https:\/\/www.cretoikos.com\/?post_type=product&#038;p=119"},"modified":"2026-04-09T18:23:33","modified_gmt":"2026-04-09T15:23:33","slug":"pdo-sitia-0-2-premium-arany-extra-szuz-olivaolaj-1lt","status":"publish","type":"product","link":"https:\/\/www.cretoikos.com\/hu\/eshop\/olive-oil\/pdo-sitia-0-2-premium-gold-extra-virgin-olive-oil-1lt\/","title":{"rendered":"Sitia OEM Extra Sz\u0171z ol\u00edvaolaj (EVOO) 0,2%, kanna 1 liter"},"content":{"rendered":"<h2 style=\"font-size: 20px; text-align: center;\"><strong>100% g\u00f6r\u00f6g extra sz\u0171z ol\u00edvaolaj (EVOO) Kr\u00e9ta sziget\u00e9r\u0151l, els\u0151 hidegen sajtolt, gazdag polifenolokban, antioxid\u00e1nsokban, E-vitaminban \u00e9s gyullad\u00e1scs\u00f6kkent\u0151 tulajdons\u00e1gokban, tiszta ol\u00edva gy\u00fcm\u00f6lcsl\u00e9, tart\u00f3s\u00edt\u00f3szer n\u00e9lk\u00fcl, \u00faj betakar\u00edt\u00e1s, frissen pr\u00e9selve ugyanazon a napon Olajbogy\u00f3 betakar\u00edt\u00e1s<\/strong><\/h2>\n<p>&nbsp;<\/p>\n<p><img loading=\"lazy\" decoding=\"async\" class=\"alignnone wp-image-3390 size-full\" src=\"https:\/\/www.cretoikos.com\/wp-content\/uploads\/2018\/03\/certifications-olive-oil.gif\" alt=\"Ol\u00edvaolaj tan\u00fas\u00edtv\u00e1nyok\" width=\"470\" height=\"88\" \/><\/p>\n<p><img loading=\"lazy\" decoding=\"async\" class=\"alignnone wp-image-3386 size-full\" src=\"https:\/\/www.cretoikos.com\/wp-content\/uploads\/2018\/03\/OliveOil-GDA.png\" alt=\"Ol\u00edvaolaj GDA\" width=\"464\" height=\"86\" srcset=\"https:\/\/www.cretoikos.com\/wp-content\/uploads\/2018\/03\/OliveOil-GDA.png 464w, https:\/\/www.cretoikos.com\/wp-content\/uploads\/2018\/03\/OliveOil-GDA-300x56.png 300w, https:\/\/www.cretoikos.com\/wp-content\/uploads\/2018\/03\/OliveOil-GDA-450x83.png 450w\" sizes=\"auto, (max-width: 464px) 100vw, 464px\" \/><\/p>\n<p><strong>Sitia<\/strong> egy <strong>Oltalom alatt \u00e1ll\u00f3 eredetmegjel\u00f6l\u00e9s<\/strong> (<strong>OEM<\/strong>) <strong>Extra sz\u0171z ol\u00edvaolaj<\/strong> (<strong>EVOO<\/strong>) t\u00f3l t\u0151l <strong>Sitia<\/strong>, Keleten <strong>Kr\u00e9ta<\/strong>. Sitia be <strong>Lasithi<\/strong> Kelet-Kr\u00e9ta r\u00e9gi\u00f3ja, amely j\u00f3l ismert ide\u00e1lis \u00e9ghajlati viszonyair\u00f3l, amelyek hozz\u00e1j\u00e1rulnak a kiv\u00e1l\u00f3 min\u0151s\u00e9g\u0171 extra sz\u0171z ol\u00edvaolaj el\u0151\u00e1ll\u00edt\u00e1s\u00e1hoz. Az ol\u00edvaolaj kivon\u00e1sa az ol\u00edva gy\u00fcm\u00f6lcsb\u0151l ugyanazon a napon \u00e9s nagyon alacsony h\u0151m\u00e9rs\u00e9kleten t\u00f6rt\u00e9nik, hogy meg\u0151rizze a gy\u00fcm\u00f6lcs j\u00f3s\u00e1g\u00e1t \u00e9s nagyon alacsony savtartalm\u00e1t. Az elj\u00e1r\u00e1s eg\u00e9szs\u00e9g\u00fcgyi ellen\u0151rz\u0151 fel\u00fcgyel\u0151k mellett \u00e9s a legkorszer\u0171bb g\u00e9pezet t\u00e1mogat\u00e1s\u00e1val zajlik.<\/p>\n<p><strong>SITIA OEM<\/strong> azt jelenti, hogy a <strong>V\u00e9dett sz\u00e1rmaz\u00e1si hely<\/strong>, <strong>EVOO<\/strong> eszk\u00f6z\u00f6k <strong>Extra sz\u0171z ol\u00edvaolaj<\/strong> (nagyon alacsony savass\u00e1g \u2013 0,8% alatt), ennek a term\u00e9knek kifejezetten van <strong>savass\u00e1ga<\/strong> <strong>csak 0,2%<\/strong><\/p>\n<p>Ol\u00edvaolaj term\u00e9keink <strong>LABORAT\u00d3RIUM Tan\u00fas\u00edtott<\/strong>, tiszta, pr\u00e9mium min\u0151s\u00e9g <strong>Extra sz\u0171z ol\u00edvaolajok<\/strong> EVOO, OEM (<strong>V\u00e9dett sz\u00e1rmaz\u00e1si hely<\/strong>) \u00e9s <strong>D\u00edjazva<\/strong> t\u00f6bbben <strong>Nemzetk\u00f6zi Ol\u00edvaolaj Versenyek. V\u00c1S\u00c1RL\u00c1S BIZALOMMAL\u2026<\/strong><\/p>\n<div class=\"wpb_text_column wpb_content_element wpb_animate_when_almost_visible wpb_fadeInDown fadeInDown vc_custom_1585559046315 wpb_start_animation animated\">\n<div class=\"wpb_wrapper\">\n<p>Csak tiszta, laborat\u00f3riumi tan\u00fas\u00edtv\u00e1nnyal rendelkez\u0151 extra sz\u0171z ol\u00edvaolajat v\u00e1s\u00e1roljon, az EVOO a legjobb \u00e9tkez\u00e9si ol\u00edvaolaj<\/p>\n<\/div>\n<\/div>\n<p>Rendelje meg g\u00f6r\u00f6g ol\u00edvaolaj\u00e1t online, \u00e9s sp\u00f3roljon<\/p>\n<p class=\"translation-block\"><a href=\"https:\/\/www.cretoikos.com\/hu\/szallitasi-es-szallitasi-koltsegek\/\" target=\"_self\"><strong>Vil\u00e1gszerte kisz\u00e1ll\u00edt\u00e1s<\/strong><\/a> \u2013 <strong>minden orsz\u00e1gba<\/strong> , vil\u00e1gszerte sz\u00e1ll\u00edtjuk megrendel\u00e9s\u00e9t!<\/p>\n<p>&nbsp;<\/p>\n<h2 style=\"font-size: 20px; text-align: center;\"><a href=\"\/hu\/nemzetkozi-olivaolaj-tanusitvanyok\/\"><strong>Nemzetk\u00f6zi Min\u0151s\u00e9gi \u00c9lelmiszer Tan\u00fas\u00edtv\u00e1nyok<\/strong> Term\u00e9kek<\/a><\/h2>\n<p><a href=\"\/hu\/nemzetkozi-olivaolaj-tanusitvanyok\/\"><img loading=\"lazy\" decoding=\"async\" class=\"aligncenter wp-image-13475 size-full\" src=\"https:\/\/www.cretoikos.com\/wp-content\/uploads\/2017\/12\/Quality-Food-Certifications-Lab-Certified-Healthy-Mediterranean-Foods-w800.jpg\" alt=\"Nemzetk\u00f6zi min\u0151s\u00e9gi \u00e9lelmiszer-tan\u00fas\u00edtv\u00e1nyok \u2013 Laborat\u00f3riumi tan\u00fas\u00edtv\u00e1nnyal rendelkez\u0151, eg\u00e9szs\u00e9ges mediterr\u00e1n \u00e9telek\" width=\"800\" height=\"250\" srcset=\"https:\/\/www.cretoikos.com\/wp-content\/uploads\/2017\/12\/Quality-Food-Certifications-Lab-Certified-Healthy-Mediterranean-Foods-w800.jpg 800w, https:\/\/www.cretoikos.com\/wp-content\/uploads\/2017\/12\/Quality-Food-Certifications-Lab-Certified-Healthy-Mediterranean-Foods-w800-300x94.jpg 300w, https:\/\/www.cretoikos.com\/wp-content\/uploads\/2017\/12\/Quality-Food-Certifications-Lab-Certified-Healthy-Mediterranean-Foods-w800-768x240.jpg 768w, https:\/\/www.cretoikos.com\/wp-content\/uploads\/2017\/12\/Quality-Food-Certifications-Lab-Certified-Healthy-Mediterranean-Foods-w800-450x141.jpg 450w, https:\/\/www.cretoikos.com\/wp-content\/uploads\/2017\/12\/Quality-Food-Certifications-Lab-Certified-Healthy-Mediterranean-Foods-w800-780x244.jpg 780w\" sizes=\"auto, (max-width: 800px) 100vw, 800px\" \/><\/a><\/p>\n<h3 style=\"font-size: 20px; text-align: center;\"><a href=\"\/hu\/nemzetkozi-olivaolaj-tanusitvanyok\/\"><strong>KOSHER Food min\u0151s\u00edt\u00e9s\u0171 ol\u00edvaolaj term\u00e9k<\/strong><\/a><\/h3>\n<p>&nbsp;<\/p>\n<p><img loading=\"lazy\" decoding=\"async\" class=\"size-full wp-image-13454 aligncenter\" src=\"https:\/\/www.cretoikos.com\/wp-content\/uploads\/2020\/07\/kosher-foods-certification-2-w220.jpg\" alt=\"KOSHER \u00e9lelmiszer extra sz\u0171z ol\u00edvaolaj\" width=\"173\" height=\"220\" \/><\/p>\n<p>&nbsp;<\/p>\n<h3 style=\"font-size: 20px; text-align: center;\"><a href=\"\/hu\/nemzetkozi-olivaolaj-tanusitvanyok\/\"><strong>FDA (USA) \u2013 Food &amp; Drugs Administration tan\u00fas\u00edtott ol\u00edvaolaj term\u00e9k<\/strong><\/a><\/h3>\n<p>&nbsp;<\/p>\n<p><img loading=\"lazy\" decoding=\"async\" class=\"size-full wp-image-13476 aligncenter\" src=\"https:\/\/www.cretoikos.com\/wp-content\/uploads\/2017\/12\/FDA-foods-certification-w220.jpg\" alt=\"FDA Food &amp; Drugs tan\u00fas\u00edtv\u00e1ny\" width=\"163\" height=\"220\" \/><\/p>\n<p>&nbsp;<\/p>","protected":false},"excerpt":{"rendered":"<p><strong>OEM Sitia 0,2%<\/strong> egy egyed\u00fcl\u00e1ll\u00f3, gy\u00fcm\u00f6lcs\u00f6s extra sz\u0171z ol\u00edvaolaj kiv\u00e9telesen alacsony savtartalommal, amely ide\u00e1lis minden kulin\u00e1ris ig\u00e9nyhez. Haszn\u00e1lja f\u0151z\u00e9shez vagy nyersen, sal\u00e1t\u00e1k kom\u00f3djak\u00e9nt.<\/p>\n<p><strong>G\u00f6r\u00f6g extra sz\u0171z ol\u00edvaolaj Kr\u00e9ta sziget\u00e9r\u0151l!<\/strong><\/p>\n<p class=\"translation-block\"><a href=\"https:\/\/www.cretoikos.com\/hu\/szallitasi-es-szallitasi-koltsegek\/\" target=\"_self\"><strong>Vil\u00e1gszerte kisz\u00e1ll\u00edt\u00e1s<\/strong><\/a> \u2013 <strong>minden orsz\u00e1gba<\/strong> , vil\u00e1gszerte sz\u00e1ll\u00edtjuk megrendel\u00e9s\u00e9t!<\/p>","protected":false},"featured_media":184,"template":"","meta":[],"product_brand":[],"product_cat":[23],"product_tag":[118,140,141,95,97,98,96,91,99,101,135,111,112,110,109],"class_list":{"0":"post-119","1":"product","2":"type-product","3":"status-publish","4":"has-post-thumbnail","6":"product_cat-olive-oil","7":"product_tag-1lt","8":"product_tag-140","9":"product_tag-3-extra-virgin-olive-oil","10":"product_tag-bottle","11":"product_tag-buy-olive-oil","12":"product_tag-buy-online","13":"product_tag-cretan-olive-oil","14":"product_tag-evoo","15":"product_tag-greek-olive-oil","16":"product_tag-olive-oil","17":"product_tag-pdo-olive-oil","18":"product_tag-pdo-sitia","19":"product_tag-pdo-sitia-olive-oil","20":"product_tag-sitia","21":"product_tag-sitia-olive-oil","23":"first","24":"instock","25":"taxable","26":"shipping-taxable","27":"purchasable","28":"product-type-simple"},"_links":{"self":[{"href":"https:\/\/www.cretoikos.com\/hu\/wp-json\/wp\/v2\/product\/119","targetHints":{"allow":["GET"]}}],"collection":[{"href":"https:\/\/www.cretoikos.com\/hu\/wp-json\/wp\/v2\/product"}],"about":[{"href":"https:\/\/www.cretoikos.com\/hu\/wp-json\/wp\/v2\/types\/product"}],"wp:featuredmedia":[{"embeddable":true,"href":"https:\/\/www.cretoikos.com\/hu\/wp-json\/wp\/v2\/media\/184"}],"wp:attachment":[{"href":"https:\/\/www.cretoikos.com\/hu\/wp-json\/wp\/v2\/media?parent=119"}],"wp:term":[{"taxonomy":"product_brand","embeddable":true,"href":"https:\/\/www.cretoikos.com\/hu\/wp-json\/wp\/v2\/product_brand?post=119"},{"taxonomy":"product_cat","embeddable":true,"href":"https:\/\/www.cretoikos.com\/hu\/wp-json\/wp\/v2\/product_cat?post=119"},{"taxonomy":"product_tag","embeddable":true,"href":"https:\/\/www.cretoikos.com\/hu\/wp-json\/wp\/v2\/product_tag?post=119"}],"curies":[{"name":"wp","href":"https:\/\/api.w.org\/{rel}","templated":true}]}}