{"id":100,"date":"2017-12-10T13:01:13","date_gmt":"2017-12-10T11:01:13","guid":{"rendered":"https:\/\/www.cretoikos.com\/?post_type=product&#038;p=100"},"modified":"2023-12-09T19:02:08","modified_gmt":"2023-12-09T17:02:08","slug":"extra-szuz-olivaolaj-oregano-izzel-200ml","status":"publish","type":"product","link":"https:\/\/www.cretoikos.com\/hu\/eshop\/olive-oil-with-cretan-herbs\/extra-virgin-olive-oil-with-oregano-flavour-200ml\/","title":{"rendered":"Extra sz\u0171z ol\u00edvaolaj (EVOO) oreg\u00e1n\u00f3 \u00edzzel 200ml"},"content":{"rendered":"<h2 style=\"font-size: 20px; text-align: center;\"><strong>100% g\u00f6r\u00f6g extra sz\u0171z ol\u00edvaolaj (EVOO) Kr\u00e9ta sziget\u00e9r\u0151l, els\u0151 hidegen sajtolt, gazdag polifenolokban, antioxid\u00e1nsokban, E-vitaminban \u00e9s gyullad\u00e1scs\u00f6kkent\u0151 tulajdons\u00e1gokban, tiszta ol\u00edva gy\u00fcm\u00f6lcsl\u00e9, tart\u00f3s\u00edt\u00f3szer n\u00e9lk\u00fcl, \u00faj betakar\u00edt\u00e1s, frissen pr\u00e9selve ugyanazon a napon Olajbogy\u00f3 betakar\u00edt\u00e1s<\/strong><\/h2>\n<p>&nbsp;<\/p>\n<p><img loading=\"lazy\" decoding=\"async\" class=\"alignnone wp-image-3390 size-full\" src=\"https:\/\/www.cretoikos.com\/wp-content\/uploads\/2018\/03\/certifications-olive-oil.gif\" alt=\"Ol\u00edvaolaj tan\u00fas\u00edtv\u00e1nyok\" width=\"470\" height=\"88\" \/><\/p>\n<p><img loading=\"lazy\" decoding=\"async\" class=\"alignnone wp-image-3386 size-full\" src=\"https:\/\/www.cretoikos.com\/wp-content\/uploads\/2018\/03\/OliveOil-GDA.png\" alt=\"Ol\u00edvaolaj GDA\" width=\"464\" height=\"86\" srcset=\"https:\/\/www.cretoikos.com\/wp-content\/uploads\/2018\/03\/OliveOil-GDA.png 464w, https:\/\/www.cretoikos.com\/wp-content\/uploads\/2018\/03\/OliveOil-GDA-300x56.png 300w, https:\/\/www.cretoikos.com\/wp-content\/uploads\/2018\/03\/OliveOil-GDA-450x83.png 450w\" sizes=\"auto, (max-width: 464px) 100vw, 464px\" \/><\/p>\n<p><strong>Extra sz\u0171z ol\u00edvaolaj (EVOO) oreg\u00e1n\u00f3 \u00edzzel 200 ml \u2013 Mylopotamos OEM<\/strong> Az Extra Virgin egy k\u00f6zepesen gy\u00fcm\u00f6lcs\u00f6s ol\u00edvaolaj, amelyet Mylopotamos k\u00f6rzet\u00e9ben k\u00e9zzel sz\u00fcretelnek, harmonikus \u00edz\u0171 kard\u00e1n \u00e9s l\u00e1gy olajbogy\u00f3val, enyh\u00e9n keserny\u00e9s \u00e9s gy\u00f3gyn\u00f6v\u00e9nyes-oreg\u00e1n\u00f3 \u00edzzel, de kellemes \u00e9s finom.<\/p>\n<p class=\"translation-block\"><a href=\"https:\/\/www.cretoikos.com\/hu\/szallitasi-es-szallitasi-koltsegek\/\" target=\"_self\"><strong>Vil\u00e1gszerte kisz\u00e1ll\u00edt\u00e1s<\/strong><\/a> \u2013 <strong>minden orsz\u00e1gba<\/strong> , vil\u00e1gszerte sz\u00e1ll\u00edtjuk megrendel\u00e9s\u00e9t!<\/p>\n<p>&nbsp;<\/p>\n<h2 style=\"font-size: 20px; text-align: center;\"><a href=\"\/hu\/nemzetkozi-olivaolaj-tanusitvanyok\/\"><strong>Nemzetk\u00f6zi Min\u0151s\u00e9gi \u00c9lelmiszer Tan\u00fas\u00edtv\u00e1nyok<\/strong> Term\u00e9kek<\/a><\/h2>\n<p><a href=\"\/hu\/nemzetkozi-olivaolaj-tanusitvanyok\/\"><img loading=\"lazy\" decoding=\"async\" class=\"aligncenter wp-image-13475 size-full\" src=\"https:\/\/www.cretoikos.com\/wp-content\/uploads\/2017\/12\/Quality-Food-Certifications-Lab-Certified-Healthy-Mediterranean-Foods-w800.jpg\" alt=\"Nemzetk\u00f6zi min\u0151s\u00e9gi \u00e9lelmiszer-tan\u00fas\u00edtv\u00e1nyok \u2013 Laborat\u00f3riumi tan\u00fas\u00edtv\u00e1nnyal rendelkez\u0151, eg\u00e9szs\u00e9ges mediterr\u00e1n \u00e9telek\" width=\"800\" height=\"250\" srcset=\"https:\/\/www.cretoikos.com\/wp-content\/uploads\/2017\/12\/Quality-Food-Certifications-Lab-Certified-Healthy-Mediterranean-Foods-w800.jpg 800w, https:\/\/www.cretoikos.com\/wp-content\/uploads\/2017\/12\/Quality-Food-Certifications-Lab-Certified-Healthy-Mediterranean-Foods-w800-300x94.jpg 300w, https:\/\/www.cretoikos.com\/wp-content\/uploads\/2017\/12\/Quality-Food-Certifications-Lab-Certified-Healthy-Mediterranean-Foods-w800-768x240.jpg 768w, https:\/\/www.cretoikos.com\/wp-content\/uploads\/2017\/12\/Quality-Food-Certifications-Lab-Certified-Healthy-Mediterranean-Foods-w800-450x141.jpg 450w, https:\/\/www.cretoikos.com\/wp-content\/uploads\/2017\/12\/Quality-Food-Certifications-Lab-Certified-Healthy-Mediterranean-Foods-w800-780x244.jpg 780w\" sizes=\"auto, (max-width: 800px) 100vw, 800px\" \/><\/a><br \/>\n&nbsp;<\/p>\n<h3 style=\"font-size: 20px; text-align: center;\"><a href=\"\/hu\/nemzetkozi-olivaolaj-tanusitvanyok\/\"><strong>KOSHER Food min\u0151s\u00edt\u00e9s\u0171 ol\u00edvaolaj term\u00e9k<\/strong><\/a><\/h3>\n<p>&nbsp;<\/p>\n<p><img loading=\"lazy\" decoding=\"async\" class=\"size-full wp-image-13454 aligncenter\" src=\"https:\/\/www.cretoikos.com\/wp-content\/uploads\/2020\/07\/kosher-foods-certification-2-w220.jpg\" alt=\"KOSHER \u00e9lelmiszer extra sz\u0171z ol\u00edvaolaj\" width=\"173\" height=\"220\" \/><\/p>\n<p>&nbsp;<\/p>\n<h3 style=\"font-size: 20px; text-align: center;\"><a href=\"\/hu\/nemzetkozi-olivaolaj-tanusitvanyok\/\"><strong>FDA (USA) \u2013 Food &amp; Drugs Administration tan\u00fas\u00edtott ol\u00edvaolaj term\u00e9k<\/strong><\/a><\/h3>\n<p>&nbsp;<\/p>\n<p><img loading=\"lazy\" decoding=\"async\" class=\"size-full wp-image-13476 aligncenter\" src=\"https:\/\/www.cretoikos.com\/wp-content\/uploads\/2017\/12\/FDA-foods-certification-w220.jpg\" alt=\"FDA Food &amp; Drugs tan\u00fas\u00edtv\u00e1ny\" width=\"163\" height=\"220\" \/><\/p>\n<p>&nbsp;<\/p>","protected":false},"excerpt":{"rendered":"<p><strong>Oreg\u00e1n\u00f3 \u00edz\u0171 extra sz\u0171z ol\u00edvaolaj<\/strong>, v\u00e9dett sz\u00e1rmaz\u00e1si hely (<strong>OEM<\/strong>) \u00c9szak <strong>Mylopotamos Rethymno Kr\u00e9ta<\/strong>.<\/p>\n<p><strong>G\u00f6r\u00f6g extra sz\u0171z ol\u00edvaolaj<\/strong>!<\/p>\n<p class=\"translation-block\"><a href=\"https:\/\/www.cretoikos.com\/hu\/szallitasi-es-szallitasi-koltsegek\/\" target=\"_self\"><strong>Vil\u00e1gszerte kisz\u00e1ll\u00edt\u00e1s<\/strong><\/a> \u2013 <strong>minden orsz\u00e1gba<\/strong> , vil\u00e1gszerte sz\u00e1ll\u00edtjuk megrendel\u00e9s\u00e9t!<\/p>","protected":false},"featured_media":157,"template":"","meta":[],"product_brand":[],"product_cat":[24],"product_tag":[94,141,95,97,98,96,91,132,137,99,139,101,105,133],"class_list":{"0":"post-100","1":"product","2":"type-product","3":"status-publish","4":"has-post-thumbnail","6":"product_cat-olive-oil-with-cretan-herbs","7":"product_tag-200ml","8":"product_tag-3-extra-virgin-olive-oil","9":"product_tag-bottle","10":"product_tag-buy-olive-oil","11":"product_tag-buy-online","12":"product_tag-cretan-olive-oil","13":"product_tag-evoo","14":"product_tag-flavour","15":"product_tag-flavour-infused-olive-oil","16":"product_tag-greek-olive-oil","17":"product_tag-infused-olive-oil","18":"product_tag-olive-oil","19":"product_tag-oregano","20":"product_tag-oregano-flavour","22":"first","23":"instock","24":"taxable","25":"shipping-taxable","26":"purchasable","27":"product-type-simple"},"_links":{"self":[{"href":"https:\/\/www.cretoikos.com\/hu\/wp-json\/wp\/v2\/product\/100","targetHints":{"allow":["GET"]}}],"collection":[{"href":"https:\/\/www.cretoikos.com\/hu\/wp-json\/wp\/v2\/product"}],"about":[{"href":"https:\/\/www.cretoikos.com\/hu\/wp-json\/wp\/v2\/types\/product"}],"wp:featuredmedia":[{"embeddable":true,"href":"https:\/\/www.cretoikos.com\/hu\/wp-json\/wp\/v2\/media\/157"}],"wp:attachment":[{"href":"https:\/\/www.cretoikos.com\/hu\/wp-json\/wp\/v2\/media?parent=100"}],"wp:term":[{"taxonomy":"product_brand","embeddable":true,"href":"https:\/\/www.cretoikos.com\/hu\/wp-json\/wp\/v2\/product_brand?post=100"},{"taxonomy":"product_cat","embeddable":true,"href":"https:\/\/www.cretoikos.com\/hu\/wp-json\/wp\/v2\/product_cat?post=100"},{"taxonomy":"product_tag","embeddable":true,"href":"https:\/\/www.cretoikos.com\/hu\/wp-json\/wp\/v2\/product_tag?post=100"}],"curies":[{"name":"wp","href":"https:\/\/api.w.org\/{rel}","templated":true}]}}