{"id":3232,"date":"2018-02-21T08:34:30","date_gmt":"2018-02-21T08:34:30","guid":{"rendered":"https:\/\/www.cretoikos.com\/?page_id=3232"},"modified":"2020-05-10T02:21:07","modified_gmt":"2020-05-09T23:21:07","slug":"szallitasi-es-szallitasi-koltsegek","status":"publish","type":"page","link":"https:\/\/www.cretoikos.com\/hu\/delivery-and-shipping-costs\/","title":{"rendered":"Sz\u00e1ll\u00edt\u00e1si \u00e9s sz\u00e1ll\u00edt\u00e1si k\u00f6lts\u00e9gek"},"content":{"rendered":"<div style=\"\"class=\"normal_height vc_row wpb_row vc_row-fluid vc_custom_1519202151804\"><div class=\"wpb_column vc_column_container vc_col-sm-12\"><div class=\"vc_column-inner\"><div class=\"wpb_wrapper\">\n\t<div class=\"wpb_text_column wpb_content_element\" >\n\t\t<div class=\"wpb_wrapper\">\n\t\t\t<h1 style=\"font-size: 20px;\">Rendel\u00e9s\u00e9t VIL\u00c1GSZERTE kisz\u00e1ll\u00edtjuk \u2013 az expressz fut\u00e1rszolg\u00e1lat (TNT Courier \u2013 csomag online nyomon k\u00f6vet\u00e9se) seg\u00edts\u00e9g\u00e9vel b\u00e1rmely orsz\u00e1gba, vil\u00e1gszerte sz\u00e1ll\u00edtjuk.<\/h1>\n<p>Az e-shop <strong>Cretoikos.com<\/strong> a megrendel\u00e9st arra a c\u00edmre k\u00fcldi, amelyet az \u00fcgyf\u00e9l a megrendel\u0151lapon kit\u00f6lt\u00f6tt (lak\u00e1si vagy munkahelyi c\u00edm). Azt <strong>elengedhetetlen a megfelel\u0151 sz\u00e1ll\u00edt\u00e1si c\u00edm, e-mail c\u00edm \u00e9s telefonsz\u00e1m megad\u00e1s\u00e1hoz<\/strong> hogy c\u00e9g\u00fcnk vagy a fut\u00e1rszolg\u00e1lat fel tudja venni \u00d6nnel a kapcsolatot. (a hib\u00e1san regisztr\u00e1lt c\u00edmb\u0151l vagy hib\u00e1s sz\u00e1ll\u00edt\u00e1si adatokb\u00f3l (k\u00e9s\u00e9s, sikertelen k\u00e9zbes\u00edt\u00e9s, visszak\u00fcld\u00e9s vagy k\u00f6lts\u00e9gek) ad\u00f3d\u00f3 sz\u00e1ll\u00edt\u00e1si probl\u00e9m\u00e1k\u00e9rt a Cretoikos.com nem v\u00e1llal felel\u0151ss\u00e9get)<\/p>\n<p>A kisz\u00e1ll\u00edt\u00e1s a megrendel\u00e9s teljes\u00edt\u00e9s\u00e9nek munkanapj\u00e1n (gyakrabban ugyanazon a napon) t\u00f6rt\u00e9nik, felt\u00e9ve<\/p>\n<ul>\n<li><strong>a rendel\u00e9s \u00f6sszes term\u00e9ke el\u00e9rhet\u0151<\/strong>, (nagyon ritka, hogy nem) \u00e9s<\/li>\n<li><strong>a rendel\u00e9st kifizett\u00e9k<\/strong><\/li>\n<\/ul>\n<p><strong>Sz\u00e1ll\u00edt\u00e1s G\u00f6r\u00f6gorsz\u00e1gon k\u00edv\u00fclre (EU-orsz\u00e1gok \u00e9s a vil\u00e1g t\u00f6bbi r\u00e9sze)<\/strong><\/p>\n<p>Term\u00e9keink kisz\u00e1ll\u00edt\u00e1s\u00e1t a <strong><a href=\"https:\/\/www.tnt.com\/\">TNT fut\u00e1rszolg\u00e1lat<\/a><\/strong> (expressz vagy gazdas\u00e1gos). A TNT egy gyors, glob\u00e1lis, j\u00f3 h\u00edr\u0171 fut\u00e1rszolg\u00e1lat, amely ak\u00e1r 30 kg-os rendel\u00e9seket is kik\u00fcld (a sz\u00e1ll\u00edt\u00e1si k\u00f6lts\u00e9geket a mez\u0151ben tekintheti meg<strong>SZ\u00c1LL\u00cdT\u00c1S<\/strong>\u201d a <strong>CHECKOUT l\u00e9p\u00e9s<\/strong> a bev\u00e1s\u00e1rl\u00f3kos\u00e1rb\u00f3l). <strong>A minim\u00e1lis rendel\u00e9si s\u00faly 5 kg<\/strong>. Norm\u00e1l k\u00f6r\u00fclm\u00e9nyek k\u00f6z\u00f6tt a TNT bel\u00fcl sz\u00e1ll\u00edtja ki a term\u00e9keket <strong>2-5 munkanap<\/strong> Eur\u00f3pa-szerte, tov\u00e1bb\u00e1 k\u00e9rj\u00fck, vegye figyelembe, hogy a TNT sz\u00e1ll\u00edt\u00e1sa a <strong>biztos\u00edtott<\/strong> sz\u00e1m\u00e1ra <strong>10 \u20ac\/kg<\/strong> a TNT Economy \u00e9s <strong>20 \u20ac\/kg<\/strong> a TNT Express eset\u00e9ben, ha a csomag elveszett vagy megs\u00e9r\u00fclt.<\/p>\n<p>Abban az esetben, ha azt szeretn\u00e9, hogy a sz\u00e1ll\u00edt\u00e1st olyan sz\u00e1ll\u00edtm\u00e1nyoz\u00f3 c\u00e9g v\u00e9gezze, amely nem m\u0171k\u00f6dik egy\u00fctt a Zacharakis Konstantinos &amp; CO General Partnership-szel (CRETOIKOS), a sz\u00e1ll\u00edt\u00e1si k\u00f6lts\u00e9gek az \u00fcgyfelet terhelik.<\/p>\n<p><strong>Fontos megjegyz\u00e9s k\u00fclf\u00f6ldre t\u00f6rt\u00e9n\u0151 sz\u00e1ll\u00edt\u00e1shoz:<\/strong> Minden term\u00e9k\u00fcnket leg\u00e1lisan \u00e9rt\u00e9kes\u00edtj\u00fck G\u00f6r\u00f6gorsz\u00e1gban\/EU-ban \u00e9s k\u00fclf\u00f6ld\u00f6n, minden kapcsol\u00f3d\u00f3 tan\u00fas\u00edtv\u00e1nnyal \u00e9s enged\u00e9llyel.<\/p>\n<p>&#8212;&#8212;&#8212;&#8212;&#8212;&#8212;&#8212;&#8212;&#8212;&#8212;&#8212;&#8212;&#8212;&#8212;&#8212;&#8212;&#8212;&#8212;&#8212;&#8212;&#8212;&#8212;&#8212;&#8212;&#8211;<\/p>\n<p><strong><img loading=\"lazy\" decoding=\"async\" class=\"alignnone wp-image-12887 size-medium\" src=\"https:\/\/www.cretoikos.com\/wp-content\/uploads\/2020\/05\/order-shipping-eshop-buy-online-5-300x169.jpg\" alt=\"Megrendel\u00e9s\u00e9t az eg\u00e9sz vil\u00e1gon kisz\u00e1ll\u00edtjuk!\" width=\"300\" height=\"169\" srcset=\"https:\/\/www.cretoikos.com\/wp-content\/uploads\/2020\/05\/order-shipping-eshop-buy-online-5-300x169.jpg 300w, https:\/\/www.cretoikos.com\/wp-content\/uploads\/2020\/05\/order-shipping-eshop-buy-online-5-450x253.jpg 450w, https:\/\/www.cretoikos.com\/wp-content\/uploads\/2020\/05\/order-shipping-eshop-buy-online-5.jpg 600w\" sizes=\"auto, (max-width: 300px) 100vw, 300px\" \/> \u00a0 <a href=\"https:\/\/www.cretoikos.com\/hu\/eshop\/\"><img loading=\"lazy\" decoding=\"async\" class=\"alignnone wp-image-12883 size-full\" src=\"https:\/\/www.cretoikos.com\/wp-content\/uploads\/2020\/05\/order-shipping-eshop-buy-online.jpg\" alt=\"Megrendel\u00e9s\u00e9t az eg\u00e9sz vil\u00e1gon kisz\u00e1ll\u00edtjuk!\" width=\"325\" height=\"215\" srcset=\"https:\/\/www.cretoikos.com\/wp-content\/uploads\/2020\/05\/order-shipping-eshop-buy-online.jpg 325w, https:\/\/www.cretoikos.com\/wp-content\/uploads\/2020\/05\/order-shipping-eshop-buy-online-300x198.jpg 300w\" sizes=\"auto, (max-width: 325px) 100vw, 325px\" \/><\/a> \u00a0 <a href=\"https:\/\/www.tnt.com\/\" target=\"_blank\" rel=\"noopener noreferrer\"><img loading=\"lazy\" decoding=\"async\" class=\"alignnone wp-image-12886 size-full\" src=\"https:\/\/www.cretoikos.com\/wp-content\/uploads\/2020\/05\/order-shipping-eshop-buy-online-4.jpg\" alt=\"Megrendel\u00e9s\u00e9t az eg\u00e9sz vil\u00e1gon kisz\u00e1ll\u00edtjuk!\" width=\"275\" height=\"183\" \/><\/a><br \/>\n<\/strong><\/p>\n<p>&nbsp;<\/p>\n<p style=\"text-align: left; font-size: 20px;\" class=\"translation-block\"><a href=\"https:\/\/www.cretoikos.com\/hu\/szallitasi-es-szallitasi-koltsegek\/\" target=\"_self\"><strong>Vil\u00e1gszerte kisz\u00e1ll\u00edt\u00e1s<\/strong><\/a> \u2013 <strong>minden orsz\u00e1gba<\/strong> , vil\u00e1gszerte sz\u00e1ll\u00edtjuk megrendel\u00e9s\u00e9t!<\/p>\n<p><strong>gyors sz\u00e1ll\u00edt\u00e1s <\/strong>- online <strong>csomagk\u00f6vet\u00e9s<\/strong> el\u00e9rhet\u0151<br \/>\nval\u00f3s id\u0151 <a href=\"https:\/\/www.cretoikos.com\/hu\/rendeles-kovetese\/\"><strong>nyomon k\u00f6vet\u00e9s<\/strong><\/a> az ol\u00edvaolaj rendel\u00e9s\u00e9r\u0151l<\/p>\n<p>&nbsp;<\/p>\n<h2><strong>Extra sz\u0171z ol\u00edvaolaj (EVOO) \u2013 ol\u00edvabogy\u00f3 \u2013 m\u00e9z \u2013 szappanok<\/strong><\/h2>\n<h2><a href=\"https:\/\/www.cretoikos.com\/hu\/eshop\/\">V\u00e1s\u00e1roljon online g\u00f6r\u00f6g EVOO ol\u00edvaolajat \u2013 eShopunk<\/a><\/h2>\n<div id=\"attachment_3971\" style=\"width: 1913px\" class=\"wp-caption alignnone\"><a href=\"https:\/\/www.cretoikos.com\/hu\/eshop\/\"><img loading=\"lazy\" decoding=\"async\" aria-describedby=\"caption-attachment-3971\" class=\"wp-image-3971 size-full\" src=\"https:\/\/www.cretoikos.com\/wp-content\/uploads\/2018\/10\/homepage_all_products_family_photo.jpg\" alt=\"EVOO ol\u00edvaolaj term\u00e9keink\" width=\"1903\" height=\"452\" srcset=\"https:\/\/www.cretoikos.com\/wp-content\/uploads\/2018\/10\/homepage_all_products_family_photo.jpg 1903w, https:\/\/www.cretoikos.com\/wp-content\/uploads\/2018\/10\/homepage_all_products_family_photo-300x71.jpg 300w, https:\/\/www.cretoikos.com\/wp-content\/uploads\/2018\/10\/homepage_all_products_family_photo-768x182.jpg 768w, https:\/\/www.cretoikos.com\/wp-content\/uploads\/2018\/10\/homepage_all_products_family_photo-1024x243.jpg 1024w, https:\/\/www.cretoikos.com\/wp-content\/uploads\/2018\/10\/homepage_all_products_family_photo-450x107.jpg 450w, https:\/\/www.cretoikos.com\/wp-content\/uploads\/2018\/10\/homepage_all_products_family_photo-780x185.jpg 780w\" sizes=\"auto, (max-width: 1903px) 100vw, 1903px\" \/><\/a><p id=\"caption-attachment-3971\" class=\"wp-caption-text\">EVOO ol\u00edvaolaj term\u00e9keink \u2013 hagyom\u00e1nyos g\u00f6r\u00f6g term\u00e9kek Kr\u00e9ta sziget\u00e9r\u0151l \u2013 CRETOIKOS EG\u00c9SZS\u00c9GES \u00c9TELEK<\/p><\/div>\n\n\t\t<\/div>\n\t<\/div>\n<\/div><\/div><\/div><\/div>","protected":false},"excerpt":{"rendered":"We Ship your Order WORLDWIDE - we ship to any country, worldwide, using Express Courier Services (TNT Courier - with package online tracking available) The e-shop Cretoikos.com sends the order to the address the client has filled in the order form (home or work address). It is essential to fill in your correct shipping address, [...]","protected":false},"author":1,"featured_media":0,"parent":0,"menu_order":0,"comment_status":"closed","ping_status":"closed","template":"page-boxed.php","meta":{"footnotes":""},"class_list":["post-3232","page","type-page","status-publish","hentry"],"_links":{"self":[{"href":"https:\/\/www.cretoikos.com\/hu\/wp-json\/wp\/v2\/pages\/3232","targetHints":{"allow":["GET"]}}],"collection":[{"href":"https:\/\/www.cretoikos.com\/hu\/wp-json\/wp\/v2\/pages"}],"about":[{"href":"https:\/\/www.cretoikos.com\/hu\/wp-json\/wp\/v2\/types\/page"}],"author":[{"embeddable":true,"href":"https:\/\/www.cretoikos.com\/hu\/wp-json\/wp\/v2\/users\/1"}],"replies":[{"embeddable":true,"href":"https:\/\/www.cretoikos.com\/hu\/wp-json\/wp\/v2\/comments?post=3232"}],"version-history":[{"count":0,"href":"https:\/\/www.cretoikos.com\/hu\/wp-json\/wp\/v2\/pages\/3232\/revisions"}],"wp:attachment":[{"href":"https:\/\/www.cretoikos.com\/hu\/wp-json\/wp\/v2\/media?parent=3232"}],"curies":[{"name":"wp","href":"https:\/\/api.w.org\/{rel}","templated":true}]}}