{"id":248,"date":"2017-01-09T15:18:56","date_gmt":"2017-01-09T15:18:56","guid":{"rendered":"http:\/\/import.getbowtied.com\/shopkeeper-replica\/?page_id=248"},"modified":"2020-05-10T02:08:30","modified_gmt":"2020-05-09T23:08:30","slug":"rendeles-kovetese","status":"publish","type":"page","link":"https:\/\/www.cretoikos.com\/hu\/order-tracking\/","title":{"rendered":"Rendel\u00e9s k\u00f6vet\u00e9se"},"content":{"rendered":"<div style=\"\"class=\"normal_height vc_row wpb_row vc_row-fluid vc_custom_1589065393319\"><div class=\"wpb_column vc_column_container vc_col-sm-12\"><div class=\"vc_column-inner\"><div class=\"wpb_wrapper\"><div class=\"woocommerce\"><\/div><\/div><\/div><\/div><\/div><div class=\"boxed-row\"><div style=\"\"class=\"normal_height vc_row wpb_row vc_row-fluid vc_row-o-content-top vc_row-flex\"><div class=\"wpb_column vc_column_container vc_col-sm-1\/5\"><div class=\"vc_column-inner\"><div class=\"wpb_wrapper\">\n\t<div  class=\"wpb_single_image wpb_content_element vc_align_right\">\n\t\t\n\t\t<figure class=\"wpb_wrapper vc_figure\">\n\t\t\t<a href=\"https:\/\/www.tnt.com\" target=\"_blank\" class=\"vc_single_image-wrapper   vc_box_border_grey\"><img loading=\"lazy\" decoding=\"async\" width=\"275\" height=\"183\" src=\"https:\/\/www.cretoikos.com\/wp-content\/uploads\/2020\/05\/order-shipping-eshop-buy-online-4.jpg\" class=\"vc_single_image-img attachment-full\" alt=\"Megrendel\u00e9s\u00e9t az eg\u00e9sz vil\u00e1gon kisz\u00e1ll\u00edtjuk!\" \/><\/a>\n\t\t<\/figure>\n\t<\/div>\n<\/div><\/div><\/div><div class=\"wpb_column vc_column_container vc_col-sm-3\/5\"><div class=\"vc_column-inner\"><div class=\"wpb_wrapper\">\n\t<div class=\"wpb_text_column wpb_content_element\" >\n\t\t<div class=\"wpb_wrapper\">\n\t\t\t<p style=\"text-align: center; font-size: 20px;\" class=\"translation-block\"><a href=\"https:\/\/www.cretoikos.com\/hu\/szallitasi-es-szallitasi-koltsegek\/\" target=\"_self\"><strong>Vil\u00e1gszerte kisz\u00e1ll\u00edt\u00e1s<\/strong><\/a> \u2013 <strong>minden orsz\u00e1gba<\/strong> , vil\u00e1gszerte sz\u00e1ll\u00edtjuk megrendel\u00e9s\u00e9t!<\/p>\n<p style=\"text-align: center; font-size: 22px;\"><strong>gyors sz\u00e1ll\u00edt\u00e1s <\/strong>- online <strong>csomagk\u00f6vet\u00e9s<\/strong> el\u00e9rhet\u0151<br \/>\nval\u00f3s id\u0151 <strong>nyomon k\u00f6vet\u00e9s<\/strong> az ol\u00edvaolaj rendel\u00e9s\u00e9r\u0151l<\/p>\n\n\t\t<\/div>\n\t<\/div>\n<\/div><\/div><\/div><div class=\"wpb_column vc_column_container vc_col-sm-1\/5\"><div class=\"vc_column-inner\"><div class=\"wpb_wrapper\">\n\t<div  class=\"wpb_single_image wpb_content_element vc_align_left\">\n\t\t\n\t\t<figure class=\"wpb_wrapper vc_figure\">\n\t\t\t<a href=\"https:\/\/www.cretoikos.com\/hu\/szallitasi-es-szallitasi-koltsegek\/\" target=\"_self\" class=\"vc_single_image-wrapper   vc_box_border_grey\"><img loading=\"lazy\" decoding=\"async\" width=\"325\" height=\"215\" src=\"https:\/\/www.cretoikos.com\/wp-content\/uploads\/2020\/05\/order-shipping-eshop-buy-online.jpg\" class=\"vc_single_image-img attachment-full\" alt=\"Megrendel\u00e9s\u00e9t az eg\u00e9sz vil\u00e1gon kisz\u00e1ll\u00edtjuk!\" srcset=\"https:\/\/www.cretoikos.com\/wp-content\/uploads\/2020\/05\/order-shipping-eshop-buy-online.jpg 325w, https:\/\/www.cretoikos.com\/wp-content\/uploads\/2020\/05\/order-shipping-eshop-buy-online-300x198.jpg 300w\" sizes=\"auto, (max-width: 325px) 100vw, 325px\" \/><\/a>\n\t\t<\/figure>\n\t<\/div>\n<\/div><\/div><\/div><\/div><\/div>","protected":false},"excerpt":{"rendered":"Vil\u00e1gszerte kisz\u00e1ll\u00edt\u00e1s \u2013 minden orsz\u00e1gba, vil\u00e1gszerte sz\u00e1ll\u00edtjuk megrendel\u00e9s\u00e9t! gyors sz\u00e1ll\u00edt\u00e1s - online csomagk\u00f6vet\u00e9s el\u00e9rhet\u0151 val\u00f3s idej\u0171 nyomon k\u00f6vet\u00e9se \u00e9s nyomon k\u00f6vet\u00e9se ol\u00edvaolaj rendel\u00e9se","protected":false},"author":1,"featured_media":0,"parent":0,"menu_order":0,"comment_status":"closed","ping_status":"closed","template":"page-full-width.php","meta":{"footnotes":""},"class_list":["post-248","page","type-page","status-publish","hentry"],"_links":{"self":[{"href":"https:\/\/www.cretoikos.com\/hu\/wp-json\/wp\/v2\/pages\/248","targetHints":{"allow":["GET"]}}],"collection":[{"href":"https:\/\/www.cretoikos.com\/hu\/wp-json\/wp\/v2\/pages"}],"about":[{"href":"https:\/\/www.cretoikos.com\/hu\/wp-json\/wp\/v2\/types\/page"}],"author":[{"embeddable":true,"href":"https:\/\/www.cretoikos.com\/hu\/wp-json\/wp\/v2\/users\/1"}],"replies":[{"embeddable":true,"href":"https:\/\/www.cretoikos.com\/hu\/wp-json\/wp\/v2\/comments?post=248"}],"version-history":[{"count":0,"href":"https:\/\/www.cretoikos.com\/hu\/wp-json\/wp\/v2\/pages\/248\/revisions"}],"wp:attachment":[{"href":"https:\/\/www.cretoikos.com\/hu\/wp-json\/wp\/v2\/media?parent=248"}],"curies":[{"name":"wp","href":"https:\/\/api.w.org\/{rel}","templated":true}]}}