{"id":2957,"date":"2018-02-02T09:15:38","date_gmt":"2018-02-02T07:15:38","guid":{"rendered":"https:\/\/www.cretoikos.com\/?post_type=product&#038;p=2957"},"modified":"2026-03-03T09:35:26","modified_gmt":"2026-03-03T07:35:26","slug":"miel-de-thym-250-ml","status":"publish","type":"product","link":"https:\/\/www.cretoikos.com\/fr\/eshop\/honey\/thyme-honey-250-ml\/","title":{"rendered":"Miel de Thym 250gr \u2013 Miel pur cr\u00e9tois \u2013 Cr\u00e8te Gr\u00e8ce"},"content":{"rendered":"<p><img loading=\"lazy\" decoding=\"async\" class=\"alignnone wp-image-3390 size-full\" src=\"https:\/\/www.cretoikos.com\/wp-content\/uploads\/2018\/03\/certifications-olive-oil.gif\" alt=\"Certifications d&#039;huile d&#039;olive\" width=\"470\" height=\"88\" \/><\/p>\n<p><img loading=\"lazy\" decoding=\"async\" class=\"alignnone size-full wp-image-3387\" src=\"https:\/\/www.cretoikos.com\/wp-content\/uploads\/2018\/03\/Honey-GDA.png\" alt=\"Miel GDA\" width=\"464\" height=\"86\" srcset=\"https:\/\/www.cretoikos.com\/wp-content\/uploads\/2018\/03\/Honey-GDA.png 464w, https:\/\/www.cretoikos.com\/wp-content\/uploads\/2018\/03\/Honey-GDA-300x56.png 300w, https:\/\/www.cretoikos.com\/wp-content\/uploads\/2018\/03\/Honey-GDA-450x83.png 450w\" sizes=\"auto, (max-width: 464px) 100vw, 464px\" \/><\/p>\n<p><strong>Miel de Thym Cr\u00e9tois 250gr<\/strong> \u2013 Comme son nom l\u2019indique, le miel de thym est aromatis\u00e9 au thym. Nous connaissons tous le thym pour ses utilisations culinaires, m\u00e9dicinales et ornementales. Il est pr\u00e9f\u00e9rable de cultiver le thym dans un endroit chaud et ensoleill\u00e9 avec un sol bien drain\u00e9. Il est g\u00e9n\u00e9ralement plant\u00e9 au printemps et pousse ensuite comme une plante vivace. Il peut \u00eatre multipli\u00e9 par graines, par boutures ou en divisant les sections enracin\u00e9es de la plante. Il tol\u00e8re bien la s\u00e9cheresse. Les plants de thym peuvent supporter des gel\u00e9es profondes et poussent sur les hautes terres des montagnes. Un miel de thym pur de qualit\u00e9 sup\u00e9rieure produit sur l&#039;\u00eele de Cr\u00e8te par CRETOIKOS Healthy Foods \u2013 Cr\u00e8te Gr\u00e8ce<\/p>\n<p class=\"translation-block\"><a href=\"https:\/\/www.cretoikos.com\/fr\/frais-de-livraison-et-dexpedition\/\" target=\"_self\"><strong>Exp\u00e9dition mondiale<\/strong><\/a> \u2013 nous exp\u00e9dions votre commande dans <strong>tous les pays<\/strong> du monde !<\/p>\n<h2 style=\"font-size: 20px; text-align: center;\"><a href=\"\/fr\/certifications-internationales-de-lhuile-dolive\/\"><strong>Certifications alimentaires internationales de qualit\u00e9 pour nos<\/strong> Des produits<\/a><\/h2>\n<p><a href=\"\/fr\/certifications-internationales-de-lhuile-dolive\/\"><img loading=\"lazy\" decoding=\"async\" class=\"aligncenter wp-image-13475 size-full\" src=\"https:\/\/www.cretoikos.com\/wp-content\/uploads\/2017\/12\/Quality-Food-Certifications-Lab-Certified-Healthy-Mediterranean-Foods-w800.jpg\" alt=\"Certifications alimentaires internationales de qualit\u00e9 - Aliments m\u00e9diterran\u00e9ens sains certifi\u00e9s en laboratoire\" width=\"800\" height=\"250\" srcset=\"https:\/\/www.cretoikos.com\/wp-content\/uploads\/2017\/12\/Quality-Food-Certifications-Lab-Certified-Healthy-Mediterranean-Foods-w800.jpg 800w, https:\/\/www.cretoikos.com\/wp-content\/uploads\/2017\/12\/Quality-Food-Certifications-Lab-Certified-Healthy-Mediterranean-Foods-w800-300x94.jpg 300w, https:\/\/www.cretoikos.com\/wp-content\/uploads\/2017\/12\/Quality-Food-Certifications-Lab-Certified-Healthy-Mediterranean-Foods-w800-768x240.jpg 768w, https:\/\/www.cretoikos.com\/wp-content\/uploads\/2017\/12\/Quality-Food-Certifications-Lab-Certified-Healthy-Mediterranean-Foods-w800-450x141.jpg 450w, https:\/\/www.cretoikos.com\/wp-content\/uploads\/2017\/12\/Quality-Food-Certifications-Lab-Certified-Healthy-Mediterranean-Foods-w800-780x244.jpg 780w\" sizes=\"auto, (max-width: 800px) 100vw, 800px\" \/><\/a><\/p>\n<h3 style=\"font-size: 20px; text-align: center;\"><a href=\"\/fr\/certifications-internationales-de-lhuile-dolive\/\"><strong>Produit certifi\u00e9 KOSHER Food<\/strong><\/a><\/h3>\n<p><img loading=\"lazy\" decoding=\"async\" class=\"size-full wp-image-13454 aligncenter\" src=\"https:\/\/www.cretoikos.com\/wp-content\/uploads\/2020\/07\/kosher-foods-certification-2-w220.jpg\" alt=\"Huile d&#039;olive extra vierge KOSHER Food\" width=\"173\" height=\"220\" \/><\/p>\n<h3 style=\"font-size: 20px; text-align: center;\"><a href=\"\/fr\/certifications-internationales-de-lhuile-dolive\/\"><strong>FDA (USA) \u2013 Produit certifi\u00e9 par la Food &amp; Drugs Administration<\/strong><\/a><\/h3>\n<p><img loading=\"lazy\" decoding=\"async\" class=\"size-full wp-image-13476 aligncenter\" src=\"https:\/\/www.cretoikos.com\/wp-content\/uploads\/2017\/12\/FDA-foods-certification-w220.jpg\" alt=\"Certification FDA pour aliments et m\u00e9dicaments\" width=\"163\" height=\"220\" \/><\/p>\n<p>&nbsp;<\/p>","protected":false},"excerpt":{"rendered":"<h1 style=\"font-size: 20px;\"><strong>Miel grec, miel de thym pur de Cr\u00e8te Gr\u00e8ce<\/strong><\/h1>\n<p><strong>Miel de Thym Cr\u00e9tois 250 gr<\/strong> \u2013 Une fa\u00e7on populaire de manger du miel de thym en Gr\u00e8ce est de l&#039;arroser de yaourt grec frais (connu sous le nom de \u00ab Yiaourti me Meli \u00bb : yaourt au miel), avec quelques noix dessus. On pense que le miel de thym augmente la puissance. Un \u00ab viagra naturel \u00bb dit-on ! Un miel de thym pur de qualit\u00e9 sup\u00e9rieure produit sur l&#039;\u00eele de Cr\u00e8te par CRETOIKOS Healthy Foods \u2013 Cr\u00e8te Gr\u00e8ce<\/p>\n<p class=\"translation-block\"><a href=\"https:\/\/www.cretoikos.com\/fr\/frais-de-livraison-et-dexpedition\/\" target=\"_self\"><strong>Exp\u00e9dition mondiale<\/strong><\/a> \u2013 nous exp\u00e9dions votre commande dans <strong>tous les pays<\/strong> du monde !<\/p>","protected":false},"featured_media":3477,"template":"","meta":[],"product_brand":[],"product_cat":[74],"product_tag":[130,129,121,123,127,128,126,124,125,122],"class_list":{"0":"post-2957","1":"product","2":"type-product","3":"status-publish","4":"has-post-thumbnail","6":"product_cat-honey","7":"product_tag-250gr","8":"product_tag-cretan","9":"product_tag-cretan-honey","10":"product_tag-cretan-thyme-honey","11":"product_tag-crete","12":"product_tag-greece","13":"product_tag-greek-honey","14":"product_tag-honey","15":"product_tag-pure-honey","16":"product_tag-thyme-honey","18":"first","19":"instock","20":"taxable","21":"shipping-taxable","22":"purchasable","23":"product-type-simple"},"_links":{"self":[{"href":"https:\/\/www.cretoikos.com\/fr\/wp-json\/wp\/v2\/product\/2957","targetHints":{"allow":["GET"]}}],"collection":[{"href":"https:\/\/www.cretoikos.com\/fr\/wp-json\/wp\/v2\/product"}],"about":[{"href":"https:\/\/www.cretoikos.com\/fr\/wp-json\/wp\/v2\/types\/product"}],"wp:featuredmedia":[{"embeddable":true,"href":"https:\/\/www.cretoikos.com\/fr\/wp-json\/wp\/v2\/media\/3477"}],"wp:attachment":[{"href":"https:\/\/www.cretoikos.com\/fr\/wp-json\/wp\/v2\/media?parent=2957"}],"wp:term":[{"taxonomy":"product_brand","embeddable":true,"href":"https:\/\/www.cretoikos.com\/fr\/wp-json\/wp\/v2\/product_brand?post=2957"},{"taxonomy":"product_cat","embeddable":true,"href":"https:\/\/www.cretoikos.com\/fr\/wp-json\/wp\/v2\/product_cat?post=2957"},{"taxonomy":"product_tag","embeddable":true,"href":"https:\/\/www.cretoikos.com\/fr\/wp-json\/wp\/v2\/product_tag?post=2957"}],"curies":[{"name":"wp","href":"https:\/\/api.w.org\/{rel}","templated":true}]}}