{"id":126,"date":"2017-12-10T14:34:30","date_gmt":"2017-12-10T12:34:30","guid":{"rendered":"https:\/\/www.cretoikos.com\/?post_type=product&#038;p=126"},"modified":"2024-12-15T21:43:58","modified_gmt":"2024-12-15T19:43:58","slug":"aop-site-0-3-huile-dolive-extra-vierge-500ml","status":"publish","type":"product","link":"https:\/\/www.cretoikos.com\/fr\/eshop\/olive-oil\/pdo-sitia-0-3-extra-virgin-olive-oil-500ml\/","title":{"rendered":"Huile d&#039;olive extra vierge (EVOO) Sitia AOP 0,3% bidon 500ml"},"content":{"rendered":"<h2 style=\"font-size: 20px; text-align: center;\"><strong>100% Huile d&#039;olive extra vierge grecque (EVOO) de l&#039;\u00eele de Cr\u00e8te, premi\u00e8re pression \u00e0 froid, riche en polyph\u00e9nols, antioxydants, vitamine E et propri\u00e9t\u00e9s anti-inflammatoires, pur jus d&#039;olive, sans conservateurs, nouvelle r\u00e9colte, fra\u00eechement press\u00e9e le jour m\u00eame de R\u00e9colte des olives<\/strong><\/h2>\n<p>&nbsp;<\/p>\n<p><img loading=\"lazy\" decoding=\"async\" class=\"alignnone wp-image-3390 size-full\" src=\"https:\/\/www.cretoikos.com\/wp-content\/uploads\/2018\/03\/certifications-olive-oil.gif\" alt=\"Certifications d&#039;huile d&#039;olive\" width=\"470\" height=\"88\" \/><\/p>\n<p><img loading=\"lazy\" decoding=\"async\" class=\"alignnone wp-image-3386 size-full\" src=\"https:\/\/www.cretoikos.com\/wp-content\/uploads\/2018\/03\/OliveOil-GDA.png\" alt=\"Huile d&#039;Olive GDA\" width=\"464\" height=\"86\" srcset=\"https:\/\/www.cretoikos.com\/wp-content\/uploads\/2018\/03\/OliveOil-GDA.png 464w, https:\/\/www.cretoikos.com\/wp-content\/uploads\/2018\/03\/OliveOil-GDA-300x56.png 300w, https:\/\/www.cretoikos.com\/wp-content\/uploads\/2018\/03\/OliveOil-GDA-450x83.png 450w\" sizes=\"auto, (max-width: 464px) 100vw, 464px\" \/><\/p>\n<p><strong>Huile d&#039;olive extra vierge (EVOO) Sitia AOP<\/strong> est un sup\u00e9rieur <strong>Huile d&#039;olive vierge extra<\/strong> depuis <strong>Cr\u00e8te<\/strong>, riche en antioxydants et en vitamines. Il est produit \u00e0 partir d&#039;olives cultiv\u00e9es dans le <strong>Siteia<\/strong> r\u00e9gion de l&#039;est de la Cr\u00e8te (<strong>LASITHI<\/strong> province), une r\u00e9gion mondialement reconnue pour la production d&#039;huile d&#039;olive de premi\u00e8re qualit\u00e9. Avec un ar\u00f4me discret d&#039;herbes et d&#039;herbes sauvages et une l\u00e9g\u00e8re saveur herbac\u00e9e poivr\u00e9e bien \u00e9quilibr\u00e9e, cette huile d&#039;olive extra vierge accompagnera tous vos plats frits, cuisin\u00e9s ou au four et habillera vos salades pour rehausser leur saveur et leur donner du punch.<\/p>\n<p><strong>AOP<\/strong> \u00e7a veut dire que c&#039;est un <strong>Destination d&#039;origine prot\u00e9g\u00e9e<\/strong>, <strong>EVOO<\/strong> moyens <strong>Huile d&#039;olive vierge extra<\/strong> (acidit\u00e9 tr\u00e8s faible \u2013 inf\u00e9rieure \u00e0 0,8%), ce produit poss\u00e8de sp\u00e9cifiquement un <strong>acidit\u00e9 de<\/strong> <strong>juste 0,3%<\/strong><\/p>\n<p>Nos produits \u00e0 base d&#039;huile d&#039;olive sont <strong>Certifi\u00e9 LABORATOIRE<\/strong>, pure et de qualit\u00e9 sup\u00e9rieure <strong>Huiles d&#039;olive extra vierges<\/strong> HOVE, AOP (<strong>Destination d&#039;origine prot\u00e9g\u00e9e<\/strong>) et <strong>R\u00e9compens\u00e9<\/strong> dans plusieurs <strong>Concours internationaux d&#039;huile d&#039;olive. ACHETEZ EN TOUTE CONFIANCE\u2026<\/strong><\/p>\n<div class=\"wpb_text_column wpb_content_element wpb_animate_when_almost_visible wpb_fadeInDown fadeInDown vc_custom_1585559046315 wpb_start_animation animated\">\n<div class=\"wpb_wrapper\">\n<p>Achetez uniquement des huiles d&#039;olive extra vierges pures et certifi\u00e9es en laboratoire, EVOO est la meilleure huile d&#039;olive comestible<\/p>\n<\/div>\n<\/div>\n<p>Commandez votre huile d&#039;olive grecque en ligne et \u00e9conomisez<\/p>\n<p class=\"translation-block\"><a href=\"https:\/\/www.cretoikos.com\/fr\/frais-de-livraison-et-dexpedition\/\" target=\"_self\"><strong>Exp\u00e9dition mondiale<\/strong><\/a> \u2013 nous exp\u00e9dions votre commande dans <strong>tous les pays<\/strong> du monde !<\/p>\n<p>&nbsp;<\/p>\n<h2 style=\"font-size: 20px; text-align: center;\"><a href=\"\/fr\/certifications-internationales-de-lhuile-dolive\/\"><strong>Certifications alimentaires internationales de qualit\u00e9 pour nos<\/strong> Des produits<\/a><\/h2>\n<p><a href=\"\/fr\/certifications-internationales-de-lhuile-dolive\/\"><img loading=\"lazy\" decoding=\"async\" class=\"aligncenter wp-image-13475 size-full\" src=\"https:\/\/www.cretoikos.com\/wp-content\/uploads\/2017\/12\/Quality-Food-Certifications-Lab-Certified-Healthy-Mediterranean-Foods-w800.jpg\" alt=\"Certifications alimentaires internationales de qualit\u00e9 - Aliments m\u00e9diterran\u00e9ens sains certifi\u00e9s en laboratoire\" width=\"800\" height=\"250\" srcset=\"https:\/\/www.cretoikos.com\/wp-content\/uploads\/2017\/12\/Quality-Food-Certifications-Lab-Certified-Healthy-Mediterranean-Foods-w800.jpg 800w, https:\/\/www.cretoikos.com\/wp-content\/uploads\/2017\/12\/Quality-Food-Certifications-Lab-Certified-Healthy-Mediterranean-Foods-w800-300x94.jpg 300w, https:\/\/www.cretoikos.com\/wp-content\/uploads\/2017\/12\/Quality-Food-Certifications-Lab-Certified-Healthy-Mediterranean-Foods-w800-768x240.jpg 768w, https:\/\/www.cretoikos.com\/wp-content\/uploads\/2017\/12\/Quality-Food-Certifications-Lab-Certified-Healthy-Mediterranean-Foods-w800-450x141.jpg 450w, https:\/\/www.cretoikos.com\/wp-content\/uploads\/2017\/12\/Quality-Food-Certifications-Lab-Certified-Healthy-Mediterranean-Foods-w800-780x244.jpg 780w\" sizes=\"auto, (max-width: 800px) 100vw, 800px\" \/><\/a><\/p>\n<h3 style=\"font-size: 20px; text-align: center;\"><a href=\"\/fr\/certifications-internationales-de-lhuile-dolive\/\"><strong>Produit \u00e0 base d&#039;huile d&#039;olive certifi\u00e9 KOSHER Food<\/strong><\/a><\/h3>\n<p>&nbsp;<\/p>\n<p><img loading=\"lazy\" decoding=\"async\" class=\"size-full wp-image-13454 aligncenter\" src=\"https:\/\/www.cretoikos.com\/wp-content\/uploads\/2020\/07\/kosher-foods-certification-2-w220.jpg\" alt=\"Huile d&#039;olive extra vierge KOSHER Food\" width=\"173\" height=\"220\" \/><\/p>\n<p>&nbsp;<\/p>\n<h3 style=\"font-size: 20px; text-align: center;\"><a href=\"\/fr\/certifications-internationales-de-lhuile-dolive\/\"><strong>FDA (\u00c9tats-Unis) \u2013 Produit d&#039;huile d&#039;olive certifi\u00e9 par la Food &amp; Drugs Administration<\/strong><\/a><\/h3>\n<p>&nbsp;<\/p>\n<p><img loading=\"lazy\" decoding=\"async\" class=\"size-full wp-image-13476 aligncenter\" src=\"https:\/\/www.cretoikos.com\/wp-content\/uploads\/2017\/12\/FDA-foods-certification-w220.jpg\" alt=\"Certification FDA pour aliments et m\u00e9dicaments\" width=\"163\" height=\"220\" \/><\/p>\n<p>&nbsp;<\/p>","protected":false},"excerpt":{"rendered":"<p><strong>Huile d&#039;olive extra vierge (EVOO) Sitia AOP<\/strong> \u2013 avec un ar\u00f4me discret d&#039;herbes et d&#039;herbes sauvages et une l\u00e9g\u00e8re saveur herbac\u00e9e poivr\u00e9e bien \u00e9quilibr\u00e9e, cette huile d&#039;olive extra vierge accompagnera tous vos plats frits, cuisin\u00e9s ou au four et habillera vos salades pour rehausser leur saveur et leur donner du punch.<\/p>\n<p><strong>Huile d&#039;olive extra vierge grecque de l&#039;\u00eele de Cr\u00e8te !<\/strong><\/p>\n<p class=\"translation-block\"><a href=\"https:\/\/www.cretoikos.com\/fr\/frais-de-livraison-et-dexpedition\/\" target=\"_self\"><strong>Exp\u00e9dition mondiale<\/strong><\/a> \u2013 nous exp\u00e9dions votre commande dans <strong>tous les pays<\/strong> du monde !<\/p>","protected":false},"featured_media":185,"template":"","meta":[],"product_brand":[],"product_cat":[23],"product_tag":[141,142,119,95,97,98,96,91,99,101,135,111,112,110,109],"class_list":{"0":"post-126","1":"product","2":"type-product","3":"status-publish","4":"has-post-thumbnail","6":"product_cat-olive-oil","7":"product_tag-3-extra-virgin-olive-oil","8":"product_tag-142","9":"product_tag-500ml","10":"product_tag-bottle","11":"product_tag-buy-olive-oil","12":"product_tag-buy-online","13":"product_tag-cretan-olive-oil","14":"product_tag-evoo","15":"product_tag-greek-olive-oil","16":"product_tag-olive-oil","17":"product_tag-pdo-olive-oil","18":"product_tag-pdo-sitia","19":"product_tag-pdo-sitia-olive-oil","20":"product_tag-sitia","21":"product_tag-sitia-olive-oil","23":"first","24":"instock","25":"taxable","26":"shipping-taxable","27":"purchasable","28":"product-type-simple"},"_links":{"self":[{"href":"https:\/\/www.cretoikos.com\/fr\/wp-json\/wp\/v2\/product\/126","targetHints":{"allow":["GET"]}}],"collection":[{"href":"https:\/\/www.cretoikos.com\/fr\/wp-json\/wp\/v2\/product"}],"about":[{"href":"https:\/\/www.cretoikos.com\/fr\/wp-json\/wp\/v2\/types\/product"}],"wp:featuredmedia":[{"embeddable":true,"href":"https:\/\/www.cretoikos.com\/fr\/wp-json\/wp\/v2\/media\/185"}],"wp:attachment":[{"href":"https:\/\/www.cretoikos.com\/fr\/wp-json\/wp\/v2\/media?parent=126"}],"wp:term":[{"taxonomy":"product_brand","embeddable":true,"href":"https:\/\/www.cretoikos.com\/fr\/wp-json\/wp\/v2\/product_brand?post=126"},{"taxonomy":"product_cat","embeddable":true,"href":"https:\/\/www.cretoikos.com\/fr\/wp-json\/wp\/v2\/product_cat?post=126"},{"taxonomy":"product_tag","embeddable":true,"href":"https:\/\/www.cretoikos.com\/fr\/wp-json\/wp\/v2\/product_tag?post=126"}],"curies":[{"name":"wp","href":"https:\/\/api.w.org\/{rel}","templated":true}]}}