{"id":119,"date":"2017-12-10T14:22:29","date_gmt":"2017-12-10T12:22:29","guid":{"rendered":"https:\/\/www.cretoikos.com\/?post_type=product&#038;p=119"},"modified":"2026-04-09T18:23:33","modified_gmt":"2026-04-09T15:23:33","slug":"aop-site-0-2-huile-dolive-extra-vierge-premium-gold-1lt","status":"publish","type":"product","link":"https:\/\/www.cretoikos.com\/fr\/eshop\/olive-oil\/pdo-sitia-0-2-premium-gold-extra-virgin-olive-oil-1lt\/","title":{"rendered":"Huile d&#039;olive extra vierge (EVOO) Sitia AOP 0,2%, bidon 1lt"},"content":{"rendered":"<h2 style=\"font-size: 20px; text-align: center;\"><strong>100% Huile d&#039;olive extra vierge grecque (EVOO) de l&#039;\u00eele de Cr\u00e8te, premi\u00e8re pression \u00e0 froid, riche en polyph\u00e9nols, antioxydants, vitamine E et propri\u00e9t\u00e9s anti-inflammatoires, pur jus d&#039;olive, sans conservateurs, nouvelle r\u00e9colte, fra\u00eechement press\u00e9e le jour m\u00eame de R\u00e9colte des olives<\/strong><\/h2>\n<p>&nbsp;<\/p>\n<p><img loading=\"lazy\" decoding=\"async\" class=\"alignnone wp-image-3390 size-full\" src=\"https:\/\/www.cretoikos.com\/wp-content\/uploads\/2018\/03\/certifications-olive-oil.gif\" alt=\"Certifications d&#039;huile d&#039;olive\" width=\"470\" height=\"88\" \/><\/p>\n<p><img loading=\"lazy\" decoding=\"async\" class=\"alignnone wp-image-3386 size-full\" src=\"https:\/\/www.cretoikos.com\/wp-content\/uploads\/2018\/03\/OliveOil-GDA.png\" alt=\"Huile d&#039;Olive GDA\" width=\"464\" height=\"86\" srcset=\"https:\/\/www.cretoikos.com\/wp-content\/uploads\/2018\/03\/OliveOil-GDA.png 464w, https:\/\/www.cretoikos.com\/wp-content\/uploads\/2018\/03\/OliveOil-GDA-300x56.png 300w, https:\/\/www.cretoikos.com\/wp-content\/uploads\/2018\/03\/OliveOil-GDA-450x83.png 450w\" sizes=\"auto, (max-width: 464px) 100vw, 464px\" \/><\/p>\n<p><strong>Siteia<\/strong> est un <strong>Appellation d&#039;Origine Prot\u00e9g\u00e9e<\/strong> (<strong>AOP<\/strong>) <strong>Huile d&#039;olive vierge extra<\/strong> (<strong>EVOO<\/strong>) depuis <strong>Siteia<\/strong>, \u00e0 l&#039;Est <strong>Cr\u00e8te<\/strong>. Siteia \u00e0 <strong>Lassithi<\/strong> est une r\u00e9gion de l&#039;est de la Cr\u00e8te, connue pour ses conditions climatiques id\u00e9ales qui contribuent \u00e0 la production d&#039;huile d&#039;olive extra vierge de qualit\u00e9 sup\u00e9rieure. Le processus d&#039;extraction de l&#039;huile d&#039;olive des olives est effectu\u00e9 le m\u00eame jour et \u00e0 des temp\u00e9ratures tr\u00e8s basses pour pr\u00e9server toute la bont\u00e9 du fruit et une tr\u00e8s faible acidit\u00e9. La proc\u00e9dure se d\u00e9roule sous la surveillance de superviseurs de contr\u00f4le sanitaire et avec le soutien de machines de pointe.<\/p>\n<p><strong>SITIA AOP<\/strong> \u00e7a veut dire que c&#039;est un <strong>Destination d&#039;origine prot\u00e9g\u00e9e<\/strong>, <strong>EVOO<\/strong> moyens <strong>Huile d&#039;olive vierge extra<\/strong> (acidit\u00e9 tr\u00e8s faible \u2013 inf\u00e9rieure \u00e0 0,8%), ce produit poss\u00e8de sp\u00e9cifiquement un <strong>acidit\u00e9 de<\/strong> <strong>juste 0,2%<\/strong><\/p>\n<p>Nos produits \u00e0 base d&#039;huile d&#039;olive sont <strong>Certifi\u00e9 LABORATOIRE<\/strong>, pure et de qualit\u00e9 sup\u00e9rieure <strong>Huiles d&#039;olive extra vierges<\/strong> HOVE, AOP (<strong>Destination d&#039;origine prot\u00e9g\u00e9e<\/strong>) et <strong>R\u00e9compens\u00e9<\/strong> dans plusieurs <strong>Concours internationaux d&#039;huile d&#039;olive. ACHETEZ EN TOUTE CONFIANCE\u2026<\/strong><\/p>\n<div class=\"wpb_text_column wpb_content_element wpb_animate_when_almost_visible wpb_fadeInDown fadeInDown vc_custom_1585559046315 wpb_start_animation animated\">\n<div class=\"wpb_wrapper\">\n<p>Achetez uniquement des huiles d&#039;olive extra vierges pures et certifi\u00e9es en laboratoire, EVOO est la meilleure huile d&#039;olive comestible<\/p>\n<\/div>\n<\/div>\n<p>Commandez votre huile d&#039;olive grecque en ligne et \u00e9conomisez<\/p>\n<p class=\"translation-block\"><a href=\"https:\/\/www.cretoikos.com\/fr\/frais-de-livraison-et-dexpedition\/\" target=\"_self\"><strong>Exp\u00e9dition mondiale<\/strong><\/a> \u2013 nous exp\u00e9dions votre commande dans <strong>tous les pays<\/strong> du monde !<\/p>\n<p>&nbsp;<\/p>\n<h2 style=\"font-size: 20px; text-align: center;\"><a href=\"\/fr\/certifications-internationales-de-lhuile-dolive\/\"><strong>Certifications alimentaires internationales de qualit\u00e9 pour nos<\/strong> Des produits<\/a><\/h2>\n<p><a href=\"\/fr\/certifications-internationales-de-lhuile-dolive\/\"><img loading=\"lazy\" decoding=\"async\" class=\"aligncenter wp-image-13475 size-full\" src=\"https:\/\/www.cretoikos.com\/wp-content\/uploads\/2017\/12\/Quality-Food-Certifications-Lab-Certified-Healthy-Mediterranean-Foods-w800.jpg\" alt=\"Certifications alimentaires internationales de qualit\u00e9 - Aliments m\u00e9diterran\u00e9ens sains certifi\u00e9s en laboratoire\" width=\"800\" height=\"250\" srcset=\"https:\/\/www.cretoikos.com\/wp-content\/uploads\/2017\/12\/Quality-Food-Certifications-Lab-Certified-Healthy-Mediterranean-Foods-w800.jpg 800w, https:\/\/www.cretoikos.com\/wp-content\/uploads\/2017\/12\/Quality-Food-Certifications-Lab-Certified-Healthy-Mediterranean-Foods-w800-300x94.jpg 300w, https:\/\/www.cretoikos.com\/wp-content\/uploads\/2017\/12\/Quality-Food-Certifications-Lab-Certified-Healthy-Mediterranean-Foods-w800-768x240.jpg 768w, https:\/\/www.cretoikos.com\/wp-content\/uploads\/2017\/12\/Quality-Food-Certifications-Lab-Certified-Healthy-Mediterranean-Foods-w800-450x141.jpg 450w, https:\/\/www.cretoikos.com\/wp-content\/uploads\/2017\/12\/Quality-Food-Certifications-Lab-Certified-Healthy-Mediterranean-Foods-w800-780x244.jpg 780w\" sizes=\"auto, (max-width: 800px) 100vw, 800px\" \/><\/a><\/p>\n<h3 style=\"font-size: 20px; text-align: center;\"><a href=\"\/fr\/certifications-internationales-de-lhuile-dolive\/\"><strong>Produit \u00e0 base d&#039;huile d&#039;olive certifi\u00e9 KOSHER Food<\/strong><\/a><\/h3>\n<p>&nbsp;<\/p>\n<p><img loading=\"lazy\" decoding=\"async\" class=\"size-full wp-image-13454 aligncenter\" src=\"https:\/\/www.cretoikos.com\/wp-content\/uploads\/2020\/07\/kosher-foods-certification-2-w220.jpg\" alt=\"Huile d&#039;olive extra vierge KOSHER Food\" width=\"173\" height=\"220\" \/><\/p>\n<p>&nbsp;<\/p>\n<h3 style=\"font-size: 20px; text-align: center;\"><a href=\"\/fr\/certifications-internationales-de-lhuile-dolive\/\"><strong>FDA (\u00c9tats-Unis) \u2013 Produit d&#039;huile d&#039;olive certifi\u00e9 par la Food &amp; Drugs Administration<\/strong><\/a><\/h3>\n<p>&nbsp;<\/p>\n<p><img loading=\"lazy\" decoding=\"async\" class=\"size-full wp-image-13476 aligncenter\" src=\"https:\/\/www.cretoikos.com\/wp-content\/uploads\/2017\/12\/FDA-foods-certification-w220.jpg\" alt=\"Certification FDA pour aliments et m\u00e9dicaments\" width=\"163\" height=\"220\" \/><\/p>\n<p>&nbsp;<\/p>","protected":false},"excerpt":{"rendered":"<p><strong>AOP Sitia 0,2%<\/strong> est une huile d&#039;olive extra vierge unique et fruit\u00e9e avec une acidit\u00e9 exceptionnellement faible, id\u00e9ale pour tous vos besoins culinaires. Utilisez-le dans vos pr\u00e9parations culinaires ou cru, en accompagnement de vos salades.<\/p>\n<p><strong>Huile d&#039;olive extra vierge grecque de l&#039;\u00eele de Cr\u00e8te !<\/strong><\/p>\n<p class=\"translation-block\"><a href=\"https:\/\/www.cretoikos.com\/fr\/frais-de-livraison-et-dexpedition\/\" target=\"_self\"><strong>Exp\u00e9dition mondiale<\/strong><\/a> \u2013 nous exp\u00e9dions votre commande dans <strong>tous les pays<\/strong> du monde !<\/p>","protected":false},"featured_media":184,"template":"","meta":[],"product_brand":[],"product_cat":[23],"product_tag":[118,140,141,95,97,98,96,91,99,101,135,111,112,110,109],"class_list":{"0":"post-119","1":"product","2":"type-product","3":"status-publish","4":"has-post-thumbnail","6":"product_cat-olive-oil","7":"product_tag-1lt","8":"product_tag-140","9":"product_tag-3-extra-virgin-olive-oil","10":"product_tag-bottle","11":"product_tag-buy-olive-oil","12":"product_tag-buy-online","13":"product_tag-cretan-olive-oil","14":"product_tag-evoo","15":"product_tag-greek-olive-oil","16":"product_tag-olive-oil","17":"product_tag-pdo-olive-oil","18":"product_tag-pdo-sitia","19":"product_tag-pdo-sitia-olive-oil","20":"product_tag-sitia","21":"product_tag-sitia-olive-oil","23":"first","24":"instock","25":"taxable","26":"shipping-taxable","27":"purchasable","28":"product-type-simple"},"_links":{"self":[{"href":"https:\/\/www.cretoikos.com\/fr\/wp-json\/wp\/v2\/product\/119","targetHints":{"allow":["GET"]}}],"collection":[{"href":"https:\/\/www.cretoikos.com\/fr\/wp-json\/wp\/v2\/product"}],"about":[{"href":"https:\/\/www.cretoikos.com\/fr\/wp-json\/wp\/v2\/types\/product"}],"wp:featuredmedia":[{"embeddable":true,"href":"https:\/\/www.cretoikos.com\/fr\/wp-json\/wp\/v2\/media\/184"}],"wp:attachment":[{"href":"https:\/\/www.cretoikos.com\/fr\/wp-json\/wp\/v2\/media?parent=119"}],"wp:term":[{"taxonomy":"product_brand","embeddable":true,"href":"https:\/\/www.cretoikos.com\/fr\/wp-json\/wp\/v2\/product_brand?post=119"},{"taxonomy":"product_cat","embeddable":true,"href":"https:\/\/www.cretoikos.com\/fr\/wp-json\/wp\/v2\/product_cat?post=119"},{"taxonomy":"product_tag","embeddable":true,"href":"https:\/\/www.cretoikos.com\/fr\/wp-json\/wp\/v2\/product_tag?post=119"}],"curies":[{"name":"wp","href":"https:\/\/api.w.org\/{rel}","templated":true}]}}