{"id":100,"date":"2017-12-10T13:01:13","date_gmt":"2017-12-10T11:01:13","guid":{"rendered":"https:\/\/www.cretoikos.com\/?post_type=product&#038;p=100"},"modified":"2023-12-09T19:02:08","modified_gmt":"2023-12-09T17:02:08","slug":"huile-dolive-extra-vierge-au-gout-dorigan-200ml","status":"publish","type":"product","link":"https:\/\/www.cretoikos.com\/fr\/eshop\/olive-oil-with-cretan-herbs\/extra-virgin-olive-oil-with-oregano-flavour-200ml\/","title":{"rendered":"Huile d&#039;Olive Extra Vierge (EVOO) au go\u00fbt d&#039;origan 200ml"},"content":{"rendered":"<h2 style=\"font-size: 20px; text-align: center;\"><strong>100% Huile d&#039;olive extra vierge grecque (EVOO) de l&#039;\u00eele de Cr\u00e8te, premi\u00e8re pression \u00e0 froid, riche en polyph\u00e9nols, antioxydants, vitamine E et propri\u00e9t\u00e9s anti-inflammatoires, pur jus d&#039;olive, sans conservateurs, nouvelle r\u00e9colte, fra\u00eechement press\u00e9e le jour m\u00eame de R\u00e9colte des olives<\/strong><\/h2>\n<p>&nbsp;<\/p>\n<p><img loading=\"lazy\" decoding=\"async\" class=\"alignnone wp-image-3390 size-full\" src=\"https:\/\/www.cretoikos.com\/wp-content\/uploads\/2018\/03\/certifications-olive-oil.gif\" alt=\"Certifications d&#039;huile d&#039;olive\" width=\"470\" height=\"88\" \/><\/p>\n<p><img loading=\"lazy\" decoding=\"async\" class=\"alignnone wp-image-3386 size-full\" src=\"https:\/\/www.cretoikos.com\/wp-content\/uploads\/2018\/03\/OliveOil-GDA.png\" alt=\"Huile d&#039;Olive GDA\" width=\"464\" height=\"86\" srcset=\"https:\/\/www.cretoikos.com\/wp-content\/uploads\/2018\/03\/OliveOil-GDA.png 464w, https:\/\/www.cretoikos.com\/wp-content\/uploads\/2018\/03\/OliveOil-GDA-300x56.png 300w, https:\/\/www.cretoikos.com\/wp-content\/uploads\/2018\/03\/OliveOil-GDA-450x83.png 450w\" sizes=\"auto, (max-width: 464px) 100vw, 464px\" \/><\/p>\n<p><strong>Huile d\u2019Olive Extra Vierge (EVOO) au go\u00fbt d\u2019origan 200ml \u2013 AOP Mylopotamos<\/strong> Extra Vierge est une huile d&#039;olive moyennement fruit\u00e9e r\u00e9colt\u00e9e \u00e0 la main dans la r\u00e9gion de Mylopotamos avec une saveur harmonieuse de cardon et d&#039;olives moelleuses avec une saveur l\u00e9g\u00e8rement am\u00e8re et herbac\u00e9e-origan mais agr\u00e9able et d\u00e9licate.<\/p>\n<p class=\"translation-block\"><a href=\"https:\/\/www.cretoikos.com\/fr\/frais-de-livraison-et-dexpedition\/\" target=\"_self\"><strong>Exp\u00e9dition mondiale<\/strong><\/a> \u2013 nous exp\u00e9dions votre commande dans <strong>tous les pays<\/strong> du monde !<\/p>\n<p>&nbsp;<\/p>\n<h2 style=\"font-size: 20px; text-align: center;\"><a href=\"\/fr\/certifications-internationales-de-lhuile-dolive\/\"><strong>Certifications alimentaires internationales de qualit\u00e9 pour nos<\/strong> Des produits<\/a><\/h2>\n<p><a href=\"\/fr\/certifications-internationales-de-lhuile-dolive\/\"><img loading=\"lazy\" decoding=\"async\" class=\"aligncenter wp-image-13475 size-full\" src=\"https:\/\/www.cretoikos.com\/wp-content\/uploads\/2017\/12\/Quality-Food-Certifications-Lab-Certified-Healthy-Mediterranean-Foods-w800.jpg\" alt=\"Certifications alimentaires internationales de qualit\u00e9 - Aliments m\u00e9diterran\u00e9ens sains certifi\u00e9s en laboratoire\" width=\"800\" height=\"250\" srcset=\"https:\/\/www.cretoikos.com\/wp-content\/uploads\/2017\/12\/Quality-Food-Certifications-Lab-Certified-Healthy-Mediterranean-Foods-w800.jpg 800w, https:\/\/www.cretoikos.com\/wp-content\/uploads\/2017\/12\/Quality-Food-Certifications-Lab-Certified-Healthy-Mediterranean-Foods-w800-300x94.jpg 300w, https:\/\/www.cretoikos.com\/wp-content\/uploads\/2017\/12\/Quality-Food-Certifications-Lab-Certified-Healthy-Mediterranean-Foods-w800-768x240.jpg 768w, https:\/\/www.cretoikos.com\/wp-content\/uploads\/2017\/12\/Quality-Food-Certifications-Lab-Certified-Healthy-Mediterranean-Foods-w800-450x141.jpg 450w, https:\/\/www.cretoikos.com\/wp-content\/uploads\/2017\/12\/Quality-Food-Certifications-Lab-Certified-Healthy-Mediterranean-Foods-w800-780x244.jpg 780w\" sizes=\"auto, (max-width: 800px) 100vw, 800px\" \/><\/a><br \/>\n&nbsp;<\/p>\n<h3 style=\"font-size: 20px; text-align: center;\"><a href=\"\/fr\/certifications-internationales-de-lhuile-dolive\/\"><strong>Produit \u00e0 base d&#039;huile d&#039;olive certifi\u00e9 KOSHER Food<\/strong><\/a><\/h3>\n<p>&nbsp;<\/p>\n<p><img loading=\"lazy\" decoding=\"async\" class=\"size-full wp-image-13454 aligncenter\" src=\"https:\/\/www.cretoikos.com\/wp-content\/uploads\/2020\/07\/kosher-foods-certification-2-w220.jpg\" alt=\"Huile d&#039;olive extra vierge KOSHER Food\" width=\"173\" height=\"220\" \/><\/p>\n<p>&nbsp;<\/p>\n<h3 style=\"font-size: 20px; text-align: center;\"><a href=\"\/fr\/certifications-internationales-de-lhuile-dolive\/\"><strong>FDA (\u00c9tats-Unis) \u2013 Produit d&#039;huile d&#039;olive certifi\u00e9 par la Food &amp; Drugs Administration<\/strong><\/a><\/h3>\n<p>&nbsp;<\/p>\n<p><img loading=\"lazy\" decoding=\"async\" class=\"size-full wp-image-13476 aligncenter\" src=\"https:\/\/www.cretoikos.com\/wp-content\/uploads\/2017\/12\/FDA-foods-certification-w220.jpg\" alt=\"Certification FDA pour aliments et m\u00e9dicaments\" width=\"163\" height=\"220\" \/><\/p>\n<p>&nbsp;<\/p>","protected":false},"excerpt":{"rendered":"<p><strong>Huile d&#039;olive extra vierge aromatis\u00e9e \u00e0 l&#039;origan<\/strong>, Destination d&#039;origine prot\u00e9g\u00e9e (<strong>AOP<\/strong>) Nord <strong>Mylopotamos R\u00e9thymnon Cr\u00e8te<\/strong>.<\/p>\n<p><strong>Huile d&#039;olive extra vierge grecque<\/strong>!<\/p>\n<p class=\"translation-block\"><a href=\"https:\/\/www.cretoikos.com\/fr\/frais-de-livraison-et-dexpedition\/\" target=\"_self\"><strong>Exp\u00e9dition mondiale<\/strong><\/a> \u2013 nous exp\u00e9dions votre commande dans <strong>tous les pays<\/strong> du monde !<\/p>","protected":false},"featured_media":157,"template":"","meta":[],"product_brand":[],"product_cat":[24],"product_tag":[94,141,95,97,98,96,91,132,137,99,139,101,105,133],"class_list":{"0":"post-100","1":"product","2":"type-product","3":"status-publish","4":"has-post-thumbnail","6":"product_cat-olive-oil-with-cretan-herbs","7":"product_tag-200ml","8":"product_tag-3-extra-virgin-olive-oil","9":"product_tag-bottle","10":"product_tag-buy-olive-oil","11":"product_tag-buy-online","12":"product_tag-cretan-olive-oil","13":"product_tag-evoo","14":"product_tag-flavour","15":"product_tag-flavour-infused-olive-oil","16":"product_tag-greek-olive-oil","17":"product_tag-infused-olive-oil","18":"product_tag-olive-oil","19":"product_tag-oregano","20":"product_tag-oregano-flavour","22":"first","23":"instock","24":"taxable","25":"shipping-taxable","26":"purchasable","27":"product-type-simple"},"_links":{"self":[{"href":"https:\/\/www.cretoikos.com\/fr\/wp-json\/wp\/v2\/product\/100","targetHints":{"allow":["GET"]}}],"collection":[{"href":"https:\/\/www.cretoikos.com\/fr\/wp-json\/wp\/v2\/product"}],"about":[{"href":"https:\/\/www.cretoikos.com\/fr\/wp-json\/wp\/v2\/types\/product"}],"wp:featuredmedia":[{"embeddable":true,"href":"https:\/\/www.cretoikos.com\/fr\/wp-json\/wp\/v2\/media\/157"}],"wp:attachment":[{"href":"https:\/\/www.cretoikos.com\/fr\/wp-json\/wp\/v2\/media?parent=100"}],"wp:term":[{"taxonomy":"product_brand","embeddable":true,"href":"https:\/\/www.cretoikos.com\/fr\/wp-json\/wp\/v2\/product_brand?post=100"},{"taxonomy":"product_cat","embeddable":true,"href":"https:\/\/www.cretoikos.com\/fr\/wp-json\/wp\/v2\/product_cat?post=100"},{"taxonomy":"product_tag","embeddable":true,"href":"https:\/\/www.cretoikos.com\/fr\/wp-json\/wp\/v2\/product_tag?post=100"}],"curies":[{"name":"wp","href":"https:\/\/api.w.org\/{rel}","templated":true}]}}