{"id":91,"date":"2017-12-10T12:12:56","date_gmt":"2017-12-10T10:12:56","guid":{"rendered":"https:\/\/www.cretoikos.com\/?post_type=product&#038;p=91"},"modified":"2023-12-09T19:02:39","modified_gmt":"2023-12-09T17:02:39","slug":"neitsytoliivioljy-kreetalaisilla-yrteilla-100ml","status":"publish","type":"product","link":"https:\/\/www.cretoikos.com\/fi\/eshop\/olive-oil-with-cretan-herbs\/virgin-olive-oil-with-cretan-herbs-100ml\/","title":{"rendered":"Ekstra-neitsytoliivi\u00f6ljy (EVOO) kreetalaisilla yrteill\u00e4 100 ml"},"content":{"rendered":"<h2 style=\"font-size: 20px; text-align: center;\"><strong>100% kreikkalainen ekstraneitsytoliivi\u00f6ljy (EVOO) Kreetan saarelta, ensimm\u00e4inen kylm\u00e4puristettu, runsaasti polyfenoleja, antioksidantteja, E-vitamiinia ja tulehdusta ehk\u00e4isevi\u00e4 ominaisuuksia, puhdasta oliivihedelm\u00e4mehua, ei s\u00e4il\u00f6nt\u00e4aineita, uusi sato, vastapuristettu samana p\u00e4iv\u00e4n\u00e4 Oliivien sato<\/strong><\/h2>\n<p>&nbsp;<\/p>\n<p><img loading=\"lazy\" decoding=\"async\" class=\"alignnone wp-image-3390 size-full\" src=\"https:\/\/www.cretoikos.com\/wp-content\/uploads\/2018\/03\/certifications-olive-oil.gif\" alt=\"Oliivi\u00f6ljyn sertifikaatit\" width=\"470\" height=\"88\" \/><\/p>\n<p><img loading=\"lazy\" decoding=\"async\" class=\"alignnone wp-image-3386 size-full\" src=\"https:\/\/www.cretoikos.com\/wp-content\/uploads\/2018\/03\/OliveOil-GDA.png\" alt=\"Oliivi\u00f6ljyn GDA\" width=\"464\" height=\"86\" srcset=\"https:\/\/www.cretoikos.com\/wp-content\/uploads\/2018\/03\/OliveOil-GDA.png 464w, https:\/\/www.cretoikos.com\/wp-content\/uploads\/2018\/03\/OliveOil-GDA-300x56.png 300w, https:\/\/www.cretoikos.com\/wp-content\/uploads\/2018\/03\/OliveOil-GDA-450x83.png 450w\" sizes=\"auto, (max-width: 464px) 100vw, 464px\" \/><\/p>\n<p><strong>Ekstra-neitsytoliivi\u00f6ljy (EVOO) kreetalaisilla yrteill\u00e4 100 ml<\/strong> \u2013 Kreikkalaiset ekstraneitsytoliivi\u00f6ljyt, jotka on tuoksuttu luonnollisesti erilaisilla yrteill\u00e4 (tuore tai kuivattu), mausteet ja sitrushedelm\u00e4t. Niit\u00e4 voidaan k\u00e4ytt\u00e4\u00e4 p\u00e4\u00e4ruokina, t\u00e4ydellisesti pienten pullien tai korppujen kanssa ja ne voivat korvata voin aterian alussa.<\/p>\n<p class=\"translation-block\"><a href=\"https:\/\/www.cretoikos.com\/fi\/toimitus-ja-toimituskulut\/\" target=\"_self\"><strong>Maailmanlaajuinen toimitus<\/strong><\/a> \u2013 toimitamme tilauksesi <strong>kaikkiin maihin<\/strong> , maailmanlaajuisesti!<\/p>\n<p>&nbsp;<\/p>\n<h2 style=\"font-size: 20px; text-align: center;\"><a href=\"\/fi\/kansainvaliset-oliivioljysertifikaatit\/\"><strong>Kansainv\u00e4liset elintarvikelaatusertifikaatit meille<\/strong> Tuotteet<\/a><\/h2>\n<p><a href=\"\/fi\/kansainvaliset-oliivioljysertifikaatit\/\"><img loading=\"lazy\" decoding=\"async\" class=\"aligncenter wp-image-13475 size-full\" src=\"https:\/\/www.cretoikos.com\/wp-content\/uploads\/2017\/12\/Quality-Food-Certifications-Lab-Certified-Healthy-Mediterranean-Foods-w800.jpg\" alt=\"Kansainv\u00e4liset laatuelintarvikkeiden sertifikaatit \u2013 Laboratoriosertifioidut terveelliset v\u00e4limerelliset ruoat\" width=\"800\" height=\"250\" srcset=\"https:\/\/www.cretoikos.com\/wp-content\/uploads\/2017\/12\/Quality-Food-Certifications-Lab-Certified-Healthy-Mediterranean-Foods-w800.jpg 800w, https:\/\/www.cretoikos.com\/wp-content\/uploads\/2017\/12\/Quality-Food-Certifications-Lab-Certified-Healthy-Mediterranean-Foods-w800-300x94.jpg 300w, https:\/\/www.cretoikos.com\/wp-content\/uploads\/2017\/12\/Quality-Food-Certifications-Lab-Certified-Healthy-Mediterranean-Foods-w800-768x240.jpg 768w, https:\/\/www.cretoikos.com\/wp-content\/uploads\/2017\/12\/Quality-Food-Certifications-Lab-Certified-Healthy-Mediterranean-Foods-w800-450x141.jpg 450w, https:\/\/www.cretoikos.com\/wp-content\/uploads\/2017\/12\/Quality-Food-Certifications-Lab-Certified-Healthy-Mediterranean-Foods-w800-780x244.jpg 780w\" sizes=\"auto, (max-width: 800px) 100vw, 800px\" \/><\/a><br \/>\n&nbsp;<\/p>\n<h3 style=\"font-size: 20px; text-align: center;\"><a href=\"\/fi\/kansainvaliset-oliivioljysertifikaatit\/\"><strong>KOSHER Food -sertifioitu oliivi\u00f6ljytuote<\/strong><\/a><\/h3>\n<p>&nbsp;<\/p>\n<p><img loading=\"lazy\" decoding=\"async\" class=\"size-full wp-image-13454 aligncenter\" src=\"https:\/\/www.cretoikos.com\/wp-content\/uploads\/2020\/07\/kosher-foods-certification-2-w220.jpg\" alt=\"KOSHER Food Extra Virgin -oliivi\u00f6ljy\" width=\"173\" height=\"220\" \/><\/p>\n<p>&nbsp;<\/p>\n<h3 style=\"font-size: 20px; text-align: center;\"><a href=\"\/fi\/kansainvaliset-oliivioljysertifikaatit\/\"><strong>FDA (USA) \u2013 Food &amp; Drugs Administrationin sertifioima oliivi\u00f6ljytuote<\/strong><\/a><\/h3>\n<p>&nbsp;<\/p>\n<p><img loading=\"lazy\" decoding=\"async\" class=\"size-full wp-image-13476 aligncenter\" src=\"https:\/\/www.cretoikos.com\/wp-content\/uploads\/2017\/12\/FDA-foods-certification-w220.jpg\" alt=\"FDA Food &amp; Drugs -sertifikaatti\" width=\"163\" height=\"220\" \/><\/p>\n<p>&nbsp;<\/p>","protected":false},"excerpt":{"rendered":"<p><strong>Kreikkalainen ekstraneitsytoliivi\u00f6ljy!<\/strong><\/p>\n<p><strong>Ekstra-neitsytoliivi\u00f6ljy (EVOO) kreetalaisilla yrteill\u00e4 100 ml<\/strong> \u2013 Niit\u00e4 voidaan k\u00e4ytt\u00e4\u00e4 p\u00e4\u00e4ruokina, t\u00e4ydellisesti pienten s\u00e4mpyl\u00f6iden tai korppujen kanssa ja ne voivat korvata voita aterian alussa.<\/p>\n<p class=\"translation-block\"><a href=\"https:\/\/www.cretoikos.com\/fi\/toimitus-ja-toimituskulut\/\" target=\"_self\"><strong>Maailmanlaajuinen toimitus<\/strong><\/a> \u2013 toimitamme tilauksesi <strong>kaikkiin maihin<\/strong> , maailmanlaajuisesti!<\/p>\n<p>&nbsp;<\/p>","protected":false},"featured_media":161,"template":"","meta":[],"product_brand":[],"product_cat":[24],"product_tag":[103,141,95,97,98,100,138,96,91,132,137,99,139,101],"class_list":{"0":"post-91","1":"product","2":"type-product","3":"status-publish","4":"has-post-thumbnail","6":"product_cat-olive-oil-with-cretan-herbs","7":"product_tag-100ml","8":"product_tag-3-extra-virgin-olive-oil","9":"product_tag-bottle","10":"product_tag-buy-olive-oil","11":"product_tag-buy-online","12":"product_tag-chili","13":"product_tag-cretan-herbs-flavour","14":"product_tag-cretan-olive-oil","15":"product_tag-evoo","16":"product_tag-flavour","17":"product_tag-flavour-infused-olive-oil","18":"product_tag-greek-olive-oil","19":"product_tag-infused-olive-oil","20":"product_tag-olive-oil","22":"first","23":"instock","24":"taxable","25":"shipping-taxable","26":"purchasable","27":"product-type-simple"},"_links":{"self":[{"href":"https:\/\/www.cretoikos.com\/fi\/wp-json\/wp\/v2\/product\/91","targetHints":{"allow":["GET"]}}],"collection":[{"href":"https:\/\/www.cretoikos.com\/fi\/wp-json\/wp\/v2\/product"}],"about":[{"href":"https:\/\/www.cretoikos.com\/fi\/wp-json\/wp\/v2\/types\/product"}],"wp:featuredmedia":[{"embeddable":true,"href":"https:\/\/www.cretoikos.com\/fi\/wp-json\/wp\/v2\/media\/161"}],"wp:attachment":[{"href":"https:\/\/www.cretoikos.com\/fi\/wp-json\/wp\/v2\/media?parent=91"}],"wp:term":[{"taxonomy":"product_brand","embeddable":true,"href":"https:\/\/www.cretoikos.com\/fi\/wp-json\/wp\/v2\/product_brand?post=91"},{"taxonomy":"product_cat","embeddable":true,"href":"https:\/\/www.cretoikos.com\/fi\/wp-json\/wp\/v2\/product_cat?post=91"},{"taxonomy":"product_tag","embeddable":true,"href":"https:\/\/www.cretoikos.com\/fi\/wp-json\/wp\/v2\/product_tag?post=91"}],"curies":[{"name":"wp","href":"https:\/\/api.w.org\/{rel}","templated":true}]}}