{"id":2957,"date":"2018-02-02T09:15:38","date_gmt":"2018-02-02T07:15:38","guid":{"rendered":"https:\/\/www.cretoikos.com\/?post_type=product&#038;p=2957"},"modified":"2026-03-03T09:35:26","modified_gmt":"2026-03-03T07:35:26","slug":"timjami-hunaja-250-ml","status":"publish","type":"product","link":"https:\/\/www.cretoikos.com\/fi\/eshop\/honey\/thyme-honey-250-ml\/","title":{"rendered":"Timjami Hunaja 250g \u2013 Puhdasta kreetalaista hunajaa \u2013 Kreeta Kreikka"},"content":{"rendered":"<p><img loading=\"lazy\" decoding=\"async\" class=\"alignnone wp-image-3390 size-full\" src=\"https:\/\/www.cretoikos.com\/wp-content\/uploads\/2018\/03\/certifications-olive-oil.gif\" alt=\"Oliivi\u00f6ljyn sertifikaatit\" width=\"470\" height=\"88\" \/><\/p>\n<p><img loading=\"lazy\" decoding=\"async\" class=\"alignnone size-full wp-image-3387\" src=\"https:\/\/www.cretoikos.com\/wp-content\/uploads\/2018\/03\/Honey-GDA.png\" alt=\"Hunaja GDA\" width=\"464\" height=\"86\" srcset=\"https:\/\/www.cretoikos.com\/wp-content\/uploads\/2018\/03\/Honey-GDA.png 464w, https:\/\/www.cretoikos.com\/wp-content\/uploads\/2018\/03\/Honey-GDA-300x56.png 300w, https:\/\/www.cretoikos.com\/wp-content\/uploads\/2018\/03\/Honey-GDA-450x83.png 450w\" sizes=\"auto, (max-width: 464px) 100vw, 464px\" \/><\/p>\n<p><strong>Kreetalainen timjami hunaja 250 gr<\/strong> \u2013 Kuten nimi sanoo, timjamihunaja on maustettu timjamilla. Me kaikki tunnemme timjamin sen kulinaarisista, l\u00e4\u00e4ketieteellisist\u00e4 ja koristeellisista k\u00e4ytt\u00f6tavoista. Timjamia on parasta viljell\u00e4 kuumassa, aurinkoisessa paikassa, jossa on hyvin kuivattu maa. Se istutetaan yleens\u00e4 kev\u00e4\u00e4ll\u00e4, ja sen j\u00e4lkeen se kasvaa monivuotiseksi. Sit\u00e4 voidaan lis\u00e4t\u00e4 siemenill\u00e4, pistokkailla tai jakamalla juurtuneet kasvin osat. Se siet\u00e4\u00e4 hyvin kuivuutta. Timjamikasvit kest\u00e4v\u00e4t syv\u00e4\u00e4 j\u00e4\u00e4tymist\u00e4, ja ne kasvavat vuoriston yl\u00e4ng\u00f6ill\u00e4. Korkealaatuinen puhdas timjamihunaja, jota tuottaa Kreetan saarella CRETOIKOS Healthy Foods \u2013 Kreeta Kreikka<\/p>\n<p class=\"translation-block\"><a href=\"https:\/\/www.cretoikos.com\/fi\/toimitus-ja-toimituskulut\/\" target=\"_self\"><strong>Maailmanlaajuinen toimitus<\/strong><\/a> \u2013 toimitamme tilauksesi <strong>kaikkiin maihin<\/strong> , maailmanlaajuisesti!<\/p>\n<h2 style=\"font-size: 20px; text-align: center;\"><a href=\"\/fi\/kansainvaliset-oliivioljysertifikaatit\/\"><strong>Kansainv\u00e4liset elintarvikelaatusertifikaatit meille<\/strong> Tuotteet<\/a><\/h2>\n<p><a href=\"\/fi\/kansainvaliset-oliivioljysertifikaatit\/\"><img loading=\"lazy\" decoding=\"async\" class=\"aligncenter wp-image-13475 size-full\" src=\"https:\/\/www.cretoikos.com\/wp-content\/uploads\/2017\/12\/Quality-Food-Certifications-Lab-Certified-Healthy-Mediterranean-Foods-w800.jpg\" alt=\"Kansainv\u00e4liset laatuelintarvikkeiden sertifikaatit \u2013 Laboratoriosertifioidut terveelliset v\u00e4limerelliset ruoat\" width=\"800\" height=\"250\" srcset=\"https:\/\/www.cretoikos.com\/wp-content\/uploads\/2017\/12\/Quality-Food-Certifications-Lab-Certified-Healthy-Mediterranean-Foods-w800.jpg 800w, https:\/\/www.cretoikos.com\/wp-content\/uploads\/2017\/12\/Quality-Food-Certifications-Lab-Certified-Healthy-Mediterranean-Foods-w800-300x94.jpg 300w, https:\/\/www.cretoikos.com\/wp-content\/uploads\/2017\/12\/Quality-Food-Certifications-Lab-Certified-Healthy-Mediterranean-Foods-w800-768x240.jpg 768w, https:\/\/www.cretoikos.com\/wp-content\/uploads\/2017\/12\/Quality-Food-Certifications-Lab-Certified-Healthy-Mediterranean-Foods-w800-450x141.jpg 450w, https:\/\/www.cretoikos.com\/wp-content\/uploads\/2017\/12\/Quality-Food-Certifications-Lab-Certified-Healthy-Mediterranean-Foods-w800-780x244.jpg 780w\" sizes=\"auto, (max-width: 800px) 100vw, 800px\" \/><\/a><\/p>\n<h3 style=\"font-size: 20px; text-align: center;\"><a href=\"\/fi\/kansainvaliset-oliivioljysertifikaatit\/\"><strong>KOSHER Food -sertifioitu tuote<\/strong><\/a><\/h3>\n<p><img loading=\"lazy\" decoding=\"async\" class=\"size-full wp-image-13454 aligncenter\" src=\"https:\/\/www.cretoikos.com\/wp-content\/uploads\/2020\/07\/kosher-foods-certification-2-w220.jpg\" alt=\"KOSHER Food Extra Virgin -oliivi\u00f6ljy\" width=\"173\" height=\"220\" \/><\/p>\n<h3 style=\"font-size: 20px; text-align: center;\"><a href=\"\/fi\/kansainvaliset-oliivioljysertifikaatit\/\"><strong>FDA (USA) \u2013 Food &amp; Drugs Administrationin sertifioitu tuote<\/strong><\/a><\/h3>\n<p><img loading=\"lazy\" decoding=\"async\" class=\"size-full wp-image-13476 aligncenter\" src=\"https:\/\/www.cretoikos.com\/wp-content\/uploads\/2017\/12\/FDA-foods-certification-w220.jpg\" alt=\"FDA Food &amp; Drugs -sertifikaatti\" width=\"163\" height=\"220\" \/><\/p>\n<p>&nbsp;<\/p>","protected":false},"excerpt":{"rendered":"<h1 style=\"font-size: 20px;\"><strong>Kreikkalainen hunaja, puhdas timjami Hunaja Kreetalta Kreikasta<\/strong><\/h1>\n<p><strong>Kreetalainen timjami hunaja 250 gr<\/strong> \u2013 Suosittu tapa sy\u00f6d\u00e4 timjamihunajaa Kreikassa on ripaus tuoreen kreikkalaisen jogurtin p\u00e4\u00e4lle (tunnetaan nimell\u00e4 &quot;Yiaourti me Meli&quot;: hunajajogurtti) ja p\u00e4\u00e4lle muutama p\u00e4hkin\u00e4. Timjamihunajan uskotaan lis\u00e4\u00e4v\u00e4n tehoa. &quot;Luonnollinen viagra&quot;, he sanovat! Korkealaatuinen puhdas timjamihunaja, jota tuottaa Kreetan saarella CRETOIKOS Healthy Foods \u2013 Kreeta Kreikka<\/p>\n<p class=\"translation-block\"><a href=\"https:\/\/www.cretoikos.com\/fi\/toimitus-ja-toimituskulut\/\" target=\"_self\"><strong>Maailmanlaajuinen toimitus<\/strong><\/a> \u2013 toimitamme tilauksesi <strong>kaikkiin maihin<\/strong> , maailmanlaajuisesti!<\/p>","protected":false},"featured_media":3477,"template":"","meta":[],"product_brand":[],"product_cat":[74],"product_tag":[130,129,121,123,127,128,126,124,125,122],"class_list":{"0":"post-2957","1":"product","2":"type-product","3":"status-publish","4":"has-post-thumbnail","6":"product_cat-honey","7":"product_tag-250gr","8":"product_tag-cretan","9":"product_tag-cretan-honey","10":"product_tag-cretan-thyme-honey","11":"product_tag-crete","12":"product_tag-greece","13":"product_tag-greek-honey","14":"product_tag-honey","15":"product_tag-pure-honey","16":"product_tag-thyme-honey","18":"first","19":"instock","20":"taxable","21":"shipping-taxable","22":"purchasable","23":"product-type-simple"},"_links":{"self":[{"href":"https:\/\/www.cretoikos.com\/fi\/wp-json\/wp\/v2\/product\/2957","targetHints":{"allow":["GET"]}}],"collection":[{"href":"https:\/\/www.cretoikos.com\/fi\/wp-json\/wp\/v2\/product"}],"about":[{"href":"https:\/\/www.cretoikos.com\/fi\/wp-json\/wp\/v2\/types\/product"}],"wp:featuredmedia":[{"embeddable":true,"href":"https:\/\/www.cretoikos.com\/fi\/wp-json\/wp\/v2\/media\/3477"}],"wp:attachment":[{"href":"https:\/\/www.cretoikos.com\/fi\/wp-json\/wp\/v2\/media?parent=2957"}],"wp:term":[{"taxonomy":"product_brand","embeddable":true,"href":"https:\/\/www.cretoikos.com\/fi\/wp-json\/wp\/v2\/product_brand?post=2957"},{"taxonomy":"product_cat","embeddable":true,"href":"https:\/\/www.cretoikos.com\/fi\/wp-json\/wp\/v2\/product_cat?post=2957"},{"taxonomy":"product_tag","embeddable":true,"href":"https:\/\/www.cretoikos.com\/fi\/wp-json\/wp\/v2\/product_tag?post=2957"}],"curies":[{"name":"wp","href":"https:\/\/api.w.org\/{rel}","templated":true}]}}