{"id":119,"date":"2017-12-10T14:22:29","date_gmt":"2017-12-10T12:22:29","guid":{"rendered":"https:\/\/www.cretoikos.com\/?post_type=product&#038;p=119"},"modified":"2026-04-09T18:23:33","modified_gmt":"2026-04-09T15:23:33","slug":"pdo-sitia-0-2-premium-gold-extra-virgin-oliivioljy-1lt","status":"publish","type":"product","link":"https:\/\/www.cretoikos.com\/fi\/eshop\/olive-oil\/pdo-sitia-0-2-premium-gold-extra-virgin-olive-oil-1lt\/","title":{"rendered":"Sitia SAN Extra Virgin oliivi\u00f6ljy (EVOO) 0,2%, kanisteri 1lt"},"content":{"rendered":"<h2 style=\"font-size: 20px; text-align: center;\"><strong>100% kreikkalainen ekstraneitsytoliivi\u00f6ljy (EVOO) Kreetan saarelta, ensimm\u00e4inen kylm\u00e4puristettu, runsaasti polyfenoleja, antioksidantteja, E-vitamiinia ja tulehdusta ehk\u00e4isevi\u00e4 ominaisuuksia, puhdasta oliivihedelm\u00e4mehua, ei s\u00e4il\u00f6nt\u00e4aineita, uusi sato, vastapuristettu samana p\u00e4iv\u00e4n\u00e4 Oliivien sato<\/strong><\/h2>\n<p>&nbsp;<\/p>\n<p><img loading=\"lazy\" decoding=\"async\" class=\"alignnone wp-image-3390 size-full\" src=\"https:\/\/www.cretoikos.com\/wp-content\/uploads\/2018\/03\/certifications-olive-oil.gif\" alt=\"Oliivi\u00f6ljyn sertifikaatit\" width=\"470\" height=\"88\" \/><\/p>\n<p><img loading=\"lazy\" decoding=\"async\" class=\"alignnone wp-image-3386 size-full\" src=\"https:\/\/www.cretoikos.com\/wp-content\/uploads\/2018\/03\/OliveOil-GDA.png\" alt=\"Oliivi\u00f6ljyn GDA\" width=\"464\" height=\"86\" srcset=\"https:\/\/www.cretoikos.com\/wp-content\/uploads\/2018\/03\/OliveOil-GDA.png 464w, https:\/\/www.cretoikos.com\/wp-content\/uploads\/2018\/03\/OliveOil-GDA-300x56.png 300w, https:\/\/www.cretoikos.com\/wp-content\/uploads\/2018\/03\/OliveOil-GDA-450x83.png 450w\" sizes=\"auto, (max-width: 464px) 100vw, 464px\" \/><\/p>\n<p><strong>Sitia<\/strong> on <strong>Suojattu alkuper\u00e4nimitys<\/strong> (<strong>SAN<\/strong>) <strong>Ekstra neitsyt-oliivi\u00f6ljy<\/strong> (<strong>EVOO<\/strong>) alkaen <strong>Sitia<\/strong>, id\u00e4ss\u00e4 <strong>Kreeta<\/strong>. Sitia sis\u00e4\u00e4n <strong>Lasithi<\/strong> on It\u00e4-Kreetan alue, joka tunnetaan ihanteellisista ilmasto-oloistaan, jotka edist\u00e4v\u00e4t korkealaatuisen ekstra-neitsytoliivi\u00f6ljyn tuotantoa. Oliivi\u00f6ljyn uuttaminen oliivin hedelmist\u00e4 suoritetaan samana p\u00e4iv\u00e4n\u00e4 ja eritt\u00e4in alhaisissa l\u00e4mp\u00f6tiloissa, jotta kaikki hedelm\u00e4t s\u00e4ilyisiv\u00e4t hyvyyden ja eritt\u00e4in alhaisen happamuuden vuoksi. Toimenpide tapahtuu terveysvalvonnan ohjaajien alaisuudessa ja huippuluokan koneiston tuella.<\/p>\n<p><strong>SITIA SAN<\/strong> tarkoittaa sen a <strong>Suojattu alkuper\u00e4kohde<\/strong>, <strong>EVOO<\/strong> tarkoittaa <strong>Ekstra neitsyt-oliivi\u00f6ljy<\/strong> (eritt\u00e4in alhainen happamuus \u2013 alle 0,8%), t\u00e4ll\u00e4 tuotteella on erityisesti <strong>happamuus<\/strong> <strong>vain 0,21 TP3T<\/strong><\/p>\n<p>Oliivi\u00f6ljytuotteemme ovat <strong>LABORATORIO Sertifioitu<\/strong>, puhdas, korkealaatuinen <strong>Ekstra-neitsytoliivi\u00f6ljyt<\/strong> EVOO, SAN (<strong>Suojattu alkuper\u00e4kohde<\/strong>) ja <strong>Palkittiin<\/strong> useissa <strong>Kansainv\u00e4liset oliivi\u00f6ljykilpailut. OSTA LUOTTAMALLA\u2026<\/strong><\/p>\n<div class=\"wpb_text_column wpb_content_element wpb_animate_when_almost_visible wpb_fadeInDown fadeInDown vc_custom_1585559046315 wpb_start_animation animated\">\n<div class=\"wpb_wrapper\">\n<p>Osta vain puhtaita, Lab-sertifioituja ekstraneitsytoliivi\u00f6ljyj\u00e4, EVOO on paras sy\u00f6t\u00e4v\u00e4 oliivi\u00f6ljy<\/p>\n<\/div>\n<\/div>\n<p>Tilaa kreikkalainen oliivi\u00f6ljy verkosta ja s\u00e4\u00e4st\u00e4<\/p>\n<p class=\"translation-block\"><a href=\"https:\/\/www.cretoikos.com\/fi\/toimitus-ja-toimituskulut\/\" target=\"_self\"><strong>Maailmanlaajuinen toimitus<\/strong><\/a> \u2013 toimitamme tilauksesi <strong>kaikkiin maihin<\/strong> , maailmanlaajuisesti!<\/p>\n<p>&nbsp;<\/p>\n<h2 style=\"font-size: 20px; text-align: center;\"><a href=\"\/fi\/kansainvaliset-oliivioljysertifikaatit\/\"><strong>Kansainv\u00e4liset elintarvikelaatusertifikaatit meille<\/strong> Tuotteet<\/a><\/h2>\n<p><a href=\"\/fi\/kansainvaliset-oliivioljysertifikaatit\/\"><img loading=\"lazy\" decoding=\"async\" class=\"aligncenter wp-image-13475 size-full\" src=\"https:\/\/www.cretoikos.com\/wp-content\/uploads\/2017\/12\/Quality-Food-Certifications-Lab-Certified-Healthy-Mediterranean-Foods-w800.jpg\" alt=\"Kansainv\u00e4liset laatuelintarvikkeiden sertifikaatit \u2013 Laboratoriosertifioidut terveelliset v\u00e4limerelliset ruoat\" width=\"800\" height=\"250\" srcset=\"https:\/\/www.cretoikos.com\/wp-content\/uploads\/2017\/12\/Quality-Food-Certifications-Lab-Certified-Healthy-Mediterranean-Foods-w800.jpg 800w, https:\/\/www.cretoikos.com\/wp-content\/uploads\/2017\/12\/Quality-Food-Certifications-Lab-Certified-Healthy-Mediterranean-Foods-w800-300x94.jpg 300w, https:\/\/www.cretoikos.com\/wp-content\/uploads\/2017\/12\/Quality-Food-Certifications-Lab-Certified-Healthy-Mediterranean-Foods-w800-768x240.jpg 768w, https:\/\/www.cretoikos.com\/wp-content\/uploads\/2017\/12\/Quality-Food-Certifications-Lab-Certified-Healthy-Mediterranean-Foods-w800-450x141.jpg 450w, https:\/\/www.cretoikos.com\/wp-content\/uploads\/2017\/12\/Quality-Food-Certifications-Lab-Certified-Healthy-Mediterranean-Foods-w800-780x244.jpg 780w\" sizes=\"auto, (max-width: 800px) 100vw, 800px\" \/><\/a><\/p>\n<h3 style=\"font-size: 20px; text-align: center;\"><a href=\"\/fi\/kansainvaliset-oliivioljysertifikaatit\/\"><strong>KOSHER Food -sertifioitu oliivi\u00f6ljytuote<\/strong><\/a><\/h3>\n<p>&nbsp;<\/p>\n<p><img loading=\"lazy\" decoding=\"async\" class=\"size-full wp-image-13454 aligncenter\" src=\"https:\/\/www.cretoikos.com\/wp-content\/uploads\/2020\/07\/kosher-foods-certification-2-w220.jpg\" alt=\"KOSHER Food Extra Virgin -oliivi\u00f6ljy\" width=\"173\" height=\"220\" \/><\/p>\n<p>&nbsp;<\/p>\n<h3 style=\"font-size: 20px; text-align: center;\"><a href=\"\/fi\/kansainvaliset-oliivioljysertifikaatit\/\"><strong>FDA (USA) \u2013 Food &amp; Drugs Administrationin sertifioima oliivi\u00f6ljytuote<\/strong><\/a><\/h3>\n<p>&nbsp;<\/p>\n<p><img loading=\"lazy\" decoding=\"async\" class=\"size-full wp-image-13476 aligncenter\" src=\"https:\/\/www.cretoikos.com\/wp-content\/uploads\/2017\/12\/FDA-foods-certification-w220.jpg\" alt=\"FDA Food &amp; Drugs -sertifikaatti\" width=\"163\" height=\"220\" \/><\/p>\n<p>&nbsp;<\/p>","protected":false},"excerpt":{"rendered":"<p><strong>SAN Sitia 0,2%<\/strong> on ainutlaatuinen, hedelm\u00e4inen ekstra-neitsytoliivi\u00f6ljy, jolla on poikkeuksellisen alhainen happamuus, joka sopii kaikkiin kulinaarisiin tarpeisiisi. K\u00e4yt\u00e4 sit\u00e4 ruoanlaitossa tai raakana, salaattien lipastona.<\/p>\n<p><strong>Kreikkalainen ekstraneitsytoliivi\u00f6ljy Kreetan saarelta!<\/strong><\/p>\n<p class=\"translation-block\"><a href=\"https:\/\/www.cretoikos.com\/fi\/toimitus-ja-toimituskulut\/\" target=\"_self\"><strong>Maailmanlaajuinen toimitus<\/strong><\/a> \u2013 toimitamme tilauksesi <strong>kaikkiin maihin<\/strong> , maailmanlaajuisesti!<\/p>","protected":false},"featured_media":184,"template":"","meta":[],"product_brand":[],"product_cat":[23],"product_tag":[118,140,141,95,97,98,96,91,99,101,135,111,112,110,109],"class_list":{"0":"post-119","1":"product","2":"type-product","3":"status-publish","4":"has-post-thumbnail","6":"product_cat-olive-oil","7":"product_tag-1lt","8":"product_tag-140","9":"product_tag-3-extra-virgin-olive-oil","10":"product_tag-bottle","11":"product_tag-buy-olive-oil","12":"product_tag-buy-online","13":"product_tag-cretan-olive-oil","14":"product_tag-evoo","15":"product_tag-greek-olive-oil","16":"product_tag-olive-oil","17":"product_tag-pdo-olive-oil","18":"product_tag-pdo-sitia","19":"product_tag-pdo-sitia-olive-oil","20":"product_tag-sitia","21":"product_tag-sitia-olive-oil","23":"first","24":"instock","25":"taxable","26":"shipping-taxable","27":"purchasable","28":"product-type-simple"},"_links":{"self":[{"href":"https:\/\/www.cretoikos.com\/fi\/wp-json\/wp\/v2\/product\/119","targetHints":{"allow":["GET"]}}],"collection":[{"href":"https:\/\/www.cretoikos.com\/fi\/wp-json\/wp\/v2\/product"}],"about":[{"href":"https:\/\/www.cretoikos.com\/fi\/wp-json\/wp\/v2\/types\/product"}],"wp:featuredmedia":[{"embeddable":true,"href":"https:\/\/www.cretoikos.com\/fi\/wp-json\/wp\/v2\/media\/184"}],"wp:attachment":[{"href":"https:\/\/www.cretoikos.com\/fi\/wp-json\/wp\/v2\/media?parent=119"}],"wp:term":[{"taxonomy":"product_brand","embeddable":true,"href":"https:\/\/www.cretoikos.com\/fi\/wp-json\/wp\/v2\/product_brand?post=119"},{"taxonomy":"product_cat","embeddable":true,"href":"https:\/\/www.cretoikos.com\/fi\/wp-json\/wp\/v2\/product_cat?post=119"},{"taxonomy":"product_tag","embeddable":true,"href":"https:\/\/www.cretoikos.com\/fi\/wp-json\/wp\/v2\/product_tag?post=119"}],"curies":[{"name":"wp","href":"https:\/\/api.w.org\/{rel}","templated":true}]}}