{"id":3232,"date":"2018-02-21T08:34:30","date_gmt":"2018-02-21T08:34:30","guid":{"rendered":"https:\/\/www.cretoikos.com\/?page_id=3232"},"modified":"2020-05-10T02:21:07","modified_gmt":"2020-05-09T23:21:07","slug":"toimitus-ja-toimituskulut","status":"publish","type":"page","link":"https:\/\/www.cretoikos.com\/fi\/delivery-and-shipping-costs\/","title":{"rendered":"Toimitus &amp; toimituskulut"},"content":{"rendered":"<div style=\"\"class=\"normal_height vc_row wpb_row vc_row-fluid vc_custom_1519202151804\"><div class=\"wpb_column vc_column_container vc_col-sm-12\"><div class=\"vc_column-inner\"><div class=\"wpb_wrapper\">\n\t<div class=\"wpb_text_column wpb_content_element\" >\n\t\t<div class=\"wpb_wrapper\">\n\t\t\t<h1 style=\"font-size: 20px;\">Toimitamme tilauksesi MAAILMANLAAJUISESTI \u2013 toimitamme mihin tahansa maahan, maailmanlaajuisesti k\u00e4ytt\u00e4m\u00e4ll\u00e4 Express Courier Services -palvelua (TNT Courier \u2013 paketin online-seuranta saatavilla)<\/h1>\n<p>S\u00e4hk\u00f6inen kauppa <strong>Cretoikos.com<\/strong> l\u00e4hett\u00e4\u00e4 tilauksen asiakkaan tilauslomakkeessa t\u00e4ytt\u00e4m\u00e4\u00e4n osoitteeseen (koti- tai ty\u00f6osoite). Se <strong>on v\u00e4ltt\u00e4m\u00e4t\u00f6nt\u00e4 t\u00e4ytt\u00e4\u00e4 oikea toimitusosoitteesi, s\u00e4hk\u00f6postiosoitteesi ja puhelinnumerosi<\/strong> varmistaaksemme, ett\u00e4 yrityksemme tai kuriiripalvelu voi ottaa sinuun yhteytt\u00e4. (toimitukseen liittyv\u00e4t ongelmat, jotka voivat johtua v\u00e4\u00e4rin rekister\u00f6idyst\u00e4 osoitteesta tai virheellisist\u00e4 toimitustiedoista (viive, ep\u00e4onnistunut toimitus, palautus tai kulut) eiv\u00e4t ole Cretoikos.comin vastuulla)<\/p>\n<p>Toimitus tapahtuu tilauksen valmistumisp\u00e4iv\u00e4n\u00e4 (useammin samana p\u00e4iv\u00e4n\u00e4).<\/p>\n<ul>\n<li><strong>kaikki tilauksen tuotteet ovat saatavilla<\/strong>, (eritt\u00e4in harvinaisia ne eiv\u00e4t ole) ja<\/li>\n<li><strong>tilaus on maksettu<\/strong><\/li>\n<\/ul>\n<p><strong>Toimitus Kreikan ulkopuolelle (EU-maat ja muu maailma)<\/strong><\/p>\n<p>Tuotteidemme toimituksen suorittaa <strong><a href=\"https:\/\/www.tnt.com\/\">TNT kuriiripalvelu<\/a><\/strong> (pika tai economy). TNT on nopea, maailmanlaajuinen, hyv\u00e4maineinen kuriiripalvelu, joka l\u00e4hett\u00e4\u00e4 tilauksia aina 30 kg asti (l\u00e4hetyskulut n\u00e4et kent\u00e4st\u00e4 \u201d<strong>LAIVAUS<\/strong>\u201d osoitteessa <strong>CHECKOUT-vaihe<\/strong> ostoskoristasi). <strong>Tilauksen v\u00e4himm\u00e4ispaino on 5 kg<\/strong>. Normaaleissa olosuhteissa TNT toimittaa tuotteet sis\u00e4ll\u00e4 <strong>2-5 ty\u00f6p\u00e4iv\u00e4\u00e4<\/strong> kaikkialla Euroopassa, huomioi lis\u00e4ksi, ett\u00e4 TNT:n toimitukset ovat <strong>vakuutettu<\/strong> varten <strong>10 \u20ac\/kg<\/strong> TNT Economy ja <strong>20 \u20ac\/kg<\/strong> TNT Expressille, jos paketti katoaa tai vahingoittuu.<\/p>\n<p>Mik\u00e4li haluat, ett\u00e4 toimituksen suorittaa varustamo, joka ei tee yhteisty\u00f6t\u00e4 Zacharakis Konstantinos &amp; CO General Partnershipin (CRETOIKOS) kanssa, toimituskulut rasittavat asiakasta.<\/p>\n<p><strong>T\u00e4rke\u00e4 huomautus ulkomaille toimitettaessa:<\/strong> Kaikki tuotteemme myyd\u00e4\u00e4n laillisesti Kreikassa\/EU:ssa ja ulkomailla kaikilla asiaan liittyvill\u00e4 sertifikaateilla ja luvilla.<\/p>\n<p>&#8212;&#8212;&#8212;&#8212;&#8212;&#8212;&#8212;&#8212;&#8212;&#8212;&#8212;&#8212;&#8212;&#8212;&#8212;&#8212;&#8212;&#8212;&#8212;&#8212;&#8212;&#8212;&#8212;&#8212;&#8211;<\/p>\n<p><strong><img loading=\"lazy\" decoding=\"async\" class=\"alignnone wp-image-12887 size-medium\" src=\"https:\/\/www.cretoikos.com\/wp-content\/uploads\/2020\/05\/order-shipping-eshop-buy-online-5-300x169.jpg\" alt=\"Toimitamme tilauksesi maailmanlaajuisesti!\" width=\"300\" height=\"169\" srcset=\"https:\/\/www.cretoikos.com\/wp-content\/uploads\/2020\/05\/order-shipping-eshop-buy-online-5-300x169.jpg 300w, https:\/\/www.cretoikos.com\/wp-content\/uploads\/2020\/05\/order-shipping-eshop-buy-online-5-450x253.jpg 450w, https:\/\/www.cretoikos.com\/wp-content\/uploads\/2020\/05\/order-shipping-eshop-buy-online-5.jpg 600w\" sizes=\"auto, (max-width: 300px) 100vw, 300px\" \/> \u00a0 <a href=\"https:\/\/www.cretoikos.com\/fi\/verkkokauppa\/\"><img loading=\"lazy\" decoding=\"async\" class=\"alignnone wp-image-12883 size-full\" src=\"https:\/\/www.cretoikos.com\/wp-content\/uploads\/2020\/05\/order-shipping-eshop-buy-online.jpg\" alt=\"Toimitamme tilauksesi maailmanlaajuisesti!\" width=\"325\" height=\"215\" srcset=\"https:\/\/www.cretoikos.com\/wp-content\/uploads\/2020\/05\/order-shipping-eshop-buy-online.jpg 325w, https:\/\/www.cretoikos.com\/wp-content\/uploads\/2020\/05\/order-shipping-eshop-buy-online-300x198.jpg 300w\" sizes=\"auto, (max-width: 325px) 100vw, 325px\" \/><\/a> \u00a0 <a href=\"https:\/\/www.tnt.com\/\" target=\"_blank\" rel=\"noopener noreferrer\"><img loading=\"lazy\" decoding=\"async\" class=\"alignnone wp-image-12886 size-full\" src=\"https:\/\/www.cretoikos.com\/wp-content\/uploads\/2020\/05\/order-shipping-eshop-buy-online-4.jpg\" alt=\"Toimitamme tilauksesi maailmanlaajuisesti!\" width=\"275\" height=\"183\" \/><\/a><br \/>\n<\/strong><\/p>\n<p>&nbsp;<\/p>\n<p style=\"text-align: left; font-size: 20px;\" class=\"translation-block\"><a href=\"https:\/\/www.cretoikos.com\/fi\/toimitus-ja-toimituskulut\/\" target=\"_self\"><strong>Maailmanlaajuinen toimitus<\/strong><\/a> \u2013 toimitamme tilauksesi <strong>kaikkiin maihin<\/strong> , maailmanlaajuisesti!<\/p>\n<p><strong>nopea toimitus <\/strong>- verkossa <strong>paketin seuranta<\/strong> saatavilla<br \/>\nreaaliaika <a href=\"https:\/\/www.cretoikos.com\/fi\/tilauksen-seuranta\/\"><strong>j\u00e4ljitt\u00e4\u00e4 ja j\u00e4ljitt\u00e4\u00e4<\/strong><\/a> oliivi\u00f6ljytilauksestasi<\/p>\n<p>&nbsp;<\/p>\n<h2><strong>Extra Virgin Oliivi Oil (EVOO) \u2013 Oliivit \u2013 Hunaja \u2013 Saippuat<\/strong><\/h2>\n<h2><a href=\"https:\/\/www.cretoikos.com\/fi\/verkkokauppa\/\">Osta verkosta kreikkalaista EVOO-oliivi\u00f6ljy\u00e4 \u2013 verkkokauppamme<\/a><\/h2>\n<div id=\"attachment_3971\" style=\"width: 1913px\" class=\"wp-caption alignnone\"><a href=\"https:\/\/www.cretoikos.com\/fi\/verkkokauppa\/\"><img loading=\"lazy\" decoding=\"async\" aria-describedby=\"caption-attachment-3971\" class=\"wp-image-3971 size-full\" src=\"https:\/\/www.cretoikos.com\/wp-content\/uploads\/2018\/10\/homepage_all_products_family_photo.jpg\" alt=\"EVOO-oliivi\u00f6ljytuotteemme\" width=\"1903\" height=\"452\" srcset=\"https:\/\/www.cretoikos.com\/wp-content\/uploads\/2018\/10\/homepage_all_products_family_photo.jpg 1903w, https:\/\/www.cretoikos.com\/wp-content\/uploads\/2018\/10\/homepage_all_products_family_photo-300x71.jpg 300w, https:\/\/www.cretoikos.com\/wp-content\/uploads\/2018\/10\/homepage_all_products_family_photo-768x182.jpg 768w, https:\/\/www.cretoikos.com\/wp-content\/uploads\/2018\/10\/homepage_all_products_family_photo-1024x243.jpg 1024w, https:\/\/www.cretoikos.com\/wp-content\/uploads\/2018\/10\/homepage_all_products_family_photo-450x107.jpg 450w, https:\/\/www.cretoikos.com\/wp-content\/uploads\/2018\/10\/homepage_all_products_family_photo-780x185.jpg 780w\" sizes=\"auto, (max-width: 1903px) 100vw, 1903px\" \/><\/a><p id=\"caption-attachment-3971\" class=\"wp-caption-text\">EVOO-oliivi\u00f6ljytuotteemme \u2013 Perinteiset kreikkalaiset tuotteet Kreetan saarelta \u2013 CRETOIKOS TERVEELLINEN RUOKA<\/p><\/div>\n\n\t\t<\/div>\n\t<\/div>\n<\/div><\/div><\/div><\/div>","protected":false},"excerpt":{"rendered":"We Ship your Order WORLDWIDE - we ship to any country, worldwide, using Express Courier Services (TNT Courier - with package online tracking available) The e-shop Cretoikos.com sends the order to the address the client has filled in the order form (home or work address). It is essential to fill in your correct shipping address, [...]","protected":false},"author":1,"featured_media":0,"parent":0,"menu_order":0,"comment_status":"closed","ping_status":"closed","template":"page-boxed.php","meta":{"footnotes":""},"class_list":["post-3232","page","type-page","status-publish","hentry"],"_links":{"self":[{"href":"https:\/\/www.cretoikos.com\/fi\/wp-json\/wp\/v2\/pages\/3232","targetHints":{"allow":["GET"]}}],"collection":[{"href":"https:\/\/www.cretoikos.com\/fi\/wp-json\/wp\/v2\/pages"}],"about":[{"href":"https:\/\/www.cretoikos.com\/fi\/wp-json\/wp\/v2\/types\/page"}],"author":[{"embeddable":true,"href":"https:\/\/www.cretoikos.com\/fi\/wp-json\/wp\/v2\/users\/1"}],"replies":[{"embeddable":true,"href":"https:\/\/www.cretoikos.com\/fi\/wp-json\/wp\/v2\/comments?post=3232"}],"version-history":[{"count":0,"href":"https:\/\/www.cretoikos.com\/fi\/wp-json\/wp\/v2\/pages\/3232\/revisions"}],"wp:attachment":[{"href":"https:\/\/www.cretoikos.com\/fi\/wp-json\/wp\/v2\/media?parent=3232"}],"curies":[{"name":"wp","href":"https:\/\/api.w.org\/{rel}","templated":true}]}}